{"id":28,"date":"2019-02-18T12:29:35","date_gmt":"2019-02-18T11:29:35","guid":{"rendered":"http:\/\/agora.xtec.cat\/ceipmontessori\/?page_id=28"},"modified":"2026-02-24T13:24:24","modified_gmt":"2026-02-24T12:24:24","slug":"consell-escolar","status":"publish","type":"page","link":"https:\/\/agora.xtec.cat\/ceipmontessori\/lescola\/consell-escolar\/","title":{"rendered":"Consell escolar"},"content":{"rendered":"<p><span style=\"font-family: verdana, sans-serif; font-size: medium;\">\u00c9s un \u00f2rgan de decisi\u00f3 al centre. Actualment est\u00e0 format per les seg\u00fcents persones:<\/span><\/p>\n<p><strong><span style=\"font-family: verdana, sans-serif; font-size: medium;\">Equip directiu amb els c\u00e0rrecs:<\/span><\/strong><\/p>\n<ul>\n<li><span style=\"font-family: verdana, sans-serif; font-size: medium;\">Directora: Esther Catal\u00e1n<br \/>\n<\/span><\/li>\n<li><span style=\"font-family: verdana, sans-serif; font-size: medium;\">Cap d&#8217;estudis: Ruth Panisello<\/span><\/li>\n<li><span style=\"font-family: verdana, sans-serif; font-size: medium;\">Secret\u00e0ria: Anna L\u00f3pez<br \/>\n<\/span><\/li>\n<\/ul>\n<p><strong><span style=\"font-family: verdana, sans-serif; font-size: medium;\">Representant de l&#8217;Ajuntament:<\/span><\/strong><\/p>\n<ul>\n<li><span style=\"font-family: verdana, sans-serif; font-size: medium;\">Ariadna Cavero<\/span><\/li>\n<\/ul>\n<p><strong><span style=\"font-family: verdana, sans-serif; font-size: medium;\">Representant de l&#8217;AFA:<\/span><\/strong><\/p>\n<ul>\n<li><span style=\"font-family: verdana, sans-serif; font-size: medium;\">Meritxell Borr\u00e0s<\/span><\/li>\n<\/ul>\n<p><strong><span style=\"font-family: verdana, sans-serif; font-size: medium;\">Representats de pares i mares:<\/span><\/strong><\/p>\n<ul>\n<li style=\"font-weight: 400;\" aria-level=\"1\">Angel Pizarro<\/li>\n<li aria-level=\"1\">Carolina P\u00e9rez<\/li>\n<li aria-level=\"1\">Dario Pe\u00f1a<\/li>\n<li aria-level=\"1\">Leticia Gutierrez<\/li>\n<li aria-level=\"1\">Meritxell Canals<\/li>\n<\/ul>\n<p><strong><span style=\"font-family: verdana, sans-serif; font-size: medium;\">Representant PAE:<\/span><\/strong><\/p>\n<ul>\n<li><span style=\"font-family: verdana, sans-serif; font-size: medium;\">Eva P\u00e9rez<\/span><\/li>\n<\/ul>\n<p><strong><span style=\"font-family: verdana, sans-serif; font-size: medium;\">Representant PAS:<\/span><\/strong><\/p>\n<ul>\n<li><span style=\"font-family: verdana, sans-serif; font-size: medium;\">N\u00faria Jov\u00e9<\/span><\/li>\n<\/ul>\n<p><strong><span style=\"font-family: verdana, sans-serif; font-size: medium;\">Representats del claustre:<\/span><\/strong><\/p>\n<ul>\n<li>Mercedes Campos<\/li>\n<li style=\"font-weight: 400;\" aria-level=\"1\">\u00d2scar Naranjo<\/li>\n<li aria-level=\"1\">Mireia Franquesa<\/li>\n<li aria-level=\"1\">Gabriela Rebollo<\/li>\n<li aria-level=\"1\">Maria del Carmen Fern\u00e1ndez<\/li>\n<li aria-level=\"1\">Ariadna Mart\u00ednez<\/li>\n<\/ul>\n","protected":false},"excerpt":{"rendered":"<p>\u00c9s un \u00f2rgan de decisi\u00f3 al centre. Actualment est\u00e0 format per les seg\u00fcents persones: Equip directiu amb els c\u00e0rrecs: Directora: Esther Catal\u00e1n Cap d&#8217;estudis: Ruth Panisello Secret\u00e0ria: Anna L\u00f3pez Representant de l&#8217;Ajuntament: Ariadna Cavero Representant de l&#8217;AFA: Meritxell Borr\u00e0s Representats de pares i mares: Angel Pizarro Carolina P\u00e9rez Dario Pe\u00f1a Leticia Gutierrez Meritxell Canals Representant [&hellip;]<\/p>\n","protected":false},"author":1,"featured_media":0,"parent":22,"menu_order":30,"comment_status":"closed","ping_status":"closed","template":"","meta":{"_bbp_topic_count":0,"_bbp_reply_count":0,"_bbp_total_topic_count":0,"_bbp_total_reply_count":0,"_bbp_voice_count":0,"_bbp_anonymous_reply_count":0,"_bbp_topic_count_hidden":0,"_bbp_reply_count_hidden":0,"_bbp_forum_subforum_count":0,"site-sidebar-layout":"default","site-content-layout":"","ast-site-content-layout":"default","site-content-style":"default","site-sidebar-style":"default","ast-global-header-display":"","ast-banner-title-visibility":"","ast-main-header-display":"","ast-hfb-above-header-display":"","ast-hfb-below-header-display":"","ast-hfb-mobile-header-display":"","site-post-title":"","ast-breadcrumbs-content":"","ast-featured-img":"","footer-sml-layout":"","theme-transparent-header-meta":"default","adv-header-id-meta":"","stick-header-meta":"","header-above-stick-meta":"","header-main-stick-meta":"","header-below-stick-meta":"","astra-migrate-meta-layouts":"set","ast-page-background-enabled":"default","ast-page-background-meta":{"desktop":{"background-color":"var(--ast-global-color-4)","background-image":"","background-repeat":"repeat","background-position":"center center","background-size":"auto","background-attachment":"scroll","background-type":"","background-media":"","overlay-type":"","overlay-color":"","overlay-opacity":"","overlay-gradient":""},"tablet":{"background-color":"","background-image":"","background-repeat":"repeat","background-position":"center center","background-size":"auto","background-attachment":"scroll","background-type":"","background-media":"","overlay-type":"","overlay-color":"","overlay-opacity":"","overlay-gradient":""},"mobile":{"background-color":"","background-image":"","background-repeat":"repeat","background-position":"center center","background-size":"auto","background-attachment":"scroll","background-type":"","background-media":"","overlay-type":"","overlay-color":"","overlay-opacity":"","overlay-gradient":""}},"ast-content-background-meta":{"desktop":{"background-color":"var(--ast-global-color-5)","background-image":"","background-repeat":"repeat","background-position":"center center","background-size":"auto","background-attachment":"scroll","background-type":"","background-media":"","overlay-type":"","overlay-color":"","overlay-opacity":"","overlay-gradient":""},"tablet":{"background-color":"var(--ast-global-color-5)","background-image":"","background-repeat":"repeat","background-position":"center center","background-size":"auto","background-attachment":"scroll","background-type":"","background-media":"","overlay-type":"","overlay-color":"","overlay-opacity":"","overlay-gradient":""},"mobile":{"background-color":"var(--ast-global-color-5)","background-image":"","background-repeat":"repeat","background-position":"center center","background-size":"auto","background-attachment":"scroll","background-type":"","background-media":"","overlay-type":"","overlay-color":"","overlay-opacity":"","overlay-gradient":""}},"footnotes":""},"class_list":["post-28","page","type-page","status-publish","hentry"],"post_mailing_queue_ids":[],"_links":{"self":[{"href":"https:\/\/agora.xtec.cat\/ceipmontessori\/wp-json\/wp\/v2\/pages\/28","targetHints":{"allow":["GET"]}}],"collection":[{"href":"https:\/\/agora.xtec.cat\/ceipmontessori\/wp-json\/wp\/v2\/pages"}],"about":[{"href":"https:\/\/agora.xtec.cat\/ceipmontessori\/wp-json\/wp\/v2\/types\/page"}],"author":[{"embeddable":true,"href":"https:\/\/agora.xtec.cat\/ceipmontessori\/wp-json\/wp\/v2\/users\/1"}],"replies":[{"embeddable":true,"href":"https:\/\/agora.xtec.cat\/ceipmontessori\/wp-json\/wp\/v2\/comments?post=28"}],"version-history":[{"count":7,"href":"https:\/\/agora.xtec.cat\/ceipmontessori\/wp-json\/wp\/v2\/pages\/28\/revisions"}],"predecessor-version":[{"id":7283,"href":"https:\/\/agora.xtec.cat\/ceipmontessori\/wp-json\/wp\/v2\/pages\/28\/revisions\/7283"}],"up":[{"embeddable":true,"href":"https:\/\/agora.xtec.cat\/ceipmontessori\/wp-json\/wp\/v2\/pages\/22"}],"wp:attachment":[{"href":"https:\/\/agora.xtec.cat\/ceipmontessori\/wp-json\/wp\/v2\/media?parent=28"}],"curies":[{"name":"wp","href":"https:\/\/api.w.org\/{rel}","templated":true}]}}