{"id":2776,"date":"2019-01-16T01:19:52","date_gmt":"2019-01-16T00:19:52","guid":{"rendered":"http:\/\/agora.xtec.cat\/ceipmontessori\/?page_id=2776"},"modified":"2021-01-13T11:00:15","modified_gmt":"2021-01-13T10:00:15","slug":"metodologia-steam","status":"publish","type":"page","link":"https:\/\/agora.xtec.cat\/ceipmontessori\/lescola\/qui-som\/metodologia-steam\/","title":{"rendered":"Foment de les vocacions STEAM"},"content":{"rendered":"<p style=\"text-align: center;\"><a href=\"https:\/\/agora.xtec.cat\/ceipmontessori\/wp-content\/uploads\/usu1159\/2019\/01\/2-steam-desk1.png\"><img loading=\"lazy\" decoding=\"async\" class=\"aligncenter wp-image-2777\" src=\"https:\/\/agora.xtec.cat\/ceipmontessori\/wp-content\/uploads\/usu1159\/2019\/01\/2-steam-desk1-300x88.png\" alt=\"\" width=\"477\" height=\"140\" srcset=\"https:\/\/agora.xtec.cat\/ceipmontessori\/wp-content\/uploads\/usu1159\/2019\/01\/2-steam-desk1-300x88.png 300w, https:\/\/agora.xtec.cat\/ceipmontessori\/wp-content\/uploads\/usu1159\/2019\/01\/2-steam-desk1-768x224.png 768w, https:\/\/agora.xtec.cat\/ceipmontessori\/wp-content\/uploads\/usu1159\/2019\/01\/2-steam-desk1.png 932w\" sizes=\"auto, (max-width: 477px) 100vw, 477px\" \/><\/a><\/p>\n<p style=\"text-align: justify;\">L\u2019<b><span style=\"color: #339966;\">S<\/span><span style=\"color: #ff9900;\">T<\/span><span style=\"color: #ff0000;\">E<\/span><span style=\"color: #3366ff;\">A<\/span><span style=\"color: #33cccc;\">M<\/span><\/b> (<i>Science, Technology, Engineering, Arts and Mathematics<\/i>)\u00a0\u00e9s un acr\u00f2nim de diferents \u00e0rees d\u2019estudi: la <span style=\"color: #339966;\">Ci\u00e8ncia<\/span>, la <span style=\"color: #ff9900;\">Tecnologia<\/span>, l\u2019<span style=\"color: #ff0000;\">Enginyeria<\/span>, les <span style=\"color: #3366ff;\">Arts<\/span> i les <span style=\"color: #33cccc;\">Matem\u00e0tiques<\/span>. L&#8217;aprenentatge\u00a0<b><span style=\"color: #339966;\">S<\/span><span style=\"color: #ff9900;\">T<\/span><span style=\"color: #ff0000;\">E<\/span><span style=\"color: #3366ff;\">A<\/span><span style=\"color: #33cccc;\">M<\/span><\/b> integra la ci\u00e8ncia, tecnologia, enginyeria i matem\u00e0tiques des d\u2019una perspectiva que incorpora l\u2019est\u00e8tica, l\u2019espectacularitat i un alt grau de creativitat.<\/p>\n<p style=\"text-align: justify;\">S&#8217;aplica un nou\u00a0model de transformaci\u00f3 pedag\u00f2gica i metodol\u00f2gica que vol donar als alumnes l\u2019oportunitat d\u2019identificar problemes del m\u00f3n real que cal entendre des d&#8217;una base matem\u00e0tica i cient\u00edfica, per trobar solucions realistes i acompanyar i conduir el seu propi proc\u00e9s d\u2019aprenentatge i aix\u00ed donar protagonisme a l&#8217;alumnat fomentant la creativitat, la curiositat, l&#8217;an\u00e0lisi personalitzada, l&#8217;intercanvi d&#8217;idees, el treball cooperatiu i el pensament cr\u00edtic.<\/p>\n<p style=\"text-align: justify;\">Es fomenten doncs l\u2019assoliment d\u2019aprenentatges adaptables per a la vida i pel desenvolupament personal.<\/p>\n<p style=\"text-align: justify;\">Els programes <b><span style=\"color: #339966;\">S<\/span><span style=\"color: #ff9900;\">T<\/span><span style=\"color: #ff0000;\">E<\/span><span style=\"color: #3366ff;\">A<\/span><span style=\"color: #33cccc;\">M<\/span><\/b> han assolit un alt grau d\u2019\u00e8xit en les escoles de tot el m\u00f3n alhora de millorar les habilitats acad\u00e8miques i per a la vida amb resultats molt rellevants.<\/p>\n","protected":false},"excerpt":{"rendered":"<p>L\u2019STEAM (Science, Technology, Engineering, Arts and Mathematics)\u00a0\u00e9s un acr\u00f2nim de diferents \u00e0rees d\u2019estudi: la Ci\u00e8ncia, la Tecnologia, l\u2019Enginyeria, les Arts i les Matem\u00e0tiques. L&#8217;aprenentatge\u00a0STEAM integra la ci\u00e8ncia, tecnologia, enginyeria i matem\u00e0tiques des d\u2019una perspectiva que incorpora l\u2019est\u00e8tica, l\u2019espectacularitat i un alt grau de creativitat. S&#8217;aplica un nou\u00a0model de transformaci\u00f3 pedag\u00f2gica i metodol\u00f2gica que vol donar [&hellip;]<\/p>\n","protected":false},"author":1,"featured_media":0,"parent":505,"menu_order":0,"comment_status":"closed","ping_status":"closed","template":"","meta":{"_bbp_topic_count":0,"_bbp_reply_count":0,"_bbp_total_topic_count":0,"_bbp_total_reply_count":0,"_bbp_voice_count":0,"_bbp_anonymous_reply_count":0,"_bbp_topic_count_hidden":0,"_bbp_reply_count_hidden":0,"_bbp_forum_subforum_count":0,"site-sidebar-layout":"default","site-content-layout":"","ast-site-content-layout":"","site-content-style":"default","site-sidebar-style":"default","ast-global-header-display":"","ast-banner-title-visibility":"","ast-main-header-display":"","ast-hfb-above-header-display":"","ast-hfb-below-header-display":"","ast-hfb-mobile-header-display":"","site-post-title":"","ast-breadcrumbs-content":"","ast-featured-img":"","footer-sml-layout":"","theme-transparent-header-meta":"","adv-header-id-meta":"","stick-header-meta":"","header-above-stick-meta":"","header-main-stick-meta":"","header-below-stick-meta":"","astra-migrate-meta-layouts":"default","ast-page-background-enabled":"default","ast-page-background-meta":{"desktop":{"background-color":"var(--ast-global-color-4)","background-image":"","background-repeat":"repeat","background-position":"center center","background-size":"auto","background-attachment":"scroll","background-type":"","background-media":"","overlay-type":"","overlay-color":"","overlay-opacity":"","overlay-gradient":""},"tablet":{"background-color":"","background-image":"","background-repeat":"repeat","background-position":"center center","background-size":"auto","background-attachment":"scroll","background-type":"","background-media":"","overlay-type":"","overlay-color":"","overlay-opacity":"","overlay-gradient":""},"mobile":{"background-color":"","background-image":"","background-repeat":"repeat","background-position":"center center","background-size":"auto","background-attachment":"scroll","background-type":"","background-media":"","overlay-type":"","overlay-color":"","overlay-opacity":"","overlay-gradient":""}},"ast-content-background-meta":{"desktop":{"background-color":"var(--ast-global-color-5)","background-image":"","background-repeat":"repeat","background-position":"center center","background-size":"auto","background-attachment":"scroll","background-type":"","background-media":"","overlay-type":"","overlay-color":"","overlay-opacity":"","overlay-gradient":""},"tablet":{"background-color":"var(--ast-global-color-5)","background-image":"","background-repeat":"repeat","background-position":"center center","background-size":"auto","background-attachment":"scroll","background-type":"","background-media":"","overlay-type":"","overlay-color":"","overlay-opacity":"","overlay-gradient":""},"mobile":{"background-color":"var(--ast-global-color-5)","background-image":"","background-repeat":"repeat","background-position":"center center","background-size":"auto","background-attachment":"scroll","background-type":"","background-media":"","overlay-type":"","overlay-color":"","overlay-opacity":"","overlay-gradient":""}},"footnotes":""},"class_list":["post-2776","page","type-page","status-publish","hentry"],"post_mailing_queue_ids":[],"_links":{"self":[{"href":"https:\/\/agora.xtec.cat\/ceipmontessori\/wp-json\/wp\/v2\/pages\/2776","targetHints":{"allow":["GET"]}}],"collection":[{"href":"https:\/\/agora.xtec.cat\/ceipmontessori\/wp-json\/wp\/v2\/pages"}],"about":[{"href":"https:\/\/agora.xtec.cat\/ceipmontessori\/wp-json\/wp\/v2\/types\/page"}],"author":[{"embeddable":true,"href":"https:\/\/agora.xtec.cat\/ceipmontessori\/wp-json\/wp\/v2\/users\/1"}],"replies":[{"embeddable":true,"href":"https:\/\/agora.xtec.cat\/ceipmontessori\/wp-json\/wp\/v2\/comments?post=2776"}],"version-history":[{"count":2,"href":"https:\/\/agora.xtec.cat\/ceipmontessori\/wp-json\/wp\/v2\/pages\/2776\/revisions"}],"predecessor-version":[{"id":4565,"href":"https:\/\/agora.xtec.cat\/ceipmontessori\/wp-json\/wp\/v2\/pages\/2776\/revisions\/4565"}],"up":[{"embeddable":true,"href":"https:\/\/agora.xtec.cat\/ceipmontessori\/wp-json\/wp\/v2\/pages\/505"}],"wp:attachment":[{"href":"https:\/\/agora.xtec.cat\/ceipmontessori\/wp-json\/wp\/v2\/media?parent=2776"}],"curies":[{"name":"wp","href":"https:\/\/api.w.org\/{rel}","templated":true}]}}