{"id":2392,"date":"2018-10-01T19:58:20","date_gmt":"2018-10-01T17:58:20","guid":{"rendered":"http:\/\/agora.xtec.cat\/ceipmontessori\/?page_id=2392"},"modified":"2021-01-13T01:36:09","modified_gmt":"2021-01-13T00:36:09","slug":"salut-2","status":"publish","type":"page","link":"https:\/\/agora.xtec.cat\/ceipmontessori\/lescola\/salut-2\/","title":{"rendered":"Salut"},"content":{"rendered":"<div class=\"page\" title=\"Page 8\">\n<div class=\"layoutArea\">\n<div class=\"column\">\n<p style=\"text-align: justify;\">Cal facilitar al centre les dades m\u00e8diques dels vostres fills que siguin importants pel benefici de la seva salut. Aix\u00ed mateix \u00e9s necessari posar en coneixement de l\u2019escola qualsevol manifestaci\u00f3 de malaltia contagiosa que pugui perjudicar a la resta dels membres de la comunitat, respectant l\u2019anonimat de l\u2019alumne, per tal de prendre les mesures preventives necess\u00e0ries. Ens referim a malalties com escarlatina, galteres, hepatitis, polls, meningitis, varicel\u00b7la, grip de qualsevol variant, etc.<\/p>\n<p style=\"text-align: justify;\">D\u2019altra banda, recordeu que la febre \u00e9s s\u00edmptoma de malaltia i que quan un nen presenta un quadre febril pel mat\u00ed, no es pot portar a l\u2019escola.<\/p>\n<\/div>\n<ul>\n<li><a href=\"https:\/\/agora.xtec.cat\/ceipmontessori\/lescola\/salut-2\/administracio-de-medicaments\/\">ADMINISTRACI\u00d3 DE MEDICAMENTS<\/a><\/li>\n<li><a href=\"https:\/\/agora.xtec.cat\/ceipmontessori\/lescola\/salut-2\/urgencies\/\">URG\u00c8NCIES<\/a><\/li>\n<\/ul>\n<\/div>\n<\/div>\n","protected":false},"excerpt":{"rendered":"<p>Cal facilitar al centre les dades m\u00e8diques dels vostres fills que siguin importants pel benefici de la seva salut. Aix\u00ed mateix \u00e9s necessari posar en coneixement de l\u2019escola qualsevol manifestaci\u00f3 de malaltia contagiosa que pugui perjudicar a la resta dels membres de la comunitat, respectant l\u2019anonimat de l\u2019alumne, per tal de prendre les mesures preventives [&hellip;]<\/p>\n","protected":false},"author":1,"featured_media":0,"parent":22,"menu_order":0,"comment_status":"closed","ping_status":"closed","template":"","meta":{"_bbp_topic_count":0,"_bbp_reply_count":0,"_bbp_total_topic_count":0,"_bbp_total_reply_count":0,"_bbp_voice_count":0,"_bbp_anonymous_reply_count":0,"_bbp_topic_count_hidden":0,"_bbp_reply_count_hidden":0,"_bbp_forum_subforum_count":0,"site-sidebar-layout":"default","site-content-layout":"","ast-site-content-layout":"","site-content-style":"default","site-sidebar-style":"default","ast-global-header-display":"","ast-banner-title-visibility":"","ast-main-header-display":"","ast-hfb-above-header-display":"","ast-hfb-below-header-display":"","ast-hfb-mobile-header-display":"","site-post-title":"","ast-breadcrumbs-content":"","ast-featured-img":"","footer-sml-layout":"","theme-transparent-header-meta":"","adv-header-id-meta":"","stick-header-meta":"","header-above-stick-meta":"","header-main-stick-meta":"","header-below-stick-meta":"","astra-migrate-meta-layouts":"default","ast-page-background-enabled":"default","ast-page-background-meta":{"desktop":{"background-color":"var(--ast-global-color-4)","background-image":"","background-repeat":"repeat","background-position":"center center","background-size":"auto","background-attachment":"scroll","background-type":"","background-media":"","overlay-type":"","overlay-color":"","overlay-opacity":"","overlay-gradient":""},"tablet":{"background-color":"","background-image":"","background-repeat":"repeat","background-position":"center center","background-size":"auto","background-attachment":"scroll","background-type":"","background-media":"","overlay-type":"","overlay-color":"","overlay-opacity":"","overlay-gradient":""},"mobile":{"background-color":"","background-image":"","background-repeat":"repeat","background-position":"center center","background-size":"auto","background-attachment":"scroll","background-type":"","background-media":"","overlay-type":"","overlay-color":"","overlay-opacity":"","overlay-gradient":""}},"ast-content-background-meta":{"desktop":{"background-color":"var(--ast-global-color-5)","background-image":"","background-repeat":"repeat","background-position":"center center","background-size":"auto","background-attachment":"scroll","background-type":"","background-media":"","overlay-type":"","overlay-color":"","overlay-opacity":"","overlay-gradient":""},"tablet":{"background-color":"var(--ast-global-color-5)","background-image":"","background-repeat":"repeat","background-position":"center center","background-size":"auto","background-attachment":"scroll","background-type":"","background-media":"","overlay-type":"","overlay-color":"","overlay-opacity":"","overlay-gradient":""},"mobile":{"background-color":"var(--ast-global-color-5)","background-image":"","background-repeat":"repeat","background-position":"center center","background-size":"auto","background-attachment":"scroll","background-type":"","background-media":"","overlay-type":"","overlay-color":"","overlay-opacity":"","overlay-gradient":""}},"footnotes":""},"class_list":["post-2392","page","type-page","status-publish","hentry"],"post_mailing_queue_ids":[],"_links":{"self":[{"href":"https:\/\/agora.xtec.cat\/ceipmontessori\/wp-json\/wp\/v2\/pages\/2392","targetHints":{"allow":["GET"]}}],"collection":[{"href":"https:\/\/agora.xtec.cat\/ceipmontessori\/wp-json\/wp\/v2\/pages"}],"about":[{"href":"https:\/\/agora.xtec.cat\/ceipmontessori\/wp-json\/wp\/v2\/types\/page"}],"author":[{"embeddable":true,"href":"https:\/\/agora.xtec.cat\/ceipmontessori\/wp-json\/wp\/v2\/users\/1"}],"replies":[{"embeddable":true,"href":"https:\/\/agora.xtec.cat\/ceipmontessori\/wp-json\/wp\/v2\/comments?post=2392"}],"version-history":[{"count":2,"href":"https:\/\/agora.xtec.cat\/ceipmontessori\/wp-json\/wp\/v2\/pages\/2392\/revisions"}],"predecessor-version":[{"id":4564,"href":"https:\/\/agora.xtec.cat\/ceipmontessori\/wp-json\/wp\/v2\/pages\/2392\/revisions\/4564"}],"up":[{"embeddable":true,"href":"https:\/\/agora.xtec.cat\/ceipmontessori\/wp-json\/wp\/v2\/pages\/22"}],"wp:attachment":[{"href":"https:\/\/agora.xtec.cat\/ceipmontessori\/wp-json\/wp\/v2\/media?parent=2392"}],"curies":[{"name":"wp","href":"https:\/\/api.w.org\/{rel}","templated":true}]}}