{"id":2387,"date":"2018-10-01T20:23:45","date_gmt":"2018-10-01T18:23:45","guid":{"rendered":"http:\/\/agora.xtec.cat\/ceipmontessori\/?page_id=2387"},"modified":"2018-10-01T20:23:45","modified_gmt":"2018-10-01T18:23:45","slug":"registre-de-dades","status":"publish","type":"page","link":"https:\/\/agora.xtec.cat\/ceipmontessori\/lescola\/registre-de-dades\/","title":{"rendered":"Registre de dades"},"content":{"rendered":"<div class=\"page\" title=\"Page 7\">\n<div class=\"layoutArea\">\n<div class=\"column\">\n<p style=\"text-align: justify;\">\u00c9s preceptiu que el centre disposi d\u2019una base de dades actualitzada. Per aquest motiu, cal que ens informeu el m\u00e9s aviat possible de qualsevol canvi de domicili i\/o tel\u00e8fons de contacte, aix\u00ed com dels canvis en la situaci\u00f3 jur\u00eddica de la fam\u00edlia.<\/p>\n<p style=\"text-align: justify;\">L\u2019escola tamb\u00e9 ha de tenir en els seus arxius la vostra autoritzaci\u00f3 a la difusi\u00f3 d\u2019imatges (web, fotografies, revista&#8230;) mitjan\u00e7ant un document que heu de signar. Recordem que les vostres dades personals formen part de la informaci\u00f3 que el centre t\u00e9 per tal de tenir en compte aspectes jur\u00eddics o pedag\u00f2gics. En cap cas farem un \u00fas comercial ni difondrem sota cap concepte aquest registre.<\/p>\n<p style=\"text-align: justify;\">El centre custodia les dades m\u00e8diques de rellev\u00e0ncia i \u00e9s obligaci\u00f3 de la fam\u00edlia comunicar-les.<\/p>\n<\/div>\n<\/div>\n<\/div>\n","protected":false},"excerpt":{"rendered":"<p>\u00c9s preceptiu que el centre disposi d\u2019una base de dades actualitzada. Per aquest motiu, cal que ens informeu el m\u00e9s aviat possible de qualsevol canvi de domicili i\/o tel\u00e8fons de contacte, aix\u00ed com dels canvis en la situaci\u00f3 jur\u00eddica de la fam\u00edlia. L\u2019escola tamb\u00e9 ha de tenir en els seus arxius la vostra autoritzaci\u00f3 a [&hellip;]<\/p>\n","protected":false},"author":1,"featured_media":0,"parent":22,"menu_order":0,"comment_status":"closed","ping_status":"closed","template":"","meta":{"_bbp_topic_count":0,"_bbp_reply_count":0,"_bbp_total_topic_count":0,"_bbp_total_reply_count":0,"_bbp_voice_count":0,"_bbp_anonymous_reply_count":0,"_bbp_topic_count_hidden":0,"_bbp_reply_count_hidden":0,"_bbp_forum_subforum_count":0,"site-sidebar-layout":"default","site-content-layout":"","ast-site-content-layout":"","site-content-style":"default","site-sidebar-style":"default","ast-global-header-display":"","ast-banner-title-visibility":"","ast-main-header-display":"","ast-hfb-above-header-display":"","ast-hfb-below-header-display":"","ast-hfb-mobile-header-display":"","site-post-title":"","ast-breadcrumbs-content":"","ast-featured-img":"","footer-sml-layout":"","theme-transparent-header-meta":"","adv-header-id-meta":"","stick-header-meta":"","header-above-stick-meta":"","header-main-stick-meta":"","header-below-stick-meta":"","astra-migrate-meta-layouts":"default","ast-page-background-enabled":"default","ast-page-background-meta":{"desktop":{"background-color":"var(--ast-global-color-4)","background-image":"","background-repeat":"repeat","background-position":"center center","background-size":"auto","background-attachment":"scroll","background-type":"","background-media":"","overlay-type":"","overlay-color":"","overlay-opacity":"","overlay-gradient":""},"tablet":{"background-color":"","background-image":"","background-repeat":"repeat","background-position":"center center","background-size":"auto","background-attachment":"scroll","background-type":"","background-media":"","overlay-type":"","overlay-color":"","overlay-opacity":"","overlay-gradient":""},"mobile":{"background-color":"","background-image":"","background-repeat":"repeat","background-position":"center center","background-size":"auto","background-attachment":"scroll","background-type":"","background-media":"","overlay-type":"","overlay-color":"","overlay-opacity":"","overlay-gradient":""}},"ast-content-background-meta":{"desktop":{"background-color":"var(--ast-global-color-5)","background-image":"","background-repeat":"repeat","background-position":"center center","background-size":"auto","background-attachment":"scroll","background-type":"","background-media":"","overlay-type":"","overlay-color":"","overlay-opacity":"","overlay-gradient":""},"tablet":{"background-color":"var(--ast-global-color-5)","background-image":"","background-repeat":"repeat","background-position":"center center","background-size":"auto","background-attachment":"scroll","background-type":"","background-media":"","overlay-type":"","overlay-color":"","overlay-opacity":"","overlay-gradient":""},"mobile":{"background-color":"var(--ast-global-color-5)","background-image":"","background-repeat":"repeat","background-position":"center center","background-size":"auto","background-attachment":"scroll","background-type":"","background-media":"","overlay-type":"","overlay-color":"","overlay-opacity":"","overlay-gradient":""}},"footnotes":""},"class_list":["post-2387","page","type-page","status-publish","hentry"],"post_mailing_queue_ids":[],"_links":{"self":[{"href":"https:\/\/agora.xtec.cat\/ceipmontessori\/wp-json\/wp\/v2\/pages\/2387","targetHints":{"allow":["GET"]}}],"collection":[{"href":"https:\/\/agora.xtec.cat\/ceipmontessori\/wp-json\/wp\/v2\/pages"}],"about":[{"href":"https:\/\/agora.xtec.cat\/ceipmontessori\/wp-json\/wp\/v2\/types\/page"}],"author":[{"embeddable":true,"href":"https:\/\/agora.xtec.cat\/ceipmontessori\/wp-json\/wp\/v2\/users\/1"}],"replies":[{"embeddable":true,"href":"https:\/\/agora.xtec.cat\/ceipmontessori\/wp-json\/wp\/v2\/comments?post=2387"}],"version-history":[{"count":1,"href":"https:\/\/agora.xtec.cat\/ceipmontessori\/wp-json\/wp\/v2\/pages\/2387\/revisions"}],"predecessor-version":[{"id":2388,"href":"https:\/\/agora.xtec.cat\/ceipmontessori\/wp-json\/wp\/v2\/pages\/2387\/revisions\/2388"}],"up":[{"embeddable":true,"href":"https:\/\/agora.xtec.cat\/ceipmontessori\/wp-json\/wp\/v2\/pages\/22"}],"wp:attachment":[{"href":"https:\/\/agora.xtec.cat\/ceipmontessori\/wp-json\/wp\/v2\/media?parent=2387"}],"curies":[{"name":"wp","href":"https:\/\/api.w.org\/{rel}","templated":true}]}}