{"id":2382,"date":"2018-10-01T19:43:44","date_gmt":"2018-10-01T17:43:44","guid":{"rendered":"http:\/\/agora.xtec.cat\/ceipmontessori\/?page_id=2382"},"modified":"2018-10-01T19:43:44","modified_gmt":"2018-10-01T17:43:44","slug":"assistencia","status":"publish","type":"page","link":"https:\/\/agora.xtec.cat\/ceipmontessori\/lescola\/assistencia\/","title":{"rendered":"Assist\u00e8ncia"},"content":{"rendered":"<div class=\"page\" title=\"Page 6\">\n<div class=\"layoutArea\">\n<div class=\"column\">\n<p style=\"text-align: justify;\">L\u2019assist\u00e8ncia a classe \u00e9s obligat\u00f2ria. Quan el vostre fill\/a no pugui assistir a l\u2019escola, cal comunicar-ho als tutors i justificar la falta per escrit. En cas que la falta d\u2019assist\u00e8ncia sigui produ\u00efda per una malaltia contagiosa, s\u2019ha de comunicar el motiu per tal de prendre les mesures preventives pertinents. El centre garanteix el dret a l\u2019anonimat.<\/p>\n<p style=\"text-align: justify;\">En el cas que l\u2019alumne hagi d\u2019abandonar el centre abans del termini de l\u2019horari lectiu, caldr\u00e0 obligat\u00f2riament notificar-ho als tutors, i el familiar o persona autoritzada haur\u00e0 de presentar-se a l\u2019escola per recollir el nen o nena per raons de seguretat i responsabilitat.<\/p>\n<p style=\"text-align: justify;\">Pel bon funcionament de l\u2019escola, preguem la m\u00e0xima puntualitat tant a l\u2019entrada com a la sortida. Les portes s\u2019obriran uns minuts abans de l\u2019hora d\u2019entrada i es tancaran 10 minuts despr\u00e9s de l\u2019hora de sortida. Un cop passat\u00a0<span style=\"font-family: inherit; font-size: 1em;\">aquest temps, l\u2019alumnat haur\u00e0 d\u2019esperar a consergeria per anar a l\u2019aula en funci\u00f3 de la disponibilitat de la conserge.<\/span><\/p>\n<div class=\"page\" title=\"Page 7\">\n<div class=\"layoutArea\">\n<div class=\"column\">\n<p style=\"text-align: justify;\">Les sortides i excursions, aprovades pel Consell Escolar del centre, s\u00f3n d\u2019assist\u00e8ncia obligat\u00f2ria en tant que formen part de les activitats del curr\u00edculum.<\/p>\n<\/div>\n<\/div>\n<\/div>\n<\/div>\n<\/div>\n<\/div>\n","protected":false},"excerpt":{"rendered":"<p>L\u2019assist\u00e8ncia a classe \u00e9s obligat\u00f2ria. Quan el vostre fill\/a no pugui assistir a l\u2019escola, cal comunicar-ho als tutors i justificar la falta per escrit. En cas que la falta d\u2019assist\u00e8ncia sigui produ\u00efda per una malaltia contagiosa, s\u2019ha de comunicar el motiu per tal de prendre les mesures preventives pertinents. El centre garanteix el dret a [&hellip;]<\/p>\n","protected":false},"author":1,"featured_media":0,"parent":22,"menu_order":0,"comment_status":"closed","ping_status":"closed","template":"","meta":{"_bbp_topic_count":0,"_bbp_reply_count":0,"_bbp_total_topic_count":0,"_bbp_total_reply_count":0,"_bbp_voice_count":0,"_bbp_anonymous_reply_count":0,"_bbp_topic_count_hidden":0,"_bbp_reply_count_hidden":0,"_bbp_forum_subforum_count":0,"site-sidebar-layout":"default","site-content-layout":"","ast-site-content-layout":"","site-content-style":"default","site-sidebar-style":"default","ast-global-header-display":"","ast-banner-title-visibility":"","ast-main-header-display":"","ast-hfb-above-header-display":"","ast-hfb-below-header-display":"","ast-hfb-mobile-header-display":"","site-post-title":"","ast-breadcrumbs-content":"","ast-featured-img":"","footer-sml-layout":"","theme-transparent-header-meta":"","adv-header-id-meta":"","stick-header-meta":"","header-above-stick-meta":"","header-main-stick-meta":"","header-below-stick-meta":"","astra-migrate-meta-layouts":"default","ast-page-background-enabled":"default","ast-page-background-meta":{"desktop":{"background-color":"var(--ast-global-color-4)","background-image":"","background-repeat":"repeat","background-position":"center center","background-size":"auto","background-attachment":"scroll","background-type":"","background-media":"","overlay-type":"","overlay-color":"","overlay-opacity":"","overlay-gradient":""},"tablet":{"background-color":"","background-image":"","background-repeat":"repeat","background-position":"center center","background-size":"auto","background-attachment":"scroll","background-type":"","background-media":"","overlay-type":"","overlay-color":"","overlay-opacity":"","overlay-gradient":""},"mobile":{"background-color":"","background-image":"","background-repeat":"repeat","background-position":"center center","background-size":"auto","background-attachment":"scroll","background-type":"","background-media":"","overlay-type":"","overlay-color":"","overlay-opacity":"","overlay-gradient":""}},"ast-content-background-meta":{"desktop":{"background-color":"var(--ast-global-color-5)","background-image":"","background-repeat":"repeat","background-position":"center center","background-size":"auto","background-attachment":"scroll","background-type":"","background-media":"","overlay-type":"","overlay-color":"","overlay-opacity":"","overlay-gradient":""},"tablet":{"background-color":"var(--ast-global-color-5)","background-image":"","background-repeat":"repeat","background-position":"center center","background-size":"auto","background-attachment":"scroll","background-type":"","background-media":"","overlay-type":"","overlay-color":"","overlay-opacity":"","overlay-gradient":""},"mobile":{"background-color":"var(--ast-global-color-5)","background-image":"","background-repeat":"repeat","background-position":"center center","background-size":"auto","background-attachment":"scroll","background-type":"","background-media":"","overlay-type":"","overlay-color":"","overlay-opacity":"","overlay-gradient":""}},"footnotes":""},"class_list":["post-2382","page","type-page","status-publish","hentry"],"post_mailing_queue_ids":[],"_links":{"self":[{"href":"https:\/\/agora.xtec.cat\/ceipmontessori\/wp-json\/wp\/v2\/pages\/2382","targetHints":{"allow":["GET"]}}],"collection":[{"href":"https:\/\/agora.xtec.cat\/ceipmontessori\/wp-json\/wp\/v2\/pages"}],"about":[{"href":"https:\/\/agora.xtec.cat\/ceipmontessori\/wp-json\/wp\/v2\/types\/page"}],"author":[{"embeddable":true,"href":"https:\/\/agora.xtec.cat\/ceipmontessori\/wp-json\/wp\/v2\/users\/1"}],"replies":[{"embeddable":true,"href":"https:\/\/agora.xtec.cat\/ceipmontessori\/wp-json\/wp\/v2\/comments?post=2382"}],"version-history":[{"count":1,"href":"https:\/\/agora.xtec.cat\/ceipmontessori\/wp-json\/wp\/v2\/pages\/2382\/revisions"}],"predecessor-version":[{"id":2383,"href":"https:\/\/agora.xtec.cat\/ceipmontessori\/wp-json\/wp\/v2\/pages\/2382\/revisions\/2383"}],"up":[{"embeddable":true,"href":"https:\/\/agora.xtec.cat\/ceipmontessori\/wp-json\/wp\/v2\/pages\/22"}],"wp:attachment":[{"href":"https:\/\/agora.xtec.cat\/ceipmontessori\/wp-json\/wp\/v2\/media?parent=2382"}],"curies":[{"name":"wp","href":"https:\/\/api.w.org\/{rel}","templated":true}]}}