{"id":2380,"date":"2018-10-01T19:41:29","date_gmt":"2018-10-01T17:41:29","guid":{"rendered":"http:\/\/agora.xtec.cat\/ceipmontessori\/?page_id=2380"},"modified":"2018-10-01T19:41:29","modified_gmt":"2018-10-01T17:41:29","slug":"comunicacio-amb-el-centre","status":"publish","type":"page","link":"https:\/\/agora.xtec.cat\/ceipmontessori\/lescola\/comunicacio-amb-el-centre\/","title":{"rendered":"Comunicaci\u00f3 amb el Centre"},"content":{"rendered":"<div class=\"page\" title=\"Page 6\">\n<div class=\"layoutArea\">\n<div class=\"column\">\n<p style=\"text-align: justify;\">Els enc\u00e0rrecs, comunicacions i les cites amb l\u2019equip directiu les podeu fer arribar a la conserge, b\u00e9 personalment, b\u00e9 a trav\u00e9s del tel\u00e8fon de l\u2019escola o el correu electr\u00f2nic. <strong>ceipmontessori@xtec.cat<\/strong><\/p>\n<p style=\"text-align: justify;\">Els alumnes disposen d\u2019agenda i podeu presentar les notificacions per escrit o adre\u00e7ar-vos a la tutora o tutor directament.<\/p>\n<p style=\"text-align: justify;\">Preguem que no us dirigiu als mestres a les hores d\u2019entrada, i que no pugeu a les classes. Si heu de tractar un assumpte urgent podeu comunicar- ho a Secretaria. La Secretaria del centre romandr\u00e0 oberta al p\u00fablic durant tot l\u2019horari escolar.<\/p>\n<p style=\"text-align: justify;\">La comissi\u00f3 d\u2019inform\u00e0tica renova peri\u00f2dicament la p\u00e0gina web de l\u2019escola on mantindrem informaci\u00f3 de tipus general. Tamb\u00e9 podeu visitar les xarxes socials de l\u2019escola i de l\u2019AMPA.<\/p>\n<\/div>\n<\/div>\n<\/div>\n","protected":false},"excerpt":{"rendered":"<p>Els enc\u00e0rrecs, comunicacions i les cites amb l\u2019equip directiu les podeu fer arribar a la conserge, b\u00e9 personalment, b\u00e9 a trav\u00e9s del tel\u00e8fon de l\u2019escola o el correu electr\u00f2nic. ceipmontessori@xtec.cat Els alumnes disposen d\u2019agenda i podeu presentar les notificacions per escrit o adre\u00e7ar-vos a la tutora o tutor directament. Preguem que no us dirigiu als [&hellip;]<\/p>\n","protected":false},"author":1,"featured_media":0,"parent":22,"menu_order":0,"comment_status":"closed","ping_status":"closed","template":"","meta":{"_bbp_topic_count":0,"_bbp_reply_count":0,"_bbp_total_topic_count":0,"_bbp_total_reply_count":0,"_bbp_voice_count":0,"_bbp_anonymous_reply_count":0,"_bbp_topic_count_hidden":0,"_bbp_reply_count_hidden":0,"_bbp_forum_subforum_count":0,"site-sidebar-layout":"default","site-content-layout":"","ast-site-content-layout":"","site-content-style":"default","site-sidebar-style":"default","ast-global-header-display":"","ast-banner-title-visibility":"","ast-main-header-display":"","ast-hfb-above-header-display":"","ast-hfb-below-header-display":"","ast-hfb-mobile-header-display":"","site-post-title":"","ast-breadcrumbs-content":"","ast-featured-img":"","footer-sml-layout":"","theme-transparent-header-meta":"","adv-header-id-meta":"","stick-header-meta":"","header-above-stick-meta":"","header-main-stick-meta":"","header-below-stick-meta":"","astra-migrate-meta-layouts":"default","ast-page-background-enabled":"default","ast-page-background-meta":{"desktop":{"background-color":"var(--ast-global-color-4)","background-image":"","background-repeat":"repeat","background-position":"center center","background-size":"auto","background-attachment":"scroll","background-type":"","background-media":"","overlay-type":"","overlay-color":"","overlay-opacity":"","overlay-gradient":""},"tablet":{"background-color":"","background-image":"","background-repeat":"repeat","background-position":"center center","background-size":"auto","background-attachment":"scroll","background-type":"","background-media":"","overlay-type":"","overlay-color":"","overlay-opacity":"","overlay-gradient":""},"mobile":{"background-color":"","background-image":"","background-repeat":"repeat","background-position":"center center","background-size":"auto","background-attachment":"scroll","background-type":"","background-media":"","overlay-type":"","overlay-color":"","overlay-opacity":"","overlay-gradient":""}},"ast-content-background-meta":{"desktop":{"background-color":"var(--ast-global-color-5)","background-image":"","background-repeat":"repeat","background-position":"center center","background-size":"auto","background-attachment":"scroll","background-type":"","background-media":"","overlay-type":"","overlay-color":"","overlay-opacity":"","overlay-gradient":""},"tablet":{"background-color":"var(--ast-global-color-5)","background-image":"","background-repeat":"repeat","background-position":"center center","background-size":"auto","background-attachment":"scroll","background-type":"","background-media":"","overlay-type":"","overlay-color":"","overlay-opacity":"","overlay-gradient":""},"mobile":{"background-color":"var(--ast-global-color-5)","background-image":"","background-repeat":"repeat","background-position":"center center","background-size":"auto","background-attachment":"scroll","background-type":"","background-media":"","overlay-type":"","overlay-color":"","overlay-opacity":"","overlay-gradient":""}},"footnotes":""},"class_list":["post-2380","page","type-page","status-publish","hentry"],"post_mailing_queue_ids":[],"_links":{"self":[{"href":"https:\/\/agora.xtec.cat\/ceipmontessori\/wp-json\/wp\/v2\/pages\/2380","targetHints":{"allow":["GET"]}}],"collection":[{"href":"https:\/\/agora.xtec.cat\/ceipmontessori\/wp-json\/wp\/v2\/pages"}],"about":[{"href":"https:\/\/agora.xtec.cat\/ceipmontessori\/wp-json\/wp\/v2\/types\/page"}],"author":[{"embeddable":true,"href":"https:\/\/agora.xtec.cat\/ceipmontessori\/wp-json\/wp\/v2\/users\/1"}],"replies":[{"embeddable":true,"href":"https:\/\/agora.xtec.cat\/ceipmontessori\/wp-json\/wp\/v2\/comments?post=2380"}],"version-history":[{"count":1,"href":"https:\/\/agora.xtec.cat\/ceipmontessori\/wp-json\/wp\/v2\/pages\/2380\/revisions"}],"predecessor-version":[{"id":2381,"href":"https:\/\/agora.xtec.cat\/ceipmontessori\/wp-json\/wp\/v2\/pages\/2380\/revisions\/2381"}],"up":[{"embeddable":true,"href":"https:\/\/agora.xtec.cat\/ceipmontessori\/wp-json\/wp\/v2\/pages\/22"}],"wp:attachment":[{"href":"https:\/\/agora.xtec.cat\/ceipmontessori\/wp-json\/wp\/v2\/media?parent=2380"}],"curies":[{"name":"wp","href":"https:\/\/api.w.org\/{rel}","templated":true}]}}