{"id":22,"date":"2014-09-18T12:19:57","date_gmt":"2014-09-18T11:19:57","guid":{"rendered":"http:\/\/agora.xtec.cat\/ceipmontessori\/?page_id=22"},"modified":"2026-02-24T13:17:43","modified_gmt":"2026-02-24T12:17:43","slug":"lescola","status":"publish","type":"page","link":"https:\/\/agora.xtec.cat\/ceipmontessori\/lescola\/","title":{"rendered":"L&#8217;escola"},"content":{"rendered":"<p>En aquest v\u00eddeo\u00a0 presentem el nostre centre, fent un recorregut a trav\u00e9s dels principals trets distintius que caracteritzen el projecte que s\u2019est\u00e0 desenvolupant. Podem resumir la nostra identitat metodol\u00f2gica en el treball per projectes, els tallers <strong>STEAM<\/strong>, els racons de lleng\u00fces i les matem\u00e0tiques manipulatives.<\/p>\n<p>Premeu a sobre de la imatge per descobrir-lo!<\/p>\n<p><a href=\"https:\/\/www.youtube.com\/watch?feature=shared&amp;v=MgBfzHPxna0\" target=\"_blank\" rel=\"https:\/\/www.youtube.com\/watch?feature=shared&amp;v=MgBfzHPxna0 noopener\"><img loading=\"lazy\" decoding=\"async\" class=\"aligncenter wp-image-7277 size-large\" src=\"https:\/\/agora.xtec.cat\/ceipmontessori\/wp-content\/uploads\/usu1159\/2026\/02\/WhatsApp-Image-2026-02-24-at-12.36.06-1024x581.jpeg\" alt=\"\" width=\"1024\" height=\"581\" srcset=\"https:\/\/agora.xtec.cat\/ceipmontessori\/wp-content\/uploads\/usu1159\/2026\/02\/WhatsApp-Image-2026-02-24-at-12.36.06-1024x581.jpeg 1024w, https:\/\/agora.xtec.cat\/ceipmontessori\/wp-content\/uploads\/usu1159\/2026\/02\/WhatsApp-Image-2026-02-24-at-12.36.06-300x170.jpeg 300w, https:\/\/agora.xtec.cat\/ceipmontessori\/wp-content\/uploads\/usu1159\/2026\/02\/WhatsApp-Image-2026-02-24-at-12.36.06-768x435.jpeg 768w, https:\/\/agora.xtec.cat\/ceipmontessori\/wp-content\/uploads\/usu1159\/2026\/02\/WhatsApp-Image-2026-02-24-at-12.36.06.jpeg 1298w\" sizes=\"auto, (max-width: 1024px) 100vw, 1024px\" \/><\/a><\/p>\n","protected":false},"excerpt":{"rendered":"<p>En aquest v\u00eddeo\u00a0 presentem el nostre centre, fent un recorregut a trav\u00e9s dels principals trets distintius que caracteritzen el projecte que s\u2019est\u00e0 desenvolupant. Podem resumir la nostra identitat metodol\u00f2gica en el treball per projectes, els tallers STEAM, els racons de lleng\u00fces i les matem\u00e0tiques manipulatives. Premeu a sobre de la imatge per descobrir-lo!<\/p>\n","protected":false},"author":1,"featured_media":0,"parent":0,"menu_order":0,"comment_status":"closed","ping_status":"closed","template":"","meta":{"_bbp_topic_count":0,"_bbp_reply_count":0,"_bbp_total_topic_count":0,"_bbp_total_reply_count":0,"_bbp_voice_count":0,"_bbp_anonymous_reply_count":0,"_bbp_topic_count_hidden":0,"_bbp_reply_count_hidden":0,"_bbp_forum_subforum_count":0,"site-sidebar-layout":"default","site-content-layout":"","ast-site-content-layout":"default","site-content-style":"default","site-sidebar-style":"default","ast-global-header-display":"","ast-banner-title-visibility":"","ast-main-header-display":"","ast-hfb-above-header-display":"","ast-hfb-below-header-display":"","ast-hfb-mobile-header-display":"","site-post-title":"","ast-breadcrumbs-content":"","ast-featured-img":"","footer-sml-layout":"","theme-transparent-header-meta":"default","adv-header-id-meta":"","stick-header-meta":"","header-above-stick-meta":"","header-main-stick-meta":"","header-below-stick-meta":"","astra-migrate-meta-layouts":"set","ast-page-background-enabled":"default","ast-page-background-meta":{"desktop":{"background-color":"var(--ast-global-color-4)","background-image":"","background-repeat":"repeat","background-position":"center center","background-size":"auto","background-attachment":"scroll","background-type":"","background-media":"","overlay-type":"","overlay-color":"","overlay-opacity":"","overlay-gradient":""},"tablet":{"background-color":"","background-image":"","background-repeat":"repeat","background-position":"center center","background-size":"auto","background-attachment":"scroll","background-type":"","background-media":"","overlay-type":"","overlay-color":"","overlay-opacity":"","overlay-gradient":""},"mobile":{"background-color":"","background-image":"","background-repeat":"repeat","background-position":"center center","background-size":"auto","background-attachment":"scroll","background-type":"","background-media":"","overlay-type":"","overlay-color":"","overlay-opacity":"","overlay-gradient":""}},"ast-content-background-meta":{"desktop":{"background-color":"var(--ast-global-color-5)","background-image":"","background-repeat":"repeat","background-position":"center center","background-size":"auto","background-attachment":"scroll","background-type":"","background-media":"","overlay-type":"","overlay-color":"","overlay-opacity":"","overlay-gradient":""},"tablet":{"background-color":"var(--ast-global-color-5)","background-image":"","background-repeat":"repeat","background-position":"center center","background-size":"auto","background-attachment":"scroll","background-type":"","background-media":"","overlay-type":"","overlay-color":"","overlay-opacity":"","overlay-gradient":""},"mobile":{"background-color":"var(--ast-global-color-5)","background-image":"","background-repeat":"repeat","background-position":"center center","background-size":"auto","background-attachment":"scroll","background-type":"","background-media":"","overlay-type":"","overlay-color":"","overlay-opacity":"","overlay-gradient":""}},"footnotes":""},"class_list":["post-22","page","type-page","status-publish","hentry"],"post_mailing_queue_ids":[],"_links":{"self":[{"href":"https:\/\/agora.xtec.cat\/ceipmontessori\/wp-json\/wp\/v2\/pages\/22","targetHints":{"allow":["GET"]}}],"collection":[{"href":"https:\/\/agora.xtec.cat\/ceipmontessori\/wp-json\/wp\/v2\/pages"}],"about":[{"href":"https:\/\/agora.xtec.cat\/ceipmontessori\/wp-json\/wp\/v2\/types\/page"}],"author":[{"embeddable":true,"href":"https:\/\/agora.xtec.cat\/ceipmontessori\/wp-json\/wp\/v2\/users\/1"}],"replies":[{"embeddable":true,"href":"https:\/\/agora.xtec.cat\/ceipmontessori\/wp-json\/wp\/v2\/comments?post=22"}],"version-history":[{"count":7,"href":"https:\/\/agora.xtec.cat\/ceipmontessori\/wp-json\/wp\/v2\/pages\/22\/revisions"}],"predecessor-version":[{"id":7280,"href":"https:\/\/agora.xtec.cat\/ceipmontessori\/wp-json\/wp\/v2\/pages\/22\/revisions\/7280"}],"wp:attachment":[{"href":"https:\/\/agora.xtec.cat\/ceipmontessori\/wp-json\/wp\/v2\/media?parent=22"}],"curies":[{"name":"wp","href":"https:\/\/api.w.org\/{rel}","templated":true}]}}