{"id":2149,"date":"2018-05-11T12:17:46","date_gmt":"2018-05-11T10:17:46","guid":{"rendered":"http:\/\/agora.xtec.cat\/ceipmontessori\/?page_id=2149"},"modified":"2025-01-29T17:38:07","modified_gmt":"2025-01-29T16:38:07","slug":"els-nostres-butlletins-mensuals","status":"publish","type":"page","link":"https:\/\/agora.xtec.cat\/ceipmontessori\/projecte-educatiu\/els-nostres-butlletins-mensuals\/","title":{"rendered":"Butlletins Digitals"},"content":{"rendered":"<p>Aquest any hem comen\u00e7at a el\u00b7laborar\u00a0el Butllet\u00ed Digital de l&#8217;Escola Montessori.<\/p>\n<p style=\"text-align: justify;\">A continuaci\u00f3 trobareu la relaci\u00f3 dels diferents butlletins digitals mensuals. Recordeu que si a\u00a0principi de mes el voleu rebre al vostre correu us podeu subscriure <a href=\"http:\/\/agora.xtec.cat\/ceipmontessori\/general\/butlleti-escola-montessori\/\">AQU\u00cd<\/a>.<\/p>\n<p style=\"text-align: justify;\"><strong>Nota<\/strong>: \u00e9s important que tingueu l&#8217;adre\u00e7a de l&#8217;escola (a8038171@xtec.cat) als vostres contactes, per assegurar que us arribi a la safata d&#8217;entrada del vostre correu i no a promocions o spam. Aquest butllet\u00ed s&#8217;envia a molts subscriptors i algunes plataformes (gmail, hotmail,..) el classifiquen en un lloc concret (per exemple Gmail l&#8217;envia a Promocions).<\/p>\n<p><strong>Curs 2024-25<\/strong><\/p>\n<p><a href=\"https:\/\/mailchi.mp\/1b3e49b9e83b\/butllet-escola-montessori-desembre2024-14174336?e=018f3675ca\" target=\"_blank\" rel=\"noopener\" data-saferedirecturl=\"https:\/\/www.google.com\/url?q=https:\/\/mailchi.mp\/1b3e49b9e83b\/butllet-escola-montessori-desembre2024-14174336?e%3D018f3675ca&amp;source=gmail&amp;ust=1737106579142000&amp;usg=AOvVaw2OC3jZPpziaAecQlu6AUzY\"><span class=\"il\">Butllet\u00ed<\/span> Escola Montessori Desembre 2024<\/a><\/p>\n<p><strong>Cursos Anteriors<\/strong><\/p>\n<p><a href=\"https:\/\/mailchi.mp\/1ef708689e2c\/butllet-escola-montessori-gener2024-13974202?e=22457f3e07\">Butllet\u00ed Escola Montessori Gener 2024<\/a><\/p>\n<p><a class=\"\" href=\"https:\/\/mailchi.mp\/7ee0be60e011\/butllet-escola-montessori-juliol22-13689709\">Butllet\u00ed Escola Montessori Juliol 2022<\/a><\/p>\n<p><span class=\"\"><a class=\"\" href=\"https:\/\/mailchi.mp\/82e20a0a2778\/butllet-escola-montessori-febrer2022-13593398\">Butllet\u00ed Escola Montessori, Febrer 2022<\/a><\/span><\/p>\n<p><a href=\"https:\/\/mailchi.mp\/e3dffea2529b\/butllet-escola-montessori-dejuny2021-13372487\">Butllet\u00ed Digital Juny 2021<\/a><\/p>\n<p><a href=\"https:\/\/mailchi.mp\/b2cde5ec1d8d\/butllet-escola-montessori-mar2021-13349523\">Butllet\u00ed Digital Mar\u00e7 2021<\/a><\/p>\n<p><a href=\"https:\/\/mailchi.mp\/745804ccfa0b\/butllet-escola-montessori-desembre2020-5095689\">Butllet\u00ed Digital Desembre 2020<\/a><\/p>\n<p><a href=\"https:\/\/mailchi.mp\/ccb16290ba9b\/butllet-escola-montessori-tempsconf-5023993\">Butllet\u00ed Digital Juliol 2020: Temps de Confinament<\/a><\/p>\n<p><a href=\"https:\/\/mailchi.mp\/e71e2dff5945\/butllet-escola-montessori-tallersgen20-774937\">Butllet\u00ed Digital Gener 2020: Talles i Projectes d&#8217;innovaci\u00f3 educativa<\/a><\/p>\n<p><a href=\"https:\/\/mailchi.mp\/517b9dbf2510\/butllet-escola-montessori-tallersnov19-740213\">Butllet\u00ed Digital Desembre 2019: Tallers 2019<\/a><\/p>\n<p><a href=\"https:\/\/mailchi.mp\/90cb34bbe495\/butllet-escola-montessori-juny19-662085\">Butllet\u00ed Digital Juny 2019<\/a><\/p>\n<p><a href=\"https:\/\/mailchi.mp\/03bf9737b0f7\/butllet-escola-montessori-de-jornadamaker19-650613\">Butllet\u00ed Digital Especial: Jornada MAKER amb les fam\u00edlies (maig 2019)<\/a><\/p>\n<p><a href=\"https:\/\/mailchi.mp\/9c49a99d8123\/butllet-escola-montessori-de-febrer19-558065?e=22457f3e07\">Butllet\u00ed Digital de Febrer de 2019<\/a><\/p>\n<p><a href=\"https:\/\/mailchi.mp\/b2207af41beb\/butllet-escola-montessori-de-gener19-556301?e=22457f3e07\">Butllet\u00ed Digital de Gener de 2019<\/a><\/p>\n<p><a href=\"https:\/\/mailchi.mp\/e12bf6d23b6d\/butllet-escola-montessori-desembre18-528269?e=22457f3e07\">Butllet\u00ed Digital de Desembre\u00a0de 2018<\/a><\/p>\n<p><a href=\"https:\/\/mailchi.mp\/f0df3f6bcc7f\/butllet-escola-montessori-de-novembre18-556341?e=22457f3e07\">Butllet\u00ed Digital de Novembre de 2018<\/a><\/p>\n<p><a href=\"https:\/\/mailchi.mp\/2fb3ada6844a\/butllet-escola-montessori-juny-382821?e=22457f3e07\">Butllet\u00ed Digital de Juny de 2018<\/a><\/p>\n<p><a href=\"https:\/\/mailchi.mp\/867c0dc6ba07\/butllet-escola-montessori-maig-342005?e=0bbbd6c1c4\">Butllet\u00ed Digital de Maig de 2018<\/a><\/p>\n<p><a href=\"https:\/\/mailchi.mp\/8ba35e15fbf5\/butllet-escola-montessori-de-abril-300993?e=22457f3e07\">Butllet\u00ed Digital d&#8217;Abril de 2018<\/a><\/p>\n<p><a href=\"https:\/\/mailchi.mp\/19d3a4b00a00\/butllet-escola-montessori-de-marc?e=22457f3e07\">Butllet\u00ed Digital de Mar\u00e7 de 2018<\/a><\/p>\n<p><a href=\"https:\/\/mailchi.mp\/e558e49cef1a\/butllet-escola-montessori-de-febrer-208261?e=22457f3e07\">Butllet\u00ed Digital de Febrer de 2018<\/a><\/p>\n<p><a href=\"https:\/\/mailchi.mp\/a5934f5941cd\/butllet-escola-montessori-de-gener-126505?e=[UNIQID]\">Butllet\u00ed Digital de Gener de 2018<\/a><\/p>\n<p><a href=\"https:\/\/mailchi.mp\/50a9e9cfb578\/butllet-escola-montessori-de-desembre?e=22457f3e07\">Butllet\u00ed Digital de Desembre de 2017<\/a><\/p>\n<p><a href=\"https:\/\/mailchi.mp\/0f6c87c195df\/butlletiescolamontessori?e=22457f3e07\">Butllet\u00ed Digital de Novembre de 2017<\/a><\/p>\n<p>&nbsp;<\/p>\n","protected":false},"excerpt":{"rendered":"<p>Aquest any hem comen\u00e7at a el\u00b7laborar\u00a0el Butllet\u00ed Digital de l&#8217;Escola Montessori. A continuaci\u00f3 trobareu la relaci\u00f3 dels diferents butlletins digitals mensuals. Recordeu que si a\u00a0principi de mes el voleu rebre al vostre correu us podeu subscriure AQU\u00cd. Nota: \u00e9s important que tingueu l&#8217;adre\u00e7a de l&#8217;escola (a8038171@xtec.cat) als vostres contactes, per assegurar que us arribi a [&hellip;]<\/p>\n","protected":false},"author":1,"featured_media":0,"parent":64,"menu_order":0,"comment_status":"closed","ping_status":"closed","template":"","meta":{"_bbp_topic_count":0,"_bbp_reply_count":0,"_bbp_total_topic_count":0,"_bbp_total_reply_count":0,"_bbp_voice_count":0,"_bbp_anonymous_reply_count":0,"_bbp_topic_count_hidden":0,"_bbp_reply_count_hidden":0,"_bbp_forum_subforum_count":0,"site-sidebar-layout":"default","site-content-layout":"","ast-site-content-layout":"","site-content-style":"default","site-sidebar-style":"default","ast-global-header-display":"","ast-banner-title-visibility":"","ast-main-header-display":"","ast-hfb-above-header-display":"","ast-hfb-below-header-display":"","ast-hfb-mobile-header-display":"","site-post-title":"","ast-breadcrumbs-content":"","ast-featured-img":"","footer-sml-layout":"","theme-transparent-header-meta":"","adv-header-id-meta":"","stick-header-meta":"","header-above-stick-meta":"","header-main-stick-meta":"","header-below-stick-meta":"","astra-migrate-meta-layouts":"default","ast-page-background-enabled":"default","ast-page-background-meta":{"desktop":{"background-color":"var(--ast-global-color-4)","background-image":"","background-repeat":"repeat","background-position":"center center","background-size":"auto","background-attachment":"scroll","background-type":"","background-media":"","overlay-type":"","overlay-color":"","overlay-opacity":"","overlay-gradient":""},"tablet":{"background-color":"","background-image":"","background-repeat":"repeat","background-position":"center center","background-size":"auto","background-attachment":"scroll","background-type":"","background-media":"","overlay-type":"","overlay-color":"","overlay-opacity":"","overlay-gradient":""},"mobile":{"background-color":"","background-image":"","background-repeat":"repeat","background-position":"center center","background-size":"auto","background-attachment":"scroll","background-type":"","background-media":"","overlay-type":"","overlay-color":"","overlay-opacity":"","overlay-gradient":""}},"ast-content-background-meta":{"desktop":{"background-color":"var(--ast-global-color-5)","background-image":"","background-repeat":"repeat","background-position":"center center","background-size":"auto","background-attachment":"scroll","background-type":"","background-media":"","overlay-type":"","overlay-color":"","overlay-opacity":"","overlay-gradient":""},"tablet":{"background-color":"var(--ast-global-color-5)","background-image":"","background-repeat":"repeat","background-position":"center center","background-size":"auto","background-attachment":"scroll","background-type":"","background-media":"","overlay-type":"","overlay-color":"","overlay-opacity":"","overlay-gradient":""},"mobile":{"background-color":"var(--ast-global-color-5)","background-image":"","background-repeat":"repeat","background-position":"center center","background-size":"auto","background-attachment":"scroll","background-type":"","background-media":"","overlay-type":"","overlay-color":"","overlay-opacity":"","overlay-gradient":""}},"footnotes":""},"class_list":["post-2149","page","type-page","status-publish","hentry"],"post_mailing_queue_ids":[],"_links":{"self":[{"href":"https:\/\/agora.xtec.cat\/ceipmontessori\/wp-json\/wp\/v2\/pages\/2149","targetHints":{"allow":["GET"]}}],"collection":[{"href":"https:\/\/agora.xtec.cat\/ceipmontessori\/wp-json\/wp\/v2\/pages"}],"about":[{"href":"https:\/\/agora.xtec.cat\/ceipmontessori\/wp-json\/wp\/v2\/types\/page"}],"author":[{"embeddable":true,"href":"https:\/\/agora.xtec.cat\/ceipmontessori\/wp-json\/wp\/v2\/users\/1"}],"replies":[{"embeddable":true,"href":"https:\/\/agora.xtec.cat\/ceipmontessori\/wp-json\/wp\/v2\/comments?post=2149"}],"version-history":[{"count":6,"href":"https:\/\/agora.xtec.cat\/ceipmontessori\/wp-json\/wp\/v2\/pages\/2149\/revisions"}],"predecessor-version":[{"id":6682,"href":"https:\/\/agora.xtec.cat\/ceipmontessori\/wp-json\/wp\/v2\/pages\/2149\/revisions\/6682"}],"up":[{"embeddable":true,"href":"https:\/\/agora.xtec.cat\/ceipmontessori\/wp-json\/wp\/v2\/pages\/64"}],"wp:attachment":[{"href":"https:\/\/agora.xtec.cat\/ceipmontessori\/wp-json\/wp\/v2\/media?parent=2149"}],"curies":[{"name":"wp","href":"https:\/\/api.w.org\/{rel}","templated":true}]}}