{"id":84,"date":"2014-09-18T14:11:31","date_gmt":"2014-09-18T13:11:31","guid":{"rendered":"http:\/\/agora.xtec.cat\/ceipmontcau-gelida\/?page_id=84"},"modified":"2025-05-09T14:48:33","modified_gmt":"2025-05-09T12:48:33","slug":"viuescola","status":"publish","type":"page","link":"https:\/\/agora.xtec.cat\/ceipmontcau-gelida\/lescola\/viuescola\/","title":{"rendered":"Viu l&#8217;escola"},"content":{"rendered":"<h6>UN DIA A L&#8217;ESCOLA<\/h6>\n<div style=\"width: 848px;\" class=\"wp-video\"><!--[if lt IE 9]><script>document.createElement('video');<\/script><![endif]-->\n<video class=\"wp-video-shortcode\" id=\"video-84-1\" width=\"848\" height=\"480\" preload=\"metadata\" controls=\"controls\"><source type=\"video\/mp4\" src=\"https:\/\/agora.xtec.cat\/ceipmontcau-gelida\/wp-content\/uploads\/usu2023\/2020\/05\/Un-dia-a-lescola.mp4.mp4?_=1\" \/><a href=\"https:\/\/agora.xtec.cat\/ceipmontcau-gelida\/wp-content\/uploads\/usu2023\/2020\/05\/Un-dia-a-lescola.mp4.mp4\">https:\/\/agora.xtec.cat\/ceipmontcau-gelida\/wp-content\/uploads\/usu2023\/2020\/05\/Un-dia-a-lescola.mp4.mp4<\/a><\/video><\/div>\n<h6><\/h6>\n<p>&nbsp;<\/p>\n<h6>ELS NOSTRES VALORS<\/h6>\n<div style=\"width: 848px;\" class=\"wp-video\"><video class=\"wp-video-shortcode\" id=\"video-84-2\" width=\"848\" height=\"480\" preload=\"metadata\" controls=\"controls\"><source type=\"video\/mp4\" src=\"https:\/\/agora.xtec.cat\/ceipmontcau-gelida\/wp-content\/uploads\/usu2023\/2020\/05\/Els-nostres-valors.mp4.mp4?_=2\" \/><a href=\"https:\/\/agora.xtec.cat\/ceipmontcau-gelida\/wp-content\/uploads\/usu2023\/2020\/05\/Els-nostres-valors.mp4.mp4\">https:\/\/agora.xtec.cat\/ceipmontcau-gelida\/wp-content\/uploads\/usu2023\/2020\/05\/Els-nostres-valors.mp4.mp4<\/a><\/video><\/div>\n<h6><\/h6>\n<p>&nbsp;<\/p>\n<h6>COMUNITAT EDUCATIVA<\/h6>\n<div style=\"width: 848px;\" class=\"wp-video\"><video class=\"wp-video-shortcode\" id=\"video-84-3\" width=\"848\" height=\"480\" preload=\"metadata\" controls=\"controls\"><source type=\"video\/mp4\" src=\"https:\/\/agora.xtec.cat\/ceipmontcau-gelida\/wp-content\/uploads\/usu2023\/2020\/05\/Comunitat-educativa.mp4.mp4?_=3\" \/><a href=\"https:\/\/agora.xtec.cat\/ceipmontcau-gelida\/wp-content\/uploads\/usu2023\/2020\/05\/Comunitat-educativa.mp4.mp4\">https:\/\/agora.xtec.cat\/ceipmontcau-gelida\/wp-content\/uploads\/usu2023\/2020\/05\/Comunitat-educativa.mp4.mp4<\/a><\/video><\/div>\n<h6><\/h6>\n<p>&nbsp;<\/p>\n<h6>ESCOLA VERDA<\/h6>\n<div style=\"width: 848px;\" class=\"wp-video\"><video class=\"wp-video-shortcode\" id=\"video-84-4\" width=\"848\" height=\"480\" preload=\"metadata\" controls=\"controls\"><source type=\"video\/mp4\" src=\"https:\/\/agora.xtec.cat\/ceipmontcau-gelida\/wp-content\/uploads\/usu2023\/2020\/05\/Escola-verda.mp4.mp4.mp4?_=4\" \/><a href=\"https:\/\/agora.xtec.cat\/ceipmontcau-gelida\/wp-content\/uploads\/usu2023\/2020\/05\/Escola-verda.mp4.mp4.mp4\">https:\/\/agora.xtec.cat\/ceipmontcau-gelida\/wp-content\/uploads\/usu2023\/2020\/05\/Escola-verda.mp4.mp4.mp4<\/a><\/video><\/div>\n<h6><\/h6>\n<p>&nbsp;<\/p>\n<h6>LLENGUATGE ART\u00cdSTIC<\/h6>\n<div style=\"width: 848px;\" class=\"wp-video\"><video class=\"wp-video-shortcode\" id=\"video-84-5\" width=\"848\" height=\"480\" preload=\"metadata\" controls=\"controls\"><source type=\"video\/mp4\" src=\"https:\/\/agora.xtec.cat\/ceipmontcau-gelida\/wp-content\/uploads\/usu2023\/2020\/05\/Llenguatge-artstic.mp4.mp4?_=5\" \/><a href=\"https:\/\/agora.xtec.cat\/ceipmontcau-gelida\/wp-content\/uploads\/usu2023\/2020\/05\/Llenguatge-artstic.mp4.mp4\">https:\/\/agora.xtec.cat\/ceipmontcau-gelida\/wp-content\/uploads\/usu2023\/2020\/05\/Llenguatge-artstic.mp4.mp4<\/a><\/video><\/div>\n<h6><\/h6>\n<p>&nbsp;<\/p>\n<h6>LLENGUATGE MATEM\u00c0TIC<\/h6>\n<div style=\"width: 848px;\" class=\"wp-video\"><video class=\"wp-video-shortcode\" id=\"video-84-6\" width=\"848\" height=\"480\" preload=\"metadata\" controls=\"controls\"><source type=\"video\/mp4\" src=\"https:\/\/agora.xtec.cat\/ceipmontcau-gelida\/wp-content\/uploads\/usu2023\/2020\/05\/Llenguatge-matem\u00e0tic.mp4?_=6\" \/><a href=\"https:\/\/agora.xtec.cat\/ceipmontcau-gelida\/wp-content\/uploads\/usu2023\/2020\/05\/Llenguatge-matem\u00e0tic.mp4\">https:\/\/agora.xtec.cat\/ceipmontcau-gelida\/wp-content\/uploads\/usu2023\/2020\/05\/Llenguatge-matem\u00e0tic.mp4<\/a><\/video><\/div>\n<h6><\/h6>\n<p>&nbsp;<\/p>\n<h6>LA LECTURA<\/h6>\n<div style=\"width: 848px;\" class=\"wp-video\"><video class=\"wp-video-shortcode\" id=\"video-84-7\" width=\"848\" height=\"480\" preload=\"metadata\" controls=\"controls\"><source type=\"video\/mp4\" src=\"https:\/\/agora.xtec.cat\/ceipmontcau-gelida\/wp-content\/uploads\/usu2023\/2020\/05\/Lectura.mp4-3.mp4?_=7\" \/><a href=\"https:\/\/agora.xtec.cat\/ceipmontcau-gelida\/wp-content\/uploads\/usu2023\/2020\/05\/Lectura.mp4-3.mp4\">https:\/\/agora.xtec.cat\/ceipmontcau-gelida\/wp-content\/uploads\/usu2023\/2020\/05\/Lectura.mp4-3.mp4<\/a><\/video><\/div>\n<h6><\/h6>\n<p>&nbsp;<\/p>\n<h6>LES FESTES<\/h6>\n<div style=\"width: 848px;\" class=\"wp-video\"><video class=\"wp-video-shortcode\" id=\"video-84-8\" width=\"848\" height=\"480\" preload=\"metadata\" controls=\"controls\"><source type=\"video\/mp4\" src=\"https:\/\/agora.xtec.cat\/ceipmontcau-gelida\/wp-content\/uploads\/usu2023\/2020\/05\/Les-festes.mp4?_=8\" \/><a href=\"https:\/\/agora.xtec.cat\/ceipmontcau-gelida\/wp-content\/uploads\/usu2023\/2020\/05\/Les-festes.mp4\">https:\/\/agora.xtec.cat\/ceipmontcau-gelida\/wp-content\/uploads\/usu2023\/2020\/05\/Les-festes.mp4<\/a><\/video><\/div>\n<h6><\/h6>\n<p>&nbsp;<\/p>\n<h6>MOLT M\u00c9S QUE UNA ESCOLA!<\/h6>\n<div style=\"width: 848px;\" class=\"wp-video\"><video class=\"wp-video-shortcode\" id=\"video-84-9\" width=\"848\" height=\"480\" preload=\"metadata\" controls=\"controls\"><source type=\"video\/mp4\" src=\"https:\/\/agora.xtec.cat\/ceipmontcau-gelida\/wp-content\/uploads\/usu2023\/2020\/05\/Escola-molt-ms.mp4.mp4?_=9\" \/><a href=\"https:\/\/agora.xtec.cat\/ceipmontcau-gelida\/wp-content\/uploads\/usu2023\/2020\/05\/Escola-molt-ms.mp4.mp4\">https:\/\/agora.xtec.cat\/ceipmontcau-gelida\/wp-content\/uploads\/usu2023\/2020\/05\/Escola-molt-ms.mp4.mp4<\/a><\/video><\/div>\n","protected":false},"excerpt":{"rendered":"<p>UN DIA A L&#8217;ESCOLA &nbsp; ELS NOSTRES VALORS &nbsp; COMUNITAT EDUCATIVA &nbsp; ESCOLA VERDA &nbsp; LLENGUATGE ART\u00cdSTIC &nbsp; LLENGUATGE MATEM\u00c0TIC &nbsp; LA LECTURA &nbsp; LES FESTES &nbsp; MOLT M\u00c9S QUE UNA ESCOLA!<\/p>\n","protected":false},"author":1,"featured_media":0,"parent":22,"menu_order":5,"comment_status":"closed","ping_status":"closed","template":"page-templates\/side-menu.php","meta":{"_bbp_topic_count":0,"_bbp_reply_count":0,"_bbp_total_topic_count":0,"_bbp_total_reply_count":0,"_bbp_voice_count":0,"_bbp_anonymous_reply_count":0,"_bbp_topic_count_hidden":0,"_bbp_reply_count_hidden":0,"_bbp_forum_subforum_count":0,"site-sidebar-layout":"default","site-content-layout":"","ast-site-content-layout":"","site-content-style":"default","site-sidebar-style":"default","ast-global-header-display":"","ast-banner-title-visibility":"","ast-main-header-display":"","ast-hfb-above-header-display":"","ast-hfb-below-header-display":"","ast-hfb-mobile-header-display":"","site-post-title":"","ast-breadcrumbs-content":"","ast-featured-img":"","footer-sml-layout":"","theme-transparent-header-meta":"","adv-header-id-meta":"","stick-header-meta":"","header-above-stick-meta":"","header-main-stick-meta":"","header-below-stick-meta":"","astra-migrate-meta-layouts":"default","ast-page-background-enabled":"default","ast-page-background-meta":{"desktop":{"background-color":"var(--ast-global-color-4)","background-image":"","background-repeat":"repeat","background-position":"center center","background-size":"auto","background-attachment":"scroll","background-type":"","background-media":"","overlay-type":"","overlay-color":"","overlay-opacity":"","overlay-gradient":""},"tablet":{"background-color":"","background-image":"","background-repeat":"repeat","background-position":"center center","background-size":"auto","background-attachment":"scroll","background-type":"","background-media":"","overlay-type":"","overlay-color":"","overlay-opacity":"","overlay-gradient":""},"mobile":{"background-color":"","background-image":"","background-repeat":"repeat","background-position":"center center","background-size":"auto","background-attachment":"scroll","background-type":"","background-media":"","overlay-type":"","overlay-color":"","overlay-opacity":"","overlay-gradient":""}},"ast-content-background-meta":{"desktop":{"background-color":"var(--ast-global-color-5)","background-image":"","background-repeat":"repeat","background-position":"center center","background-size":"auto","background-attachment":"scroll","background-type":"","background-media":"","overlay-type":"","overlay-color":"","overlay-opacity":"","overlay-gradient":""},"tablet":{"background-color":"var(--ast-global-color-5)","background-image":"","background-repeat":"repeat","background-position":"center center","background-size":"auto","background-attachment":"scroll","background-type":"","background-media":"","overlay-type":"","overlay-color":"","overlay-opacity":"","overlay-gradient":""},"mobile":{"background-color":"var(--ast-global-color-5)","background-image":"","background-repeat":"repeat","background-position":"center center","background-size":"auto","background-attachment":"scroll","background-type":"","background-media":"","overlay-type":"","overlay-color":"","overlay-opacity":"","overlay-gradient":""}},"footnotes":""},"class_list":["post-84","page","type-page","status-publish","hentry"],"post_mailing_queue_ids":[],"_links":{"self":[{"href":"https:\/\/agora.xtec.cat\/ceipmontcau-gelida\/wp-json\/wp\/v2\/pages\/84","targetHints":{"allow":["GET"]}}],"collection":[{"href":"https:\/\/agora.xtec.cat\/ceipmontcau-gelida\/wp-json\/wp\/v2\/pages"}],"about":[{"href":"https:\/\/agora.xtec.cat\/ceipmontcau-gelida\/wp-json\/wp\/v2\/types\/page"}],"author":[{"embeddable":true,"href":"https:\/\/agora.xtec.cat\/ceipmontcau-gelida\/wp-json\/wp\/v2\/users\/1"}],"replies":[{"embeddable":true,"href":"https:\/\/agora.xtec.cat\/ceipmontcau-gelida\/wp-json\/wp\/v2\/comments?post=84"}],"version-history":[{"count":3,"href":"https:\/\/agora.xtec.cat\/ceipmontcau-gelida\/wp-json\/wp\/v2\/pages\/84\/revisions"}],"predecessor-version":[{"id":1827,"href":"https:\/\/agora.xtec.cat\/ceipmontcau-gelida\/wp-json\/wp\/v2\/pages\/84\/revisions\/1827"}],"up":[{"embeddable":true,"href":"https:\/\/agora.xtec.cat\/ceipmontcau-gelida\/wp-json\/wp\/v2\/pages\/22"}],"wp:attachment":[{"href":"https:\/\/agora.xtec.cat\/ceipmontcau-gelida\/wp-json\/wp\/v2\/media?parent=84"}],"curies":[{"name":"wp","href":"https:\/\/api.w.org\/{rel}","templated":true}]}}