{"id":80,"date":"2014-09-18T14:09:48","date_gmt":"2014-09-18T13:09:48","guid":{"rendered":"http:\/\/agora.xtec.cat\/ceipmontcau-gelida\/?page_id=80"},"modified":"2021-10-11T16:10:34","modified_gmt":"2021-10-11T14:10:34","slug":"comunicacio-i-xarxes-socials","status":"publish","type":"page","link":"https:\/\/agora.xtec.cat\/ceipmontcau-gelida\/ampa\/comunicacio-i-xarxes-socials\/","title":{"rendered":"Activitats Extraescolars"},"content":{"rendered":"<p><b>Aquelles fam\u00edlies que esteu interessades en alguna activitat extraescolar en concret i vulgueu saber-ne m\u00e9s, us podeu adre\u00e7ar a nosaltres mitjan\u00e7ant el correu electr\u00f2nic\u00a0<a href=\"mailto:info@afaescolamontcau.cat\" target=\"_blank\" rel=\"noopener\">info@afaescolamontcau.cat<\/a>\u00a0o al\u00a0<a href=\"https:\/\/afaescolamontcau.cat\/contacte\/\">nostre formulari de contacte<\/a>, i us enviarem els tr\u00edptics amb informaci\u00f3 m\u00e9s detallada.<\/b><\/p>\n<p>Les activitats es duran a terme sempre que hi hagi un nombre m\u00ednim de sis o vuit infants inscrits, depenent de l\u2019activitat. Les inscripcions s\u2019obriran al setembre, sempre i quan la situaci\u00f3 sanit\u00e0ria ens ho permeti i respectant, en tot moment, les mesures de seguretat higi\u00e8nica i de prevenci\u00f3 estipulades per Departament de Salut. No us preocupeu que us ho recordarem.<\/p>\n<p><b>Per a les fam\u00edlies no s\u00f2cies l\u2019import de cada activitat s\u2019incrementar\u00e0 en 6\u20ac<\/b>\u00a0aix\u00ed que us recomanem que us AFAnyeu perqu\u00e8 qui no corre, vola i ser de l\u2019AFA mola!<\/p>\n<p>Les activitats extraescolars comen\u00e7aran al mes d\u2019octubre sempre i quan la situaci\u00f3 sanit\u00e0ria ens ho permeti i respectant, en tot moment, les mesures de seguretat higi\u00e8nica i de prevenci\u00f3 estipulades per Departament de Salut. La viabilitat d\u2019aquestes estar\u00e0 subjecta a que hi hagi un nombre m\u00ednim d\u2019infants inscrits.<\/p>\n<p>&nbsp;<\/p>\n<p>Per una informaci\u00f3 m\u00e9s acurada aneu directament al seg\u00fcent link de l\u2019AFA Escola Montcau:<\/p>\n<p><a href=\"https:\/\/afaescolamontcau.cat\/serveis\/extraescolars\/\">https:\/\/afaescolamontcau.cat\/serveis\/extraescolars\/<\/a><\/p>\n<p>&nbsp;<\/p>\n<p>&nbsp;<\/p>\n<p>&nbsp;<\/p>\n<p>&nbsp;<\/p>\n<p>&nbsp;<\/p>\n","protected":false},"excerpt":{"rendered":"<p>Aquelles fam\u00edlies que esteu interessades en alguna activitat extraescolar en concret i vulgueu saber-ne m\u00e9s, us podeu adre\u00e7ar a nosaltres mitjan\u00e7ant el correu electr\u00f2nic\u00a0info@afaescolamontcau.cat\u00a0o al\u00a0nostre formulari de contacte, i us enviarem els tr\u00edptics amb informaci\u00f3 m\u00e9s detallada. Les activitats es duran a terme sempre que hi hagi un nombre m\u00ednim de sis o vuit infants [&hellip;]<\/p>\n","protected":false},"author":1,"featured_media":0,"parent":66,"menu_order":50,"comment_status":"closed","ping_status":"closed","template":"page-templates\/side-menu.php","meta":{"_bbp_topic_count":0,"_bbp_reply_count":0,"_bbp_total_topic_count":0,"_bbp_total_reply_count":0,"_bbp_voice_count":0,"_bbp_anonymous_reply_count":0,"_bbp_topic_count_hidden":0,"_bbp_reply_count_hidden":0,"_bbp_forum_subforum_count":0,"site-sidebar-layout":"default","site-content-layout":"","ast-site-content-layout":"","site-content-style":"default","site-sidebar-style":"default","ast-global-header-display":"","ast-banner-title-visibility":"","ast-main-header-display":"","ast-hfb-above-header-display":"","ast-hfb-below-header-display":"","ast-hfb-mobile-header-display":"","site-post-title":"","ast-breadcrumbs-content":"","ast-featured-img":"","footer-sml-layout":"","theme-transparent-header-meta":"","adv-header-id-meta":"","stick-header-meta":"","header-above-stick-meta":"","header-main-stick-meta":"","header-below-stick-meta":"","astra-migrate-meta-layouts":"default","ast-page-background-enabled":"default","ast-page-background-meta":{"desktop":{"background-color":"var(--ast-global-color-4)","background-image":"","background-repeat":"repeat","background-position":"center center","background-size":"auto","background-attachment":"scroll","background-type":"","background-media":"","overlay-type":"","overlay-color":"","overlay-opacity":"","overlay-gradient":""},"tablet":{"background-color":"","background-image":"","background-repeat":"repeat","background-position":"center center","background-size":"auto","background-attachment":"scroll","background-type":"","background-media":"","overlay-type":"","overlay-color":"","overlay-opacity":"","overlay-gradient":""},"mobile":{"background-color":"","background-image":"","background-repeat":"repeat","background-position":"center center","background-size":"auto","background-attachment":"scroll","background-type":"","background-media":"","overlay-type":"","overlay-color":"","overlay-opacity":"","overlay-gradient":""}},"ast-content-background-meta":{"desktop":{"background-color":"var(--ast-global-color-5)","background-image":"","background-repeat":"repeat","background-position":"center center","background-size":"auto","background-attachment":"scroll","background-type":"","background-media":"","overlay-type":"","overlay-color":"","overlay-opacity":"","overlay-gradient":""},"tablet":{"background-color":"var(--ast-global-color-5)","background-image":"","background-repeat":"repeat","background-position":"center center","background-size":"auto","background-attachment":"scroll","background-type":"","background-media":"","overlay-type":"","overlay-color":"","overlay-opacity":"","overlay-gradient":""},"mobile":{"background-color":"var(--ast-global-color-5)","background-image":"","background-repeat":"repeat","background-position":"center center","background-size":"auto","background-attachment":"scroll","background-type":"","background-media":"","overlay-type":"","overlay-color":"","overlay-opacity":"","overlay-gradient":""}},"footnotes":""},"class_list":["post-80","page","type-page","status-publish","hentry"],"post_mailing_queue_ids":[],"_links":{"self":[{"href":"https:\/\/agora.xtec.cat\/ceipmontcau-gelida\/wp-json\/wp\/v2\/pages\/80","targetHints":{"allow":["GET"]}}],"collection":[{"href":"https:\/\/agora.xtec.cat\/ceipmontcau-gelida\/wp-json\/wp\/v2\/pages"}],"about":[{"href":"https:\/\/agora.xtec.cat\/ceipmontcau-gelida\/wp-json\/wp\/v2\/types\/page"}],"author":[{"embeddable":true,"href":"https:\/\/agora.xtec.cat\/ceipmontcau-gelida\/wp-json\/wp\/v2\/users\/1"}],"replies":[{"embeddable":true,"href":"https:\/\/agora.xtec.cat\/ceipmontcau-gelida\/wp-json\/wp\/v2\/comments?post=80"}],"version-history":[{"count":3,"href":"https:\/\/agora.xtec.cat\/ceipmontcau-gelida\/wp-json\/wp\/v2\/pages\/80\/revisions"}],"predecessor-version":[{"id":2219,"href":"https:\/\/agora.xtec.cat\/ceipmontcau-gelida\/wp-json\/wp\/v2\/pages\/80\/revisions\/2219"}],"up":[{"embeddable":true,"href":"https:\/\/agora.xtec.cat\/ceipmontcau-gelida\/wp-json\/wp\/v2\/pages\/66"}],"wp:attachment":[{"href":"https:\/\/agora.xtec.cat\/ceipmontcau-gelida\/wp-json\/wp\/v2\/media?parent=80"}],"curies":[{"name":"wp","href":"https:\/\/api.w.org\/{rel}","templated":true}]}}