{"id":669,"date":"2020-02-12T13:19:56","date_gmt":"2020-02-12T12:19:56","guid":{"rendered":"https:\/\/agora.xtec.cat\/ceipmontcau-gelida\/?page_id=669"},"modified":"2025-11-07T15:48:23","modified_gmt":"2025-11-07T14:48:23","slug":"claustre","status":"publish","type":"page","link":"https:\/\/agora.xtec.cat\/ceipmontcau-gelida\/claustre\/","title":{"rendered":"Claustre"},"content":{"rendered":"<table class=\" alignleft\" style=\"height: 1268px; width: 69.0106%;\" width=\"531\">\n<tbody>\n<tr style=\"background-color: #a3358c;\">\n<td style=\"width: 98.4313%; height: 31px;\" colspan=\"2\">\u00a0 \u00a0 \u00a0 \u00a0 \u00a0 \u00a0 \u00a0 \u00a0 \u00a0 \u00a0 \u00a0 \u00a0 \u00a0 \u00a0 \u00a0 \u00a0 \u00a0 \u00a0 \u00a0 \u00a0 \u00a0 \u00a0 \u00a0 \u00a0 \u00a0<strong>EQUIP DIRECTIU<\/strong><\/td>\n<\/tr>\n<tr style=\"height: 31px;\">\n<td style=\"width: 17.0588%; background-color: #a3358c; height: 31px; text-align: center;\"><strong>Director<\/strong><\/td>\n<td style=\"width: 81.3725%; height: 31px;\">Roger Esteller Pla (roger.esteller@escolamontcau.cat)<\/td>\n<\/tr>\n<tr style=\"height: 46px;\">\n<td style=\"width: 17.0588%; background-color: #a3358c; height: 46px; text-align: center;\"><strong>Cap d\u2019estudis<\/strong><\/td>\n<td style=\"width: 81.3725%; height: 46px;\">Anna Rold\u00e1n S\u00e1nchez (roldi@escolamontcau.cat)<\/td>\n<\/tr>\n<tr style=\"height: 31px;\">\n<td style=\"width: 17.0588%; background-color: #a3358c; height: 31px; text-align: center;\"><strong>Secret\u00e0ria<\/strong><\/td>\n<td style=\"width: 81.3725%; height: 31px;\">Montse Bertran Ferrer (mbertran@escolamontcau.cat)<\/td>\n<\/tr>\n<tr style=\"background-color: #ff914d;\">\n<td style=\"width: 98.4313%; height: 31px;\" colspan=\"2\"><strong>\u00a0 \u00a0 \u00a0 \u00a0 \u00a0 \u00a0 \u00a0 \u00a0 \u00a0 \u00a0 \u00a0 \u00a0 \u00a0 \u00a0 \u00a0 \u00a0 \u00a0 \u00a0 \u00a0 \u00a0 \u00a0 \u00a0 \u00a0 EDUCACI\u00d3 INFANTIL<\/strong><\/td>\n<\/tr>\n<tr style=\"height: 31px;\">\n<td style=\"width: 17.0588%; background-color: #ff914d; height: 31px; text-align: center;\"><strong>I3<\/strong><\/td>\n<td style=\"width: 81.3725%; height: 31px;\">J\u00falia Castells (jcastells@escolamontcau.cat)<\/td>\n<\/tr>\n<tr style=\"height: 31px;\">\n<td style=\"width: 17.0588%; background-color: #ff914d; height: 31px; text-align: center;\"><strong>I4<\/strong><\/td>\n<td style=\"width: 81.3725%; height: 31px;\">Eva Rivera Rigau (erivera@escolamontcau.cat)<\/td>\n<\/tr>\n<tr style=\"height: 31px;\">\n<td style=\"width: 17.0588%; background-color: #ff914d; height: 31px; text-align: center;\"><strong>I5<\/strong><\/td>\n<td style=\"width: 81.3725%; height: 31px;\">Magal\u00ed Lago Rodr\u00edguez (mlago@escolamontcau.cat)<\/td>\n<\/tr>\n<tr style=\"height: 32px;\">\n<td style=\"width: 17.0588%; background-color: #ff914d; text-align: center; height: 32px;\"><strong>Suport<\/strong><\/td>\n<td style=\"width: 81.3725%; height: 32px;\">Anna Montilla Ruz (amontil2@escolamontcau.cat)<\/td>\n<\/tr>\n<tr style=\"height: 33px;\">\n<td style=\"width: 17.0588%; background-color: #ff914d; height: 33px; text-align: center;\"><strong>TEI<\/strong><\/td>\n<td style=\"width: 81.3725%; height: 33px;\">Nat\u00e0lia Vilanova Parellada (nvilanova@escolamontcau.cat)<\/td>\n<\/tr>\n<tr style=\"background-color: #c8cf25;\">\n<td style=\"width: 98.4313%; height: 31px;\" colspan=\"2\">\u00a0 \u00a0 \u00a0 \u00a0 \u00a0 \u00a0 \u00a0 \u00a0 \u00a0 \u00a0 \u00a0 \u00a0 \u00a0 \u00a0 \u00a0 \u00a0 \u00a0 \u00a0 \u00a0 \u00a0 \u00a0 \u00a0 \u00a0<strong>EDUCACI\u00d3 PRIM\u00c0RIA<\/strong><\/td>\n<\/tr>\n<tr style=\"height: 31px;\">\n<td style=\"width: 17.0588%; background-color: #c8cf25; height: 10px; text-align: center;\"><strong>1r A<\/strong><\/td>\n<td style=\"width: 81.3725%; height: 10px;\">In\u00e9s Algar Fern\u00e1ndez (ialgar@escolamontcau.cat)<\/td>\n<\/tr>\n<tr style=\"height: 31px;\">\n<td style=\"width: 17.0588%; background-color: #c8cf25; height: 31px; text-align: center;\"><strong>1r B<\/strong><\/td>\n<td style=\"width: 81.3725%; height: 31px;\">Anna Enjuanes Mart\u00ed (aenjuanes@escolamontcau.cat) \/ Guillem P\u00e9rez Moruno (gpere@escolamontcau.cat)<\/td>\n<\/tr>\n<tr style=\"height: 31px;\">\n<td style=\"width: 17.0588%; background-color: #c8cf25; height: 31px; text-align: center;\"><strong>2n<\/strong><\/td>\n<td style=\"width: 81.3725%; height: 31px;\">Eva Aguado Navarro (eaguado@escolamontcau.cat)<\/td>\n<\/tr>\n<tr style=\"height: 31px;\">\n<td style=\"width: 17.0588%; background-color: #c8cf25; height: 31px; text-align: center;\"><strong>3r A<\/strong><\/td>\n<td style=\"width: 81.3725%; height: 31px;\">Xavier Surroca Arag\u00f3n (xsurroca@escolamontcau.cat)<\/td>\n<\/tr>\n<tr style=\"height: 31px;\">\n<td style=\"width: 17.0588%; background-color: #c8cf25; height: 31px; text-align: center;\"><strong>3r B<\/strong><\/td>\n<td style=\"width: 81.3725%; height: 31px;\">Laia Ros Vall\u00e8s (lros@escolamontcau.cat)<\/td>\n<\/tr>\n<tr style=\"height: 31px;\">\n<td style=\"width: 17.0588%; background-color: #c8cf25; height: 31px; text-align: center;\"><strong>4t<\/strong><\/td>\n<td style=\"width: 81.3725%; height: 31px;\">Vicent Renau Barreda (vrenau@escolamontcau.cat)<\/td>\n<\/tr>\n<tr style=\"height: 31px;\">\n<td style=\"width: 17.0588%; background-color: #c8cf25; height: 31px; text-align: center;\"><strong>5\u00e9 A<\/strong><\/td>\n<td style=\"width: 81.3725%; height: 31px;\"><span style=\"background-color: #ffffff;\">Eva Guitart Pallar\u00e8s (eguitart@escolamontcau.cat)<\/span><\/td>\n<\/tr>\n<tr style=\"height: 31px;\">\n<td style=\"width: 17.0588%; background-color: #c8cf25; height: 31px; text-align: center;\"><strong>5\u00e9 B<\/strong><\/td>\n<td style=\"width: 81.3725%; height: 31px;\">Susana Cozar Castrero (scozar@escolamontcau.cat)<\/td>\n<\/tr>\n<tr style=\"height: 31px;\">\n<td style=\"width: 17.0588%; background-color: #c8cf25; height: 31px; text-align: center;\"><strong>6\u00e9 A<\/strong><\/td>\n<td style=\"width: 81.3725%; height: 31px;\">Javier Ordo\u00f1o Bernab\u00e9 (jordono@escolamontcau.cat)<\/td>\n<\/tr>\n<tr style=\"height: 31px;\">\n<td style=\"width: 17.0588%; background-color: #c8cf25; height: 31px; text-align: center;\"><strong>6\u00e9 B<\/strong><\/td>\n<td style=\"width: 81.3725%; height: 31px;\">V\u00edctor Tarrida Barranco (vtarrida@escolamontcau.cat)<\/td>\n<\/tr>\n<tr style=\"background-color: #cb2b7c;\">\n<td style=\"width: 98.4313%; height: 31px;\" colspan=\"2\">\u00a0 \u00a0 \u00a0 \u00a0 \u00a0 \u00a0 \u00a0 \u00a0 \u00a0 \u00a0 \u00a0 \u00a0 \u00a0 \u00a0 \u00a0 \u00a0 \u00a0 \u00a0 \u00a0 \u00a0 \u00a0 \u00a0 \u00a0 \u00a0<strong>ESPECIALISTES<\/strong><\/td>\n<\/tr>\n<tr style=\"height: 31px;\">\n<td style=\"width: 17.0588%; background-color: #cb2b7c; height: 93px; text-align: center;\" rowspan=\"3\"><strong>Atenci\u00f3 a la Diversitat<\/strong><\/td>\n<td style=\"width: 81.3725%; height: 31px;\">N\u00faria Garrido Ort\u00edz (ngarrid4@escolamontcau.cat)<\/td>\n<\/tr>\n<tr style=\"height: 31px;\">\n<td style=\"width: 81.3725%; height: 31px;\">Marta Cabrero Cardador (mcabrero@escolamontcau.cat)<\/td>\n<\/tr>\n<tr style=\"height: 31px;\">\n<td style=\"width: 81.3725%; height: 31px;\">Laia Vall\u00e8s Rovirosa (lvalles@escolamontcau.cat)<\/td>\n<\/tr>\n<tr style=\"height: 33px;\">\n<td style=\"width: 17.0588%; background-color: #cb2b7c; height: 33px; text-align: center;\"><strong>Educaci\u00f3 F\u00edsica<\/strong><\/td>\n<td style=\"width: 81.3725%; height: 33px;\">Sandra Mart\u00ednez Pertinez (smartinez@escolamontcau.cat) i\u00a0 Magda Lorenzo Cabanillas (mlorenzo@escolamontcau.cat)<\/td>\n<\/tr>\n<tr style=\"height: 31px;\">\n<td style=\"width: 17.0588%; background-color: #cb2b7c; height: 41px; text-align: center;\" rowspan=\"2\"><strong>SIEI<\/strong><\/td>\n<td style=\"width: 81.3725%; height: 31px;\">Anna Rold\u00e1n S\u00e1nchez<\/td>\n<\/tr>\n<tr style=\"height: 31px;\">\n<td style=\"width: 81.3725%; height: 10px;\">Gara Mor\u00f3n La Higuera (gmoron@escolamontcau.cat)<\/td>\n<\/tr>\n<tr style=\"height: 39px;\">\n<td style=\"width: 17.0588%; background-color: #cb2b7c; height: 39px; text-align: center;\"><strong>M\u00fasica<\/strong><\/td>\n<td style=\"width: 81.3725%; height: 39px;\">Eva Almirall L\u00e1zaro (ealmirall@escolamontcau.cat)<\/td>\n<\/tr>\n<tr style=\"height: 31px;\">\n<td style=\"width: 17.0588%; background-color: #cb2b7c; height: 47px; text-align: center;\" rowspan=\"2\"><strong>Angl\u00e8s<\/strong><\/td>\n<td style=\"width: 81.3725%; height: 31px;\">Montse Luque Torres (mluque@escolamontcau.cat)<\/td>\n<\/tr>\n<tr style=\"height: 31px;\">\n<td style=\"width: 81.3725%; height: 16px;\">Montse Bertran Ferrer (mbertran@escolamontcau.cat)<\/td>\n<\/tr>\n<tr style=\"height: 31px;\">\n<td style=\"width: 17.0588%; background-color: #cb2b7c; height: 31px; text-align: center;\"><strong>Religi\u00f3<\/strong><\/td>\n<td style=\"width: 81.3725%; height: 31px;\">Montserrat Vendrell Gallart (mvendrell@escolamontcau.cat)<\/td>\n<\/tr>\n<tr style=\"height: 32px;\">\n<td style=\"background-color: #2bccb9; width: 98.4313%; text-align: center; height: 32px;\" colspan=\"2\"><strong>ALTRES MEMBRES DE L&#8217;ESCOLA<\/strong><\/td>\n<\/tr>\n<tr style=\"height: 32px;\">\n<td style=\"background-color: #2bccb9; width: 17.0588%; text-align: center; height: 32px;\"><strong>Conserge<\/strong><\/td>\n<td style=\"background-color: #faf5f7; width: 81.3725%; text-align: center; height: 32px;\">Patricia Buch Villa<\/td>\n<\/tr>\n<tr style=\"height: 32px;\">\n<td style=\"background-color: #2bccb9; width: 17.0588%; text-align: center; height: 32px;\"><strong>Administratiu<\/strong><\/td>\n<td style=\"background-color: #faf5f7; width: 81.3725%; text-align: center; height: 32px;\">Daniel Matilla Corripio<\/td>\n<\/tr>\n<tr style=\"height: 32px;\">\n<td style=\"background-color: #2bccb9; width: 17.0588%; text-align: center; height: 32px;\"><strong>Vetlladores<\/strong><\/td>\n<td style=\"background-color: #faf5f7; width: 81.3725%; text-align: center; height: 32px;\">Andrea Datsira Fern\u00e1ndez i Maribel Villar P\u00e9rez<\/td>\n<\/tr>\n<tr style=\"height: 145px;\">\n<td style=\"background-color: #2bccb9; width: 17.0588%; text-align: center; height: 145px;\"><strong>Menjador<\/strong><\/td>\n<td style=\"background-color: #faf5f7; width: 81.3725%; text-align: center; height: 145px;\">Coordinadora: Merc\u00e8 Hernandez Ferreres<br \/>\nMonitors\/es: Andrea Datsira Fern\u00e1ndez (Atenci\u00f3 diversitat)<br \/>\nNoemi Fernandez Marce (I3)<br \/>\nSeila Ramos Dieguez (I4)<br \/>\nMaria Consuelo Diaz Diaz (I5)<br \/>\nNacho Gomez Obrador (1r i 2n)<br \/>\nJoel Marfil Ramos (3r i 4t)<br \/>\nPiero Fiori Zumaeta (5\u00e8)<br \/>\nLaia Ferran Hernandez (6\u00e8)<br \/>\nAntonia Ruiz Gimenez<br \/>\nCuinera: Montse Magdaleno Martinez<br \/>\nAuxiliar: Veronica Caceres Farras<\/td>\n<\/tr>\n<tr style=\"height: 32px;\">\n<td style=\"background-color: #2bccb9; width: 17.0588%; text-align: center; height: 32px;\"><strong>Neteja<\/strong><\/td>\n<td style=\"background-color: #faf5f7; width: 81.3725%; text-align: center; height: 32px;\">Caterine Dicardo, Juani Guti\u00e9rrez, <span style=\"font-family: inherit; font-size: 1em;\">M\u00aaCarmen Pe\u00f1a i <\/span>Rosa L\u00f3pez<\/td>\n<\/tr>\n<\/tbody>\n<\/table>\n","protected":false},"excerpt":{"rendered":"<p>\u00a0 \u00a0 \u00a0 \u00a0 \u00a0 \u00a0 \u00a0 \u00a0 \u00a0 \u00a0 \u00a0 \u00a0 \u00a0 \u00a0 \u00a0 \u00a0 \u00a0 \u00a0 \u00a0 \u00a0 \u00a0 \u00a0 \u00a0 \u00a0 \u00a0EQUIP DIRECTIU Director Roger Esteller Pla (roger.esteller@escolamontcau.cat) Cap d\u2019estudis Anna Rold\u00e1n S\u00e1nchez (roldi@escolamontcau.cat) Secret\u00e0ria Montse Bertran Ferrer (mbertran@escolamontcau.cat) \u00a0 \u00a0 \u00a0 \u00a0 \u00a0 \u00a0 \u00a0 \u00a0 \u00a0 \u00a0 \u00a0 \u00a0 \u00a0 [&hellip;]<\/p>\n","protected":false},"author":1,"featured_media":0,"parent":0,"menu_order":0,"comment_status":"closed","ping_status":"closed","template":"","meta":{"_bbp_topic_count":0,"_bbp_reply_count":0,"_bbp_total_topic_count":0,"_bbp_total_reply_count":0,"_bbp_voice_count":0,"_bbp_anonymous_reply_count":0,"_bbp_topic_count_hidden":0,"_bbp_reply_count_hidden":0,"_bbp_forum_subforum_count":0,"site-sidebar-layout":"default","site-content-layout":"","ast-site-content-layout":"","site-content-style":"default","site-sidebar-style":"default","ast-global-header-display":"","ast-banner-title-visibility":"","ast-main-header-display":"","ast-hfb-above-header-display":"","ast-hfb-below-header-display":"","ast-hfb-mobile-header-display":"","site-post-title":"","ast-breadcrumbs-content":"","ast-featured-img":"","footer-sml-layout":"","theme-transparent-header-meta":"","adv-header-id-meta":"","stick-header-meta":"","header-above-stick-meta":"","header-main-stick-meta":"","header-below-stick-meta":"","astra-migrate-meta-layouts":"default","ast-page-background-enabled":"default","ast-page-background-meta":{"desktop":{"background-color":"var(--ast-global-color-4)","background-image":"","background-repeat":"repeat","background-position":"center center","background-size":"auto","background-attachment":"scroll","background-type":"","background-media":"","overlay-type":"","overlay-color":"","overlay-opacity":"","overlay-gradient":""},"tablet":{"background-color":"","background-image":"","background-repeat":"repeat","background-position":"center center","background-size":"auto","background-attachment":"scroll","background-type":"","background-media":"","overlay-type":"","overlay-color":"","overlay-opacity":"","overlay-gradient":""},"mobile":{"background-color":"","background-image":"","background-repeat":"repeat","background-position":"center center","background-size":"auto","background-attachment":"scroll","background-type":"","background-media":"","overlay-type":"","overlay-color":"","overlay-opacity":"","overlay-gradient":""}},"ast-content-background-meta":{"desktop":{"background-color":"var(--ast-global-color-5)","background-image":"","background-repeat":"repeat","background-position":"center center","background-size":"auto","background-attachment":"scroll","background-type":"","background-media":"","overlay-type":"","overlay-color":"","overlay-opacity":"","overlay-gradient":""},"tablet":{"background-color":"var(--ast-global-color-5)","background-image":"","background-repeat":"repeat","background-position":"center center","background-size":"auto","background-attachment":"scroll","background-type":"","background-media":"","overlay-type":"","overlay-color":"","overlay-opacity":"","overlay-gradient":""},"mobile":{"background-color":"var(--ast-global-color-5)","background-image":"","background-repeat":"repeat","background-position":"center center","background-size":"auto","background-attachment":"scroll","background-type":"","background-media":"","overlay-type":"","overlay-color":"","overlay-opacity":"","overlay-gradient":""}},"footnotes":""},"class_list":["post-669","page","type-page","status-publish","hentry"],"post_mailing_queue_ids":[],"_links":{"self":[{"href":"https:\/\/agora.xtec.cat\/ceipmontcau-gelida\/wp-json\/wp\/v2\/pages\/669","targetHints":{"allow":["GET"]}}],"collection":[{"href":"https:\/\/agora.xtec.cat\/ceipmontcau-gelida\/wp-json\/wp\/v2\/pages"}],"about":[{"href":"https:\/\/agora.xtec.cat\/ceipmontcau-gelida\/wp-json\/wp\/v2\/types\/page"}],"author":[{"embeddable":true,"href":"https:\/\/agora.xtec.cat\/ceipmontcau-gelida\/wp-json\/wp\/v2\/users\/1"}],"replies":[{"embeddable":true,"href":"https:\/\/agora.xtec.cat\/ceipmontcau-gelida\/wp-json\/wp\/v2\/comments?post=669"}],"version-history":[{"count":6,"href":"https:\/\/agora.xtec.cat\/ceipmontcau-gelida\/wp-json\/wp\/v2\/pages\/669\/revisions"}],"predecessor-version":[{"id":4138,"href":"https:\/\/agora.xtec.cat\/ceipmontcau-gelida\/wp-json\/wp\/v2\/pages\/669\/revisions\/4138"}],"wp:attachment":[{"href":"https:\/\/agora.xtec.cat\/ceipmontcau-gelida\/wp-json\/wp\/v2\/media?parent=669"}],"curies":[{"name":"wp","href":"https:\/\/api.w.org\/{rel}","templated":true}]}}