{"id":574,"date":"2019-04-04T13:46:43","date_gmt":"2019-04-04T11:46:43","guid":{"rendered":"https:\/\/agora.xtec.cat\/ceipmontcau-gelida\/?page_id=574"},"modified":"2026-02-19T13:55:42","modified_gmt":"2026-02-19T12:55:42","slug":"preinscripcio","status":"publish","type":"page","link":"https:\/\/agora.xtec.cat\/ceipmontcau-gelida\/lescola\/pagina-exemple\/preinscripcio\/","title":{"rendered":"Preinscripci\u00f3 2025-2026"},"content":{"rendered":"<p style=\"text-align: justify;\">Benvolgudes fam\u00edlies,<\/p>\n<p style=\"text-align: justify;\">A continuaci\u00f3 us adjuntem el document amb la <strong>llista de sol\u00b7licituds amb la puntuaci\u00f3 ordenada<\/strong>.<\/p>\n<p style=\"text-align: justify;\"><a href=\"https:\/\/agora.xtec.cat\/ceipmontcau-gelida\/wp-content\/uploads\/usu2023\/2025\/05\/20250509_INFORME_BAREM_DEFINITIU_BAREM.pdf\" target=\"_blank\" rel=\"noopener\">09\/05\/2025 LLISTA DE SOL\u00b7LICITUDS ORDENADA CURS 2025-2026<\/a><\/p>\n<p style=\"text-align: justify;\">Ja es coneix el\u00a0<strong>n\u00famero de desempat per a la <\/strong><a href=\"https:\/\/preinscripcio.gencat.cat\/ca\/inici\/index.html\" target=\"_blank\" rel=\"noopener\"><strong>Preinscripci\u00f3 escolar 2025-2026<\/strong><\/a>\u00a0per al\u00a0<strong>segon cicle d&#8217;infantil, prim\u00e0ria i ESO<\/strong>\u00a0als centres de Catalunya: \u00e9s el\u00a0<strong>76261<\/strong>. El sorteig s&#8217;ha fet a porta al Departament d&#8217;Educaci\u00f3 de la Generalitat de Catalunya, aquest dijous a les 11 hores.<\/p>\n<p style=\"text-align: justify;\">Cada sol\u00b7licitud t\u00e9 assignat autom\u00e0ticament un n\u00famero des del moment de la preinscripci\u00f3. \u00c9s un\u00a0<strong>n\u00famero aleatori, personal i intransferible.<\/strong><\/p>\n<p style=\"text-align: justify;\"><strong>A partir del n\u00famero del sorteig<\/strong>, s&#8217;ordenen de forma ascendent, les sol\u00b7licituds amb el mateix nombre de punts, i\u00a0<strong>s&#8217;assignen les places per ordre<\/strong>.<\/p>\n<p style=\"text-align: justify;\">Aquest divendres,\u00a0<strong>9 de maig,\u00a0<\/strong>cada centre publicar\u00e0 la\u00a0<strong>llista ordenada de les sol\u00b7licituds<\/strong>\u00a0per assignar les places disponibles.<\/p>\n<p style=\"text-align: justify;\">La llista definitiva d&#8217;alumnes admesos es publicar\u00e0 el\u00a0<strong>16 de juny<\/strong>, juntament amb la llista d&#8217;espera per si hi ha alguna vacant posterior.<\/p>\n","protected":false},"excerpt":{"rendered":"<p>Benvolgudes fam\u00edlies, A continuaci\u00f3 us adjuntem el document amb la llista de sol\u00b7licituds amb la puntuaci\u00f3 ordenada. 09\/05\/2025 LLISTA DE SOL\u00b7LICITUDS ORDENADA CURS 2025-2026 Ja es coneix el\u00a0n\u00famero de desempat per a la Preinscripci\u00f3 escolar 2025-2026\u00a0per al\u00a0segon cicle d&#8217;infantil, prim\u00e0ria i ESO\u00a0als centres de Catalunya: \u00e9s el\u00a076261. El sorteig s&#8217;ha fet a porta al Departament [&hellip;]<\/p>\n","protected":false},"author":1,"featured_media":0,"parent":2,"menu_order":7,"comment_status":"closed","ping_status":"closed","template":"","meta":{"_bbp_topic_count":0,"_bbp_reply_count":0,"_bbp_total_topic_count":0,"_bbp_total_reply_count":0,"_bbp_voice_count":0,"_bbp_anonymous_reply_count":0,"_bbp_topic_count_hidden":0,"_bbp_reply_count_hidden":0,"_bbp_forum_subforum_count":0,"site-sidebar-layout":"default","site-content-layout":"","ast-site-content-layout":"default","site-content-style":"default","site-sidebar-style":"default","ast-global-header-display":"","ast-banner-title-visibility":"","ast-main-header-display":"","ast-hfb-above-header-display":"","ast-hfb-below-header-display":"","ast-hfb-mobile-header-display":"","site-post-title":"","ast-breadcrumbs-content":"","ast-featured-img":"","footer-sml-layout":"","theme-transparent-header-meta":"","adv-header-id-meta":"","stick-header-meta":"","header-above-stick-meta":"","header-main-stick-meta":"","header-below-stick-meta":"","astra-migrate-meta-layouts":"set","ast-page-background-enabled":"default","ast-page-background-meta":{"desktop":{"background-color":"var(--ast-global-color-4)","background-image":"","background-repeat":"repeat","background-position":"center center","background-size":"auto","background-attachment":"scroll","background-type":"","background-media":"","overlay-type":"","overlay-color":"","overlay-opacity":"","overlay-gradient":""},"tablet":{"background-color":"","background-image":"","background-repeat":"repeat","background-position":"center center","background-size":"auto","background-attachment":"scroll","background-type":"","background-media":"","overlay-type":"","overlay-color":"","overlay-opacity":"","overlay-gradient":""},"mobile":{"background-color":"","background-image":"","background-repeat":"repeat","background-position":"center center","background-size":"auto","background-attachment":"scroll","background-type":"","background-media":"","overlay-type":"","overlay-color":"","overlay-opacity":"","overlay-gradient":""}},"ast-content-background-meta":{"desktop":{"background-color":"var(--ast-global-color-5)","background-image":"","background-repeat":"repeat","background-position":"center center","background-size":"auto","background-attachment":"scroll","background-type":"","background-media":"","overlay-type":"","overlay-color":"","overlay-opacity":"","overlay-gradient":""},"tablet":{"background-color":"var(--ast-global-color-5)","background-image":"","background-repeat":"repeat","background-position":"center center","background-size":"auto","background-attachment":"scroll","background-type":"","background-media":"","overlay-type":"","overlay-color":"","overlay-opacity":"","overlay-gradient":""},"mobile":{"background-color":"var(--ast-global-color-5)","background-image":"","background-repeat":"repeat","background-position":"center center","background-size":"auto","background-attachment":"scroll","background-type":"","background-media":"","overlay-type":"","overlay-color":"","overlay-opacity":"","overlay-gradient":""}},"footnotes":""},"class_list":["post-574","page","type-page","status-publish","hentry"],"post_mailing_queue_ids":[],"_links":{"self":[{"href":"https:\/\/agora.xtec.cat\/ceipmontcau-gelida\/wp-json\/wp\/v2\/pages\/574","targetHints":{"allow":["GET"]}}],"collection":[{"href":"https:\/\/agora.xtec.cat\/ceipmontcau-gelida\/wp-json\/wp\/v2\/pages"}],"about":[{"href":"https:\/\/agora.xtec.cat\/ceipmontcau-gelida\/wp-json\/wp\/v2\/types\/page"}],"author":[{"embeddable":true,"href":"https:\/\/agora.xtec.cat\/ceipmontcau-gelida\/wp-json\/wp\/v2\/users\/1"}],"replies":[{"embeddable":true,"href":"https:\/\/agora.xtec.cat\/ceipmontcau-gelida\/wp-json\/wp\/v2\/comments?post=574"}],"version-history":[{"count":6,"href":"https:\/\/agora.xtec.cat\/ceipmontcau-gelida\/wp-json\/wp\/v2\/pages\/574\/revisions"}],"predecessor-version":[{"id":4281,"href":"https:\/\/agora.xtec.cat\/ceipmontcau-gelida\/wp-json\/wp\/v2\/pages\/574\/revisions\/4281"}],"up":[{"embeddable":true,"href":"https:\/\/agora.xtec.cat\/ceipmontcau-gelida\/wp-json\/wp\/v2\/pages\/2"}],"wp:attachment":[{"href":"https:\/\/agora.xtec.cat\/ceipmontcau-gelida\/wp-json\/wp\/v2\/media?parent=574"}],"curies":[{"name":"wp","href":"https:\/\/api.w.org\/{rel}","templated":true}]}}