{"id":28,"date":"2014-09-18T12:29:35","date_gmt":"2014-09-18T11:29:35","guid":{"rendered":"http:\/\/agora.xtec.cat\/ceipmontcau-gelida\/?page_id=28"},"modified":"2026-02-04T13:46:21","modified_gmt":"2026-02-04T12:46:21","slug":"consell-escolar","status":"publish","type":"page","link":"https:\/\/agora.xtec.cat\/ceipmontcau-gelida\/lescola\/consell-escolar\/","title":{"rendered":"Consell Escolar"},"content":{"rendered":"<h3 style=\"text-align: left;\">President (Director del centre)<\/h3>\n<ul>\n<li style=\"text-align: left;\">Roger Esteller<\/li>\n<\/ul>\n<h3>Cap d&#8217;estudis<\/h3>\n<ul>\n<li>Anna Roldan<\/li>\n<\/ul>\n<h3>Secret\u00e0ria<\/h3>\n<ul>\n<li>Montse Bertran<\/li>\n<\/ul>\n<h3>Representant de l&#8217;Ajuntament<\/h3>\n<ul>\n<li>Mireia Costa Alas\u00e0<\/li>\n<\/ul>\n<h3>Representant de l&#8217;AFA<\/h3>\n<ul>\n<li>Marina Auladell<\/li>\n<\/ul>\n<h3>Representant de pares i mares<\/h3>\n<ul>\n<li>Alfons Dom\u00ednguez<\/li>\n<li>Virginia Rodr\u00edguez<\/li>\n<li>Sarah Vievard<\/li>\n<li>A\u00efna Drets<\/li>\n<li>Helena Ferrer<\/li>\n<\/ul>\n<h3>Representant del PAE<\/h3>\n<ul>\n<li>Gara Mor\u00f3n<\/li>\n<\/ul>\n<h3>Representant del PAS<\/h3>\n<ul>\n<li>Daniel Matilla<\/li>\n<\/ul>\n<h3>Representants del professorat<\/h3>\n<ul>\n<li>Montse Luque<\/li>\n<li>V\u00edctor Tarrida<\/li>\n<li>N\u00faria Garrido<\/li>\n<li>Eva Rivera<\/li>\n<li>Eva Almirall<\/li>\n<li>Magal\u00ed Lago<\/li>\n<\/ul>\n<p>&nbsp;<\/p>\n","protected":false},"excerpt":{"rendered":"<p>President (Director del centre) Roger Esteller Cap d&#8217;estudis Anna Roldan Secret\u00e0ria Montse Bertran Representant de l&#8217;Ajuntament Mireia Costa Alas\u00e0 Representant de l&#8217;AFA Marina Auladell Representant de pares i mares Alfons Dom\u00ednguez Virginia Rodr\u00edguez Sarah Vievard A\u00efna Drets Helena Ferrer Representant del PAE Gara Mor\u00f3n Representant del PAS Daniel Matilla Representants del professorat Montse Luque V\u00edctor [&hellip;]<\/p>\n","protected":false},"author":1,"featured_media":0,"parent":22,"menu_order":4,"comment_status":"closed","ping_status":"closed","template":"page-templates\/side-menu.php","meta":{"_bbp_topic_count":0,"_bbp_reply_count":0,"_bbp_total_topic_count":0,"_bbp_total_reply_count":0,"_bbp_voice_count":0,"_bbp_anonymous_reply_count":0,"_bbp_topic_count_hidden":0,"_bbp_reply_count_hidden":0,"_bbp_forum_subforum_count":0,"site-sidebar-layout":"default","site-content-layout":"","ast-site-content-layout":"","site-content-style":"default","site-sidebar-style":"default","ast-global-header-display":"","ast-banner-title-visibility":"","ast-main-header-display":"","ast-hfb-above-header-display":"","ast-hfb-below-header-display":"","ast-hfb-mobile-header-display":"","site-post-title":"","ast-breadcrumbs-content":"","ast-featured-img":"","footer-sml-layout":"","theme-transparent-header-meta":"","adv-header-id-meta":"","stick-header-meta":"","header-above-stick-meta":"","header-main-stick-meta":"","header-below-stick-meta":"","astra-migrate-meta-layouts":"default","ast-page-background-enabled":"default","ast-page-background-meta":{"desktop":{"background-color":"var(--ast-global-color-4)","background-image":"","background-repeat":"repeat","background-position":"center center","background-size":"auto","background-attachment":"scroll","background-type":"","background-media":"","overlay-type":"","overlay-color":"","overlay-opacity":"","overlay-gradient":""},"tablet":{"background-color":"","background-image":"","background-repeat":"repeat","background-position":"center center","background-size":"auto","background-attachment":"scroll","background-type":"","background-media":"","overlay-type":"","overlay-color":"","overlay-opacity":"","overlay-gradient":""},"mobile":{"background-color":"","background-image":"","background-repeat":"repeat","background-position":"center center","background-size":"auto","background-attachment":"scroll","background-type":"","background-media":"","overlay-type":"","overlay-color":"","overlay-opacity":"","overlay-gradient":""}},"ast-content-background-meta":{"desktop":{"background-color":"var(--ast-global-color-5)","background-image":"","background-repeat":"repeat","background-position":"center center","background-size":"auto","background-attachment":"scroll","background-type":"","background-media":"","overlay-type":"","overlay-color":"","overlay-opacity":"","overlay-gradient":""},"tablet":{"background-color":"var(--ast-global-color-5)","background-image":"","background-repeat":"repeat","background-position":"center center","background-size":"auto","background-attachment":"scroll","background-type":"","background-media":"","overlay-type":"","overlay-color":"","overlay-opacity":"","overlay-gradient":""},"mobile":{"background-color":"var(--ast-global-color-5)","background-image":"","background-repeat":"repeat","background-position":"center center","background-size":"auto","background-attachment":"scroll","background-type":"","background-media":"","overlay-type":"","overlay-color":"","overlay-opacity":"","overlay-gradient":""}},"footnotes":""},"class_list":["post-28","page","type-page","status-publish","hentry"],"post_mailing_queue_ids":[],"_links":{"self":[{"href":"https:\/\/agora.xtec.cat\/ceipmontcau-gelida\/wp-json\/wp\/v2\/pages\/28","targetHints":{"allow":["GET"]}}],"collection":[{"href":"https:\/\/agora.xtec.cat\/ceipmontcau-gelida\/wp-json\/wp\/v2\/pages"}],"about":[{"href":"https:\/\/agora.xtec.cat\/ceipmontcau-gelida\/wp-json\/wp\/v2\/types\/page"}],"author":[{"embeddable":true,"href":"https:\/\/agora.xtec.cat\/ceipmontcau-gelida\/wp-json\/wp\/v2\/users\/1"}],"replies":[{"embeddable":true,"href":"https:\/\/agora.xtec.cat\/ceipmontcau-gelida\/wp-json\/wp\/v2\/comments?post=28"}],"version-history":[{"count":6,"href":"https:\/\/agora.xtec.cat\/ceipmontcau-gelida\/wp-json\/wp\/v2\/pages\/28\/revisions"}],"predecessor-version":[{"id":4265,"href":"https:\/\/agora.xtec.cat\/ceipmontcau-gelida\/wp-json\/wp\/v2\/pages\/28\/revisions\/4265"}],"up":[{"embeddable":true,"href":"https:\/\/agora.xtec.cat\/ceipmontcau-gelida\/wp-json\/wp\/v2\/pages\/22"}],"wp:attachment":[{"href":"https:\/\/agora.xtec.cat\/ceipmontcau-gelida\/wp-json\/wp\/v2\/media?parent=28"}],"curies":[{"name":"wp","href":"https:\/\/api.w.org\/{rel}","templated":true}]}}