{"id":26,"date":"2014-09-18T12:24:32","date_gmt":"2014-09-18T11:24:32","guid":{"rendered":"http:\/\/agora.xtec.cat\/ceipmontcau-gelida\/?page_id=26"},"modified":"2025-05-09T14:47:43","modified_gmt":"2025-05-09T12:47:43","slug":"historia","status":"publish","type":"page","link":"https:\/\/agora.xtec.cat\/ceipmontcau-gelida\/lescola\/historia\/","title":{"rendered":"Hist\u00f2ria"},"content":{"rendered":"<p style=\"text-align: justify;\">El municipi de Gelida est\u00e0 format pel nucli urb\u00e0 i les urbanitzacions i barris que l\u2019envolten que s\u00f3n: el Puig i la Valenciana, Martivell, Casa Blanca i Sant Salvador.<\/p>\n<p style=\"text-align: justify;\">Gelida \u00e9s un poble envoltat per un entorn natural envejable i ben comunicat (entrades i sortides en els dos sentits a l&#8217;autopista AP-7 i estaci\u00f3 de rodalies de RENFE).<\/p>\n<p style=\"text-align: justify;\">L\u2019entorn natural de Gelida \u00e9s un dels grans atractius del poble: mantenir-lo,\u00a0 respectar-lo \u2026 \u00e9s responsabilitat de tots perqu\u00e8 en puguem seguir gaudint durant molt de temps. Les desenes de fonts naturals i racons de bosc i vinyes, s&#8217;omplen dels habitants del poble i de persones que els venen a visitar en el seu temps lliure.<\/p>\n<p style=\"text-align: justify;\">La poblaci\u00f3 de Gelida se situa actualment al voltant dels 7.200 habitants.<\/p>\n<p style=\"text-align: justify;\">Actualment l&#8217;escola est\u00e0 dins del Pla Educatiu d\u2019Entorn de Gelida. Aquest pla \u00e9s una eina que engloba tota la comunitat educativa gelidenca (les llars d&#8217;infants El C\u00e8rvol Blau i El Montcauet, l&#8217;Escola Les Fonts, l&#8217;Institut Gelida i l&#8217;Escola Municipal de M\u00fasica de Gelida) i ajuda a treballar en xarxa amb l&#8217;objectiu d&#8217;aconseguir un desenvolupament social positiu, la millora de la cohesi\u00f3 i integraci\u00f3 i finalment aconseguir l\u2019\u00e8xit educatiu per a tots els alumnes. Tot compartint recursos, objectius, activitats, espais i maneres de fer.<\/p>\n","protected":false},"excerpt":{"rendered":"<p>El municipi de Gelida est\u00e0 format pel nucli urb\u00e0 i les urbanitzacions i barris que l\u2019envolten que s\u00f3n: el Puig i la Valenciana, Martivell, Casa Blanca i Sant Salvador. Gelida \u00e9s un poble envoltat per un entorn natural envejable i ben comunicat (entrades i sortides en els dos sentits a l&#8217;autopista AP-7 i estaci\u00f3 de [&hellip;]<\/p>\n","protected":false},"author":1,"featured_media":0,"parent":22,"menu_order":2,"comment_status":"closed","ping_status":"closed","template":"page-templates\/side-menu.php","meta":{"_bbp_topic_count":0,"_bbp_reply_count":0,"_bbp_total_topic_count":0,"_bbp_total_reply_count":0,"_bbp_voice_count":0,"_bbp_anonymous_reply_count":0,"_bbp_topic_count_hidden":0,"_bbp_reply_count_hidden":0,"_bbp_forum_subforum_count":0,"site-sidebar-layout":"default","site-content-layout":"","ast-site-content-layout":"","site-content-style":"default","site-sidebar-style":"default","ast-global-header-display":"","ast-banner-title-visibility":"","ast-main-header-display":"","ast-hfb-above-header-display":"","ast-hfb-below-header-display":"","ast-hfb-mobile-header-display":"","site-post-title":"","ast-breadcrumbs-content":"","ast-featured-img":"","footer-sml-layout":"","theme-transparent-header-meta":"","adv-header-id-meta":"","stick-header-meta":"","header-above-stick-meta":"","header-main-stick-meta":"","header-below-stick-meta":"","astra-migrate-meta-layouts":"default","ast-page-background-enabled":"default","ast-page-background-meta":{"desktop":{"background-color":"var(--ast-global-color-4)","background-image":"","background-repeat":"repeat","background-position":"center center","background-size":"auto","background-attachment":"scroll","background-type":"","background-media":"","overlay-type":"","overlay-color":"","overlay-opacity":"","overlay-gradient":""},"tablet":{"background-color":"","background-image":"","background-repeat":"repeat","background-position":"center center","background-size":"auto","background-attachment":"scroll","background-type":"","background-media":"","overlay-type":"","overlay-color":"","overlay-opacity":"","overlay-gradient":""},"mobile":{"background-color":"","background-image":"","background-repeat":"repeat","background-position":"center center","background-size":"auto","background-attachment":"scroll","background-type":"","background-media":"","overlay-type":"","overlay-color":"","overlay-opacity":"","overlay-gradient":""}},"ast-content-background-meta":{"desktop":{"background-color":"var(--ast-global-color-5)","background-image":"","background-repeat":"repeat","background-position":"center center","background-size":"auto","background-attachment":"scroll","background-type":"","background-media":"","overlay-type":"","overlay-color":"","overlay-opacity":"","overlay-gradient":""},"tablet":{"background-color":"var(--ast-global-color-5)","background-image":"","background-repeat":"repeat","background-position":"center center","background-size":"auto","background-attachment":"scroll","background-type":"","background-media":"","overlay-type":"","overlay-color":"","overlay-opacity":"","overlay-gradient":""},"mobile":{"background-color":"var(--ast-global-color-5)","background-image":"","background-repeat":"repeat","background-position":"center center","background-size":"auto","background-attachment":"scroll","background-type":"","background-media":"","overlay-type":"","overlay-color":"","overlay-opacity":"","overlay-gradient":""}},"footnotes":""},"class_list":["post-26","page","type-page","status-publish","hentry"],"post_mailing_queue_ids":[],"_links":{"self":[{"href":"https:\/\/agora.xtec.cat\/ceipmontcau-gelida\/wp-json\/wp\/v2\/pages\/26","targetHints":{"allow":["GET"]}}],"collection":[{"href":"https:\/\/agora.xtec.cat\/ceipmontcau-gelida\/wp-json\/wp\/v2\/pages"}],"about":[{"href":"https:\/\/agora.xtec.cat\/ceipmontcau-gelida\/wp-json\/wp\/v2\/types\/page"}],"author":[{"embeddable":true,"href":"https:\/\/agora.xtec.cat\/ceipmontcau-gelida\/wp-json\/wp\/v2\/users\/1"}],"replies":[{"embeddable":true,"href":"https:\/\/agora.xtec.cat\/ceipmontcau-gelida\/wp-json\/wp\/v2\/comments?post=26"}],"version-history":[{"count":4,"href":"https:\/\/agora.xtec.cat\/ceipmontcau-gelida\/wp-json\/wp\/v2\/pages\/26\/revisions"}],"predecessor-version":[{"id":3426,"href":"https:\/\/agora.xtec.cat\/ceipmontcau-gelida\/wp-json\/wp\/v2\/pages\/26\/revisions\/3426"}],"up":[{"embeddable":true,"href":"https:\/\/agora.xtec.cat\/ceipmontcau-gelida\/wp-json\/wp\/v2\/pages\/22"}],"wp:attachment":[{"href":"https:\/\/agora.xtec.cat\/ceipmontcau-gelida\/wp-json\/wp\/v2\/media?parent=26"}],"curies":[{"name":"wp","href":"https:\/\/api.w.org\/{rel}","templated":true}]}}