{"id":8273,"date":"2025-10-22T15:42:03","date_gmt":"2025-10-22T13:42:03","guid":{"rendered":"https:\/\/agora.xtec.cat\/ceipmontanyans\/?page_id=8273"},"modified":"2025-11-27T12:32:09","modified_gmt":"2025-11-27T11:32:09","slug":"emprenedoria-a-lescola","status":"publish","type":"page","link":"https:\/\/agora.xtec.cat\/ceipmontanyans\/emprenedoria-a-lescola\/","title":{"rendered":"Emprenedoria a l&#8217;escola"},"content":{"rendered":"<h3 data-start=\"182\" data-end=\"254\"><span style=\"color: #000000;\"><strong data-start=\"186\" data-end=\"254\">L\u2019emprenedoria a l\u2019escola: un projecte que creix amb els alumnes<\/strong><\/span><\/h3>\n<h5 data-start=\"256\" data-end=\"554\"><span style=\"color: #000000;\">A l\u2019escola entenem l\u2019emprenedoria com una manera d\u2019aprendre vivint processos reals, cooperant i descobrint les pr\u00f2pies habilitats. Per aix\u00f2, des de fa anys, l\u2019alumnat de Cicle Superior participa en un projecte de creaci\u00f3 d\u2019una cooperativa escolar que es desenvolupa al llarg dels cursos de 5\u00e8 i 6\u00e8.<\/span><\/h5>\n<table style=\"border-collapse: collapse; width: 100%; height: 304px;\">\n<tbody>\n<tr style=\"height: 32px;\">\n<td style=\"width: 33.3333%; text-align: center; height: 32px;\"><img loading=\"lazy\" decoding=\"async\" class=\"aligncenter size-medium wp-image-8368\" src=\"https:\/\/agora.xtec.cat\/ceipmontanyans\/wp-content\/uploads\/usu2034\/2025\/11\/ACREMO-1A-MONTSE-1-300x225.jpg\" alt=\"\" width=\"300\" height=\"225\" srcset=\"https:\/\/agora.xtec.cat\/ceipmontanyans\/wp-content\/uploads\/usu2034\/2025\/11\/ACREMO-1A-MONTSE-1-300x225.jpg 300w, https:\/\/agora.xtec.cat\/ceipmontanyans\/wp-content\/uploads\/usu2034\/2025\/11\/ACREMO-1A-MONTSE-1-200x150.jpg 200w, https:\/\/agora.xtec.cat\/ceipmontanyans\/wp-content\/uploads\/usu2034\/2025\/11\/ACREMO-1A-MONTSE-1.jpg 640w\" sizes=\"auto, (max-width: 300px) 100vw, 300px\" \/><\/td>\n<td style=\"width: 33.3333%; text-align: center; height: 32px;\"><img loading=\"lazy\" decoding=\"async\" class=\"aligncenter size-medium wp-image-8367\" src=\"https:\/\/agora.xtec.cat\/ceipmontanyans\/wp-content\/uploads\/usu2034\/2025\/11\/ACMO-2A-MARINA-300x225.jpg\" alt=\"\" width=\"300\" height=\"225\" srcset=\"https:\/\/agora.xtec.cat\/ceipmontanyans\/wp-content\/uploads\/usu2034\/2025\/11\/ACMO-2A-MARINA-300x225.jpg 300w, https:\/\/agora.xtec.cat\/ceipmontanyans\/wp-content\/uploads\/usu2034\/2025\/11\/ACMO-2A-MARINA-1024x768.jpg 1024w, https:\/\/agora.xtec.cat\/ceipmontanyans\/wp-content\/uploads\/usu2034\/2025\/11\/ACMO-2A-MARINA-768x576.jpg 768w, https:\/\/agora.xtec.cat\/ceipmontanyans\/wp-content\/uploads\/usu2034\/2025\/11\/ACMO-2A-MARINA-1536x1152.jpg 1536w, https:\/\/agora.xtec.cat\/ceipmontanyans\/wp-content\/uploads\/usu2034\/2025\/11\/ACMO-2A-MARINA-200x150.jpg 200w, https:\/\/agora.xtec.cat\/ceipmontanyans\/wp-content\/uploads\/usu2034\/2025\/11\/ACMO-2A-MARINA.jpg 2048w\" sizes=\"auto, (max-width: 300px) 100vw, 300px\" \/><\/td>\n<td style=\"width: 33.3333%; text-align: center; height: 32px;\"><img loading=\"lazy\" decoding=\"async\" class=\"aligncenter wp-image-8370\" src=\"https:\/\/agora.xtec.cat\/ceipmontanyans\/wp-content\/uploads\/usu2034\/2025\/11\/COOPMO-3A-300x225.jpg\" alt=\"\" width=\"279\" height=\"209\" srcset=\"https:\/\/agora.xtec.cat\/ceipmontanyans\/wp-content\/uploads\/usu2034\/2025\/11\/COOPMO-3A-300x225.jpg 300w, https:\/\/agora.xtec.cat\/ceipmontanyans\/wp-content\/uploads\/usu2034\/2025\/11\/COOPMO-3A-200x150.jpg 200w, https:\/\/agora.xtec.cat\/ceipmontanyans\/wp-content\/uploads\/usu2034\/2025\/11\/COOPMO-3A.jpg 640w\" sizes=\"auto, (max-width: 279px) 100vw, 279px\" \/><\/td>\n<\/tr>\n<tr style=\"height: 32px;\">\n<td style=\"width: 33.3333%; text-align: center; height: 32px;\">\n<h4>\u00a0<strong>ACREMO <\/strong>2016-17<\/h4>\n<\/td>\n<td style=\"width: 33.3333%; text-align: center; height: 32px;\">\n<h4>\u00a0<strong>ACMO <\/strong>2017-19<\/h4>\n<\/td>\n<td style=\"width: 33.3333%; text-align: center; height: 32px;\">\n<h4>\u00a0<strong>COOPMO <\/strong>2018-20<\/h4>\n<\/td>\n<\/tr>\n<tr style=\"height: 32px;\">\n<td style=\"width: 33.3333%; text-align: center; height: 32px;\"><img loading=\"lazy\" decoding=\"async\" class=\"aligncenter size-medium wp-image-8369\" src=\"https:\/\/agora.xtec.cat\/ceipmontanyans\/wp-content\/uploads\/usu2034\/2025\/11\/COOPEM-4A-ALEX7MONTSE-300x225.jpg\" alt=\"\" width=\"300\" height=\"225\" srcset=\"https:\/\/agora.xtec.cat\/ceipmontanyans\/wp-content\/uploads\/usu2034\/2025\/11\/COOPEM-4A-ALEX7MONTSE-300x225.jpg 300w, https:\/\/agora.xtec.cat\/ceipmontanyans\/wp-content\/uploads\/usu2034\/2025\/11\/COOPEM-4A-ALEX7MONTSE-200x150.jpg 200w, https:\/\/agora.xtec.cat\/ceipmontanyans\/wp-content\/uploads\/usu2034\/2025\/11\/COOPEM-4A-ALEX7MONTSE.jpg 640w\" sizes=\"auto, (max-width: 300px) 100vw, 300px\" \/><\/td>\n<td style=\"width: 33.3333%; text-align: center; height: 32px;\"><img loading=\"lazy\" decoding=\"async\" class=\"aligncenter wp-image-8386\" src=\"https:\/\/agora.xtec.cat\/ceipmontanyans\/wp-content\/uploads\/usu2034\/2025\/11\/IMG_0047-300x200.jpg\" alt=\"\" width=\"374\" height=\"249\" srcset=\"https:\/\/agora.xtec.cat\/ceipmontanyans\/wp-content\/uploads\/usu2034\/2025\/11\/IMG_0047-300x200.jpg 300w, https:\/\/agora.xtec.cat\/ceipmontanyans\/wp-content\/uploads\/usu2034\/2025\/11\/IMG_0047-1024x683.jpg 1024w, https:\/\/agora.xtec.cat\/ceipmontanyans\/wp-content\/uploads\/usu2034\/2025\/11\/IMG_0047-768x512.jpg 768w, https:\/\/agora.xtec.cat\/ceipmontanyans\/wp-content\/uploads\/usu2034\/2025\/11\/IMG_0047-1536x1024.jpg 1536w, https:\/\/agora.xtec.cat\/ceipmontanyans\/wp-content\/uploads\/usu2034\/2025\/11\/IMG_0047-2048x1365.jpg 2048w\" sizes=\"auto, (max-width: 374px) 100vw, 374px\" \/><\/td>\n<td style=\"width: 33.3333%; text-align: center; height: 32px;\"><img loading=\"lazy\" decoding=\"async\" class=\"aligncenter wp-image-8376\" src=\"https:\/\/agora.xtec.cat\/ceipmontanyans\/wp-content\/uploads\/usu2034\/2025\/11\/CREACOOP-6A.-JORGE-I-ESTHER-1-300x225.jpg\" alt=\"\" width=\"351\" height=\"263\" srcset=\"https:\/\/agora.xtec.cat\/ceipmontanyans\/wp-content\/uploads\/usu2034\/2025\/11\/CREACOOP-6A.-JORGE-I-ESTHER-1-300x225.jpg 300w, https:\/\/agora.xtec.cat\/ceipmontanyans\/wp-content\/uploads\/usu2034\/2025\/11\/CREACOOP-6A.-JORGE-I-ESTHER-1-1024x768.jpg 1024w, https:\/\/agora.xtec.cat\/ceipmontanyans\/wp-content\/uploads\/usu2034\/2025\/11\/CREACOOP-6A.-JORGE-I-ESTHER-1-768x576.jpg 768w, https:\/\/agora.xtec.cat\/ceipmontanyans\/wp-content\/uploads\/usu2034\/2025\/11\/CREACOOP-6A.-JORGE-I-ESTHER-1-1536x1152.jpg 1536w, https:\/\/agora.xtec.cat\/ceipmontanyans\/wp-content\/uploads\/usu2034\/2025\/11\/CREACOOP-6A.-JORGE-I-ESTHER-1-2048x1536.jpg 2048w, https:\/\/agora.xtec.cat\/ceipmontanyans\/wp-content\/uploads\/usu2034\/2025\/11\/CREACOOP-6A.-JORGE-I-ESTHER-1-200x150.jpg 200w\" sizes=\"auto, (max-width: 351px) 100vw, 351px\" \/><\/td>\n<\/tr>\n<tr style=\"height: 32px;\">\n<td style=\"width: 33.3333%; text-align: center; height: 32px;\">\n<h4>\u00a0<strong>COOPEM <\/strong>2019-21<\/h4>\n<\/td>\n<td style=\"width: 33.3333%; text-align: center; height: 32px;\">\n<h4>\u00a0<strong>MONCOOP <\/strong>2020-2022<\/h4>\n<\/td>\n<td style=\"width: 33.3333%; text-align: center; height: 32px;\">\n<h4>\u00a0<strong>CREACOOP <\/strong>2021-23<\/h4>\n<\/td>\n<\/tr>\n<tr style=\"height: 32px;\">\n<td style=\"width: 33.3333%; text-align: center; height: 32px;\"><img loading=\"lazy\" decoding=\"async\" class=\"aligncenter size-medium wp-image-8377\" src=\"https:\/\/agora.xtec.cat\/ceipmontanyans\/wp-content\/uploads\/usu2034\/2025\/11\/COOPCLASS-300x225.jpg\" alt=\"\" width=\"300\" height=\"225\" srcset=\"https:\/\/agora.xtec.cat\/ceipmontanyans\/wp-content\/uploads\/usu2034\/2025\/11\/COOPCLASS-300x225.jpg 300w, https:\/\/agora.xtec.cat\/ceipmontanyans\/wp-content\/uploads\/usu2034\/2025\/11\/COOPCLASS-1024x768.jpg 1024w, https:\/\/agora.xtec.cat\/ceipmontanyans\/wp-content\/uploads\/usu2034\/2025\/11\/COOPCLASS-768x576.jpg 768w, https:\/\/agora.xtec.cat\/ceipmontanyans\/wp-content\/uploads\/usu2034\/2025\/11\/COOPCLASS-1536x1152.jpg 1536w, https:\/\/agora.xtec.cat\/ceipmontanyans\/wp-content\/uploads\/usu2034\/2025\/11\/COOPCLASS-2048x1536.jpg 2048w, https:\/\/agora.xtec.cat\/ceipmontanyans\/wp-content\/uploads\/usu2034\/2025\/11\/COOPCLASS-200x150.jpg 200w\" sizes=\"auto, (max-width: 300px) 100vw, 300px\" \/><\/td>\n<td style=\"width: 33.3333%; text-align: center; height: 32px;\"><img loading=\"lazy\" decoding=\"async\" class=\"aligncenter wp-image-8378\" src=\"https:\/\/agora.xtec.cat\/ceipmontanyans\/wp-content\/uploads\/usu2034\/2025\/11\/ARTICOOP-.-DANI-ESTHER-300x225.jpg\" alt=\"\" width=\"309\" height=\"232\" srcset=\"https:\/\/agora.xtec.cat\/ceipmontanyans\/wp-content\/uploads\/usu2034\/2025\/11\/ARTICOOP-.-DANI-ESTHER-300x225.jpg 300w, https:\/\/agora.xtec.cat\/ceipmontanyans\/wp-content\/uploads\/usu2034\/2025\/11\/ARTICOOP-.-DANI-ESTHER-1024x768.jpg 1024w, https:\/\/agora.xtec.cat\/ceipmontanyans\/wp-content\/uploads\/usu2034\/2025\/11\/ARTICOOP-.-DANI-ESTHER-768x576.jpg 768w, https:\/\/agora.xtec.cat\/ceipmontanyans\/wp-content\/uploads\/usu2034\/2025\/11\/ARTICOOP-.-DANI-ESTHER-1536x1152.jpg 1536w, https:\/\/agora.xtec.cat\/ceipmontanyans\/wp-content\/uploads\/usu2034\/2025\/11\/ARTICOOP-.-DANI-ESTHER-2048x1536.jpg 2048w, https:\/\/agora.xtec.cat\/ceipmontanyans\/wp-content\/uploads\/usu2034\/2025\/11\/ARTICOOP-.-DANI-ESTHER-200x150.jpg 200w\" sizes=\"auto, (max-width: 309px) 100vw, 309px\" \/><\/td>\n<td style=\"width: 33.3333%; text-align: center; height: 32px;\"><img loading=\"lazy\" decoding=\"async\" class=\"aligncenter size-medium wp-image-8381\" src=\"https:\/\/agora.xtec.cat\/ceipmontanyans\/wp-content\/uploads\/usu2034\/2025\/11\/WhatsApp-Image-2025-11-27-at-11.57.18-300x226.jpeg\" alt=\"\" width=\"300\" height=\"226\" srcset=\"https:\/\/agora.xtec.cat\/ceipmontanyans\/wp-content\/uploads\/usu2034\/2025\/11\/WhatsApp-Image-2025-11-27-at-11.57.18-300x226.jpeg 300w, https:\/\/agora.xtec.cat\/ceipmontanyans\/wp-content\/uploads\/usu2034\/2025\/11\/WhatsApp-Image-2025-11-27-at-11.57.18-1024x771.jpeg 1024w, https:\/\/agora.xtec.cat\/ceipmontanyans\/wp-content\/uploads\/usu2034\/2025\/11\/WhatsApp-Image-2025-11-27-at-11.57.18-768x578.jpeg 768w, https:\/\/agora.xtec.cat\/ceipmontanyans\/wp-content\/uploads\/usu2034\/2025\/11\/WhatsApp-Image-2025-11-27-at-11.57.18-1536x1156.jpeg 1536w, https:\/\/agora.xtec.cat\/ceipmontanyans\/wp-content\/uploads\/usu2034\/2025\/11\/WhatsApp-Image-2025-11-27-at-11.57.18-200x150.jpeg 200w, https:\/\/agora.xtec.cat\/ceipmontanyans\/wp-content\/uploads\/usu2034\/2025\/11\/WhatsApp-Image-2025-11-27-at-11.57.18.jpeg 1600w\" sizes=\"auto, (max-width: 300px) 100vw, 300px\" \/><\/td>\n<\/tr>\n<tr style=\"height: 32px;\">\n<td style=\"width: 33.3333%; text-align: center; height: 32px;\">\n<h4>\u00a0<strong>COOPCLAS <\/strong>2022-24<\/h4>\n<\/td>\n<td style=\"width: 33.3333%; text-align: center; height: 32px;\">\n<h4><strong>ARTICOOP <\/strong>2023-25<\/h4>\n<\/td>\n<td style=\"width: 33.3333%; text-align: center; height: 32px;\">\n<h6>\u00a0 \u00a0 <strong style=\"font-size: 1.4375em;\">DIVERCOOP <\/strong><span style=\"font-size: 1.4375em; font-weight: bold;\">2024-26<\/span><\/h6>\n<\/td>\n<\/tr>\n<tr style=\"height: 46px;\">\n<td style=\"width: 33.3333%; text-align: center; height: 46px;\">\n<h4><\/h4>\n<\/td>\n<td style=\"width: 33.3333%; text-align: center; height: 46px;\">\n<h4><strong>\u00a0<\/strong><\/h4>\n<\/td>\n<td style=\"width: 33.3333%; text-align: center; height: 46px;\"><\/td>\n<\/tr>\n<tr style=\"height: 66px;\">\n<td style=\"width: 33.3333%; text-align: center; height: 66px;\">\n<h4>\u00a0<strong>COMPICOOP <\/strong>2025-27<\/h4>\n<\/td>\n<td style=\"width: 33.3333%; text-align: center; height: 66px;\">\n<h4><strong>\u00a0<\/strong><\/h4>\n<\/td>\n<td style=\"width: 33.3333%; text-align: center; height: 66px;\"><\/td>\n<\/tr>\n<\/tbody>\n<\/table>\n<h5 data-start=\"556\" data-end=\"757\"><span style=\"color: #000000;\">A 5\u00e8, els nois i noies es converteixen en aut\u00e8ntics emprenedors i emprenedores. Organitzats en grups, creen la seva pr\u00f2pia cooperativa tot treballant totes les fases de constituci\u00f3 d\u2019una empresa:<\/span><\/h5>\n<ul data-start=\"758\" data-end=\"1026\">\n<li data-start=\"758\" data-end=\"792\">\n<h5 data-start=\"760\" data-end=\"792\"><span style=\"color: #000000;\">elecci\u00f3 del nom i del logotip,<\/span><\/h5>\n<\/li>\n<li data-start=\"793\" data-end=\"827\">\n<h5 data-start=\"795\" data-end=\"827\"><span style=\"color: #000000;\">definici\u00f3 del tipus d\u2019empresa,<\/span><\/h5>\n<\/li>\n<li data-start=\"828\" data-end=\"855\">\n<h5 data-start=\"830\" data-end=\"855\"><span style=\"color: #000000;\">redacci\u00f3 dels estatuts,<\/span><\/h5>\n<\/li>\n<li data-start=\"856\" data-end=\"930\">\n<h5 data-start=\"858\" data-end=\"930\"><span style=\"color: #000000;\">organitzaci\u00f3 dels c\u00e0rrecs i rols segons les habilitats de cada membre,<\/span><\/h5>\n<\/li>\n<li data-start=\"931\" data-end=\"985\">\n<h5 data-start=\"933\" data-end=\"985\"><span style=\"color: #000000;\">estudi de mercat i an\u00e0lisi de diferents productes,<\/span><\/h5>\n<\/li>\n<li data-start=\"986\" data-end=\"1026\">\n<h5 data-start=\"988\" data-end=\"1026\"><span style=\"color: #000000;\">planificaci\u00f3 de costos i de producci\u00f3.<\/span><\/h5>\n<\/li>\n<\/ul>\n<h5 data-start=\"1028\" data-end=\"1333\"><span style=\"color: #000000;\">Un cop definida l\u2019empresa, dissenyen i elaboren productes amb el menor cost possible per tal d\u2019obtenir beneficis. Tots aquests productes es posen a la venda a la Fira Medieval de Castellet, celebrada el primer cap de setmana de juny, on l\u2019alumnat viu una experi\u00e8ncia real de venda i atenci\u00f3 al p\u00fablic.<\/span><\/h5>\n<h5 data-start=\"1335\" data-end=\"1577\"><span style=\"color: #000000;\">A 6\u00e8, la cooperativa continua activa: durant tot el curs organitzen activitats, actes i elaboren nous detalls o productes per vendre. Aquest segon any els permet consolidar el treball en equip, la gesti\u00f3 econ\u00f2mica i la presa de decisions.<\/span><\/h5>\n<h5 data-start=\"1579\" data-end=\"1669\"><span style=\"color: #000000;\">Finalment, al mes de maig, els beneficis obtinguts es reparteixen amb un doble objectiu:<\/span><\/h5>\n<ul data-start=\"1670\" data-end=\"1878\">\n<li data-start=\"1670\" data-end=\"1761\">\n<h5 data-start=\"1672\" data-end=\"1761\"><span style=\"color: #000000;\">una part es destina a una ONG, fomentant aix\u00ed el comprom\u00eds social i la solidaritat,<\/span><\/h5>\n<\/li>\n<li data-start=\"1762\" data-end=\"1878\">\n<h5 data-start=\"1764\" data-end=\"1878\"><span style=\"color: #000000;\">la resta es dedica a finan\u00e7ar una sortida o un petit viatge, que esdev\u00e9 la cloenda festiva de tot el projecte.<\/span><\/h5>\n<\/li>\n<\/ul>\n<h5 data-start=\"1880\" data-end=\"2137\"><span style=\"color: #000000;\">El resultat \u00e9s una experi\u00e8ncia enriquidora i motivadora que combina creativitat, responsabilitat i aprenentatge vivencial. Un projecte que acompanya els infants en el seu creixement personal i els prepara per afrontar nous reptes amb iniciativa i confian\u00e7a.<\/span><\/h5>\n","protected":false},"excerpt":{"rendered":"<p>L\u2019emprenedoria a l\u2019escola: un projecte que creix amb els alumnes<br \/>\nA l\u2019escola entenem l\u2019emprenedoria com una manera d\u2019aprendre vivint processos reals, cooperant i descobrint les pr\u00f2pies habilitats. Per aix\u00f2, des de fa anys, l\u2019alumnat de Cicle Superior participa en un projecte de creaci\u00f3 d\u2019una cooperativa escolar&hellip;  <a href=\"https:\/\/agora.xtec.cat\/ceipmontanyans\/emprenedoria-a-lescola\/\" title=\"Read Emprenedoria a l&#8217;escola\">Llegeix m\u00e9s\u00bb<\/a><\/p>\n","protected":false},"author":1,"featured_media":0,"parent":0,"menu_order":0,"comment_status":"closed","ping_status":"closed","template":"","meta":{"_bbp_topic_count":0,"_bbp_reply_count":0,"_bbp_total_topic_count":0,"_bbp_total_reply_count":0,"_bbp_voice_count":0,"_bbp_anonymous_reply_count":0,"_bbp_topic_count_hidden":0,"_bbp_reply_count_hidden":0,"_bbp_forum_subforum_count":0,"footnotes":""},"class_list":["post-8273","page","type-page","status-publish","hentry"],"post_mailing_queue_ids":[],"_links":{"self":[{"href":"https:\/\/agora.xtec.cat\/ceipmontanyans\/wp-json\/wp\/v2\/pages\/8273","targetHints":{"allow":["GET"]}}],"collection":[{"href":"https:\/\/agora.xtec.cat\/ceipmontanyans\/wp-json\/wp\/v2\/pages"}],"about":[{"href":"https:\/\/agora.xtec.cat\/ceipmontanyans\/wp-json\/wp\/v2\/types\/page"}],"author":[{"embeddable":true,"href":"https:\/\/agora.xtec.cat\/ceipmontanyans\/wp-json\/wp\/v2\/users\/1"}],"replies":[{"embeddable":true,"href":"https:\/\/agora.xtec.cat\/ceipmontanyans\/wp-json\/wp\/v2\/comments?post=8273"}],"version-history":[{"count":6,"href":"https:\/\/agora.xtec.cat\/ceipmontanyans\/wp-json\/wp\/v2\/pages\/8273\/revisions"}],"predecessor-version":[{"id":8387,"href":"https:\/\/agora.xtec.cat\/ceipmontanyans\/wp-json\/wp\/v2\/pages\/8273\/revisions\/8387"}],"wp:attachment":[{"href":"https:\/\/agora.xtec.cat\/ceipmontanyans\/wp-json\/wp\/v2\/media?parent=8273"}],"curies":[{"name":"wp","href":"https:\/\/api.w.org\/{rel}","templated":true}]}}