{"id":8036,"date":"2025-03-27T13:27:27","date_gmt":"2025-03-27T12:27:27","guid":{"rendered":"https:\/\/agora.xtec.cat\/ceipmontanyans\/?page_id=8036"},"modified":"2025-03-27T13:31:42","modified_gmt":"2025-03-27T12:31:42","slug":"estatuts-de-lafa","status":"publish","type":"page","link":"https:\/\/agora.xtec.cat\/ceipmontanyans\/afa\/estatuts-de-lafa\/","title":{"rendered":"Estatuts de l&#8217;AFA"},"content":{"rendered":"<p><strong>Introducci\u00f3 als Estatuts de l&#8217;AFA de l&#8217;Escola Montanyans<\/strong><\/p>\n<p>L&#8217;Associaci\u00f3 de Fam\u00edlies d&#8217;Alumnes (AFA) de l&#8217;Escola Montanyans \u00e9s una entitat sense \u00e0nim de lucre que neix amb l&#8217;objectiu de representar, donar suport i col\u00b7laborar activament en la vida escolar dels nostres infants. La nostra associaci\u00f3 \u00e9s un espai de trobada i cooperaci\u00f3 entre fam\u00edlies, mestres i l&#8217;escola, treballant conjuntament per garantir un entorn educatiu de qualitat i una comunitat cohesionada.<\/p>\n<p>Aquests estatuts defineixen el funcionament, les normes i els objectius de l&#8217;AFA, establint els drets i deures de les fam\u00edlies associades, aix\u00ed com les estructures de govern i presa de decisions. A trav\u00e9s d&#8217;aquesta normativa, volem assegurar una gesti\u00f3 transparent, participativa i compromesa amb els valors de la nostra escola i del seu projecte educatiu.<\/p>\n<p>Convidem totes les fam\u00edlies a formar part activa de l&#8217;AFA, aportant idees, col\u00b7laborant en iniciatives i contribuint a la millora cont\u00ednua del centre. La implicaci\u00f3 de tots i totes \u00e9s essencial per fer de l&#8217;Escola Montanyans un espai educatiu ric, inclusiu i motivador per als nostres fills i filles.<\/p>\n<p><a href=\"https:\/\/agora.xtec.cat\/ceipmontanyans\/wp-content\/uploads\/usu2034\/2025\/03\/13147110_C-pia_aut-ntica_Estatuts_CEIP_Montanyans.pdf\">ESTATUTS DE L&#8217;AFA DE L&#8217;ESCOLA MONTANYANS<\/a><\/p>\n<hr \/>\n<p>Si vols fer-hi modificacions o afegir informaci\u00f3 m\u00e9s espec\u00edfica, digues-m&#8217;ho! \ud83d\ude0a<\/p>\n","protected":false},"excerpt":{"rendered":"<p>Introducci\u00f3 als Estatuts de l&#8217;AFA de l&#8217;Escola Montanyans<br \/>\nL&#8217;Associaci\u00f3 de Fam\u00edlies d&#8217;Alumnes (AFA) de l&#8217;Escola Montanyans \u00e9s una entitat sense \u00e0nim de lucre que neix amb l&#8217;objectiu de representar, donar suport i col\u00b7laborar activament en la vida escolar dels nostres infants. La nostra associaci\u00f3 \u00e9s un&hellip;  <a href=\"https:\/\/agora.xtec.cat\/ceipmontanyans\/afa\/estatuts-de-lafa\/\" title=\"Read Estatuts de l&#8217;AFA\">Llegeix m\u00e9s\u00bb<\/a><\/p>\n","protected":false},"author":1,"featured_media":0,"parent":6794,"menu_order":0,"comment_status":"closed","ping_status":"closed","template":"page-templates\/side-menu.php","meta":{"_bbp_topic_count":0,"_bbp_reply_count":0,"_bbp_total_topic_count":0,"_bbp_total_reply_count":0,"_bbp_voice_count":0,"_bbp_anonymous_reply_count":0,"_bbp_topic_count_hidden":0,"_bbp_reply_count_hidden":0,"_bbp_forum_subforum_count":0,"footnotes":""},"class_list":["post-8036","page","type-page","status-publish","hentry"],"post_mailing_queue_ids":[],"_links":{"self":[{"href":"https:\/\/agora.xtec.cat\/ceipmontanyans\/wp-json\/wp\/v2\/pages\/8036","targetHints":{"allow":["GET"]}}],"collection":[{"href":"https:\/\/agora.xtec.cat\/ceipmontanyans\/wp-json\/wp\/v2\/pages"}],"about":[{"href":"https:\/\/agora.xtec.cat\/ceipmontanyans\/wp-json\/wp\/v2\/types\/page"}],"author":[{"embeddable":true,"href":"https:\/\/agora.xtec.cat\/ceipmontanyans\/wp-json\/wp\/v2\/users\/1"}],"replies":[{"embeddable":true,"href":"https:\/\/agora.xtec.cat\/ceipmontanyans\/wp-json\/wp\/v2\/comments?post=8036"}],"version-history":[{"count":2,"href":"https:\/\/agora.xtec.cat\/ceipmontanyans\/wp-json\/wp\/v2\/pages\/8036\/revisions"}],"predecessor-version":[{"id":8040,"href":"https:\/\/agora.xtec.cat\/ceipmontanyans\/wp-json\/wp\/v2\/pages\/8036\/revisions\/8040"}],"up":[{"embeddable":true,"href":"https:\/\/agora.xtec.cat\/ceipmontanyans\/wp-json\/wp\/v2\/pages\/6794"}],"wp:attachment":[{"href":"https:\/\/agora.xtec.cat\/ceipmontanyans\/wp-json\/wp\/v2\/media?parent=8036"}],"curies":[{"name":"wp","href":"https:\/\/api.w.org\/{rel}","templated":true}]}}