{"id":80,"date":"2014-09-18T14:09:48","date_gmt":"2014-09-18T12:09:48","guid":{"rendered":"http:\/\/agora.xtec.cat\/ceipmontanyans\/?page_id=80"},"modified":"2025-09-23T14:46:33","modified_gmt":"2025-09-23T12:46:33","slug":"transport","status":"publish","type":"page","link":"https:\/\/agora.xtec.cat\/ceipmontanyans\/serveis\/transport\/","title":{"rendered":"Transport Escolar"},"content":{"rendered":"<p class=\"font_8\"><span class=\"color_20\">El Consell comarcal s\u2019encarrega del transport escolar no obligatori. La fam\u00edlies poden gaudir-ne volunt\u00e0riament, \u00e9s de copagament, cada autocar disposa d\u2019una monitora i sempre es d\u00f3na prefer\u00e8ncia als alumnes del terme municipal per obtenir una pla\u00e7a.<\/span><\/p>\n<p class=\"font_8\"><span class=\"color_20\">Es faciliten dues rutes, segons el municipi on es resideix. <\/span><\/p>\n<p class=\"font_8\"><span class=\"color_20\">La ruta 28: Trencaroques, els Rosers (centre c\u00edvic), els Rosers (dip\u00f2sit aigua), Valldemar, Valldemar (transformador), Clarimat (bar), Clariana (parada bus), Torrelletes, Cal Mart\u00ed, les Masuques i finalment s\u2019arriba a l\u2019escola.<\/span><\/p>\n<p class=\"font_8\"><span class=\"color_20\">I la ruta 28b: Rocallisa, La Gornal (Ajuntament), Castellet i finalment s\u2019arriba a l\u2019escola.<\/span><\/p>\n<table style=\"border-collapse: collapse; width: 100%;\">\n<tbody>\n<tr>\n<td style=\"width: 100%;\">\n<p style=\"font-family: 'Helvetica Neue', Helvetica, Helvetica, Arial, sans-serif; font-size: 16px;\">La comarca de l\u2019Alt Pened\u00e8s est\u00e0 subjecta a diferents riscos associats a emerg\u00e8ncies (nevades, ventades, incendis&#8230;), que poden tenir una afectaci\u00f3 important en la xarxa vi\u00e0ria que dificulta o impossibilita el servei de transport escolar que gestiona el Consell Comarcal. Una de les principals dificultats de la gesti\u00f3 del transport escolar en situacions d\u2019emerg\u00e8ncia \u00e9s la presa de decisions, perqu\u00e8 hi ha m\u00faltiples agents implicats (fam\u00edlies, empreses de transport, centres escolars, ajuntaments, Consell Comarcal&#8230;), per la qual cosa el Ple del Consell Comarcal, en sessi\u00f3 de 10 de febrer de 2022, va aprovar inicialment el Protocol de coordinaci\u00f3 del servei de transport escolar gestionat pel Consell Comarcal de l\u2019Alt Pened\u00e8s davant de situacions de risc per afectaci\u00f3 de la xarxa vi\u00e0ria.<\/p>\n<p style=\"font-family: 'Helvetica Neue', Helvetica, Helvetica, Arial, sans-serif; font-size: 16px;\"><a href=\"https:\/\/agora.xtec.cat\/ceipmontanyans\/wp-content\/uploads\/usu2034\/2022\/06\/PROTO_PROTOCOLCOORDSERVEITRANSPESCOLARAFECTAXARXAVIARIA-01062022.pdf\">Protocol de coordinaci\u00f3 del servei de transport escolar gestionat pel Consell Comarcal de l\u2019Alt Pened\u00e8s, davant de situacions de risc per afectaci\u00f3 de la xarxa vi\u00e0ria.<\/a><\/p>\n<\/td>\n<\/tr>\n<\/tbody>\n<\/table>\n<p><strong>Informaci\u00f3 per curs 25-26:<\/strong><\/p>\n<table style=\"border-collapse: collapse; width: 100%; height: 32px;\">\n<tbody>\n<tr style=\"height: 32px;\">\n<td style=\"width: 50%; height: 32px;\"><a href=\"https:\/\/www.ccapenedes.cat\/ensenyament\/ajut-transport-escolar\">Inscripci\u00f3 transport escolar i preus<\/a><\/td>\n<td style=\"width: 50%; height: 32px;\"><a href=\"https:\/\/www.ccapenedes.cat\/ensenyament\/transport-escolar-rutes-parades-i-horaris-del-servei-de-transport-escolar-2022-2023\/escola-montanyans\">Horaris de transport escolar 25-26<\/a><\/td>\n<\/tr>\n<\/tbody>\n<\/table>\n<p>&nbsp;<\/p>\n<p class=\"font_8\"><span class=\"color_20\">Per a m\u00e9s informaci\u00f3:<\/span><\/p>\n<p><a href=\"http:\/\/www.ccapenedes.cat\">www.ccapenedes.cat<\/a><\/p>\n<p class=\"font_8\"><span class=\"color_20\">Tel. 93 890 00 00<\/span><\/p>\n<p class=\"font_8\" style=\"text-align: center;\"><a href=\"https:\/\/agora.xtec.cat\/ceipmontanyans\/wp-content\/uploads\/usu2034\/2020\/03\/baixa.jpg\"><img loading=\"lazy\" decoding=\"async\" class=\"alignnone size-full wp-image-2835\" src=\"https:\/\/agora.xtec.cat\/ceipmontanyans\/wp-content\/uploads\/usu2034\/2020\/03\/baixa.jpg\" alt=\"\" width=\"245\" height=\"206\" \/><\/a><\/p>\n","protected":false},"excerpt":{"rendered":"<p>El Consell comarcal s\u2019encarrega del transport escolar no obligatori. La fam\u00edlies poden gaudir-ne volunt\u00e0riament, \u00e9s de copagament, cada autocar disposa d\u2019una monitora i sempre es d\u00f3na prefer\u00e8ncia als alumnes del terme municipal per obtenir una pla\u00e7a.<br \/>\nEs faciliten dues rutes, segons el municipi on es resideix.&hellip;  <a href=\"https:\/\/agora.xtec.cat\/ceipmontanyans\/serveis\/transport\/\" title=\"Read Transport Escolar\">Llegeix m\u00e9s\u00bb<\/a><\/p>\n","protected":false},"author":1,"featured_media":0,"parent":66,"menu_order":40,"comment_status":"closed","ping_status":"closed","template":"page-templates\/side-menu.php","meta":{"_bbp_topic_count":0,"_bbp_reply_count":0,"_bbp_total_topic_count":0,"_bbp_total_reply_count":0,"_bbp_voice_count":0,"_bbp_anonymous_reply_count":0,"_bbp_topic_count_hidden":0,"_bbp_reply_count_hidden":0,"_bbp_forum_subforum_count":0,"footnotes":""},"class_list":["post-80","page","type-page","status-publish","hentry"],"post_mailing_queue_ids":[],"_links":{"self":[{"href":"https:\/\/agora.xtec.cat\/ceipmontanyans\/wp-json\/wp\/v2\/pages\/80","targetHints":{"allow":["GET"]}}],"collection":[{"href":"https:\/\/agora.xtec.cat\/ceipmontanyans\/wp-json\/wp\/v2\/pages"}],"about":[{"href":"https:\/\/agora.xtec.cat\/ceipmontanyans\/wp-json\/wp\/v2\/types\/page"}],"author":[{"embeddable":true,"href":"https:\/\/agora.xtec.cat\/ceipmontanyans\/wp-json\/wp\/v2\/users\/1"}],"replies":[{"embeddable":true,"href":"https:\/\/agora.xtec.cat\/ceipmontanyans\/wp-json\/wp\/v2\/comments?post=80"}],"version-history":[{"count":7,"href":"https:\/\/agora.xtec.cat\/ceipmontanyans\/wp-json\/wp\/v2\/pages\/80\/revisions"}],"predecessor-version":[{"id":8171,"href":"https:\/\/agora.xtec.cat\/ceipmontanyans\/wp-json\/wp\/v2\/pages\/80\/revisions\/8171"}],"up":[{"embeddable":true,"href":"https:\/\/agora.xtec.cat\/ceipmontanyans\/wp-json\/wp\/v2\/pages\/66"}],"wp:attachment":[{"href":"https:\/\/agora.xtec.cat\/ceipmontanyans\/wp-json\/wp\/v2\/media?parent=80"}],"curies":[{"name":"wp","href":"https:\/\/api.w.org\/{rel}","templated":true}]}}