{"id":73,"date":"2023-02-28T16:00:51","date_gmt":"2023-02-28T15:00:51","guid":{"rendered":"http:\/\/agora.xtec.cat\/ceipmontanyans\/?page_id=73"},"modified":"2026-03-27T11:18:58","modified_gmt":"2026-03-27T10:18:58","slug":"menjador","status":"publish","type":"page","link":"https:\/\/agora.xtec.cat\/ceipmontanyans\/serveis\/menjador\/","title":{"rendered":"Menjador escolar"},"content":{"rendered":"<p style=\"text-align: justify;\"><span class=\"color_20\">L\u2019empresa encarregada del menjar i del monitoratge \u00e9s <a href=\"https:\/\/www.teno.cat\/ca\/\">TENO<\/a>. El menjar \u00e9s equilibrat i est\u00e0 dissenyat per un equip d\u2019experts nutricionistes i basat en l&#8217;alimentaci\u00f3 saludable a l&#8217;etapa escolar de l&#8217;agencia de salut p\u00fablica de Catalunya (<a href=\"https:\/\/agora.xtec.cat\/ceipmontanyans\/wp-content\/uploads\/usu2034\/2021\/03\/2020-guia_alimentacio_etapa_escolar.pdf\">Guia d&#8217;alimentaci\u00f3<\/a>).<\/span><\/p>\n<p class=\"font_8\" style=\"text-align: justify;\"><span class=\"color_20\">Durant el curs 15-16 s&#8217;ha guanyat el premi de Cuina Catalana gr\u00e0cies a l&#8217;\u00fas de productes de proximitat, ecol\u00f2gics i integrals i gr\u00e0cies a les receptes d&#8217;or\u00edgen catal\u00e0 que realitza la nostra cuinera.\u00a0<\/span><\/p>\n<p>Les fam\u00edlies reben ajuts de menjador escolar del Consell Comarcal de l&#8217;Alt Pened\u00e8s i tamb\u00e9 d&#8217;Educo una ONG pel desenvolupament i acci\u00f3 humanit\u00e0ria.<\/p>\n<p><img loading=\"lazy\" decoding=\"async\" class=\"wp-image-6195 alignright\" style=\"border: none; color: #2795b6;\" src=\"https:\/\/agora.xtec.cat\/ceipmontanyans\/wp-content\/uploads\/usu2034\/2020\/12\/Presentaci\u00f3n1.jpg\" alt=\"\" width=\"102\" height=\"76\" srcset=\"https:\/\/agora.xtec.cat\/ceipmontanyans\/wp-content\/uploads\/usu2034\/2020\/12\/Presentaci\u00f3n1.jpg 960w, https:\/\/agora.xtec.cat\/ceipmontanyans\/wp-content\/uploads\/usu2034\/2020\/12\/Presentaci\u00f3n1-300x225.jpg 300w, https:\/\/agora.xtec.cat\/ceipmontanyans\/wp-content\/uploads\/usu2034\/2020\/12\/Presentaci\u00f3n1-768x576.jpg 768w, https:\/\/agora.xtec.cat\/ceipmontanyans\/wp-content\/uploads\/usu2034\/2020\/12\/Presentaci\u00f3n1-200x150.jpg 200w\" sizes=\"auto, (max-width: 102px) 100vw, 102px\" \/><\/p>\n<p><span style=\"color: #2795b6;\">\u00a0<\/span><\/p>\n<p>&nbsp;<\/p>\n<p>&nbsp;<\/p>\n<table style=\"border-collapse: collapse; width: 100%; height: 148px;\">\n<tbody>\n<tr style=\"height: 99px;\">\n<td style=\"width: 22.077%; height: 99px;\"><a href=\"https:\/\/agora.xtec.cat\/ceipmontanyans\/wp-content\/uploads\/usu2034\/2025\/10\/G_A_EspaiMigdia_TENO_1T-25-26.pdf\">Activitats del 1r trimestre 25-26<\/a><\/p>\n<p>Activitats del 2n trimestre 25-26<\/p>\n<p>Activitats del 3r trimestre 25-26<\/p>\n<p><a href=\"https:\/\/agora.xtec.cat\/ceipmontanyans\/wp-content\/uploads\/usu2034\/2023\/09\/TENO_Projectes-23-24-escoles.pdf\">Projectes pedag\u00f2gics durant el curs<\/a><\/td>\n<td style=\"width: 36.5494%; height: 99px;\">&nbsp;<\/p>\n<p style=\"text-align: center;\"><a href=\"https:\/\/agora.xtec.cat\/ceipmontanyans\/wp-content\/uploads\/usu2034\/2024\/08\/NORMATIVA-I-PREUS-MONTANYANS-24-25-APP.pdf\">Inscripci\u00f3 al menjador de l&#8217;escola &#8211; APP<\/a><\/p>\n<p><em><span style=\"color: #ff0000;\">T<a href=\"https:\/\/www.ccapenedes.cat\/ensenyament\/ajuts-de-menjador-renovacio-de-lajut\">ramita la teva beca de menjador del Consell Comarcal<\/a><\/span><\/em><\/p>\n<p style=\"text-align: center;\">\n<\/td>\n<td style=\"width: 41.3735%; height: 99px;\">\n<p style=\"font-family: 'Helvetica Neue', Helvetica, Helvetica, Arial, sans-serif; font-size: 14px; text-align: center;\"><a href=\"https:\/\/agora.xtec.cat\/ceipmontanyans\/wp-content\/uploads\/usu2034\/2025\/09\/PLA-DE-FUNCIONAMENT-ESPAI-DE-MIGDIA.docx.pdf\">Dossier de funcionament del menjador<\/a><\/p>\n<p style=\"font-family: 'Helvetica Neue', Helvetica, Helvetica, Arial, sans-serif; font-size: 14px; text-align: center;\"><a style=\"color: #2795b6; font-size: 16px;\" href=\"https:\/\/agora.xtec.cat\/ceipmontanyans\/wp-content\/uploads\/usu2034\/2021\/03\/Proveidors-20-21.pdf\">Prove\u00efdors dels aliments<\/a><\/p>\n<p style=\"font-family: 'Helvetica Neue', Helvetica, Helvetica, Arial, sans-serif; font-size: 14px; text-align: center;\"><a style=\"color: #2795b6; font-size: 16px;\" href=\"https:\/\/agora.xtec.cat\/ceipmontanyans\/wp-content\/uploads\/usu2034\/2021\/06\/MONTANYANS-INFORMACI\u00d3-ELABORACI\u00d3-MEN\u00daS-ESCOLES-1.pdf\">Informaci\u00f3 sobre l&#8217;elaboraci\u00f3 de men\u00fas al centre<\/a><\/p>\n<p style=\"font-family: 'Helvetica Neue', Helvetica, Helvetica, Arial, sans-serif; font-size: 14px; text-align: center;\"><a href=\"https:\/\/agora.xtec.cat\/ceipmontanyans\/wp-content\/uploads\/usu2034\/2025\/07\/NORMATIVA-I-PREUS-MONTANYANS-25-26-APP.pdf\">Dossier de normativa i preus 25-26<\/a><\/p>\n<p style=\"text-align: center;\"><a href=\"https:\/\/agora.xtec.cat\/ceipmontanyans\/wp-content\/uploads\/usu2034\/2023\/10\/consells_picnics_escolars.pdf\">Consells p\u00edcnics escolars<\/a><\/p>\n<p style=\"text-align: center;\"><a href=\"https:\/\/agora.xtec.cat\/ceipmontanyans\/wp-content\/uploads\/usu2034\/2024\/11\/Pla-acollida-monitoratge-menjador.pdf\">Pla d&#8217;acollida del monitoratge<\/a><\/p>\n<\/td>\n<\/tr>\n<\/tbody>\n<\/table>\n<p>Actes de les reunions realitzades entre Menjador, Escola i AFA<\/p>\n<p><a href=\"https:\/\/agora.xtec.cat\/ceipmontanyans\/wp-content\/uploads\/usu2034\/2021\/12\/Reunio-Afa-menjador-escola.pdf\">Reuni\u00f3 1r trimestre 21-22<\/a><\/p>\n<p><a href=\"https:\/\/agora.xtec.cat\/ceipmontanyans\/wp-content\/uploads\/usu2034\/2022\/05\/Reunio-AFA-menjador-escola.pdf\">Reuni\u00f3 3r trimestre 21-22<\/a><\/p>\n<p><img loading=\"lazy\" decoding=\"async\" class=\"aligncenter size-large wp-image-8531\" src=\"https:\/\/agora.xtec.cat\/ceipmontanyans\/wp-content\/uploads\/usu2034\/2026\/03\/ABRIL-26-MONTANYANS_page-0001-709x1024.jpg\" alt=\"\" width=\"709\" height=\"1024\" srcset=\"https:\/\/agora.xtec.cat\/ceipmontanyans\/wp-content\/uploads\/usu2034\/2026\/03\/ABRIL-26-MONTANYANS_page-0001-709x1024.jpg 709w, https:\/\/agora.xtec.cat\/ceipmontanyans\/wp-content\/uploads\/usu2034\/2026\/03\/ABRIL-26-MONTANYANS_page-0001-208x300.jpg 208w, https:\/\/agora.xtec.cat\/ceipmontanyans\/wp-content\/uploads\/usu2034\/2026\/03\/ABRIL-26-MONTANYANS_page-0001-768x1109.jpg 768w, https:\/\/agora.xtec.cat\/ceipmontanyans\/wp-content\/uploads\/usu2034\/2026\/03\/ABRIL-26-MONTANYANS_page-0001-1063x1536.jpg 1063w, https:\/\/agora.xtec.cat\/ceipmontanyans\/wp-content\/uploads\/usu2034\/2026\/03\/ABRIL-26-MONTANYANS_page-0001.jpg 1125w\" sizes=\"auto, (max-width: 709px) 100vw, 709px\" \/> <img loading=\"lazy\" decoding=\"async\" class=\"aligncenter size-large wp-image-8532\" src=\"https:\/\/agora.xtec.cat\/ceipmontanyans\/wp-content\/uploads\/usu2034\/2026\/03\/ABRIL-26-MONTANYANS_page-0002-709x1024.jpg\" alt=\"\" width=\"709\" height=\"1024\" srcset=\"https:\/\/agora.xtec.cat\/ceipmontanyans\/wp-content\/uploads\/usu2034\/2026\/03\/ABRIL-26-MONTANYANS_page-0002-709x1024.jpg 709w, https:\/\/agora.xtec.cat\/ceipmontanyans\/wp-content\/uploads\/usu2034\/2026\/03\/ABRIL-26-MONTANYANS_page-0002-208x300.jpg 208w, https:\/\/agora.xtec.cat\/ceipmontanyans\/wp-content\/uploads\/usu2034\/2026\/03\/ABRIL-26-MONTANYANS_page-0002-768x1109.jpg 768w, https:\/\/agora.xtec.cat\/ceipmontanyans\/wp-content\/uploads\/usu2034\/2026\/03\/ABRIL-26-MONTANYANS_page-0002-1063x1536.jpg 1063w, https:\/\/agora.xtec.cat\/ceipmontanyans\/wp-content\/uploads\/usu2034\/2026\/03\/ABRIL-26-MONTANYANS_page-0002.jpg 1125w\" sizes=\"auto, (max-width: 709px) 100vw, 709px\" \/><\/p>\n<p><img loading=\"lazy\" decoding=\"async\" class=\"aligncenter size-large wp-image-8522\" src=\"https:\/\/agora.xtec.cat\/ceipmontanyans\/wp-content\/uploads\/usu2034\/2026\/03\/ABRIL-26-DIETES-MONTANYANS_page-0001-709x1024.jpg\" alt=\"\" width=\"709\" height=\"1024\" srcset=\"https:\/\/agora.xtec.cat\/ceipmontanyans\/wp-content\/uploads\/usu2034\/2026\/03\/ABRIL-26-DIETES-MONTANYANS_page-0001-709x1024.jpg 709w, https:\/\/agora.xtec.cat\/ceipmontanyans\/wp-content\/uploads\/usu2034\/2026\/03\/ABRIL-26-DIETES-MONTANYANS_page-0001-208x300.jpg 208w, https:\/\/agora.xtec.cat\/ceipmontanyans\/wp-content\/uploads\/usu2034\/2026\/03\/ABRIL-26-DIETES-MONTANYANS_page-0001-768x1109.jpg 768w, https:\/\/agora.xtec.cat\/ceipmontanyans\/wp-content\/uploads\/usu2034\/2026\/03\/ABRIL-26-DIETES-MONTANYANS_page-0001-1063x1536.jpg 1063w, https:\/\/agora.xtec.cat\/ceipmontanyans\/wp-content\/uploads\/usu2034\/2026\/03\/ABRIL-26-DIETES-MONTANYANS_page-0001.jpg 1125w\" sizes=\"auto, (max-width: 709px) 100vw, 709px\" \/> <img loading=\"lazy\" decoding=\"async\" class=\"aligncenter size-large wp-image-8523\" src=\"https:\/\/agora.xtec.cat\/ceipmontanyans\/wp-content\/uploads\/usu2034\/2026\/03\/ABRIL-26-DIETES-MONTANYANS_page-0002-709x1024.jpg\" alt=\"\" width=\"709\" height=\"1024\" srcset=\"https:\/\/agora.xtec.cat\/ceipmontanyans\/wp-content\/uploads\/usu2034\/2026\/03\/ABRIL-26-DIETES-MONTANYANS_page-0002-709x1024.jpg 709w, https:\/\/agora.xtec.cat\/ceipmontanyans\/wp-content\/uploads\/usu2034\/2026\/03\/ABRIL-26-DIETES-MONTANYANS_page-0002-208x300.jpg 208w, https:\/\/agora.xtec.cat\/ceipmontanyans\/wp-content\/uploads\/usu2034\/2026\/03\/ABRIL-26-DIETES-MONTANYANS_page-0002-768x1109.jpg 768w, https:\/\/agora.xtec.cat\/ceipmontanyans\/wp-content\/uploads\/usu2034\/2026\/03\/ABRIL-26-DIETES-MONTANYANS_page-0002-1063x1536.jpg 1063w, https:\/\/agora.xtec.cat\/ceipmontanyans\/wp-content\/uploads\/usu2034\/2026\/03\/ABRIL-26-DIETES-MONTANYANS_page-0002.jpg 1125w\" sizes=\"auto, (max-width: 709px) 100vw, 709px\" \/> <img loading=\"lazy\" decoding=\"async\" class=\"aligncenter size-large wp-image-8524\" src=\"https:\/\/agora.xtec.cat\/ceipmontanyans\/wp-content\/uploads\/usu2034\/2026\/03\/ABRIL-26-DIETES-MONTANYANS_page-0003-709x1024.jpg\" alt=\"\" width=\"709\" height=\"1024\" srcset=\"https:\/\/agora.xtec.cat\/ceipmontanyans\/wp-content\/uploads\/usu2034\/2026\/03\/ABRIL-26-DIETES-MONTANYANS_page-0003-709x1024.jpg 709w, https:\/\/agora.xtec.cat\/ceipmontanyans\/wp-content\/uploads\/usu2034\/2026\/03\/ABRIL-26-DIETES-MONTANYANS_page-0003-208x300.jpg 208w, https:\/\/agora.xtec.cat\/ceipmontanyans\/wp-content\/uploads\/usu2034\/2026\/03\/ABRIL-26-DIETES-MONTANYANS_page-0003-768x1109.jpg 768w, https:\/\/agora.xtec.cat\/ceipmontanyans\/wp-content\/uploads\/usu2034\/2026\/03\/ABRIL-26-DIETES-MONTANYANS_page-0003-1063x1536.jpg 1063w, https:\/\/agora.xtec.cat\/ceipmontanyans\/wp-content\/uploads\/usu2034\/2026\/03\/ABRIL-26-DIETES-MONTANYANS_page-0003.jpg 1125w\" sizes=\"auto, (max-width: 709px) 100vw, 709px\" \/> <img loading=\"lazy\" decoding=\"async\" class=\"aligncenter size-large wp-image-8525\" src=\"https:\/\/agora.xtec.cat\/ceipmontanyans\/wp-content\/uploads\/usu2034\/2026\/03\/ABRIL-26-DIETES-MONTANYANS_page-0004-709x1024.jpg\" alt=\"\" width=\"709\" height=\"1024\" srcset=\"https:\/\/agora.xtec.cat\/ceipmontanyans\/wp-content\/uploads\/usu2034\/2026\/03\/ABRIL-26-DIETES-MONTANYANS_page-0004-709x1024.jpg 709w, https:\/\/agora.xtec.cat\/ceipmontanyans\/wp-content\/uploads\/usu2034\/2026\/03\/ABRIL-26-DIETES-MONTANYANS_page-0004-208x300.jpg 208w, https:\/\/agora.xtec.cat\/ceipmontanyans\/wp-content\/uploads\/usu2034\/2026\/03\/ABRIL-26-DIETES-MONTANYANS_page-0004-768x1109.jpg 768w, https:\/\/agora.xtec.cat\/ceipmontanyans\/wp-content\/uploads\/usu2034\/2026\/03\/ABRIL-26-DIETES-MONTANYANS_page-0004-1063x1536.jpg 1063w, https:\/\/agora.xtec.cat\/ceipmontanyans\/wp-content\/uploads\/usu2034\/2026\/03\/ABRIL-26-DIETES-MONTANYANS_page-0004.jpg 1125w\" sizes=\"auto, (max-width: 709px) 100vw, 709px\" \/> <img loading=\"lazy\" decoding=\"async\" class=\"aligncenter size-large wp-image-8526\" src=\"https:\/\/agora.xtec.cat\/ceipmontanyans\/wp-content\/uploads\/usu2034\/2026\/03\/ABRIL-26-DIETES-MONTANYANS_page-0005-709x1024.jpg\" alt=\"\" width=\"709\" height=\"1024\" srcset=\"https:\/\/agora.xtec.cat\/ceipmontanyans\/wp-content\/uploads\/usu2034\/2026\/03\/ABRIL-26-DIETES-MONTANYANS_page-0005-709x1024.jpg 709w, https:\/\/agora.xtec.cat\/ceipmontanyans\/wp-content\/uploads\/usu2034\/2026\/03\/ABRIL-26-DIETES-MONTANYANS_page-0005-208x300.jpg 208w, https:\/\/agora.xtec.cat\/ceipmontanyans\/wp-content\/uploads\/usu2034\/2026\/03\/ABRIL-26-DIETES-MONTANYANS_page-0005-768x1109.jpg 768w, https:\/\/agora.xtec.cat\/ceipmontanyans\/wp-content\/uploads\/usu2034\/2026\/03\/ABRIL-26-DIETES-MONTANYANS_page-0005-1063x1536.jpg 1063w, https:\/\/agora.xtec.cat\/ceipmontanyans\/wp-content\/uploads\/usu2034\/2026\/03\/ABRIL-26-DIETES-MONTANYANS_page-0005.jpg 1125w\" sizes=\"auto, (max-width: 709px) 100vw, 709px\" \/> <img loading=\"lazy\" decoding=\"async\" class=\"aligncenter size-large wp-image-8527\" src=\"https:\/\/agora.xtec.cat\/ceipmontanyans\/wp-content\/uploads\/usu2034\/2026\/03\/ABRIL-26-DIETES-MONTANYANS_page-0006-709x1024.jpg\" alt=\"\" width=\"709\" height=\"1024\" srcset=\"https:\/\/agora.xtec.cat\/ceipmontanyans\/wp-content\/uploads\/usu2034\/2026\/03\/ABRIL-26-DIETES-MONTANYANS_page-0006-709x1024.jpg 709w, https:\/\/agora.xtec.cat\/ceipmontanyans\/wp-content\/uploads\/usu2034\/2026\/03\/ABRIL-26-DIETES-MONTANYANS_page-0006-208x300.jpg 208w, https:\/\/agora.xtec.cat\/ceipmontanyans\/wp-content\/uploads\/usu2034\/2026\/03\/ABRIL-26-DIETES-MONTANYANS_page-0006-768x1109.jpg 768w, https:\/\/agora.xtec.cat\/ceipmontanyans\/wp-content\/uploads\/usu2034\/2026\/03\/ABRIL-26-DIETES-MONTANYANS_page-0006-1063x1536.jpg 1063w, https:\/\/agora.xtec.cat\/ceipmontanyans\/wp-content\/uploads\/usu2034\/2026\/03\/ABRIL-26-DIETES-MONTANYANS_page-0006.jpg 1125w\" sizes=\"auto, (max-width: 709px) 100vw, 709px\" \/> <img loading=\"lazy\" decoding=\"async\" class=\"aligncenter size-large wp-image-8528\" src=\"https:\/\/agora.xtec.cat\/ceipmontanyans\/wp-content\/uploads\/usu2034\/2026\/03\/ABRIL-26-DIETES-MONTANYANS_page-0007-709x1024.jpg\" alt=\"\" width=\"709\" height=\"1024\" srcset=\"https:\/\/agora.xtec.cat\/ceipmontanyans\/wp-content\/uploads\/usu2034\/2026\/03\/ABRIL-26-DIETES-MONTANYANS_page-0007-709x1024.jpg 709w, https:\/\/agora.xtec.cat\/ceipmontanyans\/wp-content\/uploads\/usu2034\/2026\/03\/ABRIL-26-DIETES-MONTANYANS_page-0007-208x300.jpg 208w, https:\/\/agora.xtec.cat\/ceipmontanyans\/wp-content\/uploads\/usu2034\/2026\/03\/ABRIL-26-DIETES-MONTANYANS_page-0007-768x1109.jpg 768w, https:\/\/agora.xtec.cat\/ceipmontanyans\/wp-content\/uploads\/usu2034\/2026\/03\/ABRIL-26-DIETES-MONTANYANS_page-0007-1063x1536.jpg 1063w, https:\/\/agora.xtec.cat\/ceipmontanyans\/wp-content\/uploads\/usu2034\/2026\/03\/ABRIL-26-DIETES-MONTANYANS_page-0007.jpg 1125w\" sizes=\"auto, (max-width: 709px) 100vw, 709px\" \/> <img loading=\"lazy\" decoding=\"async\" class=\"aligncenter size-large wp-image-8529\" src=\"https:\/\/agora.xtec.cat\/ceipmontanyans\/wp-content\/uploads\/usu2034\/2026\/03\/ABRIL-26-DIETES-MONTANYANS_page-0008-709x1024.jpg\" alt=\"\" width=\"709\" height=\"1024\" srcset=\"https:\/\/agora.xtec.cat\/ceipmontanyans\/wp-content\/uploads\/usu2034\/2026\/03\/ABRIL-26-DIETES-MONTANYANS_page-0008-709x1024.jpg 709w, https:\/\/agora.xtec.cat\/ceipmontanyans\/wp-content\/uploads\/usu2034\/2026\/03\/ABRIL-26-DIETES-MONTANYANS_page-0008-208x300.jpg 208w, https:\/\/agora.xtec.cat\/ceipmontanyans\/wp-content\/uploads\/usu2034\/2026\/03\/ABRIL-26-DIETES-MONTANYANS_page-0008-768x1109.jpg 768w, https:\/\/agora.xtec.cat\/ceipmontanyans\/wp-content\/uploads\/usu2034\/2026\/03\/ABRIL-26-DIETES-MONTANYANS_page-0008-1063x1536.jpg 1063w, https:\/\/agora.xtec.cat\/ceipmontanyans\/wp-content\/uploads\/usu2034\/2026\/03\/ABRIL-26-DIETES-MONTANYANS_page-0008.jpg 1125w\" sizes=\"auto, (max-width: 709px) 100vw, 709px\" \/> <img loading=\"lazy\" decoding=\"async\" class=\"aligncenter size-large wp-image-8530\" src=\"https:\/\/agora.xtec.cat\/ceipmontanyans\/wp-content\/uploads\/usu2034\/2026\/03\/ABRIL-26-DIETES-MONTANYANS_page-0009-709x1024.jpg\" alt=\"\" width=\"709\" height=\"1024\" srcset=\"https:\/\/agora.xtec.cat\/ceipmontanyans\/wp-content\/uploads\/usu2034\/2026\/03\/ABRIL-26-DIETES-MONTANYANS_page-0009-709x1024.jpg 709w, https:\/\/agora.xtec.cat\/ceipmontanyans\/wp-content\/uploads\/usu2034\/2026\/03\/ABRIL-26-DIETES-MONTANYANS_page-0009-208x300.jpg 208w, https:\/\/agora.xtec.cat\/ceipmontanyans\/wp-content\/uploads\/usu2034\/2026\/03\/ABRIL-26-DIETES-MONTANYANS_page-0009-768x1109.jpg 768w, https:\/\/agora.xtec.cat\/ceipmontanyans\/wp-content\/uploads\/usu2034\/2026\/03\/ABRIL-26-DIETES-MONTANYANS_page-0009-1063x1536.jpg 1063w, https:\/\/agora.xtec.cat\/ceipmontanyans\/wp-content\/uploads\/usu2034\/2026\/03\/ABRIL-26-DIETES-MONTANYANS_page-0009.jpg 1125w\" sizes=\"auto, (max-width: 709px) 100vw, 709px\" \/><\/p>\n","protected":false},"excerpt":{"rendered":"<p>L\u2019empresa encarregada del menjar i del monitoratge \u00e9s <a href=\"https:\/\/www.teno.cat\/ca\/\">TENO<\/a>. El menjar \u00e9s equilibrat i est\u00e0 dissenyat per un equip d\u2019experts nutricionistes i basat en l&#8217;alimentaci\u00f3 saludable a l&#8217;etapa escolar de l&#8217;agencia de salut p\u00fablica de Catalunya (<a href=\"https:\/\/agora.xtec.cat\/ceipmontanyans\/wp-content\/uploads\/usu2034\/2021\/03\/2020-guia_alimentacio_etapa_escolar.pdf\">Guia d&#8217;alimentaci\u00f3<\/a>).<br \/>\nDurant el curs 15-16 s&#8217;ha guanyat&hellip;  <a href=\"https:\/\/agora.xtec.cat\/ceipmontanyans\/serveis\/menjador\/\" title=\"Read Menjador escolar\">Llegeix m\u00e9s\u00bb<\/a><\/p>\n","protected":false},"author":1,"featured_media":0,"parent":66,"menu_order":30,"comment_status":"closed","ping_status":"closed","template":"page-templates\/side-menu.php","meta":{"_bbp_topic_count":0,"_bbp_reply_count":0,"_bbp_total_topic_count":0,"_bbp_total_reply_count":0,"_bbp_voice_count":0,"_bbp_anonymous_reply_count":0,"_bbp_topic_count_hidden":0,"_bbp_reply_count_hidden":0,"_bbp_forum_subforum_count":0,"footnotes":""},"class_list":["post-73","page","type-page","status-publish","hentry"],"post_mailing_queue_ids":[],"_links":{"self":[{"href":"https:\/\/agora.xtec.cat\/ceipmontanyans\/wp-json\/wp\/v2\/pages\/73","targetHints":{"allow":["GET"]}}],"collection":[{"href":"https:\/\/agora.xtec.cat\/ceipmontanyans\/wp-json\/wp\/v2\/pages"}],"about":[{"href":"https:\/\/agora.xtec.cat\/ceipmontanyans\/wp-json\/wp\/v2\/types\/page"}],"author":[{"embeddable":true,"href":"https:\/\/agora.xtec.cat\/ceipmontanyans\/wp-json\/wp\/v2\/users\/1"}],"replies":[{"embeddable":true,"href":"https:\/\/agora.xtec.cat\/ceipmontanyans\/wp-json\/wp\/v2\/comments?post=73"}],"version-history":[{"count":7,"href":"https:\/\/agora.xtec.cat\/ceipmontanyans\/wp-json\/wp\/v2\/pages\/73\/revisions"}],"predecessor-version":[{"id":8533,"href":"https:\/\/agora.xtec.cat\/ceipmontanyans\/wp-json\/wp\/v2\/pages\/73\/revisions\/8533"}],"up":[{"embeddable":true,"href":"https:\/\/agora.xtec.cat\/ceipmontanyans\/wp-json\/wp\/v2\/pages\/66"}],"wp:attachment":[{"href":"https:\/\/agora.xtec.cat\/ceipmontanyans\/wp-json\/wp\/v2\/media?parent=73"}],"curies":[{"name":"wp","href":"https:\/\/api.w.org\/{rel}","templated":true}]}}