{"id":6811,"date":"2021-10-22T15:46:43","date_gmt":"2021-10-22T13:46:43","guid":{"rendered":"https:\/\/agora.xtec.cat\/ceipmontanyans\/?page_id=6811"},"modified":"2023-02-17T11:00:41","modified_gmt":"2023-02-17T10:00:41","slug":"normativa-del-consell-de-families","status":"publish","type":"page","link":"https:\/\/agora.xtec.cat\/ceipmontanyans\/normativa-del-consell-de-families\/","title":{"rendered":"Normativa del consell de fam\u00edlies"},"content":{"rendered":"<table style=\"border-collapse: collapse; width: 100%;\">\n<tbody>\n<tr>\n<td style=\"width: 100%; text-align: justify;\">El consell de fam\u00edlies ha aprovat el 21 d&#8217;octubre de 2021 el document en que es fonamenta el funcionament d&#8217;aquest consell i que passar\u00e0 a formar part de la normativa de l&#8217;escola un cop aprovat pel consell escolar.<\/td>\n<\/tr>\n<\/tbody>\n<\/table>\n<p style=\"text-align: justify;\"><strong><u>Altres \u00f2rgans i procediments de participaci\u00f3<\/u><\/strong><\/p>\n<p style=\"text-align: justify;\"><strong><u>El consell de fam\u00edlies<\/u><\/strong><\/p>\n<p style=\"text-align: justify;\"><strong>Estructura, funcions, actuacions de les delegades i dels delegats de classe i finalitzaci\u00f3.<\/strong><\/p>\n<p style=\"text-align: justify;\">La figura de la delegada o delegat de classe s\u2019ha creat amb la finalitat de servir de mitj\u00e0 de comunicaci\u00f3 entre les fam\u00edlies i l\u2019escola, aix\u00ed com la de canalitzar qualsevol iniciativa per fer-la arribar ambdues direccions.<\/p>\n<p style=\"text-align: justify;\">El delegat o delegada de classe \u00e9s aquell pare, mare o tutor\/a legal d\u2019un infant del centre que s\u2019ofereix de forma volunt\u00e0ria per exercir aquest paper.<\/p>\n<p style=\"text-align: justify;\">Aquestes persones seran un referent clar per al grup de pares i\/o mares que representen, aix\u00ed com un canal de comunicaci\u00f3 actiu i \u00e0gil.<\/p>\n<p style=\"text-align: justify;\">La finalitat de la figura del delegat o de la delegada \u00e9s guanyar proximitat i confian\u00e7a entre les fam\u00edlies de l\u2019escola i poder treballar junts en el desenvolupament dels diferents projectes d\u2019escola i en la millora del funcionament i organitzaci\u00f3 general.<\/p>\n<p style=\"text-align: justify;\"><u>El delegat o la delegada \u00e9s:<\/u><\/p>\n<p style=\"text-align: justify;\"><em>\u00a0\u00a0\u00a0\u00a0\u00a0\u00a0\u00a0\u00a0\u00a0\u00a0\u00a0\u00a0\u00a0\u00a0\u00a0 &#8211; Alg\u00fa que facilita la comunicaci\u00f3 entre les fam\u00edlies i l\u2019escola.<\/em><\/p>\n<p style=\"text-align: justify;\"><em>\u00a0\u00a0\u00a0\u00a0\u00a0\u00a0\u00a0\u00a0\u00a0\u00a0\u00a0\u00a0\u00a0\u00a0\u00a0 &#8211; Alg\u00fa que afavoreix la participaci\u00f3 de les fam\u00edlies en la vida escolar.<\/em><\/p>\n<p style=\"text-align: justify;\"><em>\u00a0\u00a0\u00a0\u00a0\u00a0\u00a0\u00a0\u00a0\u00a0\u00a0\u00a0\u00a0\u00a0\u00a0\u00a0 &#8211; Alg\u00fa que ajuda a implicar a les fam\u00edlies en projectes de l\u2019escola i AFA<\/em><\/p>\n<p style=\"text-align: justify;\"><u>Al delegat o la delegada no li correspon:<\/u><\/p>\n<p style=\"text-align: justify;\"><em>\u00a0\u00a0\u00a0\u00a0\u00a0\u00a0\u00a0\u00a0\u00a0\u00a0\u00a0\u00a0\u00a0\u00a0\u00a0\u00a0\u00a0\u00a0 &#8211; Intervenir en temes personals d\u2019un\/a alumne\/a i\/o el seu pare i la seva mare amb el tutor.<\/em><\/p>\n<p style=\"text-align: justify;\"><em>\u00a0\u00a0\u00a0\u00a0\u00a0\u00a0\u00a0\u00a0\u00a0\u00a0\u00a0\u00a0\u00a0\u00a0\u00a0\u00a0\u00a0\u00a0 -Intervenir en q\u00fcestions pedag\u00f2giques, les quals corresponen als professionals de l\u2019educaci\u00f3: mestres, monitors, auxiliars&#8230;<\/em><\/p>\n<p style=\"text-align: justify;\"><strong>Elecci\u00f3 del delegat o de la delegada de classe:<\/strong><\/p>\n<p style=\"text-align: justify;\"><strong>\u00a0<\/strong>Qualsevol pare o mare d\u2019un determinat grup pot presentar-se com a voluntari per ser delegat\/da d\u2019aula.<\/p>\n<p style=\"text-align: justify;\">Haurien de ser escollits per consens, a l\u2019inici de cada curs escolar, entre les fam\u00edlies del grup classe que s\u2019hagin presentat com a voluntaris.<\/p>\n<p style=\"text-align: justify;\">Cada grup classe tindr\u00e0 un delegat o delegada.<\/p>\n<p style=\"text-align: justify;\">El delegat o la delegada d\u2019aula ha de ser una persona motivada, amb ganes de participar, comunicativa i proactiva, amb vocaci\u00f3 de conciliaci\u00f3 i accessible i amb capacitat de consens.<\/p>\n<p style=\"text-align: justify;\"><strong>Les funcions del delegat o de la delegada de classe:<\/strong><\/p>\n<p style=\"text-align: justify;\">&#8211; Fer de portaveu. Representar\u00a0 als pares i mares del seu grup classe davant de l\u2019equip del centre, fent-los arribar iniciatives, els suggeriments, les opcions, les demandes, etc. En tots aquells temes que no siguin estrictament individuals sin\u00f3 que sorgeixin d\u2019una majoria significativa del grup.<\/p>\n<p style=\"text-align: justify;\">&#8211; Fer d\u2019enlla\u00e7. Actuar com a informador, transmetre a la resta de fam\u00edlies informacions, propostes, temes a debatre, etc. que hagin sorgit en les reunions de delegats i delegades de fam\u00edlies per part de l\u2019equip del centre, de l\u2019AFA o del menjador.<\/p>\n<p style=\"text-align: justify;\">&#8211; Formar part del consell de delegats i delegades de fam\u00edlies del centre. Assistir a les reunions del consell com a representant del seu grup. Aquestes reunions es convocaran com a m\u00ednim, un cop per trimestre.<\/p>\n<p style=\"text-align: justify;\">&#8211; Fomentar la participaci\u00f3 de les fam\u00edlies en el desenvolupament de diferents activitats i\/o projectes de l\u2019escola, tant a nivell personal com gestionant la col\u00b7laboraci\u00f3 d\u2019altres fam\u00edlies del grup.<\/p>\n<p style=\"text-align: justify;\">&#8211; Entre d\u2019altres que puguin sorgir.<\/p>\n<p style=\"text-align: justify;\"><strong>Possibles actuacions dels delegats i de les delegades d\u2019aula:<\/strong><\/p>\n<p style=\"text-align: justify;\">&#8211; Assistir a les reunions del consell de delegats a que siguin convocats, presencial o per videoconfer\u00e8ncia. En el cas de no poder assistir a la reuni\u00f3 es pot delegar a un pare o mare o tutor\/a legal de la classe que representa.<\/p>\n<p style=\"text-align: justify;\">&#8211; Aconseguir una llista de contactes per fer efectiva la comunicaci\u00f3 del grup classe. Aquesta llista la pot facilitar el centre amb el consentiment de les fam\u00edlies.<\/p>\n<p style=\"text-align: justify;\">&#8211; Mantenir contacte amb l\u2019equip del centre per canalitzar la informaci\u00f3 i\/o discussi\u00f3 de diferents temes.<\/p>\n<p style=\"text-align: justify;\">&#8211; Recollir les inquietuds, necessitats i sensibilitats de les fam\u00edlies i canalitzar-les adequadament.<\/p>\n<p style=\"text-align: justify;\">&#8211; Fer una relaci\u00f3 de la disponibilitat de fam\u00edlies de l\u2019aula per a possibles col\u00b7laboracions a l\u2019escola, quan sigui necessari.<\/p>\n<p style=\"text-align: justify;\">&#8211; Mantenir al grup d\u2019aula informat dels projectes i de les activitats de l\u2019escola a partir de les reunions que realitzarem durant el curs.<\/p>\n<p style=\"text-align: justify;\"><strong>La finalitzaci\u00f3 dels delegats i delegades de classe:<\/strong><\/p>\n<p style=\"text-align: justify;\">&#8211; Com a norma general, el delegat o delegada de classe deixa d\u2019exercir el seu c\u00e0rrec a final de curs, per tant, el seu nomenament correspon a un curs escolar. El proper curs pot seguir exercint el c\u00e0rrec si vol i les fam\u00edlies del grup classe tamb\u00e9 ho volen.<\/p>\n<p style=\"text-align: justify;\">&#8211; En el cas de que un delegat o una delegada hagi de deixar el consell de fam\u00edlies, per qualsevol ra\u00f3, \u00e9s buscar\u00e0 un altre o una altra representant del curs. En cap cas hauria de quedar la pla\u00e7a vacant.<\/p>\n","protected":false},"excerpt":{"rendered":"<p>El consell de fam\u00edlies ha aprovat el 21 d&#8217;octubre de 2021 el document en que es fonamenta el funcionament d&#8217;aquest consell i que passar\u00e0 a formar part de la normativa de l&#8217;escola un cop aprovat pel consell escolar.<\/p>\n<p>Altres \u00f2rgans i procediments de participaci\u00f3<br \/>\nEl consell de&hellip;  <a href=\"https:\/\/agora.xtec.cat\/ceipmontanyans\/normativa-del-consell-de-families\/\" title=\"Read Normativa del consell de fam\u00edlies\">Llegeix m\u00e9s\u00bb<\/a><\/p>\n","protected":false},"author":1,"featured_media":0,"parent":0,"menu_order":0,"comment_status":"closed","ping_status":"closed","template":"page-templates\/side-menu.php","meta":{"_bbp_topic_count":0,"_bbp_reply_count":0,"_bbp_total_topic_count":0,"_bbp_total_reply_count":0,"_bbp_voice_count":0,"_bbp_anonymous_reply_count":0,"_bbp_topic_count_hidden":0,"_bbp_reply_count_hidden":0,"_bbp_forum_subforum_count":0,"footnotes":""},"class_list":["post-6811","page","type-page","status-publish","hentry"],"post_mailing_queue_ids":[],"_links":{"self":[{"href":"https:\/\/agora.xtec.cat\/ceipmontanyans\/wp-json\/wp\/v2\/pages\/6811","targetHints":{"allow":["GET"]}}],"collection":[{"href":"https:\/\/agora.xtec.cat\/ceipmontanyans\/wp-json\/wp\/v2\/pages"}],"about":[{"href":"https:\/\/agora.xtec.cat\/ceipmontanyans\/wp-json\/wp\/v2\/types\/page"}],"author":[{"embeddable":true,"href":"https:\/\/agora.xtec.cat\/ceipmontanyans\/wp-json\/wp\/v2\/users\/1"}],"replies":[{"embeddable":true,"href":"https:\/\/agora.xtec.cat\/ceipmontanyans\/wp-json\/wp\/v2\/comments?post=6811"}],"version-history":[{"count":2,"href":"https:\/\/agora.xtec.cat\/ceipmontanyans\/wp-json\/wp\/v2\/pages\/6811\/revisions"}],"predecessor-version":[{"id":6820,"href":"https:\/\/agora.xtec.cat\/ceipmontanyans\/wp-json\/wp\/v2\/pages\/6811\/revisions\/6820"}],"wp:attachment":[{"href":"https:\/\/agora.xtec.cat\/ceipmontanyans\/wp-json\/wp\/v2\/media?parent=6811"}],"curies":[{"name":"wp","href":"https:\/\/api.w.org\/{rel}","templated":true}]}}