{"id":6795,"date":"2021-10-22T15:06:50","date_gmt":"2021-10-22T13:06:50","guid":{"rendered":"https:\/\/agora.xtec.cat\/ceipmontanyans\/?page_id=6795"},"modified":"2023-02-17T11:00:13","modified_gmt":"2023-02-17T10:00:13","slug":"consell-de-families","status":"publish","type":"page","link":"https:\/\/agora.xtec.cat\/ceipmontanyans\/consell-de-families\/","title":{"rendered":"Consell de fam\u00edlies"},"content":{"rendered":"<p>El curs 21\/22 hem iniciat el consell de fam\u00edlies delegades de classe. El o la representant participen de forma totalment volunt\u00e0ria, exercint el vincle de comunicaci\u00f3 constant permanent i directe amb les fam\u00edlies d\u2019una classe, l\u2019equip directiu, l\u2019AFA de l\u2019escola i la coordinadora del Menjador (quan sigui necessari).<\/p>\n<p>L\u2019elecci\u00f3 del pare i\/o de la mare representant de la classe es far\u00e0 a l\u2019inici de cada curs i realitzarem entre una i dues reunions per trimestre que, inicialment, seran a trav\u00e9s de videoconfer\u00e8ncia i\/o presencials.<\/p>\n<p>Creant aquest consell de fam\u00edlies, pretenem donar una soluci\u00f3 r\u00e0pida i efica\u00e7 a qualsevol inquietud, queixa, suggeriment o dubte, que concerneixen a un grup-classe. En concret \u00e9s el delegat o la delegada qui ho recull i ho transmet a l\u2019\u00f2rgan corresponent (Equip directiu o AFA). Tamb\u00e9 hauria de funcionar de manera inversa: quan l\u2019AFA o l\u2019equip directiu volen fer arribar informacions, aclariments o recordatoris, a les fam\u00edlies, s\u00f3n els delegats i les delegades qui col\u00b7laboren i ho transmeten a les corresponents fam\u00edlies del grup classe.<\/p>\n<p>De cada reuni\u00f3 es realitzar\u00e0 una acta que quedar\u00e0 penjada al web de l\u2019escola.<\/p>\n<p>Pretenem generar la convocat\u00f2ria entre tots els\/les representants, ja que no volem que la reuni\u00f3 sigui unidireccional. Volem donar veu a les fam\u00edlies de l\u2019escola per con\u00e8ixer de primera m\u00e0 el que pensen.<\/p>\n","protected":false},"excerpt":{"rendered":"<p>El curs 21\/22 hem iniciat el consell de fam\u00edlies delegades de classe. El o la representant participen de forma totalment volunt\u00e0ria, exercint el vincle de comunicaci\u00f3 constant permanent i directe amb les fam\u00edlies d\u2019una classe, l\u2019equip directiu, l\u2019AFA de l\u2019escola i la coordinadora del Menjador&hellip;  <a href=\"https:\/\/agora.xtec.cat\/ceipmontanyans\/consell-de-families\/\" title=\"Read Consell de fam\u00edlies\">Llegeix m\u00e9s\u00bb<\/a><\/p>\n","protected":false},"author":1,"featured_media":0,"parent":0,"menu_order":0,"comment_status":"closed","ping_status":"closed","template":"page-templates\/side-menu.php","meta":{"_bbp_topic_count":0,"_bbp_reply_count":0,"_bbp_total_topic_count":0,"_bbp_total_reply_count":0,"_bbp_voice_count":0,"_bbp_anonymous_reply_count":0,"_bbp_topic_count_hidden":0,"_bbp_reply_count_hidden":0,"_bbp_forum_subforum_count":0,"footnotes":""},"class_list":["post-6795","page","type-page","status-publish","hentry"],"post_mailing_queue_ids":[],"_links":{"self":[{"href":"https:\/\/agora.xtec.cat\/ceipmontanyans\/wp-json\/wp\/v2\/pages\/6795","targetHints":{"allow":["GET"]}}],"collection":[{"href":"https:\/\/agora.xtec.cat\/ceipmontanyans\/wp-json\/wp\/v2\/pages"}],"about":[{"href":"https:\/\/agora.xtec.cat\/ceipmontanyans\/wp-json\/wp\/v2\/types\/page"}],"author":[{"embeddable":true,"href":"https:\/\/agora.xtec.cat\/ceipmontanyans\/wp-json\/wp\/v2\/users\/1"}],"replies":[{"embeddable":true,"href":"https:\/\/agora.xtec.cat\/ceipmontanyans\/wp-json\/wp\/v2\/comments?post=6795"}],"version-history":[{"count":2,"href":"https:\/\/agora.xtec.cat\/ceipmontanyans\/wp-json\/wp\/v2\/pages\/6795\/revisions"}],"predecessor-version":[{"id":6810,"href":"https:\/\/agora.xtec.cat\/ceipmontanyans\/wp-json\/wp\/v2\/pages\/6795\/revisions\/6810"}],"wp:attachment":[{"href":"https:\/\/agora.xtec.cat\/ceipmontanyans\/wp-json\/wp\/v2\/media?parent=6795"}],"curies":[{"name":"wp","href":"https:\/\/api.w.org\/{rel}","templated":true}]}}