{"id":6728,"date":"2021-10-20T15:26:49","date_gmt":"2021-10-20T13:26:49","guid":{"rendered":"https:\/\/agora.xtec.cat\/ceipmontanyans\/?page_id=6728"},"modified":"2025-12-18T15:20:29","modified_gmt":"2025-12-18T14:20:29","slug":"que-practicar-a-casa","status":"publish","type":"page","link":"https:\/\/agora.xtec.cat\/ceipmontanyans\/projecte-educatiu\/que-practicar-a-casa\/","title":{"rendered":"Qu\u00e8 practicar a casa?"},"content":{"rendered":"<p>Durant el curs, els docents i les docents del centre, desenvolupen la programaci\u00f3 anual a les aules. Sovint les fam\u00edlies de l&#8217;escola us pregunteu com podeu ajudar als vostres fills i filles des de casa. Aqu\u00ed us deixem continguts b\u00e0sics per trimestres que podeu refor\u00e7ar, un cop s&#8217;han treballat a l&#8217;escola.<\/p>\n<table style=\"border-collapse: collapse; width: 100%; height: 217px;\">\n<tbody>\n<tr style=\"height: 31px;\">\n<td style=\"width: 25%; text-align: center; height: 31px;\"><span style=\"color: #000000;\"><strong>CURS<\/strong><\/span><\/td>\n<td style=\"width: 25%; text-align: center; height: 31px;\"><span style=\"color: #000000;\"><strong>1r trimestre<\/strong><\/span><\/td>\n<td style=\"width: 25%; text-align: center; height: 31px;\"><span style=\"color: #000000;\"><strong>2n trimestre<\/strong><\/span><\/td>\n<td style=\"width: 25%; text-align: center; height: 31px;\"><span style=\"color: #000000;\"><strong>3r trimestre<\/strong><\/span><\/td>\n<\/tr>\n<tr style=\"height: 31px;\">\n<td style=\"width: 25%; height: 31px; text-align: center;\">1r<\/td>\n<td style=\"width: 25%; height: 31px;\"><a href=\"https:\/\/agora.xtec.cat\/ceipmontanyans\/wp-content\/uploads\/usu2034\/2025\/09\/1.png\">Continguts per fam\u00edlies de 1r<\/a><\/td>\n<td style=\"width: 25%; height: 31px;\"><a href=\"https:\/\/agora.xtec.cat\/ceipmontanyans\/wp-content\/uploads\/usu2034\/2025\/09\/1-1.png\">Continguts per fam\u00edlies de 1r<\/a><\/td>\n<td style=\"width: 25%; height: 31px;\"><a href=\"https:\/\/agora.xtec.cat\/ceipmontanyans\/wp-content\/uploads\/usu2034\/2025\/09\/1-2.png\">Continguts per fam\u00edlies de 1r<\/a><\/td>\n<\/tr>\n<tr style=\"height: 31px;\">\n<td style=\"width: 25%; height: 31px; text-align: center;\">2n<\/td>\n<td style=\"width: 25%; height: 31px;\"><a href=\"https:\/\/agora.xtec.cat\/ceipmontanyans\/wp-content\/uploads\/usu2034\/2025\/12\/Primaria-1r-trim.pdf\">Continguts per fam\u00edlies de 2n<\/a><\/td>\n<td style=\"width: 25%; height: 31px;\"><a href=\"https:\/\/agora.xtec.cat\/ceipmontanyans\/wp-content\/uploads\/usu2034\/2025\/12\/Primaria-2n-trim.pdf\">Continguts per fam\u00edlies de 2n<\/a><\/td>\n<td style=\"width: 25%; height: 31px;\"><a href=\"https:\/\/agora.xtec.cat\/ceipmontanyans\/wp-content\/uploads\/usu2034\/2025\/12\/Primaria-3r-trim.pdf\">Continguts per fam\u00edlies de 2n<\/a><\/td>\n<\/tr>\n<tr style=\"height: 31px;\">\n<td style=\"width: 25%; height: 31px; text-align: center;\">3r<\/td>\n<td style=\"width: 25%; height: 31px;\"><a href=\"https:\/\/agora.xtec.cat\/ceipmontanyans\/wp-content\/uploads\/usu2034\/2025\/09\/3.png\">Continguts per fam\u00edlies de 3r<\/a><\/td>\n<td style=\"width: 25%; height: 31px;\"><a href=\"https:\/\/agora.xtec.cat\/ceipmontanyans\/wp-content\/uploads\/usu2034\/2025\/09\/3-1.png\">Continguts per fam\u00edlies de 3r<\/a><\/td>\n<td style=\"width: 25%; height: 31px;\"><a href=\"https:\/\/agora.xtec.cat\/ceipmontanyans\/wp-content\/uploads\/usu2034\/2025\/09\/3-2.png\">Continguts per fam\u00edlies de 3r<\/a><\/td>\n<\/tr>\n<tr style=\"height: 31px;\">\n<td style=\"width: 25%; height: 31px; text-align: center;\">4t<\/td>\n<td style=\"width: 25%; height: 31px;\"><a href=\"https:\/\/agora.xtec.cat\/ceipmontanyans\/wp-content\/uploads\/usu2034\/2025\/09\/4.png\">Continguts per fam\u00edlies de 4t<\/a><\/td>\n<td style=\"width: 25%; height: 31px;\"><a href=\"https:\/\/agora.xtec.cat\/ceipmontanyans\/wp-content\/uploads\/usu2034\/2025\/09\/4-1.png\">Continguts per fam\u00edlies de 4t<\/a><\/td>\n<td style=\"width: 25%; height: 31px;\"><a href=\"https:\/\/agora.xtec.cat\/ceipmontanyans\/wp-content\/uploads\/usu2034\/2025\/09\/4-2.png\">Continguts per fam\u00edlies de 4t<\/a><\/td>\n<\/tr>\n<tr style=\"height: 31px;\">\n<td style=\"width: 25%; height: 31px; text-align: center;\">5\u00e8<\/td>\n<td style=\"width: 25%; height: 31px;\"><a href=\"https:\/\/agora.xtec.cat\/ceipmontanyans\/wp-content\/uploads\/usu2034\/2025\/09\/5.png\">Continguts per fam\u00edlies de 5\u00e8<\/a><\/td>\n<td style=\"width: 25%; height: 31px;\"><a href=\"https:\/\/agora.xtec.cat\/ceipmontanyans\/wp-content\/uploads\/usu2034\/2025\/09\/5-1.png\">Continguts per fam\u00edlies de 5\u00e8<\/a><\/td>\n<td style=\"width: 25%; height: 31px;\"><a href=\"https:\/\/agora.xtec.cat\/ceipmontanyans\/wp-content\/uploads\/usu2034\/2025\/09\/5-2.png\">Continguts per fam\u00edlies de 5\u00e8<\/a><\/td>\n<\/tr>\n<tr style=\"height: 31px;\">\n<td style=\"width: 25%; height: 31px; text-align: center;\">6\u00e8<\/td>\n<td style=\"width: 25%; height: 31px;\"><a href=\"https:\/\/agora.xtec.cat\/ceipmontanyans\/wp-content\/uploads\/usu2034\/2025\/09\/6.png\">Continguts per fam\u00edlies de 6\u00e8<\/a><\/td>\n<td style=\"width: 25%; height: 31px;\"><a href=\"https:\/\/agora.xtec.cat\/ceipmontanyans\/wp-content\/uploads\/usu2034\/2025\/09\/6-1.png\">Continguts per fam\u00edlies de 6\u00e8<\/a><\/td>\n<td style=\"width: 25%; height: 31px;\"><a href=\"https:\/\/agora.xtec.cat\/ceipmontanyans\/wp-content\/uploads\/usu2034\/2025\/09\/6-2.png\">Continguts per fam\u00edlies de 6\u00e8<\/a><\/td>\n<\/tr>\n<\/tbody>\n<\/table>\n<p>&nbsp;<\/p>\n","protected":false},"excerpt":{"rendered":"<p>Durant el curs, els docents i les docents del centre, desenvolupen la programaci\u00f3 anual a les aules. Sovint les fam\u00edlies de l&#8217;escola us pregunteu com podeu ajudar als vostres fills i filles des de casa. Aqu\u00ed us deixem continguts b\u00e0sics per trimestres que podeu refor\u00e7ar,&hellip;  <a href=\"https:\/\/agora.xtec.cat\/ceipmontanyans\/projecte-educatiu\/que-practicar-a-casa\/\" title=\"Read Qu\u00e8 practicar a casa?\">Llegeix m\u00e9s\u00bb<\/a><\/p>\n","protected":false},"author":1,"featured_media":0,"parent":64,"menu_order":0,"comment_status":"closed","ping_status":"closed","template":"page-templates\/side-menu.php","meta":{"_bbp_topic_count":0,"_bbp_reply_count":0,"_bbp_total_topic_count":0,"_bbp_total_reply_count":0,"_bbp_voice_count":0,"_bbp_anonymous_reply_count":0,"_bbp_topic_count_hidden":0,"_bbp_reply_count_hidden":0,"_bbp_forum_subforum_count":0,"footnotes":""},"class_list":["post-6728","page","type-page","status-publish","hentry"],"post_mailing_queue_ids":[],"_links":{"self":[{"href":"https:\/\/agora.xtec.cat\/ceipmontanyans\/wp-json\/wp\/v2\/pages\/6728","targetHints":{"allow":["GET"]}}],"collection":[{"href":"https:\/\/agora.xtec.cat\/ceipmontanyans\/wp-json\/wp\/v2\/pages"}],"about":[{"href":"https:\/\/agora.xtec.cat\/ceipmontanyans\/wp-json\/wp\/v2\/types\/page"}],"author":[{"embeddable":true,"href":"https:\/\/agora.xtec.cat\/ceipmontanyans\/wp-json\/wp\/v2\/users\/1"}],"replies":[{"embeddable":true,"href":"https:\/\/agora.xtec.cat\/ceipmontanyans\/wp-json\/wp\/v2\/comments?post=6728"}],"version-history":[{"count":6,"href":"https:\/\/agora.xtec.cat\/ceipmontanyans\/wp-json\/wp\/v2\/pages\/6728\/revisions"}],"predecessor-version":[{"id":8430,"href":"https:\/\/agora.xtec.cat\/ceipmontanyans\/wp-json\/wp\/v2\/pages\/6728\/revisions\/8430"}],"up":[{"embeddable":true,"href":"https:\/\/agora.xtec.cat\/ceipmontanyans\/wp-json\/wp\/v2\/pages\/64"}],"wp:attachment":[{"href":"https:\/\/agora.xtec.cat\/ceipmontanyans\/wp-json\/wp\/v2\/media?parent=6728"}],"curies":[{"name":"wp","href":"https:\/\/api.w.org\/{rel}","templated":true}]}}