{"id":6524,"date":"2021-06-15T10:40:05","date_gmt":"2021-06-15T08:40:05","guid":{"rendered":"https:\/\/agora.xtec.cat\/ceipmontanyans\/?page_id=6524"},"modified":"2023-11-09T10:14:55","modified_gmt":"2023-11-09T09:14:55","slug":"continguts-curriculars-dinfantil","status":"publish","type":"page","link":"https:\/\/agora.xtec.cat\/ceipmontanyans\/projecte-educatiu\/continguts-curriculars-dinfantil\/","title":{"rendered":"Continguts curriculars d&#8217;infantil"},"content":{"rendered":"<p>A l&#8217;escola Montanyans ens dediquem a proporcionar una educaci\u00f3 de qualitat durant el cicle d&#8217;Educaci\u00f3 Infantil. Seguim el Curr\u00edculum d&#8217;Educaci\u00f3 Infantil per garantir que els nostre alumnat adquireixi les habilitats i coneixements essencials. Aquests continguts ens ajuden a enfocar-nos en \u00e0rees com el desenvolupament cognitiu, emocional i motor dels nostres petits. Amb l&#8217;ajuda dels docents implicats i els m\u00e8todes d&#8217;ensenyament innovadors, els preparem per afrontar el futur amb confian\u00e7a i \u00e8xit.<\/p>\n<p><a href=\"https:\/\/agora.xtec.cat\/ceipmontanyans\/wp-content\/uploads\/usu2034\/2023\/11\/CONTINGUTS-MINIMS-EDUCACIO-INFANTIL.pdf\">CONTINGUTS D&#8217;EDUCACI\u00d3 INFANTIL<\/a><\/p>\n","protected":false},"excerpt":{"rendered":"<p>A l&#8217;escola Montanyans ens dediquem a proporcionar una educaci\u00f3 de qualitat durant el cicle d&#8217;Educaci\u00f3 Infantil. Seguim el Curr\u00edculum d&#8217;Educaci\u00f3 Infantil per garantir que els nostre alumnat adquireixi les habilitats i coneixements essencials. Aquests continguts ens ajuden a enfocar-nos en \u00e0rees com el desenvolupament cognitiu,&hellip;  <a href=\"https:\/\/agora.xtec.cat\/ceipmontanyans\/projecte-educatiu\/continguts-curriculars-dinfantil\/\" title=\"Read Continguts curriculars d&#8217;infantil\">Llegeix m\u00e9s\u00bb<\/a><\/p>\n","protected":false},"author":1,"featured_media":0,"parent":64,"menu_order":0,"comment_status":"closed","ping_status":"closed","template":"","meta":{"_bbp_topic_count":0,"_bbp_reply_count":0,"_bbp_total_topic_count":0,"_bbp_total_reply_count":0,"_bbp_voice_count":0,"_bbp_anonymous_reply_count":0,"_bbp_topic_count_hidden":0,"_bbp_reply_count_hidden":0,"_bbp_forum_subforum_count":0,"footnotes":""},"class_list":["post-6524","page","type-page","status-publish","hentry"],"post_mailing_queue_ids":[],"_links":{"self":[{"href":"https:\/\/agora.xtec.cat\/ceipmontanyans\/wp-json\/wp\/v2\/pages\/6524","targetHints":{"allow":["GET"]}}],"collection":[{"href":"https:\/\/agora.xtec.cat\/ceipmontanyans\/wp-json\/wp\/v2\/pages"}],"about":[{"href":"https:\/\/agora.xtec.cat\/ceipmontanyans\/wp-json\/wp\/v2\/types\/page"}],"author":[{"embeddable":true,"href":"https:\/\/agora.xtec.cat\/ceipmontanyans\/wp-json\/wp\/v2\/users\/1"}],"replies":[{"embeddable":true,"href":"https:\/\/agora.xtec.cat\/ceipmontanyans\/wp-json\/wp\/v2\/comments?post=6524"}],"version-history":[{"count":4,"href":"https:\/\/agora.xtec.cat\/ceipmontanyans\/wp-json\/wp\/v2\/pages\/6524\/revisions"}],"predecessor-version":[{"id":7610,"href":"https:\/\/agora.xtec.cat\/ceipmontanyans\/wp-json\/wp\/v2\/pages\/6524\/revisions\/7610"}],"up":[{"embeddable":true,"href":"https:\/\/agora.xtec.cat\/ceipmontanyans\/wp-json\/wp\/v2\/pages\/64"}],"wp:attachment":[{"href":"https:\/\/agora.xtec.cat\/ceipmontanyans\/wp-json\/wp\/v2\/media?parent=6524"}],"curies":[{"name":"wp","href":"https:\/\/api.w.org\/{rel}","templated":true}]}}