{"id":554,"date":"2020-02-03T16:24:22","date_gmt":"2020-02-03T15:24:22","guid":{"rendered":"https:\/\/agora.xtec.cat\/ceipmisericordia-reus\/?page_id=554"},"modified":"2022-07-05T09:12:55","modified_gmt":"2022-07-05T07:12:55","slug":"projecte-linguistic-de-centre","status":"publish","type":"page","link":"https:\/\/agora.xtec.cat\/ceipmisericordia-reus\/projecte-educatiu\/projecte-linguistic-de-centre\/","title":{"rendered":"Projecte ling\u00fc\u00edstic de Centre"},"content":{"rendered":"<p><a href=\"https:\/\/agora.xtec.cat\/ceipmisericordia-reus\/wp-content\/uploads\/usu2066\/2022\/07\/Projecte-Linguistic_Escola-Misericordiapdf.pdf\">Projecte Ling\u00fc\u00edstic_Escola Miseric\u00f2rdiapdf<\/a><\/p>\n","protected":false},"excerpt":{"rendered":"<p><a href=\"https:\/\/agora.xtec.cat\/ceipmisericordia-reus\/wp-content\/uploads\/usu2066\/2022\/07\/Projecte-Linguistic_Escola-Misericordiapdf.pdf\">Projecte Ling\u00fc\u00edstic_Escola Miseric\u00f2rdiapdf<\/a><\/p>\n","protected":false},"author":1,"featured_media":0,"parent":64,"menu_order":3,"comment_status":"closed","ping_status":"closed","template":"","meta":{"_bbp_topic_count":0,"_bbp_reply_count":0,"_bbp_total_topic_count":0,"_bbp_total_reply_count":0,"_bbp_voice_count":0,"_bbp_anonymous_reply_count":0,"_bbp_topic_count_hidden":0,"_bbp_reply_count_hidden":0,"_bbp_forum_subforum_count":0,"footnotes":""},"class_list":["post-554","page","type-page","status-publish","hentry"],"post_mailing_queue_ids":[],"_links":{"self":[{"href":"https:\/\/agora.xtec.cat\/ceipmisericordia-reus\/wp-json\/wp\/v2\/pages\/554","targetHints":{"allow":["GET"]}}],"collection":[{"href":"https:\/\/agora.xtec.cat\/ceipmisericordia-reus\/wp-json\/wp\/v2\/pages"}],"about":[{"href":"https:\/\/agora.xtec.cat\/ceipmisericordia-reus\/wp-json\/wp\/v2\/types\/page"}],"author":[{"embeddable":true,"href":"https:\/\/agora.xtec.cat\/ceipmisericordia-reus\/wp-json\/wp\/v2\/users\/1"}],"replies":[{"embeddable":true,"href":"https:\/\/agora.xtec.cat\/ceipmisericordia-reus\/wp-json\/wp\/v2\/comments?post=554"}],"version-history":[{"count":3,"href":"https:\/\/agora.xtec.cat\/ceipmisericordia-reus\/wp-json\/wp\/v2\/pages\/554\/revisions"}],"predecessor-version":[{"id":8427,"href":"https:\/\/agora.xtec.cat\/ceipmisericordia-reus\/wp-json\/wp\/v2\/pages\/554\/revisions\/8427"}],"up":[{"embeddable":true,"href":"https:\/\/agora.xtec.cat\/ceipmisericordia-reus\/wp-json\/wp\/v2\/pages\/64"}],"wp:attachment":[{"href":"https:\/\/agora.xtec.cat\/ceipmisericordia-reus\/wp-json\/wp\/v2\/media?parent=554"}],"curies":[{"name":"wp","href":"https:\/\/api.w.org\/{rel}","templated":true}]}}