{"id":64,"date":"2014-09-18T12:39:08","date_gmt":"2014-09-18T10:39:08","guid":{"rendered":"http:\/\/agora.xtec.cat\/ceipmisericordia-canet\/?page_id=64"},"modified":"2019-12-21T13:14:03","modified_gmt":"2019-12-21T12:14:03","slug":"projecte-educatiu","status":"publish","type":"page","link":"https:\/\/agora.xtec.cat\/ceipmisericordia-canet\/projecte-educatiu-2\/projecte-educatiu\/","title":{"rendered":"Projecte educatiu"},"content":{"rendered":"<header class=\"entry-header\"><\/header>\n<div class=\"entry-content\">\n<p style=\"text-align: center;\"><a href=\"https:\/\/agora.xtec.cat\/ceipmisericordia-canet\/wp-content\/uploads\/usu547\/2019\/12\/Escola_Misericordia.png\"><img loading=\"lazy\" decoding=\"async\" class=\"alignnone wp-image-2215\" src=\"https:\/\/agora.xtec.cat\/ceipmisericordia-canet\/wp-content\/uploads\/usu547\/2019\/12\/Escola_Misericordia.png\" alt=\"\" width=\"390\" height=\"135\" srcset=\"https:\/\/agora.xtec.cat\/ceipmisericordia-canet\/wp-content\/uploads\/usu547\/2019\/12\/Escola_Misericordia.png 742w, https:\/\/agora.xtec.cat\/ceipmisericordia-canet\/wp-content\/uploads\/usu547\/2019\/12\/Escola_Misericordia-300x104.png 300w\" sizes=\"auto, (max-width: 390px) 100vw, 390px\" \/><\/a><\/p>\n<p>El Projecte Educatiu de l\u2019Escola Miseric\u00f2rdia \u00e9s la concreci\u00f3 de qui som, qu\u00e8 pretenem, com ho fem i de quina manera ho avaluarem aix\u00ed com la seva aprovaci\u00f3 i mecanismes de difusi\u00f3; t\u00e9 la finalitat d\u2019orientar l\u2019activitat de l\u2019escola, donar-li sentit i respondre a les necessitats i funciona com un marc de refer\u00e8ncia per a qualsevol actuaci\u00f3 educativa, ja que concreta els objectius, identitat i mitjans del centre tot definint la personalitat del centre.<\/p>\n<\/div>\n<div class=\"entry-content\">\n<h3><a href=\"https:\/\/agora.xtec.cat\/ceipmisericordia-canet\/wp-content\/uploads\/usu547\/bp-attachments\/1983\/0.INTRODUCCI\u00d3.pdf\">0. Introducci\u00f3<\/a><\/h3>\n<h3><a href=\"https:\/\/agora.xtec.cat\/ceipmisericordia-canet\/wp-content\/uploads\/usu547\/bp-attachments\/1983\/1.DEFINICI\u00d3-INSTITUCIONAL.pdf\">1. Definici\u00f3 Institucional<\/a><\/h3>\n<h3><a href=\"https:\/\/agora.xtec.cat\/ceipmisericordia-canet\/wp-content\/uploads\/usu547\/bp-attachments\/1983\/2.OBJECTIUS-DEL-CENTRE.pdf\">2. Objectius de Centre<\/a><\/h3>\n<h3><a href=\"https:\/\/agora.xtec.cat\/ceipmisericordia-canet\/wp-content\/uploads\/usu547\/bp-attachments\/1983\/3.CRITERIS-PER-A-LA-CONCRECI\u00d3-I-EL-DESENVOLUPAMENT-DEL-PROJECTE.pdf\">3. Criteris per a la Concreci\u00f3 i el Desenvolupament del Projecte<\/a><\/h3>\n<h3><a href=\"https:\/\/agora.xtec.cat\/ceipmisericordia-canet\/wp-content\/uploads\/usu547\/bp-attachments\/1983\/4.CRITERIS-DESTRUCTURA-ORGANITZATIVA-I-DE-GESTI\u00d3.pdf\">4. Criteris d&#8217;estructura organitzativa i de gesti\u00f3<\/a><\/h3>\n<h3><a href=\"https:\/\/agora.xtec.cat\/ceipmisericordia-canet\/wp-content\/uploads\/usu547\/bp-attachments\/1983\/5.DOCUMENTACI\u00d3-I-BIBLIOGRAFIA.pdf\">5. Documentaci\u00f3 i Bibliografia<\/a><\/h3>\n<\/div>\n","protected":false},"excerpt":{"rendered":"<p>El Projecte Educatiu de l\u2019Escola Miseric\u00f2rdia \u00e9s la concreci\u00f3 de qui som, qu\u00e8 pretenem, com ho fem i de quina manera ho avaluarem aix\u00ed com la seva aprovaci\u00f3 i mecanismes de difusi\u00f3; t\u00e9 la finalitat d\u2019orientar l\u2019activitat de l\u2019escola, donar-li sentit i respondre a les necessitats i funciona com un marc de refer\u00e8ncia per a [&hellip;]<\/p>\n","protected":false},"author":2,"featured_media":0,"parent":1994,"menu_order":0,"comment_status":"closed","ping_status":"closed","template":"page-templates\/side-menu.php","meta":{"_bbp_topic_count":0,"_bbp_reply_count":0,"_bbp_total_topic_count":0,"_bbp_total_reply_count":0,"_bbp_voice_count":0,"_bbp_anonymous_reply_count":0,"_bbp_topic_count_hidden":0,"_bbp_reply_count_hidden":0,"_bbp_forum_subforum_count":0,"site-sidebar-layout":"default","site-content-layout":"","ast-site-content-layout":"","site-content-style":"default","site-sidebar-style":"default","ast-global-header-display":"","ast-banner-title-visibility":"","ast-main-header-display":"","ast-hfb-above-header-display":"","ast-hfb-below-header-display":"","ast-hfb-mobile-header-display":"","site-post-title":"","ast-breadcrumbs-content":"","ast-featured-img":"","footer-sml-layout":"","theme-transparent-header-meta":"","adv-header-id-meta":"","stick-header-meta":"","header-above-stick-meta":"","header-main-stick-meta":"","header-below-stick-meta":"","astra-migrate-meta-layouts":"default","ast-page-background-enabled":"default","ast-page-background-meta":{"desktop":{"background-color":"var(--ast-global-color-4)","background-image":"","background-repeat":"repeat","background-position":"center center","background-size":"auto","background-attachment":"scroll","background-type":"","background-media":"","overlay-type":"","overlay-color":"","overlay-opacity":"","overlay-gradient":""},"tablet":{"background-color":"","background-image":"","background-repeat":"repeat","background-position":"center center","background-size":"auto","background-attachment":"scroll","background-type":"","background-media":"","overlay-type":"","overlay-color":"","overlay-opacity":"","overlay-gradient":""},"mobile":{"background-color":"","background-image":"","background-repeat":"repeat","background-position":"center center","background-size":"auto","background-attachment":"scroll","background-type":"","background-media":"","overlay-type":"","overlay-color":"","overlay-opacity":"","overlay-gradient":""}},"ast-content-background-meta":{"desktop":{"background-color":"var(--ast-global-color-5)","background-image":"","background-repeat":"repeat","background-position":"center center","background-size":"auto","background-attachment":"scroll","background-type":"","background-media":"","overlay-type":"","overlay-color":"","overlay-opacity":"","overlay-gradient":""},"tablet":{"background-color":"var(--ast-global-color-5)","background-image":"","background-repeat":"repeat","background-position":"center center","background-size":"auto","background-attachment":"scroll","background-type":"","background-media":"","overlay-type":"","overlay-color":"","overlay-opacity":"","overlay-gradient":""},"mobile":{"background-color":"var(--ast-global-color-5)","background-image":"","background-repeat":"repeat","background-position":"center center","background-size":"auto","background-attachment":"scroll","background-type":"","background-media":"","overlay-type":"","overlay-color":"","overlay-opacity":"","overlay-gradient":""}},"footnotes":""},"class_list":["post-64","page","type-page","status-publish","hentry"],"post_mailing_queue_ids":[],"_links":{"self":[{"href":"https:\/\/agora.xtec.cat\/ceipmisericordia-canet\/wp-json\/wp\/v2\/pages\/64","targetHints":{"allow":["GET"]}}],"collection":[{"href":"https:\/\/agora.xtec.cat\/ceipmisericordia-canet\/wp-json\/wp\/v2\/pages"}],"about":[{"href":"https:\/\/agora.xtec.cat\/ceipmisericordia-canet\/wp-json\/wp\/v2\/types\/page"}],"author":[{"embeddable":true,"href":"https:\/\/agora.xtec.cat\/ceipmisericordia-canet\/wp-json\/wp\/v2\/users\/2"}],"replies":[{"embeddable":true,"href":"https:\/\/agora.xtec.cat\/ceipmisericordia-canet\/wp-json\/wp\/v2\/comments?post=64"}],"version-history":[{"count":4,"href":"https:\/\/agora.xtec.cat\/ceipmisericordia-canet\/wp-json\/wp\/v2\/pages\/64\/revisions"}],"predecessor-version":[{"id":2216,"href":"https:\/\/agora.xtec.cat\/ceipmisericordia-canet\/wp-json\/wp\/v2\/pages\/64\/revisions\/2216"}],"up":[{"embeddable":true,"href":"https:\/\/agora.xtec.cat\/ceipmisericordia-canet\/wp-json\/wp\/v2\/pages\/1994"}],"wp:attachment":[{"href":"https:\/\/agora.xtec.cat\/ceipmisericordia-canet\/wp-json\/wp\/v2\/media?parent=64"}],"curies":[{"name":"wp","href":"https:\/\/api.w.org\/{rel}","templated":true}]}}