{"id":30,"date":"2014-09-18T12:30:23","date_gmt":"2014-09-18T10:30:23","guid":{"rendered":"http:\/\/agora.xtec.cat\/ceipmisericordia-canet\/?page_id=30"},"modified":"2025-10-10T13:23:10","modified_gmt":"2025-10-10T11:23:10","slug":"instal%c2%b7lacions","status":"publish","type":"page","link":"https:\/\/agora.xtec.cat\/ceipmisericordia-canet\/lescola\/instal%c2%b7lacions\/","title":{"rendered":"Instal\u00b7lacions"},"content":{"rendered":"<p><img decoding=\"async\" class=\"alignleft size-full wp-image-3942\" src=\"https:\/\/agora.xtec.cat\/ceipmisericordia-canet\/wp-content\/uploads\/usu547\/2025\/10\/IMG_5341.heic\" alt=\"\" \/> <img decoding=\"async\" class=\"alignleft size-full wp-image-3944\" src=\"https:\/\/agora.xtec.cat\/ceipmisericordia-canet\/wp-content\/uploads\/usu547\/2025\/10\/Camp-futbol-3.heic\" alt=\"\" \/><\/p>\n<ul>\n<li style=\"list-style-type: none;\">\n<ul>\n<li>Aules d\u2019infantil<\/li>\n<li>Aules de prim\u00e0ria<\/li>\n<li>Pati d\u2019infantil<\/li>\n<li>Pati de prim\u00e0ria amb pista poliesportiva, estructures i sorrall.<\/li>\n<li>Hort<\/li>\n<li>Aula de m\u00fasica<\/li>\n<li>Aula d\u2019angl\u00e8s<\/li>\n<li>Aula d&#8217;inform\u00e0tica<\/li>\n<li>Aula de rob\u00f2tica<\/li>\n<li>Aules petites de suport i petits grups<\/li>\n<li>\u00c0gora<\/li>\n<li>Gimn\u00e0s<\/li>\n<li>Aula de psicomotricitat<\/li>\n<li>Menjador amb cuina pr\u00f2pia<\/li>\n<\/ul>\n<\/li>\n<\/ul>\n<p><code><iframe loading=\"lazy\" src=\"http:\/\/diforama.net\/panoramiques\/misericordia\/\" width=\"100%\" height=\"400\">Su navegador no soporta marcos.\u00a0<\/iframe><\/code><\/p>\n","protected":false},"excerpt":{"rendered":"<p>Aules d\u2019infantil Aules de prim\u00e0ria Pati d\u2019infantil Pati de prim\u00e0ria amb pista poliesportiva, estructures i sorrall. Hort Aula de m\u00fasica Aula d\u2019angl\u00e8s Aula d&#8217;inform\u00e0tica Aula de rob\u00f2tica Aules petites de suport i petits grups \u00c0gora Gimn\u00e0s Aula de psicomotricitat Menjador amb cuina pr\u00f2pia Su navegador no soporta marcos.\u00a0<\/p>\n","protected":false},"author":2,"featured_media":0,"parent":22,"menu_order":40,"comment_status":"closed","ping_status":"closed","template":"","meta":{"_bbp_topic_count":0,"_bbp_reply_count":0,"_bbp_total_topic_count":0,"_bbp_total_reply_count":0,"_bbp_voice_count":0,"_bbp_anonymous_reply_count":0,"_bbp_topic_count_hidden":0,"_bbp_reply_count_hidden":0,"_bbp_forum_subforum_count":0,"site-sidebar-layout":"default","site-content-layout":"","ast-site-content-layout":"default","site-content-style":"default","site-sidebar-style":"default","ast-global-header-display":"","ast-banner-title-visibility":"","ast-main-header-display":"","ast-hfb-above-header-display":"","ast-hfb-below-header-display":"","ast-hfb-mobile-header-display":"","site-post-title":"","ast-breadcrumbs-content":"","ast-featured-img":"","footer-sml-layout":"","theme-transparent-header-meta":"default","adv-header-id-meta":"","stick-header-meta":"","header-above-stick-meta":"","header-main-stick-meta":"","header-below-stick-meta":"","astra-migrate-meta-layouts":"set","ast-page-background-enabled":"default","ast-page-background-meta":{"desktop":{"background-color":"var(--ast-global-color-4)","background-image":"","background-repeat":"repeat","background-position":"center center","background-size":"auto","background-attachment":"scroll","background-type":"","background-media":"","overlay-type":"","overlay-color":"","overlay-opacity":"","overlay-gradient":""},"tablet":{"background-color":"","background-image":"","background-repeat":"repeat","background-position":"center center","background-size":"auto","background-attachment":"scroll","background-type":"","background-media":"","overlay-type":"","overlay-color":"","overlay-opacity":"","overlay-gradient":""},"mobile":{"background-color":"","background-image":"","background-repeat":"repeat","background-position":"center center","background-size":"auto","background-attachment":"scroll","background-type":"","background-media":"","overlay-type":"","overlay-color":"","overlay-opacity":"","overlay-gradient":""}},"ast-content-background-meta":{"desktop":{"background-color":"var(--ast-global-color-5)","background-image":"","background-repeat":"repeat","background-position":"center center","background-size":"auto","background-attachment":"scroll","background-type":"","background-media":"","overlay-type":"","overlay-color":"","overlay-opacity":"","overlay-gradient":""},"tablet":{"background-color":"var(--ast-global-color-5)","background-image":"","background-repeat":"repeat","background-position":"center center","background-size":"auto","background-attachment":"scroll","background-type":"","background-media":"","overlay-type":"","overlay-color":"","overlay-opacity":"","overlay-gradient":""},"mobile":{"background-color":"var(--ast-global-color-5)","background-image":"","background-repeat":"repeat","background-position":"center center","background-size":"auto","background-attachment":"scroll","background-type":"","background-media":"","overlay-type":"","overlay-color":"","overlay-opacity":"","overlay-gradient":""}},"footnotes":""},"class_list":["post-30","page","type-page","status-publish","hentry"],"post_mailing_queue_ids":[],"_links":{"self":[{"href":"https:\/\/agora.xtec.cat\/ceipmisericordia-canet\/wp-json\/wp\/v2\/pages\/30","targetHints":{"allow":["GET"]}}],"collection":[{"href":"https:\/\/agora.xtec.cat\/ceipmisericordia-canet\/wp-json\/wp\/v2\/pages"}],"about":[{"href":"https:\/\/agora.xtec.cat\/ceipmisericordia-canet\/wp-json\/wp\/v2\/types\/page"}],"author":[{"embeddable":true,"href":"https:\/\/agora.xtec.cat\/ceipmisericordia-canet\/wp-json\/wp\/v2\/users\/2"}],"replies":[{"embeddable":true,"href":"https:\/\/agora.xtec.cat\/ceipmisericordia-canet\/wp-json\/wp\/v2\/comments?post=30"}],"version-history":[{"count":6,"href":"https:\/\/agora.xtec.cat\/ceipmisericordia-canet\/wp-json\/wp\/v2\/pages\/30\/revisions"}],"predecessor-version":[{"id":3946,"href":"https:\/\/agora.xtec.cat\/ceipmisericordia-canet\/wp-json\/wp\/v2\/pages\/30\/revisions\/3946"}],"up":[{"embeddable":true,"href":"https:\/\/agora.xtec.cat\/ceipmisericordia-canet\/wp-json\/wp\/v2\/pages\/22"}],"wp:attachment":[{"href":"https:\/\/agora.xtec.cat\/ceipmisericordia-canet\/wp-json\/wp\/v2\/media?parent=30"}],"curies":[{"name":"wp","href":"https:\/\/api.w.org\/{rel}","templated":true}]}}