{"id":2013,"date":"2019-11-15T15:31:24","date_gmt":"2019-11-15T14:31:24","guid":{"rendered":"http:\/\/agora.xtec.cat\/ceipmisericordia-canet\/?page_id=2013"},"modified":"2021-04-13T13:11:41","modified_gmt":"2021-04-13T11:11:41","slug":"metodologia-ambits-de-treball","status":"publish","type":"page","link":"https:\/\/agora.xtec.cat\/ceipmisericordia-canet\/projecte-educatiu-2\/projecte-educatiu\/metodologia-ambits-de-treball\/","title":{"rendered":"Metodologia (\u00c0mbits de treball)"},"content":{"rendered":"<p><a href=\"https:\/\/agora.xtec.cat\/ceipmisericordia-canet\/wp-content\/uploads\/usu547\/2021\/02\/\u00c0MBIT-APRENDRE-A-APRENDRE.pdf\">\u00c0MBIT APRENDRE A APRENDRE<\/a><\/p>\n<p><a href=\"https:\/\/agora.xtec.cat\/ceipmisericordia-canet\/wp-content\/uploads\/usu547\/2021\/02\/\u00c0MBIT-LING\u00dc\u00cdSTIC.pdf\">\u00c0MBIT LING\u00dc\u00cdSTIC<\/a><\/p>\n<p><a href=\"https:\/\/agora.xtec.cat\/ceipmisericordia-canet\/wp-content\/uploads\/usu547\/2021\/02\/\u00c0MBIT-MATEM\u00c0TIC.pdf\">\u00c0MBIT MATEM\u00c0TIC<\/a><\/p>\n<ul>\n<li><a href=\"https:\/\/www.bmath.app\/ca\/videotutorials\/\">V\u00eddeos explicatius de la metodologia (p\u00e0gina web innovamat)<\/a><\/li>\n<\/ul>\n<p><a href=\"https:\/\/agora.xtec.cat\/ceipmisericordia-canet\/wp-content\/uploads\/usu547\/2021\/02\/\u00c0MBIT-ART\u00cdSTIC.pdf\">\u00c0MBIT ART\u00cdSTIC<\/a><\/p>\n<p><a href=\"https:\/\/agora.xtec.cat\/ceipmisericordia-canet\/wp-content\/uploads\/usu547\/2021\/02\/\u00c0MBIT-DE-CONEIXEMENT-DEL-MEDI.pdf\">\u00c0MBIT DE CONEIXEMENT DEL MEDI<\/a><\/p>\n<p><a href=\"https:\/\/agora.xtec.cat\/ceipmisericordia-canet\/wp-content\/uploads\/usu547\/2021\/02\/\u00c0MBIT-DIGITAL.pdf\">\u00c0MBIT DIGITAL<\/a><\/p>\n<p><a href=\"https:\/\/agora.xtec.cat\/ceipmisericordia-canet\/wp-content\/uploads\/usu547\/2021\/02\/\u00c0MBIT-EDUCACI\u00d3-F\u00cdSICA.pdf\">\u00c0MBIT EDUCACI\u00d3 F\u00cdSICA<\/a><\/p>\n<p>&nbsp;<\/p>\n","protected":false},"excerpt":{"rendered":"<p>\u00c0MBIT APRENDRE A APRENDRE \u00c0MBIT LING\u00dc\u00cdSTIC \u00c0MBIT MATEM\u00c0TIC V\u00eddeos explicatius de la metodologia (p\u00e0gina web innovamat) \u00c0MBIT ART\u00cdSTIC \u00c0MBIT DE CONEIXEMENT DEL MEDI \u00c0MBIT DIGITAL \u00c0MBIT EDUCACI\u00d3 F\u00cdSICA &nbsp;<\/p>\n","protected":false},"author":4,"featured_media":0,"parent":64,"menu_order":0,"comment_status":"closed","ping_status":"closed","template":"","meta":{"_bbp_topic_count":0,"_bbp_reply_count":0,"_bbp_total_topic_count":0,"_bbp_total_reply_count":0,"_bbp_voice_count":0,"_bbp_anonymous_reply_count":0,"_bbp_topic_count_hidden":0,"_bbp_reply_count_hidden":0,"_bbp_forum_subforum_count":0,"site-sidebar-layout":"default","site-content-layout":"","ast-site-content-layout":"","site-content-style":"default","site-sidebar-style":"default","ast-global-header-display":"","ast-banner-title-visibility":"","ast-main-header-display":"","ast-hfb-above-header-display":"","ast-hfb-below-header-display":"","ast-hfb-mobile-header-display":"","site-post-title":"","ast-breadcrumbs-content":"","ast-featured-img":"","footer-sml-layout":"","theme-transparent-header-meta":"","adv-header-id-meta":"","stick-header-meta":"","header-above-stick-meta":"","header-main-stick-meta":"","header-below-stick-meta":"","astra-migrate-meta-layouts":"default","ast-page-background-enabled":"default","ast-page-background-meta":{"desktop":{"background-color":"var(--ast-global-color-4)","background-image":"","background-repeat":"repeat","background-position":"center center","background-size":"auto","background-attachment":"scroll","background-type":"","background-media":"","overlay-type":"","overlay-color":"","overlay-opacity":"","overlay-gradient":""},"tablet":{"background-color":"","background-image":"","background-repeat":"repeat","background-position":"center center","background-size":"auto","background-attachment":"scroll","background-type":"","background-media":"","overlay-type":"","overlay-color":"","overlay-opacity":"","overlay-gradient":""},"mobile":{"background-color":"","background-image":"","background-repeat":"repeat","background-position":"center center","background-size":"auto","background-attachment":"scroll","background-type":"","background-media":"","overlay-type":"","overlay-color":"","overlay-opacity":"","overlay-gradient":""}},"ast-content-background-meta":{"desktop":{"background-color":"var(--ast-global-color-5)","background-image":"","background-repeat":"repeat","background-position":"center center","background-size":"auto","background-attachment":"scroll","background-type":"","background-media":"","overlay-type":"","overlay-color":"","overlay-opacity":"","overlay-gradient":""},"tablet":{"background-color":"var(--ast-global-color-5)","background-image":"","background-repeat":"repeat","background-position":"center center","background-size":"auto","background-attachment":"scroll","background-type":"","background-media":"","overlay-type":"","overlay-color":"","overlay-opacity":"","overlay-gradient":""},"mobile":{"background-color":"var(--ast-global-color-5)","background-image":"","background-repeat":"repeat","background-position":"center center","background-size":"auto","background-attachment":"scroll","background-type":"","background-media":"","overlay-type":"","overlay-color":"","overlay-opacity":"","overlay-gradient":""}},"footnotes":""},"class_list":["post-2013","page","type-page","status-publish","hentry"],"post_mailing_queue_ids":[],"_links":{"self":[{"href":"https:\/\/agora.xtec.cat\/ceipmisericordia-canet\/wp-json\/wp\/v2\/pages\/2013","targetHints":{"allow":["GET"]}}],"collection":[{"href":"https:\/\/agora.xtec.cat\/ceipmisericordia-canet\/wp-json\/wp\/v2\/pages"}],"about":[{"href":"https:\/\/agora.xtec.cat\/ceipmisericordia-canet\/wp-json\/wp\/v2\/types\/page"}],"author":[{"embeddable":true,"href":"https:\/\/agora.xtec.cat\/ceipmisericordia-canet\/wp-json\/wp\/v2\/users\/4"}],"replies":[{"embeddable":true,"href":"https:\/\/agora.xtec.cat\/ceipmisericordia-canet\/wp-json\/wp\/v2\/comments?post=2013"}],"version-history":[{"count":3,"href":"https:\/\/agora.xtec.cat\/ceipmisericordia-canet\/wp-json\/wp\/v2\/pages\/2013\/revisions"}],"predecessor-version":[{"id":2998,"href":"https:\/\/agora.xtec.cat\/ceipmisericordia-canet\/wp-json\/wp\/v2\/pages\/2013\/revisions\/2998"}],"up":[{"embeddable":true,"href":"https:\/\/agora.xtec.cat\/ceipmisericordia-canet\/wp-json\/wp\/v2\/pages\/64"}],"wp:attachment":[{"href":"https:\/\/agora.xtec.cat\/ceipmisericordia-canet\/wp-json\/wp\/v2\/media?parent=2013"}],"curies":[{"name":"wp","href":"https:\/\/api.w.org\/{rel}","templated":true}]}}