{"id":1996,"date":"2019-11-15T13:17:11","date_gmt":"2019-11-15T12:17:11","guid":{"rendered":"http:\/\/agora.xtec.cat\/ceipmisericordia-canet\/?page_id=1996"},"modified":"2019-11-15T19:26:38","modified_gmt":"2019-11-15T18:26:38","slug":"nofc","status":"publish","type":"page","link":"https:\/\/agora.xtec.cat\/ceipmisericordia-canet\/projecte-educatiu-2\/projecte-educatiu\/nofc\/","title":{"rendered":"NOFC"},"content":{"rendered":"<div>Les\u00a0<i><b>Normes d\u2019organitzaci\u00f3 i funcionament de centre (NOFC)\u00a0<\/b><\/i>s\u00f3n un document<\/div>\n<div><\/div>\n<div><\/div>\n<div>que pret\u00e9n establir el marc de conviv\u00e8ncia del centre, complementant i respectant la<\/div>\n<div><\/div>\n<div><\/div>\n<div>legislaci\u00f3 vigent. El compliment per part de tots els membres de la comunitat<\/div>\n<div><\/div>\n<div><\/div>\n<div>educativa permetr\u00e0 crear l\u2019entorn d\u2019aprenentatge adient per assolir els objectius<\/div>\n<div><\/div>\n<div><\/div>\n<div>pedag\u00f2gics que ens proposem cada curs.<\/div>\n","protected":false},"excerpt":{"rendered":"<p>Les\u00a0Normes d\u2019organitzaci\u00f3 i funcionament de centre (NOFC)\u00a0s\u00f3n un document que pret\u00e9n establir el marc de conviv\u00e8ncia del centre, complementant i respectant la legislaci\u00f3 vigent. El compliment per part de tots els membres de la comunitat educativa permetr\u00e0 crear l\u2019entorn d\u2019aprenentatge adient per assolir els objectius pedag\u00f2gics que ens proposem cada curs.<\/p>\n","protected":false},"author":4,"featured_media":0,"parent":64,"menu_order":0,"comment_status":"closed","ping_status":"closed","template":"","meta":{"_bbp_topic_count":0,"_bbp_reply_count":0,"_bbp_total_topic_count":0,"_bbp_total_reply_count":0,"_bbp_voice_count":0,"_bbp_anonymous_reply_count":0,"_bbp_topic_count_hidden":0,"_bbp_reply_count_hidden":0,"_bbp_forum_subforum_count":0,"site-sidebar-layout":"default","site-content-layout":"","ast-site-content-layout":"","site-content-style":"default","site-sidebar-style":"default","ast-global-header-display":"","ast-banner-title-visibility":"","ast-main-header-display":"","ast-hfb-above-header-display":"","ast-hfb-below-header-display":"","ast-hfb-mobile-header-display":"","site-post-title":"","ast-breadcrumbs-content":"","ast-featured-img":"","footer-sml-layout":"","theme-transparent-header-meta":"","adv-header-id-meta":"","stick-header-meta":"","header-above-stick-meta":"","header-main-stick-meta":"","header-below-stick-meta":"","astra-migrate-meta-layouts":"default","ast-page-background-enabled":"default","ast-page-background-meta":{"desktop":{"background-color":"var(--ast-global-color-4)","background-image":"","background-repeat":"repeat","background-position":"center center","background-size":"auto","background-attachment":"scroll","background-type":"","background-media":"","overlay-type":"","overlay-color":"","overlay-opacity":"","overlay-gradient":""},"tablet":{"background-color":"","background-image":"","background-repeat":"repeat","background-position":"center center","background-size":"auto","background-attachment":"scroll","background-type":"","background-media":"","overlay-type":"","overlay-color":"","overlay-opacity":"","overlay-gradient":""},"mobile":{"background-color":"","background-image":"","background-repeat":"repeat","background-position":"center center","background-size":"auto","background-attachment":"scroll","background-type":"","background-media":"","overlay-type":"","overlay-color":"","overlay-opacity":"","overlay-gradient":""}},"ast-content-background-meta":{"desktop":{"background-color":"var(--ast-global-color-5)","background-image":"","background-repeat":"repeat","background-position":"center center","background-size":"auto","background-attachment":"scroll","background-type":"","background-media":"","overlay-type":"","overlay-color":"","overlay-opacity":"","overlay-gradient":""},"tablet":{"background-color":"var(--ast-global-color-5)","background-image":"","background-repeat":"repeat","background-position":"center center","background-size":"auto","background-attachment":"scroll","background-type":"","background-media":"","overlay-type":"","overlay-color":"","overlay-opacity":"","overlay-gradient":""},"mobile":{"background-color":"var(--ast-global-color-5)","background-image":"","background-repeat":"repeat","background-position":"center center","background-size":"auto","background-attachment":"scroll","background-type":"","background-media":"","overlay-type":"","overlay-color":"","overlay-opacity":"","overlay-gradient":""}},"footnotes":""},"class_list":["post-1996","page","type-page","status-publish","hentry"],"post_mailing_queue_ids":[],"_links":{"self":[{"href":"https:\/\/agora.xtec.cat\/ceipmisericordia-canet\/wp-json\/wp\/v2\/pages\/1996","targetHints":{"allow":["GET"]}}],"collection":[{"href":"https:\/\/agora.xtec.cat\/ceipmisericordia-canet\/wp-json\/wp\/v2\/pages"}],"about":[{"href":"https:\/\/agora.xtec.cat\/ceipmisericordia-canet\/wp-json\/wp\/v2\/types\/page"}],"author":[{"embeddable":true,"href":"https:\/\/agora.xtec.cat\/ceipmisericordia-canet\/wp-json\/wp\/v2\/users\/4"}],"replies":[{"embeddable":true,"href":"https:\/\/agora.xtec.cat\/ceipmisericordia-canet\/wp-json\/wp\/v2\/comments?post=1996"}],"version-history":[{"count":2,"href":"https:\/\/agora.xtec.cat\/ceipmisericordia-canet\/wp-json\/wp\/v2\/pages\/1996\/revisions"}],"predecessor-version":[{"id":2066,"href":"https:\/\/agora.xtec.cat\/ceipmisericordia-canet\/wp-json\/wp\/v2\/pages\/1996\/revisions\/2066"}],"up":[{"embeddable":true,"href":"https:\/\/agora.xtec.cat\/ceipmisericordia-canet\/wp-json\/wp\/v2\/pages\/64"}],"wp:attachment":[{"href":"https:\/\/agora.xtec.cat\/ceipmisericordia-canet\/wp-json\/wp\/v2\/media?parent=1996"}],"curies":[{"name":"wp","href":"https:\/\/api.w.org\/{rel}","templated":true}]}}