{"id":1960,"date":"2019-11-12T21:06:22","date_gmt":"2019-11-12T20:06:22","guid":{"rendered":"http:\/\/agora.xtec.cat\/ceipmisericordia-canet\/?page_id=1960"},"modified":"2022-03-04T23:07:46","modified_gmt":"2022-03-04T22:07:46","slug":"pla-datencio-a-la-sostenibilitat","status":"publish","type":"page","link":"https:\/\/agora.xtec.cat\/ceipmisericordia-canet\/projecte-educatiu-2\/projecte-educatiu\/pla-datencio-a-la-sostenibilitat\/","title":{"rendered":"Pla d\u00b4atenci\u00f3 a la diversitat"},"content":{"rendered":"<p><strong><span style=\"color: #33cccc;\"><a style=\"color: #33cccc;\" href=\"https:\/\/agora.xtec.cat\/ceipmisericordia-canet\/wp-content\/uploads\/usu547\/2022\/03\/diversitat.pdf\">ESCOLA INCLUSIVA:<\/a><\/span><\/strong><\/p>\n<p><span style=\"color: #33cccc;\"><a style=\"color: #33cccc;\" href=\"https:\/\/agora.xtec.cat\/ceipmisericordia-canet\/wp-content\/uploads\/usu547\/2022\/03\/diversitat.pdf\"> FLEXIBILITAT EN L&#8217;ORGANITZACI\u00d3 DELS GRUPS, DESDOBLAMENTS, CODOC\u00c8NCIA (DOS MESTRES A L&#8217;AULA). <\/a><\/span><\/p>\n<p><span style=\"color: #33cccc;\"><a style=\"color: #33cccc;\" href=\"https:\/\/agora.xtec.cat\/ceipmisericordia-canet\/wp-content\/uploads\/usu547\/2022\/03\/diversitat.pdf\"><strong>ATENCI\u00d3 A LA DIVERSITAT: <\/strong><\/a><\/span><\/p>\n<p><span style=\"color: #33cccc;\"><a style=\"color: #33cccc;\" href=\"https:\/\/agora.xtec.cat\/ceipmisericordia-canet\/wp-content\/uploads\/usu547\/2022\/03\/diversitat.pdf\">T\u00c8CNICA D&#8217;EDUCACI\u00d3 INFANTIL A P3, MESTRA D&#8217;EDUCACI\u00d3 ESPECIAL, , MESTRA AUDICI\u00d3 I LLENGUATGE, VETLLADORA. <\/a><\/span><\/p>\n<p><span style=\"color: #33cccc;\"><a style=\"color: #33cccc;\" href=\"https:\/\/agora.xtec.cat\/ceipmisericordia-canet\/wp-content\/uploads\/usu547\/2022\/03\/diversitat.pdf\"><strong>SIEI:<\/strong> SUPORT INTENSIU ESCOLARITZACI\u00d3 INCLUSIVA (MESTRA EDUCACI\u00d3 ESPECIAL, EDUCADORA EDUCACI\u00d3 ESPECIAL)<\/a><\/span><\/p>\n<p class=\"p2\"><span style=\"color: #33cccc;\">UNA ESCOLA ORIENTADA A L&#8217;\u00c8XIT ESCOLAR ESCOLAR DE TOTHOM&#8230;<\/span><\/p>\n","protected":false},"excerpt":{"rendered":"<p>ESCOLA INCLUSIVA: FLEXIBILITAT EN L&#8217;ORGANITZACI\u00d3 DELS GRUPS, DESDOBLAMENTS, CODOC\u00c8NCIA (DOS MESTRES A L&#8217;AULA). ATENCI\u00d3 A LA DIVERSITAT: T\u00c8CNICA D&#8217;EDUCACI\u00d3 INFANTIL A P3, MESTRA D&#8217;EDUCACI\u00d3 ESPECIAL, , MESTRA AUDICI\u00d3 I LLENGUATGE, VETLLADORA. SIEI: SUPORT INTENSIU ESCOLARITZACI\u00d3 INCLUSIVA (MESTRA EDUCACI\u00d3 ESPECIAL, EDUCADORA EDUCACI\u00d3 ESPECIAL) UNA ESCOLA ORIENTADA A L&#8217;\u00c8XIT ESCOLAR ESCOLAR DE TOTHOM&#8230;<\/p>\n","protected":false},"author":4,"featured_media":0,"parent":64,"menu_order":0,"comment_status":"closed","ping_status":"closed","template":"","meta":{"_bbp_topic_count":0,"_bbp_reply_count":0,"_bbp_total_topic_count":0,"_bbp_total_reply_count":0,"_bbp_voice_count":0,"_bbp_anonymous_reply_count":0,"_bbp_topic_count_hidden":0,"_bbp_reply_count_hidden":0,"_bbp_forum_subforum_count":0,"site-sidebar-layout":"default","site-content-layout":"","ast-site-content-layout":"","site-content-style":"default","site-sidebar-style":"default","ast-global-header-display":"","ast-banner-title-visibility":"","ast-main-header-display":"","ast-hfb-above-header-display":"","ast-hfb-below-header-display":"","ast-hfb-mobile-header-display":"","site-post-title":"","ast-breadcrumbs-content":"","ast-featured-img":"","footer-sml-layout":"","theme-transparent-header-meta":"","adv-header-id-meta":"","stick-header-meta":"","header-above-stick-meta":"","header-main-stick-meta":"","header-below-stick-meta":"","astra-migrate-meta-layouts":"default","ast-page-background-enabled":"default","ast-page-background-meta":{"desktop":{"background-color":"var(--ast-global-color-4)","background-image":"","background-repeat":"repeat","background-position":"center center","background-size":"auto","background-attachment":"scroll","background-type":"","background-media":"","overlay-type":"","overlay-color":"","overlay-opacity":"","overlay-gradient":""},"tablet":{"background-color":"","background-image":"","background-repeat":"repeat","background-position":"center center","background-size":"auto","background-attachment":"scroll","background-type":"","background-media":"","overlay-type":"","overlay-color":"","overlay-opacity":"","overlay-gradient":""},"mobile":{"background-color":"","background-image":"","background-repeat":"repeat","background-position":"center center","background-size":"auto","background-attachment":"scroll","background-type":"","background-media":"","overlay-type":"","overlay-color":"","overlay-opacity":"","overlay-gradient":""}},"ast-content-background-meta":{"desktop":{"background-color":"var(--ast-global-color-5)","background-image":"","background-repeat":"repeat","background-position":"center center","background-size":"auto","background-attachment":"scroll","background-type":"","background-media":"","overlay-type":"","overlay-color":"","overlay-opacity":"","overlay-gradient":""},"tablet":{"background-color":"var(--ast-global-color-5)","background-image":"","background-repeat":"repeat","background-position":"center center","background-size":"auto","background-attachment":"scroll","background-type":"","background-media":"","overlay-type":"","overlay-color":"","overlay-opacity":"","overlay-gradient":""},"mobile":{"background-color":"var(--ast-global-color-5)","background-image":"","background-repeat":"repeat","background-position":"center center","background-size":"auto","background-attachment":"scroll","background-type":"","background-media":"","overlay-type":"","overlay-color":"","overlay-opacity":"","overlay-gradient":""}},"footnotes":""},"class_list":["post-1960","page","type-page","status-publish","hentry"],"post_mailing_queue_ids":[],"_links":{"self":[{"href":"https:\/\/agora.xtec.cat\/ceipmisericordia-canet\/wp-json\/wp\/v2\/pages\/1960","targetHints":{"allow":["GET"]}}],"collection":[{"href":"https:\/\/agora.xtec.cat\/ceipmisericordia-canet\/wp-json\/wp\/v2\/pages"}],"about":[{"href":"https:\/\/agora.xtec.cat\/ceipmisericordia-canet\/wp-json\/wp\/v2\/types\/page"}],"author":[{"embeddable":true,"href":"https:\/\/agora.xtec.cat\/ceipmisericordia-canet\/wp-json\/wp\/v2\/users\/4"}],"replies":[{"embeddable":true,"href":"https:\/\/agora.xtec.cat\/ceipmisericordia-canet\/wp-json\/wp\/v2\/comments?post=1960"}],"version-history":[{"count":3,"href":"https:\/\/agora.xtec.cat\/ceipmisericordia-canet\/wp-json\/wp\/v2\/pages\/1960\/revisions"}],"predecessor-version":[{"id":3232,"href":"https:\/\/agora.xtec.cat\/ceipmisericordia-canet\/wp-json\/wp\/v2\/pages\/1960\/revisions\/3232"}],"up":[{"embeddable":true,"href":"https:\/\/agora.xtec.cat\/ceipmisericordia-canet\/wp-json\/wp\/v2\/pages\/64"}],"wp:attachment":[{"href":"https:\/\/agora.xtec.cat\/ceipmisericordia-canet\/wp-json\/wp\/v2\/media?parent=1960"}],"curies":[{"name":"wp","href":"https:\/\/api.w.org\/{rel}","templated":true}]}}