{"id":1952,"date":"2019-11-12T21:02:43","date_gmt":"2019-11-12T20:02:43","guid":{"rendered":"http:\/\/agora.xtec.cat\/ceipmisericordia-canet\/?page_id=1952"},"modified":"2020-09-04T18:56:28","modified_gmt":"2020-09-04T16:56:28","slug":"projecte-linguistic","status":"publish","type":"page","link":"https:\/\/agora.xtec.cat\/ceipmisericordia-canet\/projecte-educatiu-2\/projecte-educatiu\/projecte-linguistic\/","title":{"rendered":"Projecte ling\u00fc\u00edstic"},"content":{"rendered":"<p><a href=\"https:\/\/agora.xtec.cat\/ceipmisericordia-canet\/wp-content\/uploads\/usu547\/2019\/12\/Projecte-ling\u00fc\u00edstic-Centre.jpg\"><img loading=\"lazy\" decoding=\"async\" class=\" wp-image-2200 alignleft\" src=\"https:\/\/agora.xtec.cat\/ceipmisericordia-canet\/wp-content\/uploads\/usu547\/2019\/12\/Projecte-ling\u00fc\u00edstic-Centre.jpg\" alt=\"\" width=\"275\" height=\"154\" \/><\/a>El PROJECTE LING\u00dc\u00cdSTIC DEL CENTRE \u00e9s l\u2019instrument que permet assolir els objectius generals referents a la compet\u00e8ncia ling\u00fc\u00edstica que defineix la normativa vigent.<\/p>\n<p>DOCUMENT:<\/p>\n<p><a href=\"https:\/\/agora.xtec.cat\/ceipmisericordia-canet\/wp-content\/uploads\/usu547\/2020\/09\/PLC-revisat-19_20.pdf\">PLC_Pla ling\u00fc\u00edstic de Centre_ revisat 2019_2020<\/a><\/p>\n","protected":false},"excerpt":{"rendered":"<p>El PROJECTE LING\u00dc\u00cdSTIC DEL CENTRE \u00e9s l\u2019instrument que permet assolir els objectius generals referents a la compet\u00e8ncia ling\u00fc\u00edstica que defineix la normativa vigent. DOCUMENT: PLC_Pla ling\u00fc\u00edstic de Centre_ revisat 2019_2020<\/p>\n","protected":false},"author":4,"featured_media":0,"parent":64,"menu_order":0,"comment_status":"closed","ping_status":"closed","template":"","meta":{"_bbp_topic_count":0,"_bbp_reply_count":0,"_bbp_total_topic_count":0,"_bbp_total_reply_count":0,"_bbp_voice_count":0,"_bbp_anonymous_reply_count":0,"_bbp_topic_count_hidden":0,"_bbp_reply_count_hidden":0,"_bbp_forum_subforum_count":0,"site-sidebar-layout":"default","site-content-layout":"","ast-site-content-layout":"","site-content-style":"default","site-sidebar-style":"default","ast-global-header-display":"","ast-banner-title-visibility":"","ast-main-header-display":"","ast-hfb-above-header-display":"","ast-hfb-below-header-display":"","ast-hfb-mobile-header-display":"","site-post-title":"","ast-breadcrumbs-content":"","ast-featured-img":"","footer-sml-layout":"","theme-transparent-header-meta":"","adv-header-id-meta":"","stick-header-meta":"","header-above-stick-meta":"","header-main-stick-meta":"","header-below-stick-meta":"","astra-migrate-meta-layouts":"default","ast-page-background-enabled":"default","ast-page-background-meta":{"desktop":{"background-color":"var(--ast-global-color-4)","background-image":"","background-repeat":"repeat","background-position":"center center","background-size":"auto","background-attachment":"scroll","background-type":"","background-media":"","overlay-type":"","overlay-color":"","overlay-opacity":"","overlay-gradient":""},"tablet":{"background-color":"","background-image":"","background-repeat":"repeat","background-position":"center center","background-size":"auto","background-attachment":"scroll","background-type":"","background-media":"","overlay-type":"","overlay-color":"","overlay-opacity":"","overlay-gradient":""},"mobile":{"background-color":"","background-image":"","background-repeat":"repeat","background-position":"center center","background-size":"auto","background-attachment":"scroll","background-type":"","background-media":"","overlay-type":"","overlay-color":"","overlay-opacity":"","overlay-gradient":""}},"ast-content-background-meta":{"desktop":{"background-color":"var(--ast-global-color-5)","background-image":"","background-repeat":"repeat","background-position":"center center","background-size":"auto","background-attachment":"scroll","background-type":"","background-media":"","overlay-type":"","overlay-color":"","overlay-opacity":"","overlay-gradient":""},"tablet":{"background-color":"var(--ast-global-color-5)","background-image":"","background-repeat":"repeat","background-position":"center center","background-size":"auto","background-attachment":"scroll","background-type":"","background-media":"","overlay-type":"","overlay-color":"","overlay-opacity":"","overlay-gradient":""},"mobile":{"background-color":"var(--ast-global-color-5)","background-image":"","background-repeat":"repeat","background-position":"center center","background-size":"auto","background-attachment":"scroll","background-type":"","background-media":"","overlay-type":"","overlay-color":"","overlay-opacity":"","overlay-gradient":""}},"footnotes":""},"class_list":["post-1952","page","type-page","status-publish","hentry"],"post_mailing_queue_ids":[],"_links":{"self":[{"href":"https:\/\/agora.xtec.cat\/ceipmisericordia-canet\/wp-json\/wp\/v2\/pages\/1952","targetHints":{"allow":["GET"]}}],"collection":[{"href":"https:\/\/agora.xtec.cat\/ceipmisericordia-canet\/wp-json\/wp\/v2\/pages"}],"about":[{"href":"https:\/\/agora.xtec.cat\/ceipmisericordia-canet\/wp-json\/wp\/v2\/types\/page"}],"author":[{"embeddable":true,"href":"https:\/\/agora.xtec.cat\/ceipmisericordia-canet\/wp-json\/wp\/v2\/users\/4"}],"replies":[{"embeddable":true,"href":"https:\/\/agora.xtec.cat\/ceipmisericordia-canet\/wp-json\/wp\/v2\/comments?post=1952"}],"version-history":[{"count":4,"href":"https:\/\/agora.xtec.cat\/ceipmisericordia-canet\/wp-json\/wp\/v2\/pages\/1952\/revisions"}],"predecessor-version":[{"id":2196,"href":"https:\/\/agora.xtec.cat\/ceipmisericordia-canet\/wp-json\/wp\/v2\/pages\/1952\/revisions\/2196"}],"up":[{"embeddable":true,"href":"https:\/\/agora.xtec.cat\/ceipmisericordia-canet\/wp-json\/wp\/v2\/pages\/64"}],"wp:attachment":[{"href":"https:\/\/agora.xtec.cat\/ceipmisericordia-canet\/wp-json\/wp\/v2\/media?parent=1952"}],"curies":[{"name":"wp","href":"https:\/\/api.w.org\/{rel}","templated":true}]}}