{"id":3535,"date":"2020-10-30T18:16:22","date_gmt":"2020-10-30T17:16:22","guid":{"rendered":"http:\/\/agora.xtec.cat\/ceipmiravet\/?page_id=3535"},"modified":"2020-11-11T13:32:43","modified_gmt":"2020-11-11T12:32:43","slug":"pro-socialitza","status":"publish","type":"page","link":"https:\/\/agora.xtec.cat\/ceipmiravet\/lescola\/pro-socialitza\/","title":{"rendered":"Programa de socialitzaci\u00f3 de llibres"},"content":{"rendered":"<p>L&#8217;Escola segueix el <strong>Programa de Socialitzaci\u00f3 de llibres, <\/strong>que consisteix en que els alumnes a partir de 3r de prim\u00e0ria passen a tenir els lli<a href=\"https:\/\/agora.xtec.cat\/ceipmiravet\/wp-content\/uploads\/usu529\/2020\/10\/books-1204029_1920.jpg\"><img loading=\"lazy\" decoding=\"async\" class=\"size-medium wp-image-3538 alignright\" src=\"https:\/\/agora.xtec.cat\/ceipmiravet\/wp-content\/uploads\/usu529\/2020\/10\/books-1204029_1920-300x199.jpg\" alt=\"\" width=\"300\" height=\"199\" srcset=\"https:\/\/agora.xtec.cat\/ceipmiravet\/wp-content\/uploads\/usu529\/2020\/10\/books-1204029_1920-300x199.jpg 300w, https:\/\/agora.xtec.cat\/ceipmiravet\/wp-content\/uploads\/usu529\/2020\/10\/books-1204029_1920-768x510.jpg 768w, https:\/\/agora.xtec.cat\/ceipmiravet\/wp-content\/uploads\/usu529\/2020\/10\/books-1204029_1920-1024x681.jpg 1024w, https:\/\/agora.xtec.cat\/ceipmiravet\/wp-content\/uploads\/usu529\/2020\/10\/books-1204029_1920.jpg 1920w\" sizes=\"auto, (max-width: 300px) 100vw, 300px\" \/><\/a>bres de text socialitzats, llibres que s&#8217;aprofiten un curs per l&#8217;altre, i aquests s\u00f3n propietat de l&#8217;Escola.<\/p>\n<p>L&#8217;Ajuntament subvenciona la compra dels llibres de tota l&#8217;escola siguin socialitzats per als alumnes de CM i CS i els fungibles (que es pot escriure) per la resta. Aquest fet garanteix que tots els alumnes de l&#8217;escola participen en el <strong>Programa de Socialitzaci\u00f3<\/strong> de llibres.<\/p>\n<p>Els alumnes a partir de 3r de prim\u00e0ria o de nova arribada al centre han de pagar una <strong>fian\u00e7a de 50\u20ac\/alumne<\/strong>. Aquesta fian\u00e7a es retornar\u00e0 en acabar 6\u00e8 de prim\u00e0ria o si es marxa del centre (nom\u00e9s es paga un cop) i el pagament s&#8217;efectua a l&#8217;AMPA, que ens ajuda en aquesta gesti\u00f3. <span style=\"font-family: inherit; font-size: 1em;\">Les fam\u00edlies que es donen de<\/span><span style=\"font-family: inherit;\"><span style=\"font-size: 1em;\"> baixa del centre hauran de comunicar a l\u2019AMPA aquesta situaci\u00f3 i s&#8217;efectuar\u00e0 el retorn de la fian\u00e7a.<\/span><\/span><\/p>\n<h5><b>Per gestionar el pagament parleu amb algun\/a dels membres de la junta o feu un correu i us explicaran com fer el pagament: <a href=\"mailto:ampamiravet@gmail.com\" target=\"_blank\" rel=\"noopener noreferrer\">ampamiravet@gmail.com<\/a>\u00a0<wbr \/>\u00a0<\/b><\/h5>\n<p><em>L\u2019alumne\/a que fa el pagament pot fer servir els llibres i es compromet a <strong>tenir-ne cura<\/strong>\u00a0i a retornar-los a final de curs. Aix\u00f2 vol dir que no es pot guixar ni escriure amb boli, ja que aix\u00ed es fan malb\u00e9. Si l\u2019alumne\/a perd\u00e9s algun llibre o el fes malb\u00e9 de forma irrecuperable, la fian\u00e7a no es retornaria en concepte de penalitzaci\u00f3.<\/em><\/p>\n<p>Al finalitzar cada curs, quan els llibres es retornen, l&#8217;escola s&#8217;encarrega de revisa l&#8217;estat dels llibres per al curs vinent i en fa la comanda de tots aquells llibres no socialitzats o que ja, de l&#8217;\u00fas, estan en mal estat.<\/p>\n","protected":false},"excerpt":{"rendered":"<p>L&#8217;Escola segueix el Programa de Socialitzaci\u00f3 de llibres, que consisteix en que els alumnes a partir de 3r de prim\u00e0ria passen a tenir els llibres de text socialitzats, llibres que s&#8217;aprofiten un curs per l&#8217;altre, i aquests s\u00f3n propietat de l&#8217;Escola. L&#8217;Ajuntament subvenciona la compra dels llibres de tota l&#8217;escola siguin socialitzats per als alumnes [&hellip;]<\/p>\n","protected":false},"author":1,"featured_media":0,"parent":22,"menu_order":70,"comment_status":"closed","ping_status":"closed","template":"","meta":{"_bbp_topic_count":0,"_bbp_reply_count":0,"_bbp_total_topic_count":0,"_bbp_total_reply_count":0,"_bbp_voice_count":0,"_bbp_anonymous_reply_count":0,"_bbp_topic_count_hidden":0,"_bbp_reply_count_hidden":0,"_bbp_forum_subforum_count":0,"site-sidebar-layout":"default","site-content-layout":"","ast-site-content-layout":"","site-content-style":"default","site-sidebar-style":"default","ast-global-header-display":"","ast-banner-title-visibility":"","ast-main-header-display":"","ast-hfb-above-header-display":"","ast-hfb-below-header-display":"","ast-hfb-mobile-header-display":"","site-post-title":"","ast-breadcrumbs-content":"","ast-featured-img":"","footer-sml-layout":"","theme-transparent-header-meta":"","adv-header-id-meta":"","stick-header-meta":"","header-above-stick-meta":"","header-main-stick-meta":"","header-below-stick-meta":"","astra-migrate-meta-layouts":"default","ast-page-background-enabled":"default","ast-page-background-meta":{"desktop":{"background-color":"var(--ast-global-color-4)","background-image":"","background-repeat":"repeat","background-position":"center center","background-size":"auto","background-attachment":"scroll","background-type":"","background-media":"","overlay-type":"","overlay-color":"","overlay-opacity":"","overlay-gradient":""},"tablet":{"background-color":"","background-image":"","background-repeat":"repeat","background-position":"center center","background-size":"auto","background-attachment":"scroll","background-type":"","background-media":"","overlay-type":"","overlay-color":"","overlay-opacity":"","overlay-gradient":""},"mobile":{"background-color":"","background-image":"","background-repeat":"repeat","background-position":"center center","background-size":"auto","background-attachment":"scroll","background-type":"","background-media":"","overlay-type":"","overlay-color":"","overlay-opacity":"","overlay-gradient":""}},"ast-content-background-meta":{"desktop":{"background-color":"var(--ast-global-color-5)","background-image":"","background-repeat":"repeat","background-position":"center center","background-size":"auto","background-attachment":"scroll","background-type":"","background-media":"","overlay-type":"","overlay-color":"","overlay-opacity":"","overlay-gradient":""},"tablet":{"background-color":"var(--ast-global-color-5)","background-image":"","background-repeat":"repeat","background-position":"center center","background-size":"auto","background-attachment":"scroll","background-type":"","background-media":"","overlay-type":"","overlay-color":"","overlay-opacity":"","overlay-gradient":""},"mobile":{"background-color":"var(--ast-global-color-5)","background-image":"","background-repeat":"repeat","background-position":"center center","background-size":"auto","background-attachment":"scroll","background-type":"","background-media":"","overlay-type":"","overlay-color":"","overlay-opacity":"","overlay-gradient":""}},"footnotes":""},"class_list":["post-3535","page","type-page","status-publish","hentry"],"post_mailing_queue_ids":[],"_links":{"self":[{"href":"https:\/\/agora.xtec.cat\/ceipmiravet\/wp-json\/wp\/v2\/pages\/3535","targetHints":{"allow":["GET"]}}],"collection":[{"href":"https:\/\/agora.xtec.cat\/ceipmiravet\/wp-json\/wp\/v2\/pages"}],"about":[{"href":"https:\/\/agora.xtec.cat\/ceipmiravet\/wp-json\/wp\/v2\/types\/page"}],"author":[{"embeddable":true,"href":"https:\/\/agora.xtec.cat\/ceipmiravet\/wp-json\/wp\/v2\/users\/1"}],"replies":[{"embeddable":true,"href":"https:\/\/agora.xtec.cat\/ceipmiravet\/wp-json\/wp\/v2\/comments?post=3535"}],"version-history":[{"count":3,"href":"https:\/\/agora.xtec.cat\/ceipmiravet\/wp-json\/wp\/v2\/pages\/3535\/revisions"}],"predecessor-version":[{"id":3572,"href":"https:\/\/agora.xtec.cat\/ceipmiravet\/wp-json\/wp\/v2\/pages\/3535\/revisions\/3572"}],"up":[{"embeddable":true,"href":"https:\/\/agora.xtec.cat\/ceipmiravet\/wp-json\/wp\/v2\/pages\/22"}],"wp:attachment":[{"href":"https:\/\/agora.xtec.cat\/ceipmiravet\/wp-json\/wp\/v2\/media?parent=3535"}],"curies":[{"name":"wp","href":"https:\/\/api.w.org\/{rel}","templated":true}]}}