{"id":2069,"date":"2018-05-04T14:35:03","date_gmt":"2018-05-04T12:35:03","guid":{"rendered":"http:\/\/agora.xtec.cat\/ceipmiravet\/?page_id=2069"},"modified":"2021-12-21T12:23:25","modified_gmt":"2021-12-21T11:23:25","slug":"butlletins-biblio","status":"publish","type":"page","link":"https:\/\/agora.xtec.cat\/ceipmiravet\/butlletins-biblio\/","title":{"rendered":"Butlletins"},"content":{"rendered":"<p>Els butlletins s\u00f3n monogr\u00e0fics amb recomanacions de llibres, enlla\u00e7os, etc relacionats amb temes treballs al centre o esdeveniments propers en aquella \u00e8poca. Els butlletins s&#8217;elaboren a partir del Seminari de Biblioteques de la Ribera d&#8217;Ebre, per aquest motiu els llibres, contes i altres esmenes del butllet\u00ed \u00e9s possible que no els tinguem f\u00edsicament a la biblioteca de l&#8217;Escola.<\/p>\n<p><a href=\"https:\/\/docs.google.com\/viewerng\/viewer?url=http:\/\/agora.xtec.cat\/ceipmiravet\/wp-content\/uploads\/usu529\/2017\/12\/BUTLLETI-1-DESEMBRE-2015.pdf\">Butllet\u00ed n\u00ba1: Desembre 2015<\/a><\/p>\n<p><a href=\"https:\/\/agora.xtec.cat\/ceipmiravet\/wp-content\/uploads\/usu529\/2020\/04\/Butllet\u00edBIBLIOTECAEscolaMiravetAbril2016.pdf\">Butllet\u00ed n\u00ba2: Juny 2016<\/a><\/p>\n<p><a href=\"https:\/\/agora.xtec.cat\/ceipmiravet\/wp-content\/uploads\/usu529\/2017\/12\/ButlletiRecomanem-BIBLIOTECAdesembre2016Miravet.pdf\">Butllet\u00ed n\u00ba3: Desembre 2016<\/a><\/p>\n<p><a href=\"https:\/\/agora.xtec.cat\/ceipmiravet\/wp-content\/uploads\/usu529\/2017\/12\/ButlletiRecomanem-BIBLIOTECAjuny2017-1.pdf\">Butllet\u00ed n\u00ba4: Juny 2017<\/a><\/p>\n<p><a href=\"https:\/\/agora.xtec.cat\/ceipmiravet\/wp-content\/uploads\/usu529\/2020\/04\/5.pdf\">Butllet\u00ed n\u00ba5: Desembre 2017<\/a><\/p>\n<p><a href=\"https:\/\/agora.xtec.cat\/ceipmiravet\/wp-content\/uploads\/usu529\/2018\/10\/BUTLLET\u00cd-Biblioteca-junyl2018.pdf\">Butllet\u00ed n\u00ba6: Juny 2018<\/a><\/p>\n<p><a href=\"https:\/\/agora.xtec.cat\/ceipmiravet\/wp-content\/uploads\/usu529\/2020\/04\/7.pdf\">Butllet\u00ed n\u00ba7: Juny 2019<\/a><\/p>\n<p><a href=\"https:\/\/agora.xtec.cat\/ceipmiravet\/wp-content\/uploads\/usu529\/2020\/04\/BUTLLET\u00cd-Biblioteca-abril-2020-miravet.pdf\">Butllet\u00ed n\u00ba9. Abril 2020 (especial confinament)<\/a><\/p>\n<p><a href=\"https:\/\/agora.xtec.cat\/ceipmiravet\/wp-content\/uploads\/usu529\/2020\/12\/BUTLLET\u00cd-Biblioteca-nadal-2020.pdf\">Butllet\u00ed n10. Desembre 2020<\/a><\/p>\n<p><a href=\"https:\/\/sites.google.com\/xtec.cat\/bancderecursos\/p%C3%A0gina-principal\">Butllet\u00ed n\u00ba11. Digital &#8211; Desembre 2021<\/a><\/p>\n","protected":false},"excerpt":{"rendered":"<p>Els butlletins s\u00f3n monogr\u00e0fics amb recomanacions de llibres, enlla\u00e7os, etc relacionats amb temes treballs al centre o esdeveniments propers en aquella \u00e8poca. Els butlletins s&#8217;elaboren a partir del Seminari de Biblioteques de la Ribera d&#8217;Ebre, per aquest motiu els llibres, contes i altres esmenes del butllet\u00ed \u00e9s possible que no els tinguem f\u00edsicament a la [&hellip;]<\/p>\n","protected":false},"author":1,"featured_media":0,"parent":0,"menu_order":1,"comment_status":"closed","ping_status":"closed","template":"","meta":{"_bbp_topic_count":0,"_bbp_reply_count":0,"_bbp_total_topic_count":0,"_bbp_total_reply_count":0,"_bbp_voice_count":0,"_bbp_anonymous_reply_count":0,"_bbp_topic_count_hidden":0,"_bbp_reply_count_hidden":0,"_bbp_forum_subforum_count":0,"site-sidebar-layout":"default","site-content-layout":"","ast-site-content-layout":"","site-content-style":"default","site-sidebar-style":"default","ast-global-header-display":"","ast-banner-title-visibility":"","ast-main-header-display":"","ast-hfb-above-header-display":"","ast-hfb-below-header-display":"","ast-hfb-mobile-header-display":"","site-post-title":"","ast-breadcrumbs-content":"","ast-featured-img":"","footer-sml-layout":"","theme-transparent-header-meta":"","adv-header-id-meta":"","stick-header-meta":"","header-above-stick-meta":"","header-main-stick-meta":"","header-below-stick-meta":"","astra-migrate-meta-layouts":"default","ast-page-background-enabled":"default","ast-page-background-meta":{"desktop":{"background-color":"var(--ast-global-color-4)","background-image":"","background-repeat":"repeat","background-position":"center center","background-size":"auto","background-attachment":"scroll","background-type":"","background-media":"","overlay-type":"","overlay-color":"","overlay-opacity":"","overlay-gradient":""},"tablet":{"background-color":"","background-image":"","background-repeat":"repeat","background-position":"center center","background-size":"auto","background-attachment":"scroll","background-type":"","background-media":"","overlay-type":"","overlay-color":"","overlay-opacity":"","overlay-gradient":""},"mobile":{"background-color":"","background-image":"","background-repeat":"repeat","background-position":"center center","background-size":"auto","background-attachment":"scroll","background-type":"","background-media":"","overlay-type":"","overlay-color":"","overlay-opacity":"","overlay-gradient":""}},"ast-content-background-meta":{"desktop":{"background-color":"var(--ast-global-color-5)","background-image":"","background-repeat":"repeat","background-position":"center center","background-size":"auto","background-attachment":"scroll","background-type":"","background-media":"","overlay-type":"","overlay-color":"","overlay-opacity":"","overlay-gradient":""},"tablet":{"background-color":"var(--ast-global-color-5)","background-image":"","background-repeat":"repeat","background-position":"center center","background-size":"auto","background-attachment":"scroll","background-type":"","background-media":"","overlay-type":"","overlay-color":"","overlay-opacity":"","overlay-gradient":""},"mobile":{"background-color":"var(--ast-global-color-5)","background-image":"","background-repeat":"repeat","background-position":"center center","background-size":"auto","background-attachment":"scroll","background-type":"","background-media":"","overlay-type":"","overlay-color":"","overlay-opacity":"","overlay-gradient":""}},"footnotes":""},"class_list":["post-2069","page","type-page","status-publish","hentry"],"post_mailing_queue_ids":[],"_links":{"self":[{"href":"https:\/\/agora.xtec.cat\/ceipmiravet\/wp-json\/wp\/v2\/pages\/2069","targetHints":{"allow":["GET"]}}],"collection":[{"href":"https:\/\/agora.xtec.cat\/ceipmiravet\/wp-json\/wp\/v2\/pages"}],"about":[{"href":"https:\/\/agora.xtec.cat\/ceipmiravet\/wp-json\/wp\/v2\/types\/page"}],"author":[{"embeddable":true,"href":"https:\/\/agora.xtec.cat\/ceipmiravet\/wp-json\/wp\/v2\/users\/1"}],"replies":[{"embeddable":true,"href":"https:\/\/agora.xtec.cat\/ceipmiravet\/wp-json\/wp\/v2\/comments?post=2069"}],"version-history":[{"count":3,"href":"https:\/\/agora.xtec.cat\/ceipmiravet\/wp-json\/wp\/v2\/pages\/2069\/revisions"}],"predecessor-version":[{"id":4394,"href":"https:\/\/agora.xtec.cat\/ceipmiravet\/wp-json\/wp\/v2\/pages\/2069\/revisions\/4394"}],"wp:attachment":[{"href":"https:\/\/agora.xtec.cat\/ceipmiravet\/wp-json\/wp\/v2\/media?parent=2069"}],"curies":[{"name":"wp","href":"https:\/\/api.w.org\/{rel}","templated":true}]}}