{"id":2065,"date":"2018-05-04T14:20:59","date_gmt":"2018-05-04T12:20:59","guid":{"rendered":"http:\/\/agora.xtec.cat\/ceipmiravet\/?page_id=2065"},"modified":"2019-05-28T16:00:24","modified_gmt":"2019-05-28T14:00:24","slug":"funcionament-biblio","status":"publish","type":"page","link":"https:\/\/agora.xtec.cat\/ceipmiravet\/funcionament-biblio\/","title":{"rendered":"Funcionament"},"content":{"rendered":"<p><strong>ORGANITZACI\u00d3 I CLASSIFICACI\u00d3 DEL FONS DOCUMENTAL:<\/strong><\/p>\n<p>Seguint les directrius del Programa Puntedu del Departament d\u2019Ensenyament i l\u2019assessorament del SE-CRP de la Ribera d\u2019Ebre, el fons documental est\u00e0 organitzat segons aquest ordre:<\/p>\n<ul>\n<li><strong>LLIBRES DE CONEIXEMENTS<\/strong>, per numeraci\u00f3 tem\u00e0tica de la CDU (Classificaci\u00f3 Decimal Universal) adaptada a la biblioteca escolar.\n<ul>\n<li><strong>Am el rac\u00f3 riberenc i de tem\u00e0tica ebrenca<\/strong>.<\/li>\n<\/ul>\n<\/li>\n<li><strong>LLIBRES DE FICCI\u00d3-IMAGINACI\u00d3<\/strong>, segons nivell lector a prim\u00e0ria (I1, I2 i I3) amb gomets de colors. A banda els d\u2019educaci\u00f3 infantil, els c\u00f2mics, els \u00e0lbums il\u00b7lustrats, els contes riberencs\u00a0 i les novetats de literatura infantil i juvenil. En altres estanteries tenim els llibres de poesia, teatre, aix\u00ed com les novel\u00b7les per a m\u00e9s grans.<\/li>\n<li><strong>EXPOSITOR DE REVISTES<\/strong>.<\/li>\n<li><strong>Fons audiovisual.<\/strong><\/li>\n<li><strong> Dos Ordinadors fixes<\/strong>.<\/li>\n<\/ul>\n<p><strong>SERVEIS DE LA BIBLIOTECA ESCOLAR:<\/strong><\/p>\n<p>&#8211; Pr\u00e9stec a totes les aules i alumnes.<\/p>\n<p>&#8211; Horari de consulta i lectura per a tots els cicles.<\/p>\n<p>&#8211; Cat\u00e0leg Epergam en l\u00ednia per a la consulta i cerca dels llibres de la biblioteca.<\/p>\n<p>&#8211; Butllet\u00ed de Biblioteca amb recomanacions per a les fam\u00edlies.<\/p>\n<p>&#8211; Espai a la web del centre destinat a la Biblioteca Escolar amb propostes i recomanacions per a la comunitat educativa. Aix\u00ed com amb el recull d\u2019activitats lectores i exposicions realitzades amb els alumnes: <a href=\"http:\/\/agora.xtec.cat\/ceipmiravet\/lescola\/biblioteca\/\">http:\/\/agora.xtec.cat\/ceipmiravet\/lescola\/biblioteca\/<\/a><\/p>\n<p>I l\u2019enlla\u00e7 a l\u2019entorn de consulta del nostre cat\u00e0leg Epergam.<\/p>\n<p>&#8211; Exposicions de novetats i exposicions tem\u00e0tiques amb presentacions de llibres.<\/p>\n<p>&#8211; Cartellera informativa a l\u2019entrada i a la sala de mestres.<\/p>\n<p>&#8211; Assessorament de lectures per alumnes, professorat i fam\u00edlies.<\/p>\n<p>&#8211; Pautes de formaci\u00f3 d\u2019usuaris de biblioteques.<\/p>\n<p>&#8211; Guia de la biblioteca-tr\u00edptic informatiu.<\/p>\n<p>&#8211; Ordinadors per a la consulta.<\/p>\n<p>&#8211; Dia de portes obertes a les fam\u00edlies.<\/p>\n<p><strong>\u00a0CAT\u00c0LEG EPERGAM:<\/strong><\/p>\n<p>Entorn de consulta del cat\u00e0leg Epergam de l\u2019escola de Miravet:<\/p>\n<p><a href=\"https:\/\/aplicacions.gestioeducativa.gencat.cat\/epergam\/web\/biblioteca.jsp?codi=43005443\" rel=\"attachment wp-att-822\"><img loading=\"lazy\" decoding=\"async\" class=\"alignleft size-medium wp-image-822\" src=\"http:\/\/agora.xtec.cat\/ceipmiravet\/wp-content\/uploads\/usu529\/2017\/02\/EPERGAM-300x205.jpg\" alt=\"epergam\" width=\"300\" height=\"205\" srcset=\"https:\/\/agora.xtec.cat\/ceipmiravet\/wp-content\/uploads\/usu529\/2017\/02\/EPERGAM-300x205.jpg 300w, https:\/\/agora.xtec.cat\/ceipmiravet\/wp-content\/uploads\/usu529\/2017\/02\/EPERGAM.jpg 748w\" sizes=\"auto, (max-width: 300px) 100vw, 300px\" \/><\/a><\/p>\n<p>Entorn p\u00fablic per a consultes, recomanacions i compartir comentaris.<\/p>\n<p>&nbsp;<\/p>\n<p>&nbsp;<\/p>\n<p>&nbsp;<\/p>\n<p>Per a catalogar i gestionar l\u2019Epergam internament:<\/p>\n<p>Entorn de biblioteca per a les persones responsables de catalogar i gestionar el pr\u00e9stec, amb codis privats, d\u2019\u00fas intern del centre.<\/p>\n<p><strong>COORDINACIONS:<\/strong><\/p>\n<ul>\n<li>BIBLIOTECA D\u2019AULA: La biblioteca escolar es nodreix de les aportacions de tots els cicles i a la vegada dinamitza activitats per a totes les aules.<\/li>\n<li>COMISSI\u00d3 DE BIBLIOTECA ESCOLAR: La comissi\u00f3 de biblioteca es reuneix peri\u00f2dicament al llarg del curs per a programar i recollir activitats. A la comissi\u00f3 de biblioteca, a m\u00e9s de la persona responsable de la biblioteca, hi ha un representant de l\u2019equip directiu, dels cicles i el coordinador TAC.<\/li>\n<\/ul>\n<p><a href=\"http:\/\/xtec.gencat.cat\/ca\/projectes\/biblioteca\/puntedu\/funcions\/\">http:\/\/xtec.gencat.cat\/ca\/projectes\/biblioteca\/puntedu\/funcions\/<\/a><\/p>\n<ul>\n<li>BIBLIOTECA DE ZER: Amb la biblioteca de l\u2019escola Antoni Nat de Benissanet, compartim i coordinem activitats lectores, visita d\u2019autors i propostes de lectura per a tots els cicles a nivell de ZER.<\/li>\n<li>BIBLIOTECA P\u00daBLICA COMARCAL DE M\u00f3ra d\u2019Ebre: Amb la Biblioteca P\u00fablica estem en coordinaci\u00f3 i fem difusi\u00f3 d\u2019activitats.<\/li>\n<li>SEMINARI DE BIBLIOTEQUES ESCOLARS DE LA RIBERA D\u2019EBRE: Participaci\u00f3 al seminari de biblioteques des de l\u2019any 2012.<\/li>\n<li>XARXA BIBLIOTEQUES ESCOLARS DEPARTAMENT D\u2019ENSENYAMENT DE LA GENERALITAT DE CATALUNYA: Des del Programa Puntedu i el SE-CRP rebem les directrius i el suport a la biblioteca escolar.<\/li>\n<\/ul>\n<p><strong>ACTIVITATS DESTACADES:<\/strong><\/p>\n<ul>\n<li><strong>APADRINAMENT LECTOR:<\/strong> Des del curs 2013-14 realitzem aquesta activitat intercicles, a partir de la proposta del Seminari de Biblioteques Escolars de la Ribera.<\/li>\n<li><strong>CAB\u00c0S VIATGER: <\/strong>Per a recomanar llibres nostres que viatgen en un cab\u00e0s i rebre llibres recomanats d\u2019altres escoles de la comarca en un bibliocab\u00e0s, sota la coordinaci\u00f3 del Seminari de Biblioteques, per a tots els cicles.<\/li>\n<li><strong>CELEBREM DIADES i TRADICIONS:<\/strong> Dia de la Biblioteca (a l\u2019octubre), Nadal, Dia de la Pau (al gener), Dia de la Poesia (al mar\u00e7), St. Jordi (a l\u2019abril), &#8230; Amb exposicions de llibres a la biblioteca i lectures compartides a nivell de tota l\u2019escola, segons s\u2019acordi en claustre.<\/li>\n<li><strong>BIBLIOPATI:<\/strong> Un dia a la setmana s\u2019obri la biblioteca durant el pati per als alumnes de prim\u00e0ria.<\/li>\n<li><strong>VISITA AUTOR:<\/strong> Dins la literatura infantil es dona a con\u00e8ixer l\u2019obra d\u2019una autor-escriptor i es fan les lectures segons nivell, amb la proposta de visita i col\u00b7loqui directe amb l\u2019autor\/a.<\/li>\n<li><strong>EXPOSICIONS TEM\u00c0TIQUES I PRESENTACIONS DE LLIBRES amb diversitat de lectures.<\/strong><\/li>\n<\/ul>\n","protected":false},"excerpt":{"rendered":"<p>ORGANITZACI\u00d3 I CLASSIFICACI\u00d3 DEL FONS DOCUMENTAL: Seguint les directrius del Programa Puntedu del Departament d\u2019Ensenyament i l\u2019assessorament del SE-CRP de la Ribera d\u2019Ebre, el fons documental est\u00e0 organitzat segons aquest ordre: LLIBRES DE CONEIXEMENTS, per numeraci\u00f3 tem\u00e0tica de la CDU (Classificaci\u00f3 Decimal Universal) adaptada a la biblioteca escolar. Am el rac\u00f3 riberenc i de tem\u00e0tica [&hellip;]<\/p>\n","protected":false},"author":1,"featured_media":0,"parent":0,"menu_order":2,"comment_status":"closed","ping_status":"closed","template":"","meta":{"_bbp_topic_count":0,"_bbp_reply_count":0,"_bbp_total_topic_count":0,"_bbp_total_reply_count":0,"_bbp_voice_count":0,"_bbp_anonymous_reply_count":0,"_bbp_topic_count_hidden":0,"_bbp_reply_count_hidden":0,"_bbp_forum_subforum_count":0,"site-sidebar-layout":"default","site-content-layout":"","ast-site-content-layout":"","site-content-style":"default","site-sidebar-style":"default","ast-global-header-display":"","ast-banner-title-visibility":"","ast-main-header-display":"","ast-hfb-above-header-display":"","ast-hfb-below-header-display":"","ast-hfb-mobile-header-display":"","site-post-title":"","ast-breadcrumbs-content":"","ast-featured-img":"","footer-sml-layout":"","theme-transparent-header-meta":"","adv-header-id-meta":"","stick-header-meta":"","header-above-stick-meta":"","header-main-stick-meta":"","header-below-stick-meta":"","astra-migrate-meta-layouts":"default","ast-page-background-enabled":"default","ast-page-background-meta":{"desktop":{"background-color":"var(--ast-global-color-4)","background-image":"","background-repeat":"repeat","background-position":"center center","background-size":"auto","background-attachment":"scroll","background-type":"","background-media":"","overlay-type":"","overlay-color":"","overlay-opacity":"","overlay-gradient":""},"tablet":{"background-color":"","background-image":"","background-repeat":"repeat","background-position":"center center","background-size":"auto","background-attachment":"scroll","background-type":"","background-media":"","overlay-type":"","overlay-color":"","overlay-opacity":"","overlay-gradient":""},"mobile":{"background-color":"","background-image":"","background-repeat":"repeat","background-position":"center center","background-size":"auto","background-attachment":"scroll","background-type":"","background-media":"","overlay-type":"","overlay-color":"","overlay-opacity":"","overlay-gradient":""}},"ast-content-background-meta":{"desktop":{"background-color":"var(--ast-global-color-5)","background-image":"","background-repeat":"repeat","background-position":"center center","background-size":"auto","background-attachment":"scroll","background-type":"","background-media":"","overlay-type":"","overlay-color":"","overlay-opacity":"","overlay-gradient":""},"tablet":{"background-color":"var(--ast-global-color-5)","background-image":"","background-repeat":"repeat","background-position":"center center","background-size":"auto","background-attachment":"scroll","background-type":"","background-media":"","overlay-type":"","overlay-color":"","overlay-opacity":"","overlay-gradient":""},"mobile":{"background-color":"var(--ast-global-color-5)","background-image":"","background-repeat":"repeat","background-position":"center center","background-size":"auto","background-attachment":"scroll","background-type":"","background-media":"","overlay-type":"","overlay-color":"","overlay-opacity":"","overlay-gradient":""}},"footnotes":""},"class_list":["post-2065","page","type-page","status-publish","hentry"],"post_mailing_queue_ids":[],"_links":{"self":[{"href":"https:\/\/agora.xtec.cat\/ceipmiravet\/wp-json\/wp\/v2\/pages\/2065","targetHints":{"allow":["GET"]}}],"collection":[{"href":"https:\/\/agora.xtec.cat\/ceipmiravet\/wp-json\/wp\/v2\/pages"}],"about":[{"href":"https:\/\/agora.xtec.cat\/ceipmiravet\/wp-json\/wp\/v2\/types\/page"}],"author":[{"embeddable":true,"href":"https:\/\/agora.xtec.cat\/ceipmiravet\/wp-json\/wp\/v2\/users\/1"}],"replies":[{"embeddable":true,"href":"https:\/\/agora.xtec.cat\/ceipmiravet\/wp-json\/wp\/v2\/comments?post=2065"}],"version-history":[{"count":1,"href":"https:\/\/agora.xtec.cat\/ceipmiravet\/wp-json\/wp\/v2\/pages\/2065\/revisions"}],"predecessor-version":[{"id":2066,"href":"https:\/\/agora.xtec.cat\/ceipmiravet\/wp-json\/wp\/v2\/pages\/2065\/revisions\/2066"}],"wp:attachment":[{"href":"https:\/\/agora.xtec.cat\/ceipmiravet\/wp-json\/wp\/v2\/media?parent=2065"}],"curies":[{"name":"wp","href":"https:\/\/api.w.org\/{rel}","templated":true}]}}