{"id":2003,"date":"2018-05-04T12:14:58","date_gmt":"2018-05-04T10:14:58","guid":{"rendered":"http:\/\/agora.xtec.cat\/ceipmiravet\/?page_id=2003"},"modified":"2022-06-23T11:53:01","modified_gmt":"2022-06-23T09:53:01","slug":"oferta-educativa","status":"publish","type":"page","link":"https:\/\/agora.xtec.cat\/ceipmiravet\/lescola\/oferta-educativa\/","title":{"rendered":"Oferta educativa"},"content":{"rendered":"<p style=\"text-align: justify;\">L\u2019escola Roc Llop i Convalia, <strong>ofereix ensenyament p\u00fablic de<\/strong> <strong>Primer cicle d\u2019Educaci\u00f3 Infantil a Educaci\u00f3 Prim\u00e0ria (d&#8217;I1 a 6\u00e8)<\/strong>.<\/p>\n<ul>\n<li>Horari Escolar:\n<ul>\n<li>De 9h a 12:30h i de 15h a 16:30h<\/li>\n<\/ul>\n<\/li>\n<\/ul>\n<p><span style=\"font-family: inherit; font-size: 1em;\">En acabar la prim\u00e0ria, l\u2019alumnat t\u00e9 garantida la continu\u00eftat a Secund\u00e0ria a l&#8217;<\/span><a style=\"font-family: inherit; font-size: 1em;\" href=\"https:\/\/agora.xtec.cat\/iesjulioantonio\/\">Institut Julio Antonio de M\u00f3ra d&#8217;Ebre<\/a><span style=\"font-family: inherit; font-size: 1em;\">.<\/span><\/p>\n<blockquote><p><strong>QUI SOM?<\/strong><\/p>\n<p>Som una escola p\u00fablica rural, que forma part de la\u00a0<a href=\"https:\/\/agora.xtec.cat\/zerbenmir\/\">ZER Benissanet-Miravet<\/a>.<\/p>\n<p>A la nostra escola acollim alumnes de primer cicle (I1 i I2 &#8211; Llar Rural dins del centre) i segon cicle (I3, I4 i I5) d\u2019Educaci\u00f3 Infantil i Prim\u00e0ria (de 1r a 6\u00e8), i estan agrupats per cicles segons disponibilitat d&#8217;agrupaments.<\/p>\n<p>Prioritzem al m\u00e0xim la participaci\u00f3 amb el poble, les entitats i amb l\u2019entorn m\u00e9s proper.<\/p>\n<p>Valorant i aprofitant les oportunitats d\u2019aprenentatge que ens ofereix el nostre entorn divers i canviant.<\/p>\n<p>Comunicaci\u00f3 propera amb la comunitat educativa.<\/p>\n<p><strong>EL NOSTRE PROJECTE<\/strong><\/p>\n<p>Treballem per projectes amb activitats globalitzades i competencials.<\/p>\n<p>Creiem amb el treball manipulatiu, amb la import\u00e0ncia del joc lliure, l\u2019exploraci\u00f3 i el treball en equip, tot potenciant metodologies diverses com els tallers i els racons.<\/p>\n<p>Fomentem la imaginaci\u00f3 i les ganes de descobrir a partir de propostes i reptes.<\/p>\n<p>Practiquem la codoc\u00e8ncia com a eina d\u2019inclusi\u00f3.<\/p>\n<p><em>Seguim diferents Projectes a nivell de ZER:<\/em><\/p><\/blockquote>\n<ul>\n<li><em>Programa Si! a tots els nivells<\/em><\/li>\n<li><em>Trobada de ZER<\/em><\/li>\n<li><em>Angl\u00e8s des de P3<\/em><\/li>\n<li><em>Projecte com\u00fa de pl\u00e0stica de P3 a 6\u00e8<\/em><\/li>\n<li><em>Art &amp; Craft de 3r a 6\u00e8<\/em><\/li>\n<li><em>School to school a CS<\/em><\/li>\n<li><em>Escola Verda<\/em><\/li>\n<li><em>Pla de Biblioteca<\/em><\/li>\n<li><em>Participaci\u00f3 a la mostra de Teatre de la Ribera d\u2019Ebre<\/em><\/li>\n<li><em>Programa escolar de Fruita i Llet<\/em><\/li>\n<li>Suport Vital B\u00e0sic de P3 a 6\u00e8<\/li>\n<li><em>Inspira STEAM\u00a0 a CS<\/em><\/li>\n<\/ul>\n<blockquote><p><strong>A M\u00c9S A M\u00c9S\u2026<\/strong><\/p>\n<p>Disposem de servei de menjador, i gratu\u00eftat de llibres escolars per part de l\u2019<a href=\"http:\/\/www.miravet.cat\/\">Ajuntament de Miravet<\/a>.<\/p>\n<p>Fem sortides trimestrals.<\/p>\n<p>Hi ha activitats extraescolars en funci\u00f3 de l\u2019oferta i la demanda gestionades i organitzades per <a href=\"https:\/\/agora.xtec.cat\/ceipmiravet\/categoria\/ampa\/\">l&#8217;AMPA Roc Llop i Convalia<\/a>.<\/p><\/blockquote>\n","protected":false},"excerpt":{"rendered":"<p>L\u2019escola Roc Llop i Convalia, ofereix ensenyament p\u00fablic de Primer cicle d\u2019Educaci\u00f3 Infantil a Educaci\u00f3 Prim\u00e0ria (d&#8217;I1 a 6\u00e8). Horari Escolar: De 9h a 12:30h i de 15h a 16:30h En acabar la prim\u00e0ria, l\u2019alumnat t\u00e9 garantida la continu\u00eftat a Secund\u00e0ria a l&#8217;Institut Julio Antonio de M\u00f3ra d&#8217;Ebre. QUI SOM? Som una escola p\u00fablica rural, [&hellip;]<\/p>\n","protected":false},"author":1,"featured_media":0,"parent":22,"menu_order":7,"comment_status":"closed","ping_status":"closed","template":"page-templates\/side-menu.php","meta":{"_bbp_topic_count":0,"_bbp_reply_count":0,"_bbp_total_topic_count":0,"_bbp_total_reply_count":0,"_bbp_voice_count":0,"_bbp_anonymous_reply_count":0,"_bbp_topic_count_hidden":0,"_bbp_reply_count_hidden":0,"_bbp_forum_subforum_count":0,"site-sidebar-layout":"default","site-content-layout":"","ast-site-content-layout":"","site-content-style":"default","site-sidebar-style":"default","ast-global-header-display":"","ast-banner-title-visibility":"","ast-main-header-display":"","ast-hfb-above-header-display":"","ast-hfb-below-header-display":"","ast-hfb-mobile-header-display":"","site-post-title":"","ast-breadcrumbs-content":"","ast-featured-img":"","footer-sml-layout":"","theme-transparent-header-meta":"","adv-header-id-meta":"","stick-header-meta":"","header-above-stick-meta":"","header-main-stick-meta":"","header-below-stick-meta":"","astra-migrate-meta-layouts":"default","ast-page-background-enabled":"default","ast-page-background-meta":{"desktop":{"background-color":"var(--ast-global-color-4)","background-image":"","background-repeat":"repeat","background-position":"center center","background-size":"auto","background-attachment":"scroll","background-type":"","background-media":"","overlay-type":"","overlay-color":"","overlay-opacity":"","overlay-gradient":""},"tablet":{"background-color":"","background-image":"","background-repeat":"repeat","background-position":"center center","background-size":"auto","background-attachment":"scroll","background-type":"","background-media":"","overlay-type":"","overlay-color":"","overlay-opacity":"","overlay-gradient":""},"mobile":{"background-color":"","background-image":"","background-repeat":"repeat","background-position":"center center","background-size":"auto","background-attachment":"scroll","background-type":"","background-media":"","overlay-type":"","overlay-color":"","overlay-opacity":"","overlay-gradient":""}},"ast-content-background-meta":{"desktop":{"background-color":"var(--ast-global-color-5)","background-image":"","background-repeat":"repeat","background-position":"center center","background-size":"auto","background-attachment":"scroll","background-type":"","background-media":"","overlay-type":"","overlay-color":"","overlay-opacity":"","overlay-gradient":""},"tablet":{"background-color":"var(--ast-global-color-5)","background-image":"","background-repeat":"repeat","background-position":"center center","background-size":"auto","background-attachment":"scroll","background-type":"","background-media":"","overlay-type":"","overlay-color":"","overlay-opacity":"","overlay-gradient":""},"mobile":{"background-color":"var(--ast-global-color-5)","background-image":"","background-repeat":"repeat","background-position":"center center","background-size":"auto","background-attachment":"scroll","background-type":"","background-media":"","overlay-type":"","overlay-color":"","overlay-opacity":"","overlay-gradient":""}},"footnotes":""},"class_list":["post-2003","page","type-page","status-publish","hentry"],"post_mailing_queue_ids":[],"_links":{"self":[{"href":"https:\/\/agora.xtec.cat\/ceipmiravet\/wp-json\/wp\/v2\/pages\/2003","targetHints":{"allow":["GET"]}}],"collection":[{"href":"https:\/\/agora.xtec.cat\/ceipmiravet\/wp-json\/wp\/v2\/pages"}],"about":[{"href":"https:\/\/agora.xtec.cat\/ceipmiravet\/wp-json\/wp\/v2\/types\/page"}],"author":[{"embeddable":true,"href":"https:\/\/agora.xtec.cat\/ceipmiravet\/wp-json\/wp\/v2\/users\/1"}],"replies":[{"embeddable":true,"href":"https:\/\/agora.xtec.cat\/ceipmiravet\/wp-json\/wp\/v2\/comments?post=2003"}],"version-history":[{"count":3,"href":"https:\/\/agora.xtec.cat\/ceipmiravet\/wp-json\/wp\/v2\/pages\/2003\/revisions"}],"predecessor-version":[{"id":4707,"href":"https:\/\/agora.xtec.cat\/ceipmiravet\/wp-json\/wp\/v2\/pages\/2003\/revisions\/4707"}],"up":[{"embeddable":true,"href":"https:\/\/agora.xtec.cat\/ceipmiravet\/wp-json\/wp\/v2\/pages\/22"}],"wp:attachment":[{"href":"https:\/\/agora.xtec.cat\/ceipmiravet\/wp-json\/wp\/v2\/media?parent=2003"}],"curies":[{"name":"wp","href":"https:\/\/api.w.org\/{rel}","templated":true}]}}