{"id":8411,"date":"2023-02-06T21:06:37","date_gmt":"2023-02-06T20:06:37","guid":{"rendered":"https:\/\/agora.xtec.cat\/ceipmiquelgranell\/?page_id=8411"},"modified":"2025-01-16T09:20:02","modified_gmt":"2025-01-16T08:20:02","slug":"internet-segura","status":"publish","type":"page","link":"https:\/\/agora.xtec.cat\/ceipmiquelgranell\/recursos-digital\/internet-segura\/","title":{"rendered":"Internet Segura"},"content":{"rendered":"\n<p>Compartim amb vosaltres un espai amb <strong>recursos i enlla\u00e7os per treballar i reflexionar sobre l&#8217;\u00fas segur de les xarxes socials i de les eines digitals<\/strong>. La <strong>diada per la Internet Segura se celebra el dia 7 de febrer<\/strong>. Cada dia \u00e9s m\u00e9s important tenir cura de les nostres accions a la xarxa i parar atenci\u00f3 a la nostra petjada digital.<\/p>\n\n\n\n<p>Aqu\u00ed teniu un seguit d&#8217;enlla\u00e7os interessants:<\/p>\n\n\n\n<h3 class=\"wp-block-heading has-text-align-center\"><a href=\"https:\/\/internetsegura.cat\/definicio-projecte\/dia-internet-segura\/\"><span style=\"color: #0000ff;\"><strong>Internetsegura.cat<\/strong><\/span><\/a><\/h3>\n\n\n\n<figure class=\"wp-block-image aligncenter size-large\"><a href=\"https:\/\/internetsegura.cat\/definicio-projecte\/dia-internet-segura\/\"><img decoding=\"async\" src=\"https:\/\/encrypted-tbn0.gstatic.com\/images?q=tbn:ANd9GcSfHwWawfaKxfFSIoJBwiOF6mugLp_3xm9LAw&amp;s\" alt=\"\"\/><\/a><\/figure>\n\n\n\n<h3 class=\"wp-block-heading has-text-align-center\"><a href=\"https:\/\/apdcat.gencat.cat\/ca\/sala_de_premsa\/notes_premsa\/noticia\/Un-viaje-emocionante\"><span style=\"color: #0000ff;\"><strong>Autoritat Catalana de Protecci\u00f3 de Dades <\/strong><em>(conte)<\/em><\/span><\/a><\/h3>\n\n\n\n<figure class=\"wp-block-image aligncenter is-resized\"><a href=\"https:\/\/apdcat.gencat.cat\/ca\/sala_de_premsa\/notes_premsa\/noticia\/Un-viaje-emocionante\"><img decoding=\"async\" src=\"https:\/\/apdcat.gencat.cat\/web\/.content\/04-actualitat\/noticies\/imatges\/ContedelaJana_web.png_1211193648.png\" alt=\"\" style=\"width:415px;height:auto\"\/><\/a><\/figure>\n\n\n\n<h3 class=\"wp-block-heading has-text-align-center\"><a href=\"https:\/\/issuu.com\/generacionesinteractivas\/docs\/digiduck_spanish_online_hires\"><strong><span style=\"color: #0000ff;\">La gran decisi\u00f3n de Digipato<\/span><\/strong><\/a><\/h3>\n\n\n\n<figure class=\"wp-block-image aligncenter size-large is-resized\"><a href=\"https:\/\/www.guiainfantil.com\/ocio\/cuentos-infantiles\/dora-cuento-para-ninos-sobre-el-uso-seguro-de-las-redes-sociales\/\"><img decoding=\"async\" src=\"https:\/\/encrypted-tbn0.gstatic.com\/images?q=tbn:ANd9GcRklQMmpOUy5VlON4y7mejnCmeNGnv_-JxS9A&amp;s\" alt=\"\" style=\"width:230px;height:auto\"\/><\/a><\/figure>\n\n\n\n<h3 class=\"wp-block-heading alignwide has-text-align-center\"><a href=\"https:\/\/internetsegura.cat\/families\/relats-ciberseguretat\/?doing_wp_cron=1674634134.8223490715026855468750\"><strong><span style=\"color: #0000ff;\">Fam\u00edlies assegurant els menors a Internet <em>(Relats sobre ciberseguretat)<\/em><\/span><\/strong><\/a><\/h3>\n\n\n\n<figure class=\"wp-block-image aligncenter size-large is-resized\"><a href=\"https:\/\/www.guiainfantil.com\/ocio\/cuentos-infantiles\/dora-cuento-para-ninos-sobre-el-uso-seguro-de-las-redes-sociales\/\"><img decoding=\"async\" src=\"https:\/\/totnens.cat\/wp-content\/uploads\/2020\/08\/ciberseguretat-infantil-5-contes-per-reflexionar-hi-01.jpg\" alt=\"\" style=\"width:332px;height:auto\"\/><\/a><\/figure>\n\n\n\n<h3 class=\"wp-block-heading has-text-align-center\"><a href=\"https:\/\/www.guiainfantil.com\/ocio\/cuentos-infantiles\/dora-cuento-para-ninos-sobre-el-uso-seguro-de-las-redes-sociales\/\"><span style=\"color: #0000ff;\"><strong>Dora. Cuento para ni\u00f1os sobre el uso seguro de las redes sociales<\/strong><\/span><\/a><\/h3>\n\n\n\n<figure class=\"wp-block-image aligncenter is-resized\"><a href=\"https:\/\/www.guiainfantil.com\/ocio\/cuentos-infantiles\/dora-cuento-para-ninos-sobre-el-uso-seguro-de-las-redes-sociales\/\"><img decoding=\"async\" src=\"https:\/\/static.guiainfantil.com\/media\/27569\/cuento-redes-sociales-ninos.jpg\" alt=\"\" style=\"width:394px;height:auto\"\/><\/a><\/figure>\n\n\n\n<h3 class=\"wp-block-heading has-text-align-center\"><a href=\"https:\/\/www.youtube.com\/watch?v=l49UfgAnuRw\"><span style=\"color: #0000ff;\"><strong>Caperucita Roja 2.0<\/strong><\/span><\/a><\/h3>\n\n\n\n<figure class=\"wp-block-image aligncenter is-resized\"><a href=\"https:\/\/www.youtube.com\/watch?v=l49UfgAnuRw\"><img decoding=\"async\" src=\"https:\/\/static.guiainfantil.com\/uploads\/ocio\/caperucitarima-p.jpg\" alt=\"\" style=\"width:485px;height:auto\"\/><\/a><\/figure>\n\n\n\n<h3 class=\"wp-block-heading has-text-align-center\"><a href=\"https:\/\/edu365.cat\/internetsegura\/index.html\"><span style=\"color: #0000ff;\"><strong>Secci\u00f3 d&#8217;Internet Segura &#8211; Edu365.cat<\/strong><\/span><\/a><\/h3>\n\n\n\n<figure class=\"wp-block-image aligncenter\"><a href=\"https:\/\/edu365.cat\/internetsegura\/index.html\"><img decoding=\"async\" src=\"http:\/\/www.edu365.cat\/img\/edu_logo.png\" alt=\"\"\/><\/a><\/figure>\n","protected":false},"excerpt":{"rendered":"<p>Compartim amb vosaltres un espai amb recursos i enlla\u00e7os per treballar i reflexionar sobre l&#8217;\u00fas segur de les xarxes socials [&hellip;]<\/p>\n","protected":false},"author":1,"featured_media":0,"parent":6080,"menu_order":0,"comment_status":"closed","ping_status":"closed","template":"","meta":{"_bbp_topic_count":0,"_bbp_reply_count":0,"_bbp_total_topic_count":0,"_bbp_total_reply_count":0,"_bbp_voice_count":0,"_bbp_anonymous_reply_count":0,"_bbp_topic_count_hidden":0,"_bbp_reply_count_hidden":0,"_bbp_forum_subforum_count":0,"site-sidebar-layout":"default","site-content-layout":"","ast-site-content-layout":"default","site-content-style":"default","site-sidebar-style":"default","ast-global-header-display":"","ast-banner-title-visibility":"","ast-main-header-display":"","ast-hfb-above-header-display":"","ast-hfb-below-header-display":"","ast-hfb-mobile-header-display":"","site-post-title":"","ast-breadcrumbs-content":"","ast-featured-img":"","footer-sml-layout":"","theme-transparent-header-meta":"","adv-header-id-meta":"","stick-header-meta":"","header-above-stick-meta":"","header-main-stick-meta":"","header-below-stick-meta":"","astra-migrate-meta-layouts":"set","ast-page-background-enabled":"default","ast-page-background-meta":{"desktop":{"background-color":"var(--ast-global-color-4)","background-image":"","background-repeat":"repeat","background-position":"center center","background-size":"auto","background-attachment":"scroll","background-type":"","background-media":"","overlay-type":"","overlay-color":"","overlay-opacity":"","overlay-gradient":""},"tablet":{"background-color":"","background-image":"","background-repeat":"repeat","background-position":"center center","background-size":"auto","background-attachment":"scroll","background-type":"","background-media":"","overlay-type":"","overlay-color":"","overlay-opacity":"","overlay-gradient":""},"mobile":{"background-color":"","background-image":"","background-repeat":"repeat","background-position":"center center","background-size":"auto","background-attachment":"scroll","background-type":"","background-media":"","overlay-type":"","overlay-color":"","overlay-opacity":"","overlay-gradient":""}},"ast-content-background-meta":{"desktop":{"background-color":"var(--ast-global-color-5)","background-image":"","background-repeat":"repeat","background-position":"center center","background-size":"auto","background-attachment":"scroll","background-type":"","background-media":"","overlay-type":"","overlay-color":"","overlay-opacity":"","overlay-gradient":""},"tablet":{"background-color":"var(--ast-global-color-5)","background-image":"","background-repeat":"repeat","background-position":"center center","background-size":"auto","background-attachment":"scroll","background-type":"","background-media":"","overlay-type":"","overlay-color":"","overlay-opacity":"","overlay-gradient":""},"mobile":{"background-color":"var(--ast-global-color-5)","background-image":"","background-repeat":"repeat","background-position":"center center","background-size":"auto","background-attachment":"scroll","background-type":"","background-media":"","overlay-type":"","overlay-color":"","overlay-opacity":"","overlay-gradient":""}},"footnotes":""},"class_list":["post-8411","page","type-page","status-publish","hentry"],"post_mailing_queue_ids":[],"_links":{"self":[{"href":"https:\/\/agora.xtec.cat\/ceipmiquelgranell\/wp-json\/wp\/v2\/pages\/8411","targetHints":{"allow":["GET"]}}],"collection":[{"href":"https:\/\/agora.xtec.cat\/ceipmiquelgranell\/wp-json\/wp\/v2\/pages"}],"about":[{"href":"https:\/\/agora.xtec.cat\/ceipmiquelgranell\/wp-json\/wp\/v2\/types\/page"}],"author":[{"embeddable":true,"href":"https:\/\/agora.xtec.cat\/ceipmiquelgranell\/wp-json\/wp\/v2\/users\/1"}],"replies":[{"embeddable":true,"href":"https:\/\/agora.xtec.cat\/ceipmiquelgranell\/wp-json\/wp\/v2\/comments?post=8411"}],"version-history":[{"count":2,"href":"https:\/\/agora.xtec.cat\/ceipmiquelgranell\/wp-json\/wp\/v2\/pages\/8411\/revisions"}],"predecessor-version":[{"id":9619,"href":"https:\/\/agora.xtec.cat\/ceipmiquelgranell\/wp-json\/wp\/v2\/pages\/8411\/revisions\/9619"}],"up":[{"embeddable":true,"href":"https:\/\/agora.xtec.cat\/ceipmiquelgranell\/wp-json\/wp\/v2\/pages\/6080"}],"wp:attachment":[{"href":"https:\/\/agora.xtec.cat\/ceipmiquelgranell\/wp-json\/wp\/v2\/media?parent=8411"}],"curies":[{"name":"wp","href":"https:\/\/api.w.org\/{rel}","templated":true}]}}