{"id":84,"date":"2023-09-15T09:00:31","date_gmt":"2023-09-15T07:00:31","guid":{"rendered":"http:\/\/agora.xtec.cat\/ceipmiquelgranell\/?page_id=84"},"modified":"2025-09-18T09:15:27","modified_gmt":"2025-09-18T07:15:27","slug":"activitats-extraescolars","status":"publish","type":"page","link":"https:\/\/agora.xtec.cat\/ceipmiquelgranell\/afa\/activitats-extraescolars\/","title":{"rendered":"Activitats extraescolars"},"content":{"rendered":"\n<h2 class=\"wp-block-heading has-text-align-center has-luminous-vivid-amber-background-color has-background has-large-font-size\"><span style=\"color: #0000ff;\"><strong>HORARI<\/strong><\/span><\/h2>\n\n\n\n<figure class=\"wp-block-image size-large is-resized\"><a href=\"https:\/\/agora.xtec.cat\/ceipmiquelgranell\/wp-content\/uploads\/usu1467\/2025\/09\/WhatsApp-Image-2025-09-18-at-08.47.51.jpeg\"><img loading=\"lazy\" decoding=\"async\" width=\"950\" height=\"939\" src=\"https:\/\/agora.xtec.cat\/ceipmiquelgranell\/wp-content\/uploads\/usu1467\/2025\/09\/WhatsApp-Image-2025-09-18-at-08.47.51-950x939.jpeg\" alt=\"\" class=\"wp-image-9900\" style=\"width:991px;height:auto\" srcset=\"https:\/\/agora.xtec.cat\/ceipmiquelgranell\/wp-content\/uploads\/usu1467\/2025\/09\/WhatsApp-Image-2025-09-18-at-08.47.51-950x939.jpeg 950w, https:\/\/agora.xtec.cat\/ceipmiquelgranell\/wp-content\/uploads\/usu1467\/2025\/09\/WhatsApp-Image-2025-09-18-at-08.47.51-400x395.jpeg 400w, https:\/\/agora.xtec.cat\/ceipmiquelgranell\/wp-content\/uploads\/usu1467\/2025\/09\/WhatsApp-Image-2025-09-18-at-08.47.51-768x759.jpeg 768w, https:\/\/agora.xtec.cat\/ceipmiquelgranell\/wp-content\/uploads\/usu1467\/2025\/09\/WhatsApp-Image-2025-09-18-at-08.47.51.jpeg 1240w\" sizes=\"auto, (max-width: 950px) 100vw, 950px\" \/><\/a><\/figure>\n\n\n\n<h2 class=\"wp-block-heading alignfull has-text-align-center\"><\/h2>\n\n\n\n<h3 class=\"wp-block-heading has-text-align-center\"><strong><span style=\"color: #0000ff;\">Cliqueu a la imatge per poder ampliar-la.<\/span><\/strong><\/h3>\n\n\n\n<h2 class=\"wp-block-heading has-text-align-center\"><strong><span style=\"text-decoration: underline; background-color: #ffff00; font-size: 24pt;\"><a href=\"https:\/\/agora.xtec.cat\/ceipmiquelgranell\/wp-content\/uploads\/usu1467\/2025\/09\/Extraescolars-25-26-.docx.pdf\">&#8211;&gt; TOTA LA INFORMACI\u00d3 DE LES ACTIVITATS<\/a><a style=\"background-color: #ffff00;\" href=\"https:\/\/drive.google.com\/file\/d\/1dapZXfLxmUxcWAy7SOqQho5jYwxsEn04\/view?usp=sharing\">&nbsp;&lt;&#8211;<\/a><\/span><\/strong><\/h2>\n\n\n\n<p class=\"has-text-align-center\"><em>(cliqueu al t\u00edtol anterior o al cartell posterior per accedir a tota la informaci\u00f3, descripci\u00f3 i detalls de totes les activitats)<\/em><\/p>\n\n\n\n<h4 class=\"wp-block-heading has-text-align-center\"><mark><a href=\"https:\/\/agora.xtec.cat\/ceipmiquelgranell\/wp-content\/uploads\/usu1467\/2025\/01\/Captura-de-pantalla-2025-01-22-125240.png\" data-type=\"link\" data-id=\"https:\/\/agora.xtec.cat\/ceipmiquelgranell\/wp-content\/uploads\/usu1467\/2025\/01\/Captura-de-pantalla-2025-01-22-125240.png\"><em>Informaci\u00f3 sobre la supressi\u00f3 d&#8217;una de les activitats i nova incorporaci\u00f3 a partir d&#8217;aquest trimestre.<\/em><\/a><\/mark><\/h4>\n\n\n\n<figure class=\"wp-block-image aligncenter size-medium is-resized\"><img loading=\"lazy\" decoding=\"async\" width=\"235\" height=\"400\" src=\"https:\/\/agora.xtec.cat\/ceipmiquelgranell\/wp-content\/uploads\/usu1467\/2025\/01\/cartell-Hoquei-patins-2025-235x400.jpeg\" alt=\"nova extraescolar hoquei patins afa\" class=\"wp-image-9638\" style=\"width:431px;height:auto\" srcset=\"https:\/\/agora.xtec.cat\/ceipmiquelgranell\/wp-content\/uploads\/usu1467\/2025\/01\/cartell-Hoquei-patins-2025-235x400.jpeg 235w, https:\/\/agora.xtec.cat\/ceipmiquelgranell\/wp-content\/uploads\/usu1467\/2025\/01\/cartell-Hoquei-patins-2025-558x950.jpeg 558w, https:\/\/agora.xtec.cat\/ceipmiquelgranell\/wp-content\/uploads\/usu1467\/2025\/01\/cartell-Hoquei-patins-2025-768x1307.jpeg 768w, https:\/\/agora.xtec.cat\/ceipmiquelgranell\/wp-content\/uploads\/usu1467\/2025\/01\/cartell-Hoquei-patins-2025.jpeg 787w\" sizes=\"auto, (max-width: 235px) 100vw, 235px\" \/><\/figure>\n\n\n\n<figure class=\"wp-block-image aligncenter size-medium is-resized\"><img loading=\"lazy\" decoding=\"async\" width=\"283\" height=\"400\" src=\"https:\/\/agora.xtec.cat\/ceipmiquelgranell\/wp-content\/uploads\/usu1467\/2025\/09\/Cartell-extraescolars-25-26-283x400.jpeg\" alt=\"\" class=\"wp-image-9887\" style=\"width:425px;height:auto\" srcset=\"https:\/\/agora.xtec.cat\/ceipmiquelgranell\/wp-content\/uploads\/usu1467\/2025\/09\/Cartell-extraescolars-25-26-283x400.jpeg 283w, https:\/\/agora.xtec.cat\/ceipmiquelgranell\/wp-content\/uploads\/usu1467\/2025\/09\/Cartell-extraescolars-25-26-672x950.jpeg 672w, https:\/\/agora.xtec.cat\/ceipmiquelgranell\/wp-content\/uploads\/usu1467\/2025\/09\/Cartell-extraescolars-25-26-768x1086.jpeg 768w, https:\/\/agora.xtec.cat\/ceipmiquelgranell\/wp-content\/uploads\/usu1467\/2025\/09\/Cartell-extraescolars-25-26-1086x1536.jpeg 1086w, https:\/\/agora.xtec.cat\/ceipmiquelgranell\/wp-content\/uploads\/usu1467\/2025\/09\/Cartell-extraescolars-25-26.jpeg 1131w\" sizes=\"auto, (max-width: 283px) 100vw, 283px\" \/><\/figure>\n","protected":false},"excerpt":{"rendered":"<p>HORARI Cliqueu a la imatge per poder ampliar-la. &#8211;&gt; TOTA LA INFORMACI\u00d3 DE LES ACTIVITATS&nbsp;&lt;&#8211; (cliqueu al t\u00edtol anterior o [&hellip;]<\/p>\n","protected":false},"author":1,"featured_media":0,"parent":66,"menu_order":60,"comment_status":"closed","ping_status":"closed","template":"","meta":{"_bbp_topic_count":0,"_bbp_reply_count":0,"_bbp_total_topic_count":0,"_bbp_total_reply_count":0,"_bbp_voice_count":0,"_bbp_anonymous_reply_count":0,"_bbp_topic_count_hidden":0,"_bbp_reply_count_hidden":0,"_bbp_forum_subforum_count":0,"site-sidebar-layout":"default","site-content-layout":"","ast-site-content-layout":"default","site-content-style":"default","site-sidebar-style":"default","ast-global-header-display":"","ast-banner-title-visibility":"","ast-main-header-display":"","ast-hfb-above-header-display":"","ast-hfb-below-header-display":"","ast-hfb-mobile-header-display":"","site-post-title":"","ast-breadcrumbs-content":"","ast-featured-img":"","footer-sml-layout":"","theme-transparent-header-meta":"","adv-header-id-meta":"","stick-header-meta":"","header-above-stick-meta":"","header-main-stick-meta":"","header-below-stick-meta":"","astra-migrate-meta-layouts":"set","ast-page-background-enabled":"default","ast-page-background-meta":{"desktop":{"background-color":"var(--ast-global-color-4)","background-image":"","background-repeat":"repeat","background-position":"center center","background-size":"auto","background-attachment":"scroll","background-type":"","background-media":"","overlay-type":"","overlay-color":"","overlay-opacity":"","overlay-gradient":""},"tablet":{"background-color":"","background-image":"","background-repeat":"repeat","background-position":"center center","background-size":"auto","background-attachment":"scroll","background-type":"","background-media":"","overlay-type":"","overlay-color":"","overlay-opacity":"","overlay-gradient":""},"mobile":{"background-color":"","background-image":"","background-repeat":"repeat","background-position":"center center","background-size":"auto","background-attachment":"scroll","background-type":"","background-media":"","overlay-type":"","overlay-color":"","overlay-opacity":"","overlay-gradient":""}},"ast-content-background-meta":{"desktop":{"background-color":"var(--ast-global-color-5)","background-image":"","background-repeat":"repeat","background-position":"center center","background-size":"auto","background-attachment":"scroll","background-type":"","background-media":"","overlay-type":"","overlay-color":"","overlay-opacity":"","overlay-gradient":""},"tablet":{"background-color":"var(--ast-global-color-5)","background-image":"","background-repeat":"repeat","background-position":"center center","background-size":"auto","background-attachment":"scroll","background-type":"","background-media":"","overlay-type":"","overlay-color":"","overlay-opacity":"","overlay-gradient":""},"mobile":{"background-color":"var(--ast-global-color-5)","background-image":"","background-repeat":"repeat","background-position":"center center","background-size":"auto","background-attachment":"scroll","background-type":"","background-media":"","overlay-type":"","overlay-color":"","overlay-opacity":"","overlay-gradient":""}},"footnotes":""},"class_list":["post-84","page","type-page","status-publish","hentry"],"post_mailing_queue_ids":[],"_links":{"self":[{"href":"https:\/\/agora.xtec.cat\/ceipmiquelgranell\/wp-json\/wp\/v2\/pages\/84","targetHints":{"allow":["GET"]}}],"collection":[{"href":"https:\/\/agora.xtec.cat\/ceipmiquelgranell\/wp-json\/wp\/v2\/pages"}],"about":[{"href":"https:\/\/agora.xtec.cat\/ceipmiquelgranell\/wp-json\/wp\/v2\/types\/page"}],"author":[{"embeddable":true,"href":"https:\/\/agora.xtec.cat\/ceipmiquelgranell\/wp-json\/wp\/v2\/users\/1"}],"replies":[{"embeddable":true,"href":"https:\/\/agora.xtec.cat\/ceipmiquelgranell\/wp-json\/wp\/v2\/comments?post=84"}],"version-history":[{"count":5,"href":"https:\/\/agora.xtec.cat\/ceipmiquelgranell\/wp-json\/wp\/v2\/pages\/84\/revisions"}],"predecessor-version":[{"id":9902,"href":"https:\/\/agora.xtec.cat\/ceipmiquelgranell\/wp-json\/wp\/v2\/pages\/84\/revisions\/9902"}],"up":[{"embeddable":true,"href":"https:\/\/agora.xtec.cat\/ceipmiquelgranell\/wp-json\/wp\/v2\/pages\/66"}],"wp:attachment":[{"href":"https:\/\/agora.xtec.cat\/ceipmiquelgranell\/wp-json\/wp\/v2\/media?parent=84"}],"curies":[{"name":"wp","href":"https:\/\/api.w.org\/{rel}","templated":true}]}}