{"id":8287,"date":"2022-11-30T13:03:25","date_gmt":"2022-11-30T12:03:25","guid":{"rendered":"https:\/\/agora.xtec.cat\/ceipmiquelgranell\/?page_id=8287"},"modified":"2025-01-15T23:16:42","modified_gmt":"2025-01-15T22:16:42","slug":"jocs-interactius","status":"publish","type":"page","link":"https:\/\/agora.xtec.cat\/ceipmiquelgranell\/recursos-digital\/jocs-interactius\/","title":{"rendered":"Jocs interactius"},"content":{"rendered":"\n<h3 class=\"wp-block-heading has-text-align-center\"><span style=\"color: #0000ff;\">Memory de les classes (23-24)<\/span><\/h3>\n\n\n\n<h4 class=\"wp-block-heading has-text-align-center\"><span style=\"color: #3366ff;\">Nom\u00e9s classes d&#8217;infantil<em> (nivell f\u00e0cil)<\/em><\/span><\/h4>\n\n\n\n<p class=\"has-text-align-center\"><code><div class=\"h5p-content\" data-content-id=\"11\"><\/div><\/code><\/p>\n\n\n\n<h4 class=\"wp-block-heading has-text-align-center\"><span style=\"color: #3366ff;\">Classes d&#8217;infantil i d&#8217;inicial<em> (moltes parelles)<\/em><\/span><\/h4>\n\n\n\n<p class=\"has-text-align-center\"><code><div class=\"h5p-content\" data-content-id=\"10\"><\/div><\/code><\/p>\n\n\n\n<h3 class=\"wp-block-heading has-text-align-center\"><a href=\"https:\/\/t.co\/aAUywiMDp0\"><span style=\"color: #0000ff;\">Enlla\u00e7 al Paraul\u00f2gic<\/span><\/a><\/h3>\n\n\n\n<figure class=\"wp-block-image aligncenter is-resized\"><a href=\"https:\/\/t.co\/aAUywiMDp0\"><img decoding=\"async\" src=\"data:image\/png;base64,iVBORw0KGgoAAAANSUhEUgAAAcYAAABvCAMAAABB2JCJAAABI1BMVEX\/\/\/8BAgJavtcAAADjDhtTvNbiAADu7u5Pu9We1+ZGR0dzx93G6PDPz8\/4+Ph9LS3k5ORZWVny+vwgISF4eHioqamKzuHd8fZrxNtxcXHbLTXiABCKOzwoKSmcnZ2ysrKT0+TsY2riAAva2tpRUVHDw8PT09OAgICSkpLo6OiKioo8PDy6urry8vLIPkSgoKAYGBhfX18zMzP73uD+8vP3xsjynaH1vL694+0PDw\/tdHnk9PjwlJfoS1L74eP0r7LuhYrkHSjoRU3qVVx9Jyb50NLJNzvkGibsaW\/tfoLnOEDjo6rcZW11s8ncHyV\/o7STcnqMTE+OODeEd353gI5\/GxZps8h+XWR9kp+BPkCUKy2kPT+\/REiJWV2DbnV2MDCwjJY\/C5\/XAAAT9UlEQVR4nO2d+0PbOBLHnZiYR0iAAA2QUijvR3MNEKBAeZfS9m67u91td\/du7\/H\/\/xUX24kz39GM7BSnNXeZn9rYkYQ+0Wg0I42c+rAgdSeBlHv4mvmu\/3o5STVEzCKSvMlbpTe5QsT\/\/+vnkdwe99jWoLzqq+XiXD4\/Vxx9Va3or\/F6Y0p7IpS21pgWZHF\/bebFqr2bX+bYlxp76hc2T+Radqc246oh4vIC3HX5xTJ5s7GPzyanyV\/c2CNPRvNzkeRHWx\/cebWOeLdJGxlJdTlfGCnkA\/H\/MVpVXizSeseTlTa3jKWNubqMbak\/95bMG+9Pq8NxxlKLO7Yzae+QtkyaX30mv1mGVtlKmSJPRtu95MuIj9E5XRnqyP1BojZGUn1SIMUFnZ9fPhNfLdJ6ZYyxpY25OU38P3NHJVPe5d90XZX6jF5LUM38doKeWTIKcWeUtpE3DYw5+lDDWAgwXngRRu8yQQsjqSyPsG4PR9Er6eUieUXGKJcWtjEUC8awi2eVlrZ+8cbbio6zYwyr2Yrvmy2zwilZIaeF0bmKONY+xDcwkurciNntAaWiMPnFYTzLCxBZaXaMfg9vyk2dNL+os4jB6FejECEyb2JclEdxahibC7VoON7FtS+SqtbvrXLnTMUagzFRaXEYWx08L3awqeJy7rz2h8VibFUzFsOxbDbVdeVZNTWMzmU0HL3X9uZ1pcrnMej5vDEe7RirelmEYyxGn6PU2B0B45T0oi\/xGG0\/glCGTS2ec0viq+lhLJ93hmPt2t68SM5s\/e73POdoxZiwtHiMOdkgNFVczt3XLJUkGHPqNByKoMVziqmaHkbn0OtRq1bmLGMxILXMvmHFGFda4UnwWgKMLY6rRmvrwhel90JJhnHaaq8KWjzn7omvpojReddZdHjvba2LZDmm31uomL1qwziq2Eq8tCQYc+6a0drJEwmjrOMSYsxp1lQomxLGMfHVNDFGi47aQtPWvLZUYynm80ytWjAmKS2YbJNhdF\/w5q4KM5Wm4xJjPLENxz2pwn1xqZomRud9h6OXxCFXTNDxdMHnWDE+SVBa4KlIhFEYjpKK03RcYozukt4\/gqHa+kZuQ3w3TYzN+zbGlXd66zpSZUqwMOILhzEC39Ex8sEol+YPbugc6qZiHczVpaTiWoND+etmtFpYNbt6B002JIyyxyFVjM5RZzheX+jNawvOjIXC8njFqVSX2RIEZ0cdIxuMI6PVVmnjo4yjXxrF6O69fBbK5l4De9iYtqZEjNPK2o9idMc6tezMTCFI19U7aEPS4jn3pfRuuhibN7WkDrkKDp5odV5FXds2L9uiYuSldbzhZ8x8LTKMxOKf3MIOZuPE9KiGGEQdxzBSR2hpDKtR3XnOC1Evy2o8XYzOcXs41m7U1rVlnOpUutI\/YxypkaNiHKffKRS7\/p8Km4ErKkbHWae2qNtAf4mo4iRTKBQVI7Nc5MEViKjFc+6i9G7KGJ3bznCMC3OAvivQWNIZTJoj9JGK0VIajtOqBSP8\/vkkVBJVnLqCt2B0aEnujtpDsi0mq+G0MR74w7HmeedxHoAnahHIBCZHFWMxeWkWjOU1+gzHmaziVIeaDSMNXFgccosKRsnjkDZG59SreQtXsSHHCiVSwMAuWJ1QvIpRHb9scLdKs2B0ntFnqO5kFafoODvGdTIc9TiH5G7IaWo8dYwX1+eXCRb\/gJHHMiiUwjJ5oGKEEcdqmsPSbBjXdXUHXyMYFFPThnGb9Kse5gDY+s8rlNQxOsli\/9C53AUOGKmpqmKEEcdqKmJpNoyTurqjnbpIBooSObJhdIi15O5rGIm7wc0RBStuAEgfYzIBjDxC3D+MeTvGYRXjdhej685TjLKpmhjjooaRaHF3d4r+R3h5gJGKjnGdYlyiHGSv6sMxkna6eztUwQov9xdj8+Lg+Pjw4MKcLB8bxlnaj+Vp8j85SPFwjFSLb8FSSHCn9xFj8\/L0ZsgL5Pr5ESP52DDicCAeHcVGeTBGALNEV62SGu8bxsPnnrcS7QdorSRPwfZ5bBjJitLdp44Y1xV3RD4Y4zqtYn2VGrfCPq4+Yby78bobV9tRD+8d8Zc\/Nox0NMzTBbwr6bgUML6kVawOx5iq\/cH4eohDDEBedx3mjwwj3aPaMmpgfSmaqg\/GSLV4ow5qfM38Sj8wNm89AWLgpDvtTJGPDCNwWwcHq7xX9aEYy3SJsYhKfdrcANAHjM0bhaLvMT9vc7RjpMU\/HCOW9lUYn1EVV3JWG678XiQPxVin76xBedJe1fQxNj9ICjVSrB9CjlaMRSqJfKoWjM4yLc3ujFMx0rV4Y9UZjtFxD8dI96j6359FdcAlfYznNootjmEk0opRla\/CyORrMIKK891noPIkG+ehGEuslfB\/U42njvG1rlHbejXYU\/64MIKh6G8xnKc6ToocPRQj0+KwL0\/YAJA2xos4iu3NyI8L4yTvxB27jovBOB2PEX4nG46zPc1+SChpY3xuV6m+1M7LWcW4Sp8RL5uh0pbsOs6OsUw967syRtDak7hnXVDjKWO8MwdjzfjEO8wqRo0OxOv9dSLwljY52TCCghQNJGd7n7v7+PBESRnjKQ7Gmjd0vTDkMZK126xinOG42mJMhduUhBQ5smGcZVaoIOZUSG1lU42ni\/HiHnh5Hy7vLpp3l8ZC8iCbGKHzaF\/RxXfOX7WBzSMsx5NvqZLjXCXj688URRFKuhgvgVf3nOMlDsjWAxFjdUSQhy7\/uegYYbc9hbNNoQWHKGAFIp3HsWCEA3bKPtUtg\/S6xiJseqoYzymtFbLl+BBH472CUTq3\/80wDq\/BMCHm4AbsgQo+Aq+K4FVVMZY3oRZlKw\/dyxqSBiPa2MeV7hmOjwTjyikt6wjH6UHmMJaXFnE7NyG8bk5m5nBB0TCur2EtylEe6iUKQyjgnM9xuyhVjHeIipbVvKYD1TvKCMax+baMsUMy4RTYFpiXwg1z4BwTWADG\/Zl2LWs5foRD1ql1qsVzgXYvU9vVMFVTxXhI7NQay3J0RYdj7TYbGHPaSSfcmwEqLjzKBjbIiVmLdqKK1aIcqAItvlvnjTDP06WK8Zig8q6wsEPUqtvZwKgJnh+l+7fbrjfoN2GCS3ZoXDsB8gKj1IHs2NR4\/zDydBxoq\/6VEskgRrqnF6alzp4N+Mz0qibDqB1yFbQ43Q5gBse+2WhEz8DK3zKNEb2WoOJO2tbFvqloqSRKqKJsVWZavD3yYHMcN1X7ODcya+oYJseFHzKM0T2BBf2S5Dybt+m4RBj1\/A8OnNBrK95JmxpPFeMB6E22pbEJWvXjj9nF6J6gIQgqblP60NwAkCRLlZ4VB5aWk9KHTI2nirFM143GgeNbynHhp8xidHNslEgqDoeoGaZIkDNOS+LBHO\/RwHMtarx\/XpyV56xx4Klb+PlLNjG6psEChmpnCOGBp6\/AKGdGCQQCLY3Op\/TUOveq9imFgy88jcMB9ZsvfCJalftUvyNG150ytg\/DMOiM1ElR8UWSYDQqWQMcprDXpCKNEGaqGA\/AVcOT41CtuvDpFxNjpRrK98LYGom75kqOqrhcd494zqLjEs2NulIF8yk6ZgmOI3bkIF2M5VubVqVjdeHpUxNjR74hRpY9eknYyb8kzlSoao0T\/DNiLfCZnDbMQb8b8e2CGs+hSk45bAwut2tmqx4AxjfdJcf3w0gZLm7JCwDwgncXbDRPjmmqKs44+mFDO0uF7oZIPWxY1HjKGCmpoZVDLK9JLKAWxl+\/P0Z35sVSIC\/WN9QctaDiFmc6AhaHsRUDJrK1Ti2AXk2JgyvEvU6F89Jqsi0pY2x+oEsOnsiRbH5sYfw5AxjtCU0Dqe8qw5d+2uA2jmyPQDoPdXKc1fQF\/RjVeNo74zCQwdp3QDFOfI6WHP3FOLpMxJ6JQxIpxzAXc5EiY4Sy1MlRSKNs1oju2LQxQiDDSI\/bDTq2MHa1ap+P4owUIhmxn+GQZDVBp5rHqmSMkLFMzRcnpFE2K0RTNfVd44CRRzm6Y9XH+Ns3wkiL6x3jbCKM3FRVFnkw0LSYcSLn\/TSo8fTTG1H3+I3qHm9hnPjU0aqZxqjkNWK9yjc5KRghKaty\/YOS14hViN6D1DFCIMPj+TipUp34\/PtjwCjlGDZ7lYfxFYzDgFHOUCWmUTZrBDWeOsYmdbkZWjVKR+5jjLRqljHWxQScRqdOM1NV85zhtjjRrSqmUTZrBDWe\/sE46sjhG3K6Y9XHOPHHl+xjXBUTcBqdymOHGkbcpCr6GxJpcZZFO32MuOWYadWLa4rxzY\/Zx6gk4DR6lZmqGsYXMBzFnDprySqEDQDpY4xIBVpVCzqGGH\/KPsZkKs4wVzSM6FGTLtUBj6qlQtih0Iez\/1at2hmrAcaJiexj1HO\/o1dlTf8aRJXAo244fxymxS0VgkbuA0Zr0PGCKtWOVs0yxjG9U2Fgsb2qKkbYSiCtHDEerVcIwbE+YIQDx0bQ8XmNYvwl8xin6evzw9tdGd6EXsXFg4oRV47CsTiMi5VIhduwFAE1DhgbWCAGuOFSXGtClSRBx7ZSDYOO3y6fas8Y8aeMGWlnscPhmYoRUQjXeOCxAYh\/oi8PJlaLkw8x0pCaPb0RZHHw2MMLwPg5CDp+w+zGvWJcF3dwhLKh6jgLxmFAcWJOjrva2HFYzAzUOGhiLBQDJtQ4tmOEoKPHgo5OeFXHx08BxtA9bs01vkyePDzXuD0vjimo4njInT7EsJO+cQYnR3PPiG1Fgi5Z+gR0v55eG\/\/imJxx4Mi5Yg\/bY\/XvIcZ\/Gqj4bQyJ0hsVtW\/w0qyZ\/wWB+a\/Btnic6ANHx\/hMHRyBbFt+G3AAIAdeVfxx0CfP0DCiRlUMRhp0rC0wx2GY5aH2j4mQ4xdjOLJ7OBJd4KDfw4FXrLa+1BtGnI3YnwL3PeB+fB0jXK7p5niFqMXX+UP6Xdp41Jz7XbVaYvFtGhiNwYhBR55DPlCqtT8niFbN57uz49kcdjydNxPeikPm2gqWlrdepyKI1eliMVV1jPVp6FfuVp21Pa2rAZISjrn9Dv8ldEJhqBoxVgxZ+LiwcK9p1fB6wI\/\/DjG23ePRrVLj7FapOfpVFSO7+2au84xfdzzX4yYO7De+6wJ1HGwASHz2n2+NhPNvRmBZNTod\/HG47vxSqVR6OcVvqANnE97EVjTkp6dP\/3jbXnbUztkGuXCsXoc2zsTTcINcofBk\/KxSfcWvYcSxrt8YV8SvjfilnY1LpfWEEbUYt0fQQQplWTDaJ0dQ1MYpVvABwZGDLcZLPBfLjFh+oR6XH99MTPyls3rkQccwQ0BHq0ZBR+X+RjA7dYyvEt0G6c+aPWHELuerA1wDgn1owbgBZe7zfcP6Fx224gCVuz2NxERhP5o4jF\/+oBjloOP9H8RW1QTv\/bNgjL3uOiqtJ4ybVhVn0XGJ8+KwHNeoxY0LcCxqfCseI19RxmHM\/\/ami7F2ztrSDjq2h+PEF1tBuAa0XIrLh6OI0S+tF4xl2Fg6bTwHL\/YYXY7YMEIkijUB0t+YZwosarweGxlxeRgmFuPvn7sYh+6ZrdoOZV2Hjpw3v+vFsAWl9abx+KuSw9J6wVgHTuYRb5jIIF2ADSNq6nn1mXBap2SxnOMio64x1cZi\/PKJYDSCjmGax9rbwFh98y+937mz1YbxLH44BqX1gnHYthZ3uFlJdVzSG+OiRBttidHi27bf1TM7RzMpWizGllbtYjS0ajvoWPsz5KhjZL5WK8ZYtdourReMqOJMxxnuAqcq0IaxfqLSRy3OQhW+LKpqPKjUwhFX\/oHEY\/ydYDTPj3fcA3\/xOX7+USmDOUedGIxxrWq\/3wtGOIUj7JzRdZw1Le6uOjkOAybj0nrWeiPqvKlzdBvmecp4jF8+U4zqSUd\/PL75RSnD4BSD0dqsQuf1XjCCfd8wc4pjpJ5GjqwY0cNNVeOkvoQRyjXnzi2FoytmRI\/HmP+ZYFzhZ3KiDQK+XpWXHAWBYhxGXa8Wun7WXjCCihPuTcWTiHQ5bsWIg5iuHEsAWEh+NKuq8ahoAaQrX6GcAOOvb+mWHPb97gaB2lt6JodAEnOsxmF0qnkRJC1tjG6KsGPcXqTvCioOC6M6boY+4KcfJ6dhZwZR1lvag46U4AVhZ119x9i047pTUlb7RBh\/oBiNoCNJBHj\/54QxOY7MvRLrpYsKEaNTGc0brhssrQeMq3F91tK6SrdbMbYWKkoj9ujnQkyZNUk8k7W9sw8vLe5pBykTYMwDxitWAGwQ+PifuQL1tReKr5R0xxBWFDG2Fh6jcyO20lZLRPRsGL7U6asl6bqNSXijrjwwcEAb6GN4IOV4KG\/EvdGS4fWd3UYwDE8W59fFq9ACOavGy3sadLzh7nGaecw7rYwvz\/k97tMsjhoGardeIlU1szUrLWkG7P8xGV4tbWjJzHqQO1vQEfJZrbzzP6qcVcfHq3yl+LWSbmn\/x4Lnx6\/woYBxINmUd\/SkI3PkgFLFdNYDyZbAScchPD8OKQIMA2ggGRI8k4MeALh1xXCdDyRL8g7MUTocYTCaZ5IHkiWBk441olbxNocaz2Y1kExJE2kNvQ5xXbCLrAyP60CyJewWQG\/o6ujo6NRjN1YZ8Y+BZEuOGbChFc\/z+AWPtevv3cyBxAhchaPIwE7NvBwnuFv15ns3ciCxchvL0YhhDSR7chGnVgcenEchhpXDKPJLVwaSTbm0cVzhcciBZFWO+A3VZCwOKD4eOR6SB2TNOx1QfETSfC8MyJp3PbBRH5kc3jLnTQvi+8FQfHxy9+7eWwnHZG3FG7o5GgSnHqc0j6\/Og4QA51fHPKvDN5T\/Av9gQpTAmMGWAAAAAElFTkSuQmCC\" alt=\"\" style=\"width:307px;height:auto\"\/><\/a><\/figure>\n\n\n\n<h3 class=\"wp-block-heading has-text-align-center\"><span style=\"color: #0000ff;\">Operacions matem\u00e0tiques <em>(sumes)<\/em><\/span><\/h3>\n\n\n\n<p class=\"has-text-align-center\"><div class=\"h5p-iframe-wrapper\"><iframe id=\"h5p-iframe-5\" class=\"h5p-iframe\" data-content-id=\"5\" style=\"height:1px\" src=\"about:blank\" frameBorder=\"0\" scrolling=\"no\" title=\"Proves matem\u00e0tiques\"><\/iframe><\/div><\/p>\n\n\n\n<h3 class=\"wp-block-heading has-text-align-center\"><span style=\"color: #0000ff;\">Sopa de lletres <em>(paraules de l&#8217;escola i de la nostra zona)<\/em><\/span><\/h3>\n\n\n\n<p class=\"has-text-align-center\"><div class=\"h5p-iframe-wrapper\"><iframe id=\"h5p-iframe-9\" class=\"h5p-iframe\" data-content-id=\"9\" style=\"height:1px\" src=\"about:blank\" frameBorder=\"0\" scrolling=\"no\" title=\"Sopa de lletres\"><\/iframe><\/div><\/p>\n\n\n\n<h3 class=\"wp-block-heading has-text-align-center\"><a href=\"https:\/\/license-plate.vercel.app\/\"><span style=\"color: #0000ff;\">Sumes acumulades<\/span><\/a><\/h3>\n\n\n\n<figure class=\"wp-block-image aligncenter\"><a href=\"https:\/\/license-plate.vercel.app\/\"><img loading=\"lazy\" decoding=\"async\" width=\"362\" height=\"400\" src=\"https:\/\/agora.xtec.cat\/ceipmiquelgranell\/wp-content\/uploads\/usu1467\/2023\/02\/sumes-362x400.jpg\" alt=\"\" class=\"wp-image-8435\" srcset=\"https:\/\/agora.xtec.cat\/ceipmiquelgranell\/wp-content\/uploads\/usu1467\/2023\/02\/sumes-362x400.jpg 362w, https:\/\/agora.xtec.cat\/ceipmiquelgranell\/wp-content\/uploads\/usu1467\/2023\/02\/sumes.jpg 480w\" sizes=\"auto, (max-width: 362px) 100vw, 362px\" \/><\/a><\/figure>\n\n\n\n<h3 class=\"wp-block-heading has-text-align-center\"><a href=\"https:\/\/musicalnotes.vercel.app\/\"><span style=\"color: #0000ff;\">Notes musicals<\/span><\/a><\/h3>\n\n\n\n<figure class=\"wp-block-image aligncenter\"><a href=\"https:\/\/musicalnotes.vercel.app\/\"><img loading=\"lazy\" decoding=\"async\" width=\"367\" height=\"206\" src=\"https:\/\/agora.xtec.cat\/ceipmiquelgranell\/wp-content\/uploads\/usu1467\/2023\/02\/notes.jpg\" alt=\"\" class=\"wp-image-8434\"\/><\/a><\/figure>\n\n\n\n<h3 class=\"wp-block-heading has-text-align-center\"><span style=\"color: #0000ff;\">M<\/span><span style=\"color: #0000ff;\">emory d&#8217;elements de Nadal<\/span><\/h3>\n\n\n\n<p class=\"has-text-align-center\"><div class=\"h5p-content\" data-content-id=\"8\"><\/div><\/p>\n","protected":false},"excerpt":{"rendered":"<p>Memory de les classes (23-24) Nom\u00e9s classes d&#8217;infantil (nivell f\u00e0cil) Classes d&#8217;infantil i d&#8217;inicial (moltes parelles) Enlla\u00e7 al Paraul\u00f2gic Operacions [&hellip;]<\/p>\n","protected":false},"author":1,"featured_media":0,"parent":6080,"menu_order":0,"comment_status":"closed","ping_status":"closed","template":"","meta":{"_bbp_topic_count":0,"_bbp_reply_count":0,"_bbp_total_topic_count":0,"_bbp_total_reply_count":0,"_bbp_voice_count":0,"_bbp_anonymous_reply_count":0,"_bbp_topic_count_hidden":0,"_bbp_reply_count_hidden":0,"_bbp_forum_subforum_count":0,"site-sidebar-layout":"default","site-content-layout":"","ast-site-content-layout":"default","site-content-style":"default","site-sidebar-style":"default","ast-global-header-display":"","ast-banner-title-visibility":"","ast-main-header-display":"","ast-hfb-above-header-display":"","ast-hfb-below-header-display":"","ast-hfb-mobile-header-display":"","site-post-title":"","ast-breadcrumbs-content":"","ast-featured-img":"","footer-sml-layout":"","theme-transparent-header-meta":"","adv-header-id-meta":"","stick-header-meta":"","header-above-stick-meta":"","header-main-stick-meta":"","header-below-stick-meta":"","astra-migrate-meta-layouts":"set","ast-page-background-enabled":"default","ast-page-background-meta":{"desktop":{"background-color":"var(--ast-global-color-4)","background-image":"","background-repeat":"repeat","background-position":"center center","background-size":"auto","background-attachment":"scroll","background-type":"","background-media":"","overlay-type":"","overlay-color":"","overlay-opacity":"","overlay-gradient":""},"tablet":{"background-color":"","background-image":"","background-repeat":"repeat","background-position":"center center","background-size":"auto","background-attachment":"scroll","background-type":"","background-media":"","overlay-type":"","overlay-color":"","overlay-opacity":"","overlay-gradient":""},"mobile":{"background-color":"","background-image":"","background-repeat":"repeat","background-position":"center center","background-size":"auto","background-attachment":"scroll","background-type":"","background-media":"","overlay-type":"","overlay-color":"","overlay-opacity":"","overlay-gradient":""}},"ast-content-background-meta":{"desktop":{"background-color":"var(--ast-global-color-5)","background-image":"","background-repeat":"repeat","background-position":"center center","background-size":"auto","background-attachment":"scroll","background-type":"","background-media":"","overlay-type":"","overlay-color":"","overlay-opacity":"","overlay-gradient":""},"tablet":{"background-color":"var(--ast-global-color-5)","background-image":"","background-repeat":"repeat","background-position":"center center","background-size":"auto","background-attachment":"scroll","background-type":"","background-media":"","overlay-type":"","overlay-color":"","overlay-opacity":"","overlay-gradient":""},"mobile":{"background-color":"var(--ast-global-color-5)","background-image":"","background-repeat":"repeat","background-position":"center center","background-size":"auto","background-attachment":"scroll","background-type":"","background-media":"","overlay-type":"","overlay-color":"","overlay-opacity":"","overlay-gradient":""}},"footnotes":""},"class_list":["post-8287","page","type-page","status-publish","hentry"],"post_mailing_queue_ids":[],"_links":{"self":[{"href":"https:\/\/agora.xtec.cat\/ceipmiquelgranell\/wp-json\/wp\/v2\/pages\/8287","targetHints":{"allow":["GET"]}}],"collection":[{"href":"https:\/\/agora.xtec.cat\/ceipmiquelgranell\/wp-json\/wp\/v2\/pages"}],"about":[{"href":"https:\/\/agora.xtec.cat\/ceipmiquelgranell\/wp-json\/wp\/v2\/types\/page"}],"author":[{"embeddable":true,"href":"https:\/\/agora.xtec.cat\/ceipmiquelgranell\/wp-json\/wp\/v2\/users\/1"}],"replies":[{"embeddable":true,"href":"https:\/\/agora.xtec.cat\/ceipmiquelgranell\/wp-json\/wp\/v2\/comments?post=8287"}],"version-history":[{"count":5,"href":"https:\/\/agora.xtec.cat\/ceipmiquelgranell\/wp-json\/wp\/v2\/pages\/8287\/revisions"}],"predecessor-version":[{"id":9608,"href":"https:\/\/agora.xtec.cat\/ceipmiquelgranell\/wp-json\/wp\/v2\/pages\/8287\/revisions\/9608"}],"up":[{"embeddable":true,"href":"https:\/\/agora.xtec.cat\/ceipmiquelgranell\/wp-json\/wp\/v2\/pages\/6080"}],"wp:attachment":[{"href":"https:\/\/agora.xtec.cat\/ceipmiquelgranell\/wp-json\/wp\/v2\/media?parent=8287"}],"curies":[{"name":"wp","href":"https:\/\/api.w.org\/{rel}","templated":true}]}}