{"id":572,"date":"2016-11-03T20:48:27","date_gmt":"2016-11-03T19:48:27","guid":{"rendered":"http:\/\/agora.xtec.cat\/ceipmiquelgranell\/?page_id=572"},"modified":"2025-01-14T22:19:25","modified_gmt":"2025-01-14T21:19:25","slug":"qui-era-miquel-granell","status":"publish","type":"page","link":"https:\/\/agora.xtec.cat\/ceipmiquelgranell\/escola\/qui-era-miquel-granell\/","title":{"rendered":"Qui era Miquel Granell?"},"content":{"rendered":"<h2 style=\"text-align: left;\"><a href=\"https:\/\/ca.wikipedia.org\/wiki\/Miquel_Granell_i_Forcadell\" target=\"_blank\" rel=\"noopener\">Miquel Granell<\/a><\/h2>\n<p style=\"text-align: justify;\">El nom de l\u2019escola ve d\u2019una persona il\u00b7lustre de la ciutat, Miquel Granell i Forcadell, que va\u00a0n\u00e9ixer a Amposta el 4 de mar\u00e7 de 1865.<\/p>\n<h2 style=\"text-align: center;\"><img loading=\"lazy\" decoding=\"async\" class=\"alignright\" src=\"http:\/\/www.tinet.cat\/portal\/uploads\/granell_20120227103756.jpg\" width=\"254\" height=\"329\" \/><\/h2>\n<p style=\"text-align: justify;\">L&#8217;any 1881, quan tenia 16 anys, va fundar a Amposta una escola gratu\u00efta on admetia a tothom que hi volgu\u00e9s anar. Una nit es va presentar un noi acompanyat del seu germ\u00e0 sord-mut i li va demanar si podia fer alguna cosa. Granell va decidir que faria tot el possible per ensenyar a aquell nen. Al morir la seva mare Miquel Granell va decidir marxar a Barcelona on va comen\u00e7ar a estudiar magisteri a las Escuelas Normales. Despr\u00e9s va marxar a Cadis, on va ingressar com a soldat al cos d&#8217;Infanteria de Marina. Prestava serveis com a escrivent del Vicealmirall de l&#8217;Armada, Juan Bautista Antequera, que tenia com a secretari al militar Miguel M\u00e1rquez. Aquest \u00faltim era fill del comissari del \u00abColegio Nacional de Sordomudos y Ciegos\u00bb.<\/p>\n<p style=\"text-align: justify;\">Un cop acabat el servei militar i amb el t\u00edtol de mestre va tornar a Madrid i va anar a demanar\u00a0una pla\u00e7a al Col\u00b7legi de Sordmuts, que estava situat al carrer San Mateo n\u00ba 5. El director de\u00a0l&#8217;escola li va contestar 6 que podia entrar a treballar com auxiliar per\u00f2 sense sou. Granell va\u00a0acceptar i amb el temps va convertir-se en professor numerari i despr\u00e9s en director del centre.<\/p>\n<p style=\"text-align: justify;\">De 1904 a 1905 va fer un viatge per estudiar l&#8217;organitzaci\u00f3 i r\u00e8gim dels diferents instituts i\u00a0resid\u00e8ncies de sordmuts i cecs d&#8217;Espanya.<\/p>\n<p style=\"text-align: justify;\">L&#8217;agost de 1911 va viatjar a Roma per assistir com a delegat espanyol al Congr\u00e9s Internacions de Sordmuts que es va celebrar a la capital italiana.<\/p>\n<p style=\"text-align: justify;\">Al setembre del mateix va dirigir la primera col\u00f2nia escolar de sordmuts al Sanatori de Pedrosa\u00a0(Santander).<\/p>\n<p style=\"text-align: justify;\">Miquel Granell va ser professor i mentor de l&#8217;Infant Jaume, fill del rei Alfons XIII, que era sord-mut. Aix\u00f2 li va permetre gaudir d&#8217;un gran prestigi com a pedagog i d&#8217;una gran influ\u00e8ncia a\u00a0Madrid. Granell va utilitzar aquesta influ\u00e8ncia amb el Rei per introduir a la cort a l&#8217;alcalde Joan\u00a0Palau, amb qui mantenia una gran amistat.<\/p>\n<p style=\"text-align: justify;\">Va compaginar el c\u00e0rrec de director del Colegio Nacional de Sordomudos y Ciegos, amb el de secretari general de la Junta Directiva del \u00abInstituto del Fomento de las Artes\u00bb, president honorari de les seccions cient\u00edfica-liter\u00e0ria i de l&#8217;art\u00edstica-recreativa del mateix institut, president honorari del \u00abCentro Instructivo y Protector de Ciegos\u00bb, acad\u00e8mic numerari de l&#8217;\u00abAcademia de Ciencias de N\u00e1poles\u00bb i catedr\u00e0tic de Metodologia i Organitzaci\u00f3 Escolar Especial.<\/p>\n<p style=\"text-align: justify;\">Granell tamb\u00e9 va ser fundador de l&#8217;Asociaci\u00f3n de Sordomudos. Va rebre distincions com la de comanador de l&#8217;Ordre Civil d&#8217;Alfons XII i cavaller de la Reial Ordre d&#8217;Isabel la Cat\u00f2lica, entre altres. Miquel Granell va ser un gran intel\u00b7lectual i cient\u00edfic que va dedicar quasi tota la seva vida a la doc\u00e8ncia i a millorar les condicions dels sordmuts. Tamb\u00e9 va publicar diferents treballs i llibres sobre els cecs i els sordmuts.<\/p>\n<p style=\"text-align: justify;\">L&#8217;Ajuntament d&#8217;Amposta va acordar posar el seu nom a la nostra escola i a un dels principals\u00a0carrers de la ciutat. L&#8217;any 1965, amb motiu del centenari del seu naixement, es van fer\u00a0diferents actes per recordar la figura de Miquel Granell, que van finalitzar amb una missa on\u00a0van assistir les autoritats i els representants dels organismes i entitats de la ciutat.<\/p>\n<p style=\"text-align: justify;\">Va escriure diversos treballs cient\u00edfics i llibres sobre els cecs i els sordmuts i la seva educaci\u00f3.\u00a0Entre d&#8217;altres: La ense\u00f1anza de los sordomudos en Espa\u00f1a, Historia de la ense\u00f1anza de la\u00a0palabra a los sordomudos en Espa\u00f1a, El porvenir de los ciegos: nueva personalidad del ciego i\u00a0Ventajas del oralismo en la ense\u00f1anza de los no audientes.<\/p>\n","protected":false},"excerpt":{"rendered":"<p>Miquel Granell El nom de l\u2019escola ve d\u2019una persona il\u00b7lustre de la ciutat, Miquel Granell i Forcadell, que va\u00a0n\u00e9ixer a [&hellip;]<\/p>\n","protected":false},"author":1,"featured_media":0,"parent":7759,"menu_order":0,"comment_status":"closed","ping_status":"closed","template":"","meta":{"_bbp_topic_count":0,"_bbp_reply_count":0,"_bbp_total_topic_count":0,"_bbp_total_reply_count":0,"_bbp_voice_count":0,"_bbp_anonymous_reply_count":0,"_bbp_topic_count_hidden":0,"_bbp_reply_count_hidden":0,"_bbp_forum_subforum_count":0,"site-sidebar-layout":"default","site-content-layout":"","ast-site-content-layout":"default","site-content-style":"default","site-sidebar-style":"default","ast-global-header-display":"","ast-banner-title-visibility":"","ast-main-header-display":"","ast-hfb-above-header-display":"","ast-hfb-below-header-display":"","ast-hfb-mobile-header-display":"","site-post-title":"","ast-breadcrumbs-content":"","ast-featured-img":"","footer-sml-layout":"","theme-transparent-header-meta":"","adv-header-id-meta":"","stick-header-meta":"","header-above-stick-meta":"","header-main-stick-meta":"","header-below-stick-meta":"","astra-migrate-meta-layouts":"set","ast-page-background-enabled":"default","ast-page-background-meta":{"desktop":{"background-color":"var(--ast-global-color-4)","background-image":"","background-repeat":"repeat","background-position":"center center","background-size":"auto","background-attachment":"scroll","background-type":"","background-media":"","overlay-type":"","overlay-color":"","overlay-opacity":"","overlay-gradient":""},"tablet":{"background-color":"","background-image":"","background-repeat":"repeat","background-position":"center center","background-size":"auto","background-attachment":"scroll","background-type":"","background-media":"","overlay-type":"","overlay-color":"","overlay-opacity":"","overlay-gradient":""},"mobile":{"background-color":"","background-image":"","background-repeat":"repeat","background-position":"center center","background-size":"auto","background-attachment":"scroll","background-type":"","background-media":"","overlay-type":"","overlay-color":"","overlay-opacity":"","overlay-gradient":""}},"ast-content-background-meta":{"desktop":{"background-color":"var(--ast-global-color-5)","background-image":"","background-repeat":"repeat","background-position":"center center","background-size":"auto","background-attachment":"scroll","background-type":"","background-media":"","overlay-type":"","overlay-color":"","overlay-opacity":"","overlay-gradient":""},"tablet":{"background-color":"var(--ast-global-color-5)","background-image":"","background-repeat":"repeat","background-position":"center center","background-size":"auto","background-attachment":"scroll","background-type":"","background-media":"","overlay-type":"","overlay-color":"","overlay-opacity":"","overlay-gradient":""},"mobile":{"background-color":"var(--ast-global-color-5)","background-image":"","background-repeat":"repeat","background-position":"center center","background-size":"auto","background-attachment":"scroll","background-type":"","background-media":"","overlay-type":"","overlay-color":"","overlay-opacity":"","overlay-gradient":""}},"footnotes":""},"class_list":["post-572","page","type-page","status-publish","hentry"],"post_mailing_queue_ids":[],"_links":{"self":[{"href":"https:\/\/agora.xtec.cat\/ceipmiquelgranell\/wp-json\/wp\/v2\/pages\/572","targetHints":{"allow":["GET"]}}],"collection":[{"href":"https:\/\/agora.xtec.cat\/ceipmiquelgranell\/wp-json\/wp\/v2\/pages"}],"about":[{"href":"https:\/\/agora.xtec.cat\/ceipmiquelgranell\/wp-json\/wp\/v2\/types\/page"}],"author":[{"embeddable":true,"href":"https:\/\/agora.xtec.cat\/ceipmiquelgranell\/wp-json\/wp\/v2\/users\/1"}],"replies":[{"embeddable":true,"href":"https:\/\/agora.xtec.cat\/ceipmiquelgranell\/wp-json\/wp\/v2\/comments?post=572"}],"version-history":[{"count":4,"href":"https:\/\/agora.xtec.cat\/ceipmiquelgranell\/wp-json\/wp\/v2\/pages\/572\/revisions"}],"predecessor-version":[{"id":9561,"href":"https:\/\/agora.xtec.cat\/ceipmiquelgranell\/wp-json\/wp\/v2\/pages\/572\/revisions\/9561"}],"up":[{"embeddable":true,"href":"https:\/\/agora.xtec.cat\/ceipmiquelgranell\/wp-json\/wp\/v2\/pages\/7759"}],"wp:attachment":[{"href":"https:\/\/agora.xtec.cat\/ceipmiquelgranell\/wp-json\/wp\/v2\/media?parent=572"}],"curies":[{"name":"wp","href":"https:\/\/api.w.org\/{rel}","templated":true}]}}