{"id":4948,"date":"2019-11-17T14:11:27","date_gmt":"2019-11-17T13:11:27","guid":{"rendered":"http:\/\/agora.xtec.cat\/ceipmiquelgranell\/?page_id=4948"},"modified":"2025-11-05T10:21:46","modified_gmt":"2025-11-05T09:21:46","slug":"tutorials-tecnologics","status":"publish","type":"page","link":"https:\/\/agora.xtec.cat\/ceipmiquelgranell\/recursos-digital\/tutorials-tecnologics\/","title":{"rendered":"Tutorials digitals"},"content":{"rendered":"\n<h2 class=\"wp-block-heading has-text-align-center has-large-font-size has-ast-global-color-5-color has-luminous-vivid-amber-background-color has-text-color has-background has-link-color wp-elements-cc4e248d2dc9eb5cda6756bb9dfa78ae\">Tutorials digitals <\/h2>\n\n\n\n<p class=\"has-text-align-center\"><em>(per qualsevol petici\u00f3 de tutorial senzill podeu enviar un correu electr\u00f2nic a <span style=\"color: #0000ff;\"><strong>tictac@escolamiquelgranell.cat<\/strong><\/span>)<\/em><\/p>\n\n\n\n<figure class=\"wp-block-table aligncenter has-medium-font-size\"><table class=\"has-pale-ocean-gradient-background has-background has-fixed-layout\"><tbody><tr><td class=\"has-text-align-center\" data-align=\"center\"><a href=\"https:\/\/docs.google.com\/document\/d\/17ZnYQKQHJAG64nCVSyjcKnZTib1jprkKUC0Qlzt5pc8\/edit?usp=sharing\"><img loading=\"lazy\" decoding=\"async\" width=\"150\" height=\"215\" class=\"wp-image-10050\" style=\"width: 150px;\" src=\"https:\/\/agora.xtec.cat\/ceipmiquelgranell\/wp-content\/uploads\/usu1467\/2025\/11\/liveworksheets-icona.jpg\" alt=\"\"><\/a><\/td><td class=\"has-text-align-center\" data-align=\"center\"><img loading=\"lazy\" decoding=\"async\" width=\"150\" height=\"219\" class=\"wp-image-10046\" style=\"width: 150px;\" src=\"https:\/\/agora.xtec.cat\/ceipmiquelgranell\/wp-content\/uploads\/usu1467\/2025\/11\/padlet-icona.jpg\" alt=\"\"><\/td><td class=\"has-text-align-center\" data-align=\"center\"><a href=\"https:\/\/docs.google.com\/presentation\/d\/e\/2PACX-1vTFSWbKNSIaFQlFYigoMWdGFPTDKTOILezzHdiJAN5_msPoBqHQyGUEEeruSSCPLN5WKyG0MDpv-WD-\/pub?start=false&amp;loop=false&amp;delayms=3000\"><img loading=\"lazy\" decoding=\"async\" width=\"150\" height=\"219\" class=\"wp-image-10047\" style=\"width: 150px;\" src=\"https:\/\/agora.xtec.cat\/ceipmiquelgranell\/wp-content\/uploads\/usu1467\/2025\/11\/gmail-icona.jpg\" alt=\"\"><\/a><\/td><td class=\"has-text-align-center\" data-align=\"center\"><a href=\"https:\/\/docs.google.com\/presentation\/d\/1jQd_tp5NPLUiMUcvLqhaZHtrS49s4EaB3ilrNauBSoc\/edit?usp=sharing\"><img loading=\"lazy\" decoding=\"async\" width=\"150\" height=\"217\" class=\"wp-image-10048\" style=\"width: 150px;\" src=\"https:\/\/agora.xtec.cat\/ceipmiquelgranell\/wp-content\/uploads\/usu1467\/2025\/11\/afegir-arxius.jpg\" alt=\"\"><\/a><\/td><\/tr><tr><td class=\"has-text-align-center\" data-align=\"center\"><img loading=\"lazy\" decoding=\"async\" width=\"150\" height=\"214\" class=\"wp-image-10049\" style=\"width: 150px;\" src=\"https:\/\/agora.xtec.cat\/ceipmiquelgranell\/wp-content\/uploads\/usu1467\/2025\/11\/compartir-drive.jpg\" alt=\"\"><\/td><td class=\"has-text-align-center\" data-align=\"center\"><a href=\"https:\/\/docs.google.com\/presentation\/d\/1-bln_zP5q1pPxegxKiXfQ2pwWP-6HexF_un35w2IA5M\/edit?usp=sharing\"><img loading=\"lazy\" decoding=\"async\" width=\"150\" height=\"218\" class=\"wp-image-10051\" style=\"width: 150px;\" src=\"https:\/\/agora.xtec.cat\/ceipmiquelgranell\/wp-content\/uploads\/usu1467\/2025\/11\/slide-google.jpg\" alt=\"\"><\/a><\/td><td class=\"has-text-align-center\" data-align=\"center\"><a href=\"https:\/\/docs.google.com\/presentation\/d\/19pZHQlLZf2oYyHhFe0Etdm_RYMCw0QCYNIqsZ2egRkA\/edit?usp=sharing\"><img loading=\"lazy\" decoding=\"async\" width=\"150\" height=\"206\" class=\"wp-image-10052\" style=\"width: 150px;\" src=\"https:\/\/agora.xtec.cat\/ceipmiquelgranell\/wp-content\/uploads\/usu1467\/2025\/11\/slides-google-2.jpg\" alt=\"\"><\/a><\/td><td class=\"has-text-align-center\" data-align=\"center\"><img loading=\"lazy\" decoding=\"async\" width=\"150\" height=\"212\" class=\"wp-image-10053\" style=\"width: 150px;\" src=\"https:\/\/agora.xtec.cat\/ceipmiquelgranell\/wp-content\/uploads\/usu1467\/2025\/11\/sons-als-treballs.jpg\" alt=\"\"><\/td><\/tr><\/tbody><\/table><\/figure>\n\n\n\n<h4 class=\"wp-block-heading\">   <\/h4>\n\n\n\n<p> <\/p>\n\n\n\n<p><\/p>\n\n\n\n<h4 class=\"wp-block-heading has-ast-global-color-0-color has-text-color has-link-color wp-elements-6b3873105b9076cd5938b5cd1a9dd08f\"><br><br><br><br><br><br><br><br><br><\/h4>\n\n\n\n<p class=\"has-text-align-center\"><iframe loading=\"lazy\" src=\"https:\/\/docs.google.com\/presentation\/d\/e\/2PACX-1vS7eoNGpkLcp_RWas3ZWu90DpBTMzCPnp2GxyFen9U9qYHpUd5Uz5QOYJLOe4TkN2csdfCd4l1cfkoZ\/embed?start=false&amp;loop=false&amp;delayms=5000\" width=\"960\" height=\"569\" frameborder=\"0\"><\/iframe><\/p>\n\n\n\n<h4 class=\"wp-block-heading\"><span style=\"color: #3366ff;\">* Videoconfer\u00e8ncies amb el Google Meet<\/span><\/h4>\n\n\n\n<p class=\"has-text-align-center\"><iframe loading=\"lazy\" src=\"https:\/\/docs.google.com\/presentation\/d\/e\/2PACX-1vQGr3bqbYKS-e5ZLg2WYjRLkIK0GbvhAhx0834WB-PM881jwPdRmOjmtEcy_rPyIOY4lYAZyZLZzmNK\/embed?start=false&amp;loop=false&amp;delayms=5000\" width=\"960\" height=\"569\" frameborder=\"0\"><\/iframe><\/p>\n\n\n\n<h4 class=\"wp-block-heading\"><span style=\"color: #3366ff;\">* Aprofitar i retallar parts de la pantalla<\/span><\/h4>\n\n\n\n<p class=\"has-text-align-center\"><iframe loading=\"lazy\" src=\"https:\/\/docs.google.com\/presentation\/d\/e\/2PACX-1vTTlnmbRHyPMWxwCsNwufR1g5f0bmZ1RJjtKe4UnEEK5ldM7MWbMccPKAdOo225nMdFhr1ORlJ8dyiQ\/embed?start=false&amp;loop=false&amp;delayms=5000\" width=\"960\" height=\"569\" frameborder=\"0\"><\/iframe><\/p>\n\n\n\n<h4 class=\"wp-block-heading\"><span style=\"color: #3366ff;\">* Passar el corrector ortogr\u00e0fic al correu electr\u00f2nic i en documents de Google Drive:<\/span><\/h4>\n\n\n\n<p class=\"has-text-align-center\"><iframe loading=\"lazy\" src=\"\/\/www.youtube.com\/embed\/Owz5md0k9jA\" width=\"560\" height=\"314\" data-mce-fragment=\"1\"><\/iframe><\/p>\n\n\n\n<h4 class=\"wp-block-heading\"><span style=\"color: #3366ff;\">*Publicaci\u00f3 d&#8217;articles al web de l&#8217;escola (NODES):<\/span><\/h4>\n\n\n\n<p class=\"has-text-align-center\"><iframe loading=\"lazy\" src=\"\/\/www.youtube.com\/embed\/FTi829SdoGs\" width=\"560\" height=\"314\"><\/iframe><\/p>\n\n\n\n<h4 class=\"wp-block-heading\"><span style=\"color: #3366ff;\">* Afegir imatges i v\u00eddeos en un article (NODES):<\/span><\/h4>\n\n\n\n<p class=\"has-text-align-center\"><iframe loading=\"lazy\" src=\"\/\/www.youtube.com\/embed\/g8uTwK5DeT8\" width=\"560\" height=\"314\"><\/iframe><\/p>\n\n\n\n<h4 class=\"wp-block-heading\"><span style=\"color: #3366ff;\">* Com crear v\u00eddeos de fotografies des del m\u00f2bil (Google Fotos):<\/span><\/h4>\n\n\n\n<p class=\"has-text-align-center\"><iframe loading=\"lazy\" src=\"\/\/www.youtube.com\/embed\/Q3UR00-3hxE\" width=\"560\" height=\"314\"><\/iframe> <iframe loading=\"lazy\" src=\"\/\/www.youtube.com\/embed\/4I0sgCj-leE\" width=\"560\" height=\"314\"><\/iframe><\/p>\n\n\n\n<figure class=\"wp-block-image aligncenter is-resized\"><img decoding=\"async\" src=\"https:\/\/3.bp.blogspot.com\/-kTQtbjG5DQ4\/WjobpE5adzI\/AAAAAAAAAAM\/SQxosfvw1MkOSQCj1_b5j3sudT7eJv-VQCLcBGAs\/s1600\/under-construction.gif\" alt=\"\" style=\"width:190px;height:auto\"\/><\/figure>\n","protected":false},"excerpt":{"rendered":"<p>Tutorials digitals (per qualsevol petici\u00f3 de tutorial senzill podeu enviar un correu electr\u00f2nic a tictac@escolamiquelgranell.cat) * Videoconfer\u00e8ncies amb el Google [&hellip;]<\/p>\n","protected":false},"author":1,"featured_media":0,"parent":6080,"menu_order":0,"comment_status":"closed","ping_status":"closed","template":"","meta":{"_bbp_topic_count":0,"_bbp_reply_count":0,"_bbp_total_topic_count":0,"_bbp_total_reply_count":0,"_bbp_voice_count":0,"_bbp_anonymous_reply_count":0,"_bbp_topic_count_hidden":0,"_bbp_reply_count_hidden":0,"_bbp_forum_subforum_count":0,"site-sidebar-layout":"default","site-content-layout":"","ast-site-content-layout":"default","site-content-style":"default","site-sidebar-style":"default","ast-global-header-display":"","ast-banner-title-visibility":"","ast-main-header-display":"","ast-hfb-above-header-display":"","ast-hfb-below-header-display":"","ast-hfb-mobile-header-display":"","site-post-title":"","ast-breadcrumbs-content":"","ast-featured-img":"","footer-sml-layout":"","theme-transparent-header-meta":"","adv-header-id-meta":"","stick-header-meta":"","header-above-stick-meta":"","header-main-stick-meta":"","header-below-stick-meta":"","astra-migrate-meta-layouts":"set","ast-page-background-enabled":"default","ast-page-background-meta":{"desktop":{"background-color":"var(--ast-global-color-4)","background-image":"","background-repeat":"repeat","background-position":"center center","background-size":"auto","background-attachment":"scroll","background-type":"","background-media":"","overlay-type":"","overlay-color":"","overlay-opacity":"","overlay-gradient":""},"tablet":{"background-color":"","background-image":"","background-repeat":"repeat","background-position":"center center","background-size":"auto","background-attachment":"scroll","background-type":"","background-media":"","overlay-type":"","overlay-color":"","overlay-opacity":"","overlay-gradient":""},"mobile":{"background-color":"","background-image":"","background-repeat":"repeat","background-position":"center center","background-size":"auto","background-attachment":"scroll","background-type":"","background-media":"","overlay-type":"","overlay-color":"","overlay-opacity":"","overlay-gradient":""}},"ast-content-background-meta":{"desktop":{"background-color":"var(--ast-global-color-5)","background-image":"","background-repeat":"repeat","background-position":"center center","background-size":"auto","background-attachment":"scroll","background-type":"","background-media":"","overlay-type":"","overlay-color":"","overlay-opacity":"","overlay-gradient":""},"tablet":{"background-color":"var(--ast-global-color-5)","background-image":"","background-repeat":"repeat","background-position":"center center","background-size":"auto","background-attachment":"scroll","background-type":"","background-media":"","overlay-type":"","overlay-color":"","overlay-opacity":"","overlay-gradient":""},"mobile":{"background-color":"var(--ast-global-color-5)","background-image":"","background-repeat":"repeat","background-position":"center center","background-size":"auto","background-attachment":"scroll","background-type":"","background-media":"","overlay-type":"","overlay-color":"","overlay-opacity":"","overlay-gradient":""}},"footnotes":""},"class_list":["post-4948","page","type-page","status-publish","hentry"],"post_mailing_queue_ids":[],"_links":{"self":[{"href":"https:\/\/agora.xtec.cat\/ceipmiquelgranell\/wp-json\/wp\/v2\/pages\/4948","targetHints":{"allow":["GET"]}}],"collection":[{"href":"https:\/\/agora.xtec.cat\/ceipmiquelgranell\/wp-json\/wp\/v2\/pages"}],"about":[{"href":"https:\/\/agora.xtec.cat\/ceipmiquelgranell\/wp-json\/wp\/v2\/types\/page"}],"author":[{"embeddable":true,"href":"https:\/\/agora.xtec.cat\/ceipmiquelgranell\/wp-json\/wp\/v2\/users\/1"}],"replies":[{"embeddable":true,"href":"https:\/\/agora.xtec.cat\/ceipmiquelgranell\/wp-json\/wp\/v2\/comments?post=4948"}],"version-history":[{"count":6,"href":"https:\/\/agora.xtec.cat\/ceipmiquelgranell\/wp-json\/wp\/v2\/pages\/4948\/revisions"}],"predecessor-version":[{"id":10061,"href":"https:\/\/agora.xtec.cat\/ceipmiquelgranell\/wp-json\/wp\/v2\/pages\/4948\/revisions\/10061"}],"up":[{"embeddable":true,"href":"https:\/\/agora.xtec.cat\/ceipmiquelgranell\/wp-json\/wp\/v2\/pages\/6080"}],"wp:attachment":[{"href":"https:\/\/agora.xtec.cat\/ceipmiquelgranell\/wp-json\/wp\/v2\/media?parent=4948"}],"curies":[{"name":"wp","href":"https:\/\/api.w.org\/{rel}","templated":true}]}}