{"id":34,"date":"2014-09-18T12:32:18","date_gmt":"2014-09-18T10:32:18","guid":{"rendered":"http:\/\/agora.xtec.cat\/ceipmiquelgranell\/?page_id=34"},"modified":"2025-01-14T23:03:56","modified_gmt":"2025-01-14T22:03:56","slug":"oferta-educativa","status":"publish","type":"page","link":"https:\/\/agora.xtec.cat\/ceipmiquelgranell\/escola\/oferta-educativa\/","title":{"rendered":"Oferta educativa"},"content":{"rendered":"\n<p>L&#8217;escola Miquel Granell, com a centre d&#8217;educaci\u00f3 infantil i prim\u00e0ria, <strong>ofereix ensenyament des d&#8217;I3 fins a 6\u00e8 curs<\/strong>.<\/p>\n\n\n\n<p>Som un centre de dues l\u00ednies:<\/p>\n\n\n\n<ul class=\"wp-block-list\">\n<li>6 unitats d&#8217;educaci\u00f3 infantil<\/li>\n\n\n\n<li>14 unitats d&#8217;educaci\u00f3 prim\u00e0ria<\/li>\n<\/ul>\n\n\n\n<p>L\u2019educaci\u00f3 prim\u00e0ria, com a etapa educativa de car\u00e0cter obligatori, compr\u00e8n sis cursos acad\u00e8mics i s\u2019organitza en tres cicles de dos cursos: cicle inicial, cicle mitj\u00e0 i cicle superior. Amb car\u00e0cter general, s\u2019inicia l\u2019any natural que es compleixen 6 anys i es cursa fins als 12 anys.<\/p>\n\n\n\n<p>La finalitat de l\u2019educaci\u00f3 prim\u00e0ria \u00e9s preparar l&#8217;alumnat perqu\u00e8 puguin donar respostes innovadores en una societat canviant i en evoluci\u00f3 constant. Els nens i nenes han d\u2019aprendre a pensar i actuar de manera integrada, considerant les interconnexions i interrelacions entre els aprenentatges. S\u2019ha de promoure, de manera transversal, l\u2019adquisici\u00f3 d\u2019h\u00e0bits i valors per resoldre problemes i situacions des de qualsevol de les \u00e0rees curriculars, s\u2019ha de fomentar la iniciativa, la creativitat, l\u2019esperit cr\u00edtic i el gust per aprendre, i s\u2019ha de desenvolupar la capacitat de l\u2019esfor\u00e7 i la cultura del treball.<\/p>\n\n\n\n<p>Els continguts de les \u00e0rees com a element fonamental per a l\u2019assoliment de les compet\u00e8ncies s\u2019organitzen amb un enfocament integral, multifuncional i transferible de coneixements, destreses i actituds que tots els individus necessiten per al seu desenvolupament personal i social. Aquests continguts degudament combinats i contextualitzats permeten assolir, en acabar l\u2019ensenyament obligatori, les compet\u00e8ncies b\u00e0siques, la base per continuar l\u2019aprenentatge al llarg de la vida i per poder desenvolupar projectes individuals i col\u00b7lectius.<\/p>\n\n\n\n<h3 class=\"wp-block-heading has-text-align-center has-pale-cyan-blue-background-color has-background\"><a href=\"http:\/\/portaldogc.gencat.cat\/utilsEADOP\/PDF\/6900\/1431926.pdf\" target=\"_blank\" rel=\"noreferrer noopener\">Ordenaci\u00f3 dels Ensenyaments de l\u2019Educaci\u00f3 Prim\u00e0ria<\/a><\/h3>\n","protected":false},"excerpt":{"rendered":"<p>L&#8217;escola Miquel Granell, com a centre d&#8217;educaci\u00f3 infantil i prim\u00e0ria, ofereix ensenyament des d&#8217;I3 fins a 6\u00e8 curs. Som un [&hellip;]<\/p>\n","protected":false},"author":1,"featured_media":0,"parent":7759,"menu_order":6,"comment_status":"closed","ping_status":"closed","template":"","meta":{"_bbp_topic_count":0,"_bbp_reply_count":0,"_bbp_total_topic_count":0,"_bbp_total_reply_count":0,"_bbp_voice_count":0,"_bbp_anonymous_reply_count":0,"_bbp_topic_count_hidden":0,"_bbp_reply_count_hidden":0,"_bbp_forum_subforum_count":0,"site-sidebar-layout":"default","site-content-layout":"","ast-site-content-layout":"default","site-content-style":"default","site-sidebar-style":"default","ast-global-header-display":"","ast-banner-title-visibility":"","ast-main-header-display":"","ast-hfb-above-header-display":"","ast-hfb-below-header-display":"","ast-hfb-mobile-header-display":"","site-post-title":"","ast-breadcrumbs-content":"","ast-featured-img":"","footer-sml-layout":"","theme-transparent-header-meta":"","adv-header-id-meta":"","stick-header-meta":"","header-above-stick-meta":"","header-main-stick-meta":"","header-below-stick-meta":"","astra-migrate-meta-layouts":"set","ast-page-background-enabled":"default","ast-page-background-meta":{"desktop":{"background-color":"var(--ast-global-color-4)","background-image":"","background-repeat":"repeat","background-position":"center center","background-size":"auto","background-attachment":"scroll","background-type":"","background-media":"","overlay-type":"","overlay-color":"","overlay-opacity":"","overlay-gradient":""},"tablet":{"background-color":"","background-image":"","background-repeat":"repeat","background-position":"center center","background-size":"auto","background-attachment":"scroll","background-type":"","background-media":"","overlay-type":"","overlay-color":"","overlay-opacity":"","overlay-gradient":""},"mobile":{"background-color":"","background-image":"","background-repeat":"repeat","background-position":"center center","background-size":"auto","background-attachment":"scroll","background-type":"","background-media":"","overlay-type":"","overlay-color":"","overlay-opacity":"","overlay-gradient":""}},"ast-content-background-meta":{"desktop":{"background-color":"var(--ast-global-color-5)","background-image":"","background-repeat":"repeat","background-position":"center center","background-size":"auto","background-attachment":"scroll","background-type":"","background-media":"","overlay-type":"","overlay-color":"","overlay-opacity":"","overlay-gradient":""},"tablet":{"background-color":"var(--ast-global-color-5)","background-image":"","background-repeat":"repeat","background-position":"center center","background-size":"auto","background-attachment":"scroll","background-type":"","background-media":"","overlay-type":"","overlay-color":"","overlay-opacity":"","overlay-gradient":""},"mobile":{"background-color":"var(--ast-global-color-5)","background-image":"","background-repeat":"repeat","background-position":"center center","background-size":"auto","background-attachment":"scroll","background-type":"","background-media":"","overlay-type":"","overlay-color":"","overlay-opacity":"","overlay-gradient":""}},"footnotes":""},"class_list":["post-34","page","type-page","status-publish","hentry"],"post_mailing_queue_ids":[],"_links":{"self":[{"href":"https:\/\/agora.xtec.cat\/ceipmiquelgranell\/wp-json\/wp\/v2\/pages\/34","targetHints":{"allow":["GET"]}}],"collection":[{"href":"https:\/\/agora.xtec.cat\/ceipmiquelgranell\/wp-json\/wp\/v2\/pages"}],"about":[{"href":"https:\/\/agora.xtec.cat\/ceipmiquelgranell\/wp-json\/wp\/v2\/types\/page"}],"author":[{"embeddable":true,"href":"https:\/\/agora.xtec.cat\/ceipmiquelgranell\/wp-json\/wp\/v2\/users\/1"}],"replies":[{"embeddable":true,"href":"https:\/\/agora.xtec.cat\/ceipmiquelgranell\/wp-json\/wp\/v2\/comments?post=34"}],"version-history":[{"count":4,"href":"https:\/\/agora.xtec.cat\/ceipmiquelgranell\/wp-json\/wp\/v2\/pages\/34\/revisions"}],"predecessor-version":[{"id":9571,"href":"https:\/\/agora.xtec.cat\/ceipmiquelgranell\/wp-json\/wp\/v2\/pages\/34\/revisions\/9571"}],"up":[{"embeddable":true,"href":"https:\/\/agora.xtec.cat\/ceipmiquelgranell\/wp-json\/wp\/v2\/pages\/7759"}],"wp:attachment":[{"href":"https:\/\/agora.xtec.cat\/ceipmiquelgranell\/wp-json\/wp\/v2\/media?parent=34"}],"curies":[{"name":"wp","href":"https:\/\/api.w.org\/{rel}","templated":true}]}}