{"id":30,"date":"2014-09-18T12:30:23","date_gmt":"2014-09-18T10:30:23","guid":{"rendered":"http:\/\/agora.xtec.cat\/ceipmiquelgranell\/?page_id=30"},"modified":"2025-01-14T22:58:28","modified_gmt":"2025-01-14T21:58:28","slug":"instal%c2%b7lacions","status":"publish","type":"page","link":"https:\/\/agora.xtec.cat\/ceipmiquelgranell\/escola\/instal%c2%b7lacions\/","title":{"rendered":"Instal\u00b7lacions"},"content":{"rendered":"\n<p>Estem distribu\u00efts en dos edificis:<\/p>\n\n\n\n<p>\u2014 A l&#8217;edifici gran trobem les aules de prim\u00e0ria, l&#8217;aula d&#8217;experimentals, la biblioteca, l&#8217;aula d&#8217;idiomes, la sala d&#8217;usos m\u00faltiples, l&#8217;aula d&#8217;inform\u00e0tica, l&#8217;aula de m\u00fasica, la sala de professors\/es, l&#8217;aula \u201cLa Miqueleta\u201d, l&#8217;aula \u201cDelta\u201d, el despatx de secretaria i el despatx de direcci\u00f3.<\/p>\n\n\n\n<p>\u2014 A l&#8217;altre edifici estan les aules d&#8217;educaci\u00f3 infantil, el menjador escolar, el despatx de l&#8217;AFA i el despatx d&#8217;Audici\u00f3 i Llenguatge.<\/p>\n\n\n\n<h3 class=\"wp-block-heading has-text-align-center has-luminous-vivid-amber-background-color has-background\"><strong>EL PATI INTERIOR I L&#8217;EXTERIOR<\/strong><\/h3>\n\n\n\n<div class=\"wp-block-getwid-images-slider has-arrows-inside has-dots-inside has-images-center has-fitted-images\"><div class=\"wp-block-getwid-images-slider__wrapper\" data-effect=\"slide\" data-slides-show=\"1\" data-slides-show-laptop=\"1\" data-slides-show-tablet=\"1\" data-slides-show-mobile=\"1\" data-slides-scroll=\"1\" data-autoplay=\"false\" data-pause-hover=\"false\" data-autoplay-speed=\"6000\" data-infinite=\"true\" data-animation-speed=\"800\" data-center-mode=\"true\" data-variable-width=\"false\" data-arrows=\"inside\" data-dots=\"inside\" data-spacing=\"none\"><div class=\"wp-block-getwid-images-slider__item\"><figure><img loading=\"lazy\" decoding=\"async\" width=\"400\" height=\"300\" src=\"https:\/\/agora.xtec.cat\/ceipmiquelgranell\/wp-content\/uploads\/usu1467\/2021\/06\/pati-1-400x300.jpg\" data-id=\"7134\" data-link=\"https:\/\/agora.xtec.cat\/ceipmiquelgranell\/escola\/instal%c2%b7lacions\/attachment\/pati-1\/\" data-original-link=\"https:\/\/agora.xtec.cat\/ceipmiquelgranell\/wp-content\/uploads\/usu1467\/2021\/06\/pati-1.jpg\" class=\"wp-block-getwid-images-slider__image wp-image-7134\" srcset=\"https:\/\/agora.xtec.cat\/ceipmiquelgranell\/wp-content\/uploads\/usu1467\/2021\/06\/pati-1-400x300.jpg 400w, https:\/\/agora.xtec.cat\/ceipmiquelgranell\/wp-content\/uploads\/usu1467\/2021\/06\/pati-1-768x576.jpg 768w, https:\/\/agora.xtec.cat\/ceipmiquelgranell\/wp-content\/uploads\/usu1467\/2021\/06\/pati-1-950x713.jpg 950w, https:\/\/agora.xtec.cat\/ceipmiquelgranell\/wp-content\/uploads\/usu1467\/2021\/06\/pati-1-200x150.jpg 200w, https:\/\/agora.xtec.cat\/ceipmiquelgranell\/wp-content\/uploads\/usu1467\/2021\/06\/pati-1.jpg 1412w\" sizes=\"auto, (max-width: 400px) 100vw, 400px\" \/><figcaption class=\"wp-block-getwid-images-slider__caption\">Interior<\/figcaption><\/figure><\/div><div class=\"wp-block-getwid-images-slider__item\"><figure><img loading=\"lazy\" decoding=\"async\" width=\"300\" height=\"400\" src=\"https:\/\/agora.xtec.cat\/ceipmiquelgranell\/wp-content\/uploads\/usu1467\/2021\/06\/pati-2-300x400.jpg\" data-id=\"7133\" data-link=\"https:\/\/agora.xtec.cat\/ceipmiquelgranell\/escola\/instal%c2%b7lacions\/attachment\/pati-2\/\" data-original-link=\"https:\/\/agora.xtec.cat\/ceipmiquelgranell\/wp-content\/uploads\/usu1467\/2021\/06\/pati-2.jpg\" class=\"wp-block-getwid-images-slider__image wp-image-7133\" srcset=\"https:\/\/agora.xtec.cat\/ceipmiquelgranell\/wp-content\/uploads\/usu1467\/2021\/06\/pati-2-300x400.jpg 300w, https:\/\/agora.xtec.cat\/ceipmiquelgranell\/wp-content\/uploads\/usu1467\/2021\/06\/pati-2-768x1024.jpg 768w, https:\/\/agora.xtec.cat\/ceipmiquelgranell\/wp-content\/uploads\/usu1467\/2021\/06\/pati-2-713x950.jpg 713w, https:\/\/agora.xtec.cat\/ceipmiquelgranell\/wp-content\/uploads\/usu1467\/2021\/06\/pati-2.jpg 1512w\" sizes=\"auto, (max-width: 300px) 100vw, 300px\" \/><figcaption class=\"wp-block-getwid-images-slider__caption\">Interior 2<\/figcaption><\/figure><\/div><div class=\"wp-block-getwid-images-slider__item\"><figure><img loading=\"lazy\" decoding=\"async\" width=\"400\" height=\"300\" src=\"https:\/\/agora.xtec.cat\/ceipmiquelgranell\/wp-content\/uploads\/usu1467\/2021\/06\/pati-3-400x300.jpg\" data-id=\"7132\" data-link=\"https:\/\/agora.xtec.cat\/ceipmiquelgranell\/escola\/instal%c2%b7lacions\/attachment\/pati-3\/\" data-original-link=\"https:\/\/agora.xtec.cat\/ceipmiquelgranell\/wp-content\/uploads\/usu1467\/2021\/06\/pati-3.jpg\" class=\"wp-block-getwid-images-slider__image wp-image-7132\" srcset=\"https:\/\/agora.xtec.cat\/ceipmiquelgranell\/wp-content\/uploads\/usu1467\/2021\/06\/pati-3-400x300.jpg 400w, https:\/\/agora.xtec.cat\/ceipmiquelgranell\/wp-content\/uploads\/usu1467\/2021\/06\/pati-3-768x576.jpg 768w, https:\/\/agora.xtec.cat\/ceipmiquelgranell\/wp-content\/uploads\/usu1467\/2021\/06\/pati-3-950x713.jpg 950w, https:\/\/agora.xtec.cat\/ceipmiquelgranell\/wp-content\/uploads\/usu1467\/2021\/06\/pati-3-200x150.jpg 200w, https:\/\/agora.xtec.cat\/ceipmiquelgranell\/wp-content\/uploads\/usu1467\/2021\/06\/pati-3.jpg 2000w\" sizes=\"auto, (max-width: 400px) 100vw, 400px\" \/><figcaption class=\"wp-block-getwid-images-slider__caption\">Exterior<\/figcaption><\/figure><\/div><\/div><\/div>\n\n\n\n<h3 class=\"wp-block-heading has-text-align-center has-luminous-vivid-amber-background-color has-background\"><strong>AULA DELTA<\/strong><\/h3>\n\n\n\n<div class=\"wp-block-getwid-images-slider has-arrows-inside has-dots-inside has-images-center has-fitted-images\"><div class=\"wp-block-getwid-images-slider__wrapper\" data-effect=\"slide\" data-slides-show=\"1\" data-slides-show-laptop=\"1\" data-slides-show-tablet=\"1\" data-slides-show-mobile=\"1\" data-slides-scroll=\"1\" data-autoplay=\"false\" data-pause-hover=\"false\" data-autoplay-speed=\"6000\" data-infinite=\"true\" data-animation-speed=\"800\" data-center-mode=\"true\" data-variable-width=\"false\" data-arrows=\"inside\" data-dots=\"inside\" data-spacing=\"none\"><div class=\"wp-block-getwid-images-slider__item\"><figure><img loading=\"lazy\" decoding=\"async\" width=\"400\" height=\"300\" src=\"https:\/\/agora.xtec.cat\/ceipmiquelgranell\/wp-content\/uploads\/usu1467\/2021\/05\/aula-delta-2-400x300.jpg\" alt=\"\" data-id=\"7059\" data-link=\"https:\/\/agora.xtec.cat\/ceipmiquelgranell\/escola\/instal%c2%b7lacions\/attachment\/aula-delta-2\/\" data-original-link=\"https:\/\/agora.xtec.cat\/ceipmiquelgranell\/wp-content\/uploads\/usu1467\/2021\/05\/aula-delta-2.jpg\" class=\"wp-block-getwid-images-slider__image wp-image-7059\" srcset=\"https:\/\/agora.xtec.cat\/ceipmiquelgranell\/wp-content\/uploads\/usu1467\/2021\/05\/aula-delta-2-400x300.jpg 400w, https:\/\/agora.xtec.cat\/ceipmiquelgranell\/wp-content\/uploads\/usu1467\/2021\/05\/aula-delta-2-768x576.jpg 768w, https:\/\/agora.xtec.cat\/ceipmiquelgranell\/wp-content\/uploads\/usu1467\/2021\/05\/aula-delta-2-950x713.jpg 950w, https:\/\/agora.xtec.cat\/ceipmiquelgranell\/wp-content\/uploads\/usu1467\/2021\/05\/aula-delta-2-200x150.jpg 200w, https:\/\/agora.xtec.cat\/ceipmiquelgranell\/wp-content\/uploads\/usu1467\/2021\/05\/aula-delta-2.jpg 1632w\" sizes=\"auto, (max-width: 400px) 100vw, 400px\" \/><figcaption class=\"wp-block-getwid-images-slider__caption\">Delta<\/figcaption><\/figure><\/div><div class=\"wp-block-getwid-images-slider__item\"><figure><img loading=\"lazy\" decoding=\"async\" width=\"400\" height=\"300\" src=\"https:\/\/agora.xtec.cat\/ceipmiquelgranell\/wp-content\/uploads\/usu1467\/2021\/05\/aula-delta-1-400x300.jpg\" alt=\"\" data-id=\"7058\" data-link=\"https:\/\/agora.xtec.cat\/ceipmiquelgranell\/escola\/instal%c2%b7lacions\/attachment\/aula-delta-1\/\" data-original-link=\"https:\/\/agora.xtec.cat\/ceipmiquelgranell\/wp-content\/uploads\/usu1467\/2021\/05\/aula-delta-1.jpg\" class=\"wp-block-getwid-images-slider__image wp-image-7058\" srcset=\"https:\/\/agora.xtec.cat\/ceipmiquelgranell\/wp-content\/uploads\/usu1467\/2021\/05\/aula-delta-1-400x300.jpg 400w, https:\/\/agora.xtec.cat\/ceipmiquelgranell\/wp-content\/uploads\/usu1467\/2021\/05\/aula-delta-1-768x576.jpg 768w, https:\/\/agora.xtec.cat\/ceipmiquelgranell\/wp-content\/uploads\/usu1467\/2021\/05\/aula-delta-1-950x713.jpg 950w, https:\/\/agora.xtec.cat\/ceipmiquelgranell\/wp-content\/uploads\/usu1467\/2021\/05\/aula-delta-1-200x150.jpg 200w, https:\/\/agora.xtec.cat\/ceipmiquelgranell\/wp-content\/uploads\/usu1467\/2021\/05\/aula-delta-1.jpg 1632w\" sizes=\"auto, (max-width: 400px) 100vw, 400px\" \/><figcaption class=\"wp-block-getwid-images-slider__caption\">Delta<\/figcaption><\/figure><\/div><\/div><\/div>\n","protected":false},"excerpt":{"rendered":"<p>Estem distribu\u00efts en dos edificis: \u2014 A l&#8217;edifici gran trobem les aules de prim\u00e0ria, l&#8217;aula d&#8217;experimentals, la biblioteca, l&#8217;aula d&#8217;idiomes, [&hellip;]<\/p>\n","protected":false},"author":1,"featured_media":0,"parent":7759,"menu_order":5,"comment_status":"closed","ping_status":"closed","template":"","meta":{"_bbp_topic_count":0,"_bbp_reply_count":0,"_bbp_total_topic_count":0,"_bbp_total_reply_count":0,"_bbp_voice_count":0,"_bbp_anonymous_reply_count":0,"_bbp_topic_count_hidden":0,"_bbp_reply_count_hidden":0,"_bbp_forum_subforum_count":0,"site-sidebar-layout":"default","site-content-layout":"","ast-site-content-layout":"default","site-content-style":"default","site-sidebar-style":"default","ast-global-header-display":"","ast-banner-title-visibility":"","ast-main-header-display":"","ast-hfb-above-header-display":"","ast-hfb-below-header-display":"","ast-hfb-mobile-header-display":"","site-post-title":"","ast-breadcrumbs-content":"","ast-featured-img":"","footer-sml-layout":"","theme-transparent-header-meta":"","adv-header-id-meta":"","stick-header-meta":"","header-above-stick-meta":"","header-main-stick-meta":"","header-below-stick-meta":"","astra-migrate-meta-layouts":"set","ast-page-background-enabled":"default","ast-page-background-meta":{"desktop":{"background-color":"var(--ast-global-color-4)","background-image":"","background-repeat":"repeat","background-position":"center center","background-size":"auto","background-attachment":"scroll","background-type":"","background-media":"","overlay-type":"","overlay-color":"","overlay-opacity":"","overlay-gradient":""},"tablet":{"background-color":"","background-image":"","background-repeat":"repeat","background-position":"center center","background-size":"auto","background-attachment":"scroll","background-type":"","background-media":"","overlay-type":"","overlay-color":"","overlay-opacity":"","overlay-gradient":""},"mobile":{"background-color":"","background-image":"","background-repeat":"repeat","background-position":"center center","background-size":"auto","background-attachment":"scroll","background-type":"","background-media":"","overlay-type":"","overlay-color":"","overlay-opacity":"","overlay-gradient":""}},"ast-content-background-meta":{"desktop":{"background-color":"var(--ast-global-color-5)","background-image":"","background-repeat":"repeat","background-position":"center center","background-size":"auto","background-attachment":"scroll","background-type":"","background-media":"","overlay-type":"","overlay-color":"","overlay-opacity":"","overlay-gradient":""},"tablet":{"background-color":"var(--ast-global-color-5)","background-image":"","background-repeat":"repeat","background-position":"center center","background-size":"auto","background-attachment":"scroll","background-type":"","background-media":"","overlay-type":"","overlay-color":"","overlay-opacity":"","overlay-gradient":""},"mobile":{"background-color":"var(--ast-global-color-5)","background-image":"","background-repeat":"repeat","background-position":"center center","background-size":"auto","background-attachment":"scroll","background-type":"","background-media":"","overlay-type":"","overlay-color":"","overlay-opacity":"","overlay-gradient":""}},"footnotes":""},"class_list":["post-30","page","type-page","status-publish","hentry"],"post_mailing_queue_ids":[],"_links":{"self":[{"href":"https:\/\/agora.xtec.cat\/ceipmiquelgranell\/wp-json\/wp\/v2\/pages\/30","targetHints":{"allow":["GET"]}}],"collection":[{"href":"https:\/\/agora.xtec.cat\/ceipmiquelgranell\/wp-json\/wp\/v2\/pages"}],"about":[{"href":"https:\/\/agora.xtec.cat\/ceipmiquelgranell\/wp-json\/wp\/v2\/types\/page"}],"author":[{"embeddable":true,"href":"https:\/\/agora.xtec.cat\/ceipmiquelgranell\/wp-json\/wp\/v2\/users\/1"}],"replies":[{"embeddable":true,"href":"https:\/\/agora.xtec.cat\/ceipmiquelgranell\/wp-json\/wp\/v2\/comments?post=30"}],"version-history":[{"count":6,"href":"https:\/\/agora.xtec.cat\/ceipmiquelgranell\/wp-json\/wp\/v2\/pages\/30\/revisions"}],"predecessor-version":[{"id":9568,"href":"https:\/\/agora.xtec.cat\/ceipmiquelgranell\/wp-json\/wp\/v2\/pages\/30\/revisions\/9568"}],"up":[{"embeddable":true,"href":"https:\/\/agora.xtec.cat\/ceipmiquelgranell\/wp-json\/wp\/v2\/pages\/7759"}],"wp:attachment":[{"href":"https:\/\/agora.xtec.cat\/ceipmiquelgranell\/wp-json\/wp\/v2\/media?parent=30"}],"curies":[{"name":"wp","href":"https:\/\/api.w.org\/{rel}","templated":true}]}}