{"id":28,"date":"2014-09-18T12:29:35","date_gmt":"2014-09-18T10:29:35","guid":{"rendered":"http:\/\/agora.xtec.cat\/ceipmiquelgranell\/?page_id=28"},"modified":"2025-12-10T09:07:25","modified_gmt":"2025-12-10T08:07:25","slug":"consell-escolar","status":"publish","type":"page","link":"https:\/\/agora.xtec.cat\/ceipmiquelgranell\/escola\/consell-escolar\/","title":{"rendered":"Consell escolar"},"content":{"rendered":"\n<figure class=\"wp-block-image aligncenter size-large is-resized\"><img loading=\"lazy\" decoding=\"async\" width=\"672\" height=\"950\" src=\"https:\/\/agora.xtec.cat\/ceipmiquelgranell\/wp-content\/uploads\/usu1467\/2025\/12\/Composicio-Consell-Escolar-2025-672x950.jpg\" alt=\"\" class=\"wp-image-10123\" style=\"width:610px;height:auto\" srcset=\"https:\/\/agora.xtec.cat\/ceipmiquelgranell\/wp-content\/uploads\/usu1467\/2025\/12\/Composicio-Consell-Escolar-2025-672x950.jpg 672w, https:\/\/agora.xtec.cat\/ceipmiquelgranell\/wp-content\/uploads\/usu1467\/2025\/12\/Composicio-Consell-Escolar-2025-283x400.jpg 283w, https:\/\/agora.xtec.cat\/ceipmiquelgranell\/wp-content\/uploads\/usu1467\/2025\/12\/Composicio-Consell-Escolar-2025-768x1086.jpg 768w, https:\/\/agora.xtec.cat\/ceipmiquelgranell\/wp-content\/uploads\/usu1467\/2025\/12\/Composicio-Consell-Escolar-2025-1086x1536.jpg 1086w, https:\/\/agora.xtec.cat\/ceipmiquelgranell\/wp-content\/uploads\/usu1467\/2025\/12\/Composicio-Consell-Escolar-2025-1448x2048.jpg 1448w, https:\/\/agora.xtec.cat\/ceipmiquelgranell\/wp-content\/uploads\/usu1467\/2025\/12\/Composicio-Consell-Escolar-2025.jpg 1587w\" sizes=\"auto, (max-width: 672px) 100vw, 672px\" \/><\/figure>\n\n\n\n<p><\/p>\n\n\n\n<p><\/p>\n\n\n\n<p><\/p>\n\n\n\n<p><\/p>\n\n\n\n<p><\/p>\n\n\n\n<p><\/p>\n\n\n\n<h2 class=\"wp-block-heading has-text-align-center\" style=\"font-size:32px\"><strong>Eleccions per renovar els consells escolars dels centres educatius<\/strong><\/h2>\n\n\n\n<p class=\"has-text-align-center\"><img loading=\"lazy\" decoding=\"async\" width=\"760\" height=\"186\" class=\"wp-image-10006\" style=\"width: 760px;\" src=\"https:\/\/agora.xtec.cat\/ceipmiquelgranell\/wp-content\/uploads\/usu1467\/2025\/10\/Eleccions-al-consell-2025.png\" alt=\"\" srcset=\"https:\/\/agora.xtec.cat\/ceipmiquelgranell\/wp-content\/uploads\/usu1467\/2025\/10\/Eleccions-al-consell-2025.png 3125w, https:\/\/agora.xtec.cat\/ceipmiquelgranell\/wp-content\/uploads\/usu1467\/2025\/10\/Eleccions-al-consell-2025-400x98.png 400w, https:\/\/agora.xtec.cat\/ceipmiquelgranell\/wp-content\/uploads\/usu1467\/2025\/10\/Eleccions-al-consell-2025-950x232.png 950w, https:\/\/agora.xtec.cat\/ceipmiquelgranell\/wp-content\/uploads\/usu1467\/2025\/10\/Eleccions-al-consell-2025-768x188.png 768w, https:\/\/agora.xtec.cat\/ceipmiquelgranell\/wp-content\/uploads\/usu1467\/2025\/10\/Eleccions-al-consell-2025-1536x375.png 1536w, https:\/\/agora.xtec.cat\/ceipmiquelgranell\/wp-content\/uploads\/usu1467\/2025\/10\/Eleccions-al-consell-2025-2048x500.png 2048w\" sizes=\"auto, (max-width: 760px) 100vw, 760px\" \/><\/p>\n\n\n\n<p class=\"has-text-align-left\">Les eleccions als consells escolars de centre es celebren cada dos anys i tenen com a objectiu renovar la meitat dels seus representants. Hi estan convidats a participar tots els sectors de la comunitat educativa dels centres: professorat, fam\u00edlies, el personal d\u2019administraci\u00f3 i serveis i personal d\u2019atenci\u00f3 educativa.<br>Aquest any, les eleccions es fan del 17 al 21 de novembre, despr\u00e9s de la presentaci\u00f3 de candidatures.<br><a href=\"https:\/\/educacio.gencat.cat\/ca\/arees-actuacio\/centres-serveis-educatius\/centres\/consells-escolars-centres\/index.html\" target=\"_blank\" rel=\"noreferrer noopener\">M\u00e9s informaci\u00f3 a la web del Departament d&#8217;Educaci\u00f3 (clica per veure m\u00e9s)<\/a><br><\/p>\n\n\n\n<h2 class=\"wp-block-heading\" style=\"font-size:24px\">Per qu\u00e8 \u00e9s important que les fam\u00edlies participeu en les eleccions al consell escolar?<\/h2>\n\n\n\n<p><strong>Hi pots participar de dues maneres:<br><\/strong>1\ufe0f\u20e3 Presentant la teva candidatura <a href=\"https:\/\/agora.xtec.cat\/ceipmiquelgranell\/wp-content\/uploads\/usu1467\/2025\/10\/Model-Candidatura-1.pdf\" target=\"_blank\" rel=\"noreferrer noopener\">(enlla\u00e7 al document)<\/a> presencialment a l\u2019escola o de manera telem\u00e0tica, degudament emplenada i signada, al correu de l\u2019escola.<br>2\ufe0f\u20e3 Votant entre les candidatures presentades, el dijous 20 de novembre de 15h a 17h a la mateixa escola. Podeu passar pel centre i consultar en el taulell d\u2019anuncis el cens provisional de fam\u00edlies, que estar\u00e0 obert a reclamacions fins el 4 de novembre. Les resolucions d\u2019aquestes reclamacions seran publicades, si s\u2019escau, el dia 7 de novembre en el taulell d\u2019anuncis.<br><br>Quan les fam\u00edlies participeu en les eleccions, doneu suport al vostre candidat o candidata i hi delegueu la vostra veu i vot. Aix\u00ed feu arribar les vostres opinions i aportacions. Per tant, \u00e9s important que participeu en les eleccions al consell escolar pels motius seg\u00fcents:<\/p>\n\n\n\n<ul class=\"wp-block-list\">\n<li>Sou els responsables de la formaci\u00f3 dels vostres fills i filles i \u00e9s important tenir una bona representaci\u00f3 al consell escolar que us informi i faci arribar la vostra veu.<\/li>\n\n\n\n<li>Les fam\u00edlies i els equips de docents compartim un mateix objectiu: l&#8217;\u00e8xit acad\u00e8mic, social i personal dels fills i filles. Per aix\u00f2 hem de ser capa\u00e7os de treballar de manera conjunta i decidir a qu\u00e8 ens comprometem per aconseguir-ho.<\/li>\n\n\n\n<li>Les fam\u00edlies teniu el dret de participar de manera democr\u00e0tica en l&#8217;organitzaci\u00f3 del centre. Aquesta \u00e9s una manera de valorar l&#8217;escola i  tamb\u00e9 contribu\u00efu que el vostre fill o filla la valori.<\/li>\n\n\n\n<li>L&#8217;\u00e8xit educatiu del vostre fill o filla tamb\u00e9 dep\u00e8n del funcionament i el clima de centre. Implicar-vos en el seguiment i l&#8217;avaluaci\u00f3 d&#8217;aquest funcionament \u00e9s implicar-vos en el seu desenvolupament i creixement personal.<\/li>\n\n\n\n<li>\u00c9s la manera de fer arribar la vostra veu en temes que us poden preocupar, com activitats extraescolars o&nbsp; l&#8217;alimentaci\u00f3 en el menjador escolar.<\/li>\n\n\n\n<li>\u00c9s important tenir una escola oberta a l&#8217;entorn, que col\u00b7labori amb els altres centres i les diferents entitats i que entre tots pugueu fer del vostre municipi, barri o poble un entorn m\u00e9s educatiu i cohesionat. El consell escolar decideix quines han de ser aquestes relacions.<br><\/li>\n<\/ul>\n\n\n\n<p style=\"font-size:24px\"><strong>Calendari per a les eleccions 2025<\/strong><\/p>\n\n\n\n<figure class=\"wp-block-image aligncenter size-large is-resized\"><img loading=\"lazy\" decoding=\"async\" width=\"672\" height=\"950\" src=\"https:\/\/agora.xtec.cat\/ceipmiquelgranell\/wp-content\/uploads\/usu1467\/2025\/10\/Eleccions-Consell-Escolar-672x950.jpg\" alt=\"\" class=\"wp-image-10012\" style=\"width:613px;height:auto\" srcset=\"https:\/\/agora.xtec.cat\/ceipmiquelgranell\/wp-content\/uploads\/usu1467\/2025\/10\/Eleccions-Consell-Escolar-672x950.jpg 672w, https:\/\/agora.xtec.cat\/ceipmiquelgranell\/wp-content\/uploads\/usu1467\/2025\/10\/Eleccions-Consell-Escolar-283x400.jpg 283w, https:\/\/agora.xtec.cat\/ceipmiquelgranell\/wp-content\/uploads\/usu1467\/2025\/10\/Eleccions-Consell-Escolar-768x1086.jpg 768w, https:\/\/agora.xtec.cat\/ceipmiquelgranell\/wp-content\/uploads\/usu1467\/2025\/10\/Eleccions-Consell-Escolar-1086x1536.jpg 1086w, https:\/\/agora.xtec.cat\/ceipmiquelgranell\/wp-content\/uploads\/usu1467\/2025\/10\/Eleccions-Consell-Escolar-1448x2048.jpg 1448w, https:\/\/agora.xtec.cat\/ceipmiquelgranell\/wp-content\/uploads\/usu1467\/2025\/10\/Eleccions-Consell-Escolar.jpg 1587w\" sizes=\"auto, (max-width: 672px) 100vw, 672px\" \/><\/figure>\n\n\n\n<p><br>El <strong>Consell Escolar del Centre <\/strong>\u00e9s l&#8217;\u00f2rgan col\u00b7legiat de participaci\u00f3&nbsp;de la comunitat escolar en el govern del centre.<br>Les seves compet\u00e8ncies, regulades per l\u2019article 127 de la Llei 12\/2009, de 10 de juliol, d\u2019educaci\u00f3, (modificat per la LOMCE i la LOMLOE) s\u00f3n:<\/p>\n\n\n\n<ul class=\"wp-block-list\">\n<li>a) Aprovar i avaluar els projectes i les normes de funcionament del centre, en l\u2019\u00e0mbit de la seva autonomia.<\/li>\n\n\n\n<li>b) Aprovar la programaci\u00f3 general anual del centre, aix\u00ed com fer-ne el seguiment del seu desenvolupament.<\/li>\n\n\n\n<li>c) Participar en l\u2019elaboraci\u00f3 de les directrius per a l\u2019elaboraci\u00f3 de les activitats complement\u00e0ries i extraescolars.<\/li>\n\n\n\n<li>d) Aprovar el pla de conviv\u00e8ncia. <\/li>\n\n\n\n<li>e) Con\u00e8ixer les candidatures a la direcci\u00f3, els projectes de direcci\u00f3 presentats pels candidats i les seves propostes de gesti\u00f3.<\/li>\n\n\n\n<li>f) Participar en la selecci\u00f3 del director del centre en els termes que estableixi la normativa.<\/li>\n\n\n\n<li>g) Informar-se i emetre informe sobre el nomenament i cessament de l\u2019equip directiu, aix\u00ed com proposar, si escau, la revocaci\u00f3 de la direcci\u00f3 conforme als criteris establerts.<\/li>\n\n\n\n<li>h) Informar i emetre informe sobre l\u2019admissi\u00f3 de l\u2019alumnat, d\u2019acord amb el que estableixin les normes.<\/li>\n\n\n\n<li>i) Con\u00e8ixer les resolucions de conflictes disciplinaris i vetllar perqu\u00e8 es respectin els drets de l\u2019alumnat, d\u2019acord amb la normativa vigent.<\/li>\n\n\n\n<li>j) Aprovar el pressupost del centre i supervisar la seva execuci\u00f3. <\/li>\n\n\n\n<li>k) Informar els acords del Consell sobre les relacions del centre amb les entitats de l\u2019entorn i amb altres centres.<\/li>\n\n\n\n<li>l) Analitzar i valorar el funcionament general del centre i els seus resultats, aix\u00ed com proposar mesures de millora.<\/li>\n\n\n\n<li>m) Qualsevol altra compet\u00e8ncia que li sigui atribu\u00efda per l\u2019administraci\u00f3 educativa.<\/li>\n<\/ul>\n\n\n\n<p>El <strong>Consell Escolar de Centre <\/strong>es reuneix tres cops cada curs escolar (un cop per trimestre), tot i que poden haver reunions addicionals o extraordin\u00e0ries si les circumst\u00e0ncies aix\u00ed ho requereixen.<br>No \u00e9s necessari comptar amb coneixements espec\u00edfics per participar en el Consell Escolar de Centre, nom\u00e9s tenir ganes de contribuir i participar en la millora del funcionament del centre.<br><\/p>\n","protected":false},"excerpt":{"rendered":"<p>Eleccions per renovar els consells escolars dels centres educatius Les eleccions als consells escolars de centre es celebren cada dos [&hellip;]<\/p>\n","protected":false},"author":1,"featured_media":0,"parent":7759,"menu_order":3,"comment_status":"closed","ping_status":"closed","template":"","meta":{"_bbp_topic_count":0,"_bbp_reply_count":0,"_bbp_total_topic_count":0,"_bbp_total_reply_count":0,"_bbp_voice_count":0,"_bbp_anonymous_reply_count":0,"_bbp_topic_count_hidden":0,"_bbp_reply_count_hidden":0,"_bbp_forum_subforum_count":0,"site-sidebar-layout":"default","site-content-layout":"","ast-site-content-layout":"default","site-content-style":"default","site-sidebar-style":"default","ast-global-header-display":"","ast-banner-title-visibility":"","ast-main-header-display":"","ast-hfb-above-header-display":"","ast-hfb-below-header-display":"","ast-hfb-mobile-header-display":"","site-post-title":"","ast-breadcrumbs-content":"","ast-featured-img":"","footer-sml-layout":"","theme-transparent-header-meta":"","adv-header-id-meta":"","stick-header-meta":"","header-above-stick-meta":"","header-main-stick-meta":"","header-below-stick-meta":"","astra-migrate-meta-layouts":"set","ast-page-background-enabled":"default","ast-page-background-meta":{"desktop":{"background-color":"var(--ast-global-color-4)","background-image":"","background-repeat":"repeat","background-position":"center center","background-size":"auto","background-attachment":"scroll","background-type":"","background-media":"","overlay-type":"","overlay-color":"","overlay-opacity":"","overlay-gradient":""},"tablet":{"background-color":"","background-image":"","background-repeat":"repeat","background-position":"center center","background-size":"auto","background-attachment":"scroll","background-type":"","background-media":"","overlay-type":"","overlay-color":"","overlay-opacity":"","overlay-gradient":""},"mobile":{"background-color":"","background-image":"","background-repeat":"repeat","background-position":"center center","background-size":"auto","background-attachment":"scroll","background-type":"","background-media":"","overlay-type":"","overlay-color":"","overlay-opacity":"","overlay-gradient":""}},"ast-content-background-meta":{"desktop":{"background-color":"var(--ast-global-color-5)","background-image":"","background-repeat":"repeat","background-position":"center center","background-size":"auto","background-attachment":"scroll","background-type":"","background-media":"","overlay-type":"","overlay-color":"","overlay-opacity":"","overlay-gradient":""},"tablet":{"background-color":"var(--ast-global-color-5)","background-image":"","background-repeat":"repeat","background-position":"center center","background-size":"auto","background-attachment":"scroll","background-type":"","background-media":"","overlay-type":"","overlay-color":"","overlay-opacity":"","overlay-gradient":""},"mobile":{"background-color":"var(--ast-global-color-5)","background-image":"","background-repeat":"repeat","background-position":"center center","background-size":"auto","background-attachment":"scroll","background-type":"","background-media":"","overlay-type":"","overlay-color":"","overlay-opacity":"","overlay-gradient":""}},"footnotes":""},"class_list":["post-28","page","type-page","status-publish","hentry"],"post_mailing_queue_ids":[],"_links":{"self":[{"href":"https:\/\/agora.xtec.cat\/ceipmiquelgranell\/wp-json\/wp\/v2\/pages\/28","targetHints":{"allow":["GET"]}}],"collection":[{"href":"https:\/\/agora.xtec.cat\/ceipmiquelgranell\/wp-json\/wp\/v2\/pages"}],"about":[{"href":"https:\/\/agora.xtec.cat\/ceipmiquelgranell\/wp-json\/wp\/v2\/types\/page"}],"author":[{"embeddable":true,"href":"https:\/\/agora.xtec.cat\/ceipmiquelgranell\/wp-json\/wp\/v2\/users\/1"}],"replies":[{"embeddable":true,"href":"https:\/\/agora.xtec.cat\/ceipmiquelgranell\/wp-json\/wp\/v2\/comments?post=28"}],"version-history":[{"count":6,"href":"https:\/\/agora.xtec.cat\/ceipmiquelgranell\/wp-json\/wp\/v2\/pages\/28\/revisions"}],"predecessor-version":[{"id":10126,"href":"https:\/\/agora.xtec.cat\/ceipmiquelgranell\/wp-json\/wp\/v2\/pages\/28\/revisions\/10126"}],"up":[{"embeddable":true,"href":"https:\/\/agora.xtec.cat\/ceipmiquelgranell\/wp-json\/wp\/v2\/pages\/7759"}],"wp:attachment":[{"href":"https:\/\/agora.xtec.cat\/ceipmiquelgranell\/wp-json\/wp\/v2\/media?parent=28"}],"curies":[{"name":"wp","href":"https:\/\/api.w.org\/{rel}","templated":true}]}}