{"id":26,"date":"2014-09-18T12:24:32","date_gmt":"2014-09-18T10:24:32","guid":{"rendered":"http:\/\/agora.xtec.cat\/ceipmiquelgranell\/?page_id=26"},"modified":"2025-01-14T22:18:00","modified_gmt":"2025-01-14T21:18:00","slug":"historia","status":"publish","type":"page","link":"https:\/\/agora.xtec.cat\/ceipmiquelgranell\/escola\/historia\/","title":{"rendered":"Hist\u00f2ria"},"content":{"rendered":"<p style=\"text-align: justify;\"><span style=\"font-weight: 400;\">L\u2019escola Miquel Granell \u00e9s anomenada aix\u00ed en record del que va ser pedagog de gran renom i fundador de les primeres escoles a Amposta.<\/span><\/p>\n<p style=\"text-align: justify;\"><span style=\"font-weight: 400;\">El nostre centre \u00e9s el que t\u00e9 la hist\u00f2ria m\u00e9s llarga de tota la ciutat. Fundada el 1909 l\u2019escola Miquel Granell, anomenada llavors \u201cEscuelas nacionales\u201d, va ser l\u2019\u00fanica escola de la ciutat durant molts d\u2019anys. Estava ubicada al parc municipal. <img loading=\"lazy\" decoding=\"async\" class=\" alignright\" src=\"http:\/\/www.amposta.cat\/ohamposta\/img\/i014-1.jpg\" width=\"447\" height=\"296\" \/><\/span><\/p>\n<p style=\"text-align: justify;\"><span style=\"font-weight: 400;\">A principis dels anys seixanta i a mesura que Amposta es feia gran, es cre\u00e0 l\u2019Institut Laboral \u201cRamon Berenguer IV\u201d, i fou dintre de les instal\u00b7lacions del Miquel Granell on comen\u00e7\u00e0 a funcionar, ja que no disposava d\u2019infraestructura.<\/span><\/p>\n<p style=\"text-align: justify;\"><span style=\"font-weight: 400;\">Quan es va construir el centre per a l\u2019institut, el Miquel Granell va continuar funcionant com a escola, fins que arrib\u00e0 un moment en qu\u00e8 la matr\u00edcula era tan alta que es va construir un nou centre d\u2019EGB al costat mateix de l\u2019institut. Aquest nou centre s\u2019anomen\u00e0 \u201cMestre Agust\u00ed Barber\u00e0\u201d i es nodr\u00ed de part de la plantilla de professors i alumnes de l\u2019escola Miquel Granell.<\/span><\/p>\n<p style=\"text-align: justify;\"><span style=\"font-weight: 400;\">Al cap d\u2019uns anys la ciutat d\u2019Amposta experiment\u00e0 un gran creixement econ\u00f2mic i demogr\u00e0fic, la qual cosa comport\u00e0 de nou la saturaci\u00f3 de l\u2019escola. Va ser el moment de la creaci\u00f3 d\u2019un nou col\u00b7legi. Aquest s\u2019anomen\u00e0 Soriano Montagut i es va ubicar al costat del cementiri, a la carretera de Santa B\u00e0rbara. Part dels professors i alumnes del Miquel Granell van passar al nou centre. A partir d\u2019aquell moment el col\u00b7legi Miquel Granell solament va tenir nivell de preescolar, nodrint amb aquests alumnes l\u2019escola Agust\u00ed Barber\u00e0 i l\u2019escola Soriano Montagut.<\/span><\/p>\n<p style=\"text-align: justify;\"><span style=\"font-weight: 400;\">El Miquel Granell, despr\u00e9s de quasi vuitanta anys de funcionament, es trobava amb unes instal\u00b7lacions obsoletes i s\u2019inicia la construcci\u00f3 d\u2019un nou edifici al carrer Sebasti\u00e0 Juan Arb\u00f3 121. Aquest edifici fou constru\u00eft en dues fases.<\/span><\/p>\n<p style=\"text-align: justify;\"><span style=\"font-weight: 400;\">El setembre de 1987 a la ubicaci\u00f3 actual van comen\u00e7ar l\u2019escolaritzaci\u00f3 dues l\u00ednies de 1r, 2n i 3r, mentre que les quatre l\u00ednies de P4 i quatre de P5 van continuar a les antigues escoles. Durant el curs 1988-89 es va cursar de 1r a 4t i el setembre de 1989 l\u2019escola ja es va completar amb la incorporaci\u00f3 de l\u2019alumnat de P4 i P5 que venia des de les escoles del parc i el de 6\u00e8, 7\u00e8 i 8\u00e8 que procedia de l\u2019escola Soriano Montagut. Aquest curs el Sr. Josep Gest\u00ed va entrar com a director, c\u00e0rrec que va rebre de la Sra. Montse Roig i que va exercir durant 22 anys. El juny del 2011 la seva jubilaci\u00f3 va suposar un canvi de direcci\u00f3 que va recaure en l\u2019actual directora, la Sra. Merc\u00e8 Masip.<\/span><\/p>\n<p><img loading=\"lazy\" decoding=\"async\" class=\"wp-image-459 alignright\" src=\"https:\/\/agora.xtec.cat\/ceipmiquelgranell\/wp-content\/uploads\/usu1467\/2016\/09\/1-300x127.jpg\" alt=\"\" width=\"451\" height=\"191\" srcset=\"https:\/\/agora.xtec.cat\/ceipmiquelgranell\/wp-content\/uploads\/usu1467\/2016\/09\/1-300x127.jpg 300w, https:\/\/agora.xtec.cat\/ceipmiquelgranell\/wp-content\/uploads\/usu1467\/2016\/09\/1-768x326.jpg 768w, https:\/\/agora.xtec.cat\/ceipmiquelgranell\/wp-content\/uploads\/usu1467\/2016\/09\/1.jpg 960w\" sizes=\"auto, (max-width: 451px) 100vw, 451px\" \/><\/p>\n<p style=\"text-align: justify;\"><span style=\"font-weight: 400;\">El 27 de setembre de 1989 l\u2019Honorable Sr. Josep Laporte va fer la inauguraci\u00f3 oficial del centre. Anys m\u00e9s tard, el 10 de febrer de 2006 una altra consellera, l\u2019Honorable Sra. Marta Cid, va visitar l\u2019escola amb motiu de la inauguraci\u00f3 de les Jornades Pedag\u00f2giques de l\u2019Angl\u00e8s del Grup de Mestres d\u2019Angl\u00e8s del Montsi\u00e0, que se celebraven a l\u2019escola.<\/span><\/p>\n<p style=\"text-align: justify;\"><span style=\"font-weight: 400;\">El primer n\u00famero de la revista escolar va apar\u00e8ixer el juny de 1989. Per triar el nom i el logotip es va fer un concurs i va sortir escollida la proposta de l\u2019alumna Maria Romeu. Va n\u00e9ixer aix\u00ed la revista de l\u2019escola Miquel Granell amb el nom de Col\u00b7le-Text. El juny del 2006 es public\u00e0 la primera revista digital, amb una periodicitat anual, que substitu\u00efa a l\u2019antiga de paper. El curs 2016-17 va deixar d\u2019elaborar-se perqu\u00e8 totes les activitats es publicaven a la web del centre.<\/span><\/p>\n<p style=\"text-align: justify;\"><span style=\"font-weight: 400;\">El curs 1990-91 l\u2019AMPA va convocar per primera vegada el Certamen Literari de Sant Jordi en el qual participa sempre tot l\u2019alumnat de l\u2019escola en diverses modalitats art\u00edstiques i liter\u00e0ries. Aquest mateix curs l\u2019AMPA organitz\u00e0 un concurs per escollir el logotip de l\u2019escola; va sortir guanyador \u201cEl Miquelet\u201d, presentat per Marian Drago.<\/span><\/p>\n<p style=\"text-align: justify;\"><span style=\"font-weight: 400;\">Entre els anys 1993 i 2004 l\u2019escola va rebre tres premis Baldiri Reixac en reconeixement de la seva tasca educativa. El primer el curs 1993-94 a l\u2019alumnat de 8\u00e8 d\u2019EGB per l\u2019elaboraci\u00f3 de l\u2019\u201cAuca Hist\u00f2rica d\u2019Amposta\u201d. El segon el curs 1995-96 \u201cEn reconeixen\u00e7a a una llarga traject\u00f2ria en la consolidaci\u00f3 ling\u00fc\u00edstica i cultural d\u2019una escola que, amb un equip din\u00e0mic i engrescat i un entorn favorable, ha optat per potenciar la iniciativa, la creativitat i la realitzaci\u00f3 de projectes de molt inter\u00e8s\u201d, segons les paraules del jurat. I el tercer el juny del 2004, de nou en la modalitat d\u2019alumnes pel treball elaborat a 6\u00e8 \u201cGent de la nostra terra\u201d.<\/span><\/p>\n<p style=\"text-align: justify;\"><span style=\"font-weight: 400;\">Tanmateix, durant els cursos 1996-97 i 1997-98 es van elaborar dos v\u00eddeos, un sobre el conreu de l\u2019arr\u00f2s i l\u2019altre sobre el de l\u2019olivera, essent el de l\u2019arr\u00f2s finalista al III Concurs de v\u00eddeo escolar.<\/span><\/p>\n<p style=\"text-align: justify;\"><span style=\"font-weight: 400;\">El 2000-01 es present\u00e0 el CD \u201cCantem i ens divertim\u201d interpretat per alumnat de l\u2019escola i coordinat per Francesc Cerd\u00e0, mestre de m\u00fasica.<\/span><\/p>\n<p style=\"text-align: justify;\"><span style=\"font-weight: 400;\">L\u2019escola ha participat en dos projectes Comenius. El curs 1998-99 es va iniciar el primer com a centre coordinador amb el tema \u201cEls recursos hidr\u00e0ulics i les seves aplicacions\u201d junt amb un institut de Saint Jean de la Ruelle (Fran\u00e7a), una escola de Sao Joao da Madeira (Portugal) i una altra de Marina di Massa (It\u00e0lia). El segon es va desenvolupar des del 2002 fins al 2005 i es va participar com a centre associat amb el tema \u201cAigua\u2026 Home\u2026 Medi\u201d juntament amb quatre escoles europees: una escola de Glonn (Alemanya), una de Novi Ligure (It\u00e0lia), una de Lubey (Fran\u00e7a) i una altra de Nottingham (Anglaterra).<\/span><\/p>\n<p style=\"text-align: justify;\"><span style=\"font-weight: 400;\">El curs 2002-03 es va concedir a l\u2019escola el distintiu d\u2019Escola Verda que s\u2019ha anat renovant des de llavors. Aix\u00f2 ha suposat la incorporaci\u00f3 en la din\u00e0mica escolar d\u2019activitats i projectes que permeten la conscienciaci\u00f3 de l\u2019alumnat en la millora de l\u2019escola i del medi ambient, entre ells els dos horts escolars, un de plantes arom\u00e0tiques i l\u2019altre d\u2019horta.<img loading=\"lazy\" decoding=\"async\" class=\" alignright\" src=\"http:\/\/ime.olot.cat\/wp-content\/uploads\/2015\/11\/SomEscolaVerda.jpg\" width=\"381\" height=\"155\" \/><\/span><\/p>\n<p style=\"text-align: justify;\"><span style=\"font-weight: 400;\">Des de l&#8217;any 2005 l\u2019escola col\u00b7labora amb la Marat\u00f3 de TV3. Els primers anys a la fira de Santa Ll\u00facia es venien pastissos elaborats pels pares, per\u00f2 a partir de 2009 s\u2019organitza un esmorzar solidari de pa amb xocolata a l\u2019escola.<\/span><\/p>\n<p style=\"text-align: justify;\"><span style=\"font-weight: 400;\">La participaci\u00f3 en el projecte PuntEdu, iniciat el curs 2006-07, va suposar la dinamitzaci\u00f3 de la biblioteca escolar. Es va organitzar un concurs entre els alumnes de 5\u00e8 i 6\u00e8 per triar el logo i sort\u00ed escollit el de Mar Forcadell. Com a esl\u00f2gan s\u2019acord\u00e0 \u201cUn llibre, un amic per somiar\u201d.<\/span><\/p>\n<p style=\"text-align: justify;\"><span style=\"font-weight: 400;\">La coral \u201cEls Miquelets\u201d, que es va formar el curs 2007-08, i el grup de jota \u201cLa Rondalleta\u201d, que es va iniciar el curs 2008-09, omplen de m\u00fasica, ball i color les celebracions escolars.<\/span><\/p>\n<p style=\"text-align: justify;\"><span style=\"font-weight: 400;\">Des del curs 2010-11 i fins al 2014-15 el centre va estar dins d\u2019un Pla d\u2019Autonomia de Centre que va suposar la incorporaci\u00f3 d\u2019activitats de dinamitzaci\u00f3 i va introduir l\u2019avaluaci\u00f3 com a eina de millora en el proc\u00e9s d\u2019ensenyament-aprenentatge. <\/span><\/p>\n<p style=\"text-align: justify;\"><span style=\"font-weight: 400;\">El curs 2010-11 l\u2019alumnat de 6\u00e8 va guanyar el concurs de televisi\u00f3 Fish and Chips, on va demostrar el seu domini de l\u2019idioma angl\u00e8s. Aquest mateix curs s\u2019inicia el treball amb tallers internivells a educaci\u00f3 infantil i aquesta metodologia comen\u00e7a a aplicar-se a educaci\u00f3 prim\u00e0ria el curs 2016-17.<\/span><\/p>\n<p style=\"text-align: justify;\"><span style=\"font-weight: 400;\">El curs 13-14 es van commemorar els cinquanta anys de la creaci\u00f3 de l\u2019escola Miquel Granell i els 25 que estava ubicada al nou empla\u00e7ament. Es van fer al llarg del curs diverses activitats que van acabar amb un acte solemne a La Uni\u00f3 Filharm\u00f2nica. Aquest curs es va introduir el projecte d\u2019escacs a l\u2019escola dins de l\u2019horari lectiu.<\/span><\/p>\n<p style=\"text-align: justify;\"><span style=\"font-weight: 400;\">El curs 2015-16 es van celebrar els 25 anys del Certamen Literari de Sant Jordi amb un acte a La Lira Ampostina on estava present tota la comunitat educativa.<\/span><\/p>\n<p style=\"text-align: justify;\"><span style=\"font-weight: 400;\">El curs 2016-17 s\u2019inicia un proc\u00e9s de renovaci\u00f3 del pati per a crear espais de joc creatius i d\u2019aprenentatge. <\/span><\/p>\n<p style=\"text-align: justify;\"><span style=\"font-weight: 400;\">El curs 2017-18 s\u2019entra a formar part de la Xarxa de Compet\u00e8ncies B\u00e0siques amb la voluntat de desenvolupar el treball per compet\u00e8ncies al centre i del Programa de Salut Integral per a afavorir l\u2019adquisici\u00f3 d\u2019h\u00e0bits saludables des de la inf\u00e0ncia.<\/span><\/p>\n<p style=\"text-align: justify;\"><span style=\"font-weight: 400;\">A l\u2019estiu del 2018 s\u2019inicien obres de reforma i al setembre es pot comen\u00e7ar el curs amb un nou menjador escolar i una nova aula d\u2019usos m\u00faltiples a la qual se li dona el nom de \u201cLa Miqueleta\u201d.<\/span><\/p>\n<p style=\"text-align: justify;\"><span style=\"font-weight: 400;\">\u00c9s una escola amb esperit d\u2019innovaci\u00f3 i de servei a la ciutat d\u2019Amposta que durant aquests anys ha engegat projectes, col\u00f2nies, intercanvis, sortides i xerrades. Una escola que ha anat adequant espais per a biblioteca, laboratori, sala d\u2019idiomes, hort, aula d\u2019inform\u00e0tica\u2026 Una escola que segueix el pas de l\u2019any amb els canvis de la natura i tamb\u00e9 amb les festes. Escola atenta al teatre, a l\u2019esport, sensible a les campanyes de solidaritat, amb revistes participatives, amb biblioteques d\u2019aula per compartir la lectura\u2026<\/span><\/p>\n<p style=\"text-align: justify;\"><span style=\"font-weight: 400;\">Ja des del seu origen, i junt amb la resta de les escoles catalanes, va iniciar i ha anat consolidant un model d\u2019escola que ha sabut integrar totes aquelles inquietuds i formes de pensar dels que han vingut a viure a Catalunya. Tal com queda reflectit en el projecte ling\u00fc\u00edstic, el catal\u00e0 \u00e9s la llengua vehicular de les diferents activitats d\u2019ensenyament i aprenentatge, alhora que eina de cohesi\u00f3 entre totes les persones del centre.<\/span><\/p>\n<p style=\"text-align: justify;\"><span style=\"font-weight: 400;\">Ha apostat per la participaci\u00f3 activa de l\u2019alumnat com a via \u00f2ptima en el seu proc\u00e9s d\u2019aprenentatge, per la formaci\u00f3 d\u2019alumnes capa\u00e7os d\u2019afrontar la realitat social que els envolta, per l\u2019adquisici\u00f3 de coneixements en cada una de les \u00e0rees, a m\u00e9s del treball d\u2019h\u00e0bits personals. Amb aquest objectiu es fomenta l\u2019esperit cr\u00edtic, el comprom\u00eds personal i la participaci\u00f3 de les fam\u00edlies en la vida escolar. Com a tret diferenciador es potencia el coneixement i l\u2019\u00fas de les noves tecnologies. En aquest sentit, \u00e9s una escola innovadora i de refer\u00e8ncia. Totes les aules estan equipades amb pissarres o pantalles digitals i ordinadors; es compta amb iPad\u2019s i amb material de rob\u00f2tica.<\/span><\/p>\n<p style=\"text-align: justify;\"><span style=\"font-weight: 400;\">S\u00f3n molts d\u2019anys d\u2019activitats, viv\u00e8ncies, esfor\u00e7, entesa, caliu hum\u00e0 i aprenentatge, de traject\u00f2ria comuna que queda reflectida en un resum de fets i dates.<\/span><\/p>\n","protected":false},"excerpt":{"rendered":"<p>L\u2019escola Miquel Granell \u00e9s anomenada aix\u00ed en record del que va ser pedagog de gran renom i fundador de les [&hellip;]<\/p>\n","protected":false},"author":1,"featured_media":0,"parent":7759,"menu_order":2,"comment_status":"closed","ping_status":"closed","template":"","meta":{"_bbp_topic_count":0,"_bbp_reply_count":0,"_bbp_total_topic_count":0,"_bbp_total_reply_count":0,"_bbp_voice_count":0,"_bbp_anonymous_reply_count":0,"_bbp_topic_count_hidden":0,"_bbp_reply_count_hidden":0,"_bbp_forum_subforum_count":0,"site-sidebar-layout":"default","site-content-layout":"","ast-site-content-layout":"default","site-content-style":"default","site-sidebar-style":"default","ast-global-header-display":"","ast-banner-title-visibility":"","ast-main-header-display":"","ast-hfb-above-header-display":"","ast-hfb-below-header-display":"","ast-hfb-mobile-header-display":"","site-post-title":"","ast-breadcrumbs-content":"","ast-featured-img":"","footer-sml-layout":"","theme-transparent-header-meta":"","adv-header-id-meta":"","stick-header-meta":"","header-above-stick-meta":"","header-main-stick-meta":"","header-below-stick-meta":"","astra-migrate-meta-layouts":"set","ast-page-background-enabled":"default","ast-page-background-meta":{"desktop":{"background-color":"var(--ast-global-color-4)","background-image":"","background-repeat":"repeat","background-position":"center center","background-size":"auto","background-attachment":"scroll","background-type":"","background-media":"","overlay-type":"","overlay-color":"","overlay-opacity":"","overlay-gradient":""},"tablet":{"background-color":"","background-image":"","background-repeat":"repeat","background-position":"center center","background-size":"auto","background-attachment":"scroll","background-type":"","background-media":"","overlay-type":"","overlay-color":"","overlay-opacity":"","overlay-gradient":""},"mobile":{"background-color":"","background-image":"","background-repeat":"repeat","background-position":"center center","background-size":"auto","background-attachment":"scroll","background-type":"","background-media":"","overlay-type":"","overlay-color":"","overlay-opacity":"","overlay-gradient":""}},"ast-content-background-meta":{"desktop":{"background-color":"var(--ast-global-color-5)","background-image":"","background-repeat":"repeat","background-position":"center center","background-size":"auto","background-attachment":"scroll","background-type":"","background-media":"","overlay-type":"","overlay-color":"","overlay-opacity":"","overlay-gradient":""},"tablet":{"background-color":"var(--ast-global-color-5)","background-image":"","background-repeat":"repeat","background-position":"center center","background-size":"auto","background-attachment":"scroll","background-type":"","background-media":"","overlay-type":"","overlay-color":"","overlay-opacity":"","overlay-gradient":""},"mobile":{"background-color":"var(--ast-global-color-5)","background-image":"","background-repeat":"repeat","background-position":"center center","background-size":"auto","background-attachment":"scroll","background-type":"","background-media":"","overlay-type":"","overlay-color":"","overlay-opacity":"","overlay-gradient":""}},"footnotes":""},"class_list":["post-26","page","type-page","status-publish","hentry"],"post_mailing_queue_ids":[],"_links":{"self":[{"href":"https:\/\/agora.xtec.cat\/ceipmiquelgranell\/wp-json\/wp\/v2\/pages\/26","targetHints":{"allow":["GET"]}}],"collection":[{"href":"https:\/\/agora.xtec.cat\/ceipmiquelgranell\/wp-json\/wp\/v2\/pages"}],"about":[{"href":"https:\/\/agora.xtec.cat\/ceipmiquelgranell\/wp-json\/wp\/v2\/types\/page"}],"author":[{"embeddable":true,"href":"https:\/\/agora.xtec.cat\/ceipmiquelgranell\/wp-json\/wp\/v2\/users\/1"}],"replies":[{"embeddable":true,"href":"https:\/\/agora.xtec.cat\/ceipmiquelgranell\/wp-json\/wp\/v2\/comments?post=26"}],"version-history":[{"count":4,"href":"https:\/\/agora.xtec.cat\/ceipmiquelgranell\/wp-json\/wp\/v2\/pages\/26\/revisions"}],"predecessor-version":[{"id":9560,"href":"https:\/\/agora.xtec.cat\/ceipmiquelgranell\/wp-json\/wp\/v2\/pages\/26\/revisions\/9560"}],"up":[{"embeddable":true,"href":"https:\/\/agora.xtec.cat\/ceipmiquelgranell\/wp-json\/wp\/v2\/pages\/7759"}],"wp:attachment":[{"href":"https:\/\/agora.xtec.cat\/ceipmiquelgranell\/wp-json\/wp\/v2\/media?parent=26"}],"curies":[{"name":"wp","href":"https:\/\/api.w.org\/{rel}","templated":true}]}}