{"id":750,"date":"2022-03-07T05:22:07","date_gmt":"2022-03-07T04:22:07","guid":{"rendered":"https:\/\/agora.xtec.cat\/ceipmiquelbaro\/?page_id=750"},"modified":"2023-08-19T00:19:08","modified_gmt":"2023-08-18T22:19:08","slug":"projectes-entorn","status":"publish","type":"page","link":"https:\/\/agora.xtec.cat\/ceipmiquelbaro\/projectes\/projectes-entorn\/","title":{"rendered":"Projectes Entorn"},"content":{"rendered":"<h1 style=\"text-align: center;\"><\/h1>\n<hr \/>\n<table style=\"border-collapse: collapse; width: 100%; height: 352px;\">\n<tbody>\n<tr style=\"height: 231px;\">\n<td style=\"width: 33.3333%; height: 231px;\"><a href=\"https:\/\/agora.xtec.cat\/ceipmiquelbaro\/wp-content\/uploads\/usu2622\/2022\/03\/frutia-ci.jpg\"><img loading=\"lazy\" decoding=\"async\" class=\"wp-image-791 aligncenter\" src=\"https:\/\/agora.xtec.cat\/ceipmiquelbaro\/wp-content\/uploads\/usu2622\/2022\/03\/frutia-ci.jpg\" alt=\"\" width=\"324\" height=\"153\" \/><\/a><\/td>\n<td style=\"width: 33.3333%; height: 231px;\"><a href=\"https:\/\/agora.xtec.cat\/ceipmiquelbaro\/wp-content\/uploads\/usu2622\/2022\/03\/ribera.jpg\"><img loading=\"lazy\" decoding=\"async\" class=\" wp-image-792\" src=\"https:\/\/agora.xtec.cat\/ceipmiquelbaro\/wp-content\/uploads\/usu2622\/2022\/03\/ribera.jpg\" alt=\"\" width=\"306\" height=\"208\" srcset=\"https:\/\/agora.xtec.cat\/ceipmiquelbaro\/wp-content\/uploads\/usu2622\/2022\/03\/ribera.jpg 800w, https:\/\/agora.xtec.cat\/ceipmiquelbaro\/wp-content\/uploads\/usu2622\/2022\/03\/ribera-300x204.jpg 300w, https:\/\/agora.xtec.cat\/ceipmiquelbaro\/wp-content\/uploads\/usu2622\/2022\/03\/ribera-768x521.jpg 768w\" sizes=\"auto, (max-width: 306px) 100vw, 306px\" \/><\/a><\/td>\n<td style=\"width: 33.3333%; height: 231px;\"><a href=\"https:\/\/agora.xtec.cat\/ceipmiquelbaro\/wp-content\/uploads\/usu2622\/2022\/03\/Captura-de-pantalla-2022-03-07-a-les-5.49.17.png\"><img loading=\"lazy\" decoding=\"async\" class=\"wp-image-765 aligncenter\" src=\"https:\/\/agora.xtec.cat\/ceipmiquelbaro\/wp-content\/uploads\/usu2622\/2022\/03\/Captura-de-pantalla-2022-03-07-a-les-5.49.17.png\" alt=\"\" width=\"296\" height=\"209\" srcset=\"https:\/\/agora.xtec.cat\/ceipmiquelbaro\/wp-content\/uploads\/usu2622\/2022\/03\/Captura-de-pantalla-2022-03-07-a-les-5.49.17.png 546w, https:\/\/agora.xtec.cat\/ceipmiquelbaro\/wp-content\/uploads\/usu2622\/2022\/03\/Captura-de-pantalla-2022-03-07-a-les-5.49.17-300x212.png 300w\" sizes=\"auto, (max-width: 296px) 100vw, 296px\" \/><\/a><\/td>\n<\/tr>\n<tr style=\"height: 121px;\">\n<td style=\"width: 33.3333%; text-align: center; height: 121px;\">\n<h3 class=\"CjVfdc\">La Fruita Seca i la Fruita Dol\u00e7a<\/h3>\n<h5><\/h5>\n<h5 class=\"CjVfdc\">Cicle Inicial<\/h5>\n<\/td>\n<td style=\"width: 33.3333%; text-align: center; height: 121px;\">\n<h3 class=\"CjVfdc\">La Flora i la Fauna del Bosc de Ribera<\/h3>\n<p>&nbsp;<\/p>\n<h5 class=\"CjVfdc\">Cicle Mitj\u00e0<\/h5>\n<\/td>\n<td style=\"width: 33.3333%; text-align: center; height: 121px;\">\n<h3 class=\"CjVfdc\">Setmana d&#8217;Arqueologia<\/h3>\n<h5 class=\"CjVfdc\"><\/h5>\n<h5 class=\"CjVfdc\">Cicle Superior<\/h5>\n<\/td>\n<\/tr>\n<\/tbody>\n<\/table>\n<p>&nbsp;<\/p>\n<p>&nbsp;<\/p>\n<hr \/>\n<h1 style=\"text-align: center;\">PLA EDUCATIU ENTORN BAIX SEGRI\u00c0<\/h1>\n<hr \/>\n<p style=\"text-align: center;\"><a href=\"https:\/\/agora.xtec.cat\/ceipmiquelbaro\/wp-content\/uploads\/usu2622\/2022\/03\/logo-pe.png\"><img loading=\"lazy\" decoding=\"async\" class=\"alignnone size-full wp-image-793\" src=\"https:\/\/agora.xtec.cat\/ceipmiquelbaro\/wp-content\/uploads\/usu2622\/2022\/03\/logo-pe.png\" alt=\"\" width=\"240\" height=\"210\" \/><\/a><\/p>\n<p>&nbsp;<\/p>\n<p style=\"text-align: center;\">Logo elaborat per l&#8217;exalumna Gisela Alb\u00e0<\/p>\n","protected":false},"excerpt":{"rendered":"<p>La Fruita Seca i la Fruita Dol\u00e7a Cicle Inicial La Flora i la Fauna del Bosc de Ribera &nbsp; Cicle Mitj\u00e0 Setmana d&#8217;Arqueologia Cicle Superior &nbsp; &nbsp; PLA EDUCATIU ENTORN BAIX SEGRI\u00c0 &nbsp; Logo elaborat per l&#8217;exalumna Gisela Alb\u00e0<\/p>\n","protected":false},"author":1,"featured_media":0,"parent":589,"menu_order":0,"comment_status":"closed","ping_status":"closed","template":"page-templates\/side-menu.php","meta":{"_bbp_topic_count":0,"_bbp_reply_count":0,"_bbp_total_topic_count":0,"_bbp_total_reply_count":0,"_bbp_voice_count":0,"_bbp_anonymous_reply_count":0,"_bbp_topic_count_hidden":0,"_bbp_reply_count_hidden":0,"_bbp_forum_subforum_count":0,"site-sidebar-layout":"default","site-content-layout":"","ast-site-content-layout":"","site-content-style":"default","site-sidebar-style":"default","ast-global-header-display":"","ast-banner-title-visibility":"","ast-main-header-display":"","ast-hfb-above-header-display":"","ast-hfb-below-header-display":"","ast-hfb-mobile-header-display":"","site-post-title":"","ast-breadcrumbs-content":"","ast-featured-img":"","footer-sml-layout":"","theme-transparent-header-meta":"","adv-header-id-meta":"","stick-header-meta":"","header-above-stick-meta":"","header-main-stick-meta":"","header-below-stick-meta":"","astra-migrate-meta-layouts":"default","ast-page-background-enabled":"default","ast-page-background-meta":{"desktop":{"background-color":"var(--ast-global-color-4)","background-image":"","background-repeat":"repeat","background-position":"center center","background-size":"auto","background-attachment":"scroll","background-type":"","background-media":"","overlay-type":"","overlay-color":"","overlay-opacity":"","overlay-gradient":""},"tablet":{"background-color":"","background-image":"","background-repeat":"repeat","background-position":"center center","background-size":"auto","background-attachment":"scroll","background-type":"","background-media":"","overlay-type":"","overlay-color":"","overlay-opacity":"","overlay-gradient":""},"mobile":{"background-color":"","background-image":"","background-repeat":"repeat","background-position":"center center","background-size":"auto","background-attachment":"scroll","background-type":"","background-media":"","overlay-type":"","overlay-color":"","overlay-opacity":"","overlay-gradient":""}},"ast-content-background-meta":{"desktop":{"background-color":"var(--ast-global-color-5)","background-image":"","background-repeat":"repeat","background-position":"center center","background-size":"auto","background-attachment":"scroll","background-type":"","background-media":"","overlay-type":"","overlay-color":"","overlay-opacity":"","overlay-gradient":""},"tablet":{"background-color":"var(--ast-global-color-5)","background-image":"","background-repeat":"repeat","background-position":"center center","background-size":"auto","background-attachment":"scroll","background-type":"","background-media":"","overlay-type":"","overlay-color":"","overlay-opacity":"","overlay-gradient":""},"mobile":{"background-color":"var(--ast-global-color-5)","background-image":"","background-repeat":"repeat","background-position":"center center","background-size":"auto","background-attachment":"scroll","background-type":"","background-media":"","overlay-type":"","overlay-color":"","overlay-opacity":"","overlay-gradient":""}},"footnotes":""},"class_list":["post-750","page","type-page","status-publish","hentry"],"post_mailing_queue_ids":[],"_links":{"self":[{"href":"https:\/\/agora.xtec.cat\/ceipmiquelbaro\/wp-json\/wp\/v2\/pages\/750","targetHints":{"allow":["GET"]}}],"collection":[{"href":"https:\/\/agora.xtec.cat\/ceipmiquelbaro\/wp-json\/wp\/v2\/pages"}],"about":[{"href":"https:\/\/agora.xtec.cat\/ceipmiquelbaro\/wp-json\/wp\/v2\/types\/page"}],"author":[{"embeddable":true,"href":"https:\/\/agora.xtec.cat\/ceipmiquelbaro\/wp-json\/wp\/v2\/users\/1"}],"replies":[{"embeddable":true,"href":"https:\/\/agora.xtec.cat\/ceipmiquelbaro\/wp-json\/wp\/v2\/comments?post=750"}],"version-history":[{"count":4,"href":"https:\/\/agora.xtec.cat\/ceipmiquelbaro\/wp-json\/wp\/v2\/pages\/750\/revisions"}],"predecessor-version":[{"id":1590,"href":"https:\/\/agora.xtec.cat\/ceipmiquelbaro\/wp-json\/wp\/v2\/pages\/750\/revisions\/1590"}],"up":[{"embeddable":true,"href":"https:\/\/agora.xtec.cat\/ceipmiquelbaro\/wp-json\/wp\/v2\/pages\/589"}],"wp:attachment":[{"href":"https:\/\/agora.xtec.cat\/ceipmiquelbaro\/wp-json\/wp\/v2\/media?parent=750"}],"curies":[{"name":"wp","href":"https:\/\/api.w.org\/{rel}","templated":true}]}}