{"id":700,"date":"2022-03-07T02:51:14","date_gmt":"2022-03-07T01:51:14","guid":{"rendered":"https:\/\/agora.xtec.cat\/ceipmiquelbaro\/?page_id=700"},"modified":"2026-04-15T13:16:52","modified_gmt":"2026-04-15T11:16:52","slug":"preinscripcio","status":"publish","type":"page","link":"https:\/\/agora.xtec.cat\/ceipmiquelbaro\/preinscripcio\/","title":{"rendered":"PREINSCRIPCI\u00d3 2026 &#8211; 2027"},"content":{"rendered":"<p><a href=\"https:\/\/agora.xtec.cat\/ceipmiquelbaro\/wp-content\/uploads\/usu2622\/2026\/03\/Captura-12.jpg\"><img loading=\"lazy\" decoding=\"async\" class=\"wp-image-2433 alignleft\" src=\"https:\/\/agora.xtec.cat\/ceipmiquelbaro\/wp-content\/uploads\/usu2622\/2026\/03\/Captura-12.jpg\" alt=\"\" width=\"404\" height=\"154\" srcset=\"https:\/\/agora.xtec.cat\/ceipmiquelbaro\/wp-content\/uploads\/usu2622\/2026\/03\/Captura-12.jpg 591w, https:\/\/agora.xtec.cat\/ceipmiquelbaro\/wp-content\/uploads\/usu2622\/2026\/03\/Captura-12-300x114.jpg 300w\" sizes=\"auto, (max-width: 404px) 100vw, 404px\" \/><img loading=\"lazy\" decoding=\"async\" class=\"alignright\" src=\"https:\/\/agora.xtec.cat\/escolagcomellas\/wp-content\/uploads\/usu2214\/2026\/03\/Cartelleria-preinscripcio-curs-26-27-1.jpg\" width=\"222\" height=\"314\" \/>\u00a0<\/a><\/p>\n<p>&nbsp;<\/p>\n<p>&nbsp;<\/p>\n<p>&nbsp;<\/p>\n<p>&nbsp;<\/p>\n<p>&nbsp;<\/p>\n<p>&nbsp;<\/p>\n<p>&nbsp;<\/p>\n<p>&nbsp;<\/p>\n<hr \/>\n<p>&nbsp;<\/p>\n<table style=\"border-collapse: collapse; width: 100%; height: 184px;\">\n<tbody>\n<tr style=\"height: 184px;\">\n<td style=\"width: 50%; background-color: #04c772; height: 184px;\">\n<h1 style=\"text-align: center;\"><strong>ASSIGNACI\u00d3 AL CENTRE<\/strong><\/h1>\n<\/td>\n<td style=\"width: 50%; height: 184px;\">\n<h4 style=\"text-align: center;\"><a href=\"https:\/\/drive.google.com\/file\/d\/1rt-CRnwLsQICCyJKfdrnRn5N5pPkzOFF\/view?usp=drive_link\" target=\"_blank\" rel=\"noopener\">ALUMNES PREINSCRITS<\/a><\/h4>\n<p style=\"text-align: center;\">(15 d&#8217;abril de 2026)<\/p>\n<h4><\/h4>\n<h4 style=\"text-align: center;\">ALUMNES ASSIGNATS AL CENTRE<\/h4>\n<p>&nbsp;<\/p>\n<h4 style=\"text-align: center;\">Juny del 2026<\/h4>\n<\/td>\n<\/tr>\n<\/tbody>\n<\/table>\n<p>&nbsp;<\/p>\n<table style=\"border-collapse: collapse; width: 100%; height: 184px;\">\n<tbody>\n<tr style=\"height: 184px;\">\n<td style=\"width: 50%; background-color: #04c772; height: 184px;\">\n<h1 style=\"text-align: center;\"><strong>PRESENTACI\u00d3 DE SOL.LICITUDS<\/strong><\/h1>\n<\/td>\n<td style=\"width: 50%; height: 184px;\">\n<h4 style=\"text-align: center;\"><a href=\"https:\/\/preinscripcio.gencat.cat\/ca\/estudis\/eso\/preinscriute\/sollicitud\/\" target=\"_blank\" rel=\"noopener\">Del 4 al 18 de mar\u00e7 de 2026<\/a><\/h4>\n<\/td>\n<\/tr>\n<\/tbody>\n<\/table>\n<p>&nbsp;<\/p>\n<hr \/>\n<p>&nbsp;<\/p>\n<table style=\"border-collapse: collapse; width: 100%;\">\n<tbody>\n<tr>\n<td style=\"width: 50%; background-color: #04c772;\">\n<h1 style=\"text-align: center;\"><strong>PRESENTACI\u00d3 DE L&#8217;ESCOLA<\/strong><\/h1>\n<\/td>\n<td style=\"width: 50%;\"><a href=\"https:\/\/drive.google.com\/file\/d\/1iGUEzHX7SUulNTOXnim4sQq_3hoR5N9H\/view\" target=\"_blank\" rel=\"noopener\"><img loading=\"lazy\" decoding=\"async\" class=\"wp-image-820 aligncenter\" src=\"https:\/\/agora.xtec.cat\/ceipmiquelbaro\/wp-content\/uploads\/usu2622\/2022\/05\/Captura-de-pantalla-2022-05-02-a-les-3.58.35.png\" alt=\"\" width=\"615\" height=\"360\" srcset=\"https:\/\/agora.xtec.cat\/ceipmiquelbaro\/wp-content\/uploads\/usu2622\/2022\/05\/Captura-de-pantalla-2022-05-02-a-les-3.58.35.png 840w, https:\/\/agora.xtec.cat\/ceipmiquelbaro\/wp-content\/uploads\/usu2622\/2022\/05\/Captura-de-pantalla-2022-05-02-a-les-3.58.35-300x176.png 300w, https:\/\/agora.xtec.cat\/ceipmiquelbaro\/wp-content\/uploads\/usu2622\/2022\/05\/Captura-de-pantalla-2022-05-02-a-les-3.58.35-768x450.png 768w\" sizes=\"auto, (max-width: 615px) 100vw, 615px\" \/><\/a><\/td>\n<\/tr>\n<\/tbody>\n<\/table>\n<p>&nbsp;<\/p>\n<table style=\"height: 184px; width: 100%; border-collapse: collapse; border-color: #10e642; background-color: #fafcfb;\">\n<tbody>\n<tr style=\"height: 184px;\">\n<td style=\"width: 50%; background-color: #2ef03e; height: 184px;\">\n<h1 style=\"text-align: center;\">CARTA DE COMPROM\u00cdS EDUCATIU<\/h1>\n<\/td>\n<td style=\"width: 50%; height: 184px;\"><a href=\"https:\/\/drive.google.com\/file\/d\/1MGX5tMdz2HRVf6VRaUd1axc1kkjhuHwO\/view?usp=sharing\" target=\"_blank\" rel=\"noopener\"><img loading=\"lazy\" decoding=\"async\" class=\"alignnone size-full wp-image-1876\" src=\"https:\/\/agora.xtec.cat\/ceipmiquelbaro\/wp-content\/uploads\/usu2622\/2024\/03\/CAPTURA-CARTA-COMPROMIS.jpg\" alt=\"\" width=\"517\" height=\"189\" srcset=\"https:\/\/agora.xtec.cat\/ceipmiquelbaro\/wp-content\/uploads\/usu2622\/2024\/03\/CAPTURA-CARTA-COMPROMIS.jpg 517w, https:\/\/agora.xtec.cat\/ceipmiquelbaro\/wp-content\/uploads\/usu2622\/2024\/03\/CAPTURA-CARTA-COMPROMIS-300x110.jpg 300w\" sizes=\"auto, (max-width: 517px) 100vw, 517px\" \/><\/a><\/td>\n<\/tr>\n<\/tbody>\n<\/table>\n<p>&nbsp;<\/p>\n<table style=\"border-collapse: collapse; width: 100%; height: 184px;\">\n<tbody>\n<tr style=\"height: 184px;\">\n<td style=\"width: 50%; background-color: #04c772; height: 184px;\">\n<h1 style=\"text-align: center;\"><strong>OFERTA DE PLACES AL CENTRE<\/strong><\/h1>\n<\/td>\n<td style=\"width: 50%; height: 184px;\">\n<h4 style=\"text-align: center;\"><a href=\"https:\/\/drive.google.com\/file\/d\/1GsBMlJhzNelkpW5rwPVwgW-YRTbiKKdc\/view?usp=drive_link\" target=\"_blank\" rel=\"noopener\">Actualitzat: 3 de mar\u00e7 de 2026<\/a><\/h4>\n<\/td>\n<\/tr>\n<\/tbody>\n<\/table>\n<p>&nbsp;<\/p>\n<table style=\"width: 100%; border-collapse: collapse; border-color: #f7fcfa; background-color: #fafcfb; height: 199px;\">\n<tbody>\n<tr style=\"height: 199px;\">\n<td style=\"width: 50%; background-color: #0af550; height: 199px;\">\n<h1 style=\"text-align: center;\"><strong>SOL.LICITUD ONLINE<\/strong><\/h1>\n<\/td>\n<td style=\"width: 50%; height: 199px;\"><a href=\"https:\/\/preinscripcio.gencat.cat\/ca\/inici\" target=\"_blank\" rel=\"noopener\"><img loading=\"lazy\" decoding=\"async\" class=\"aligncenter wp-image-1424\" src=\"https:\/\/agora.xtec.cat\/ceipmiquelbaro\/wp-content\/uploads\/usu2622\/2023\/03\/Captura.jpg\" alt=\"\" width=\"274\" height=\"133\" srcset=\"https:\/\/agora.xtec.cat\/ceipmiquelbaro\/wp-content\/uploads\/usu2622\/2023\/03\/Captura.jpg 531w, https:\/\/agora.xtec.cat\/ceipmiquelbaro\/wp-content\/uploads\/usu2622\/2023\/03\/Captura-300x146.jpg 300w\" sizes=\"auto, (max-width: 274px) 100vw, 274px\" \/><\/a><\/td>\n<\/tr>\n<\/tbody>\n<\/table>\n","protected":false},"excerpt":{"rendered":"<p>\u00a0 &nbsp; &nbsp; &nbsp; &nbsp; &nbsp; &nbsp; &nbsp; &nbsp; &nbsp; ASSIGNACI\u00d3 AL CENTRE ALUMNES PREINSCRITS (15 d&#8217;abril de 2026) ALUMNES ASSIGNATS AL CENTRE &nbsp; Juny del 2026 &nbsp; PRESENTACI\u00d3 DE SOL.LICITUDS Del 4 al 18 de mar\u00e7 de 2026 &nbsp; &nbsp; PRESENTACI\u00d3 DE L&#8217;ESCOLA &nbsp; CARTA DE COMPROM\u00cdS EDUCATIU &nbsp; OFERTA DE PLACES AL CENTRE [&hellip;]<\/p>\n","protected":false},"author":1,"featured_media":0,"parent":0,"menu_order":0,"comment_status":"closed","ping_status":"closed","template":"","meta":{"_bbp_topic_count":0,"_bbp_reply_count":0,"_bbp_total_topic_count":0,"_bbp_total_reply_count":0,"_bbp_voice_count":0,"_bbp_anonymous_reply_count":0,"_bbp_topic_count_hidden":0,"_bbp_reply_count_hidden":0,"_bbp_forum_subforum_count":0,"site-sidebar-layout":"default","site-content-layout":"","ast-site-content-layout":"default","site-content-style":"default","site-sidebar-style":"default","ast-global-header-display":"","ast-banner-title-visibility":"","ast-main-header-display":"","ast-hfb-above-header-display":"","ast-hfb-below-header-display":"","ast-hfb-mobile-header-display":"","site-post-title":"","ast-breadcrumbs-content":"","ast-featured-img":"","footer-sml-layout":"","theme-transparent-header-meta":"default","adv-header-id-meta":"","stick-header-meta":"","header-above-stick-meta":"","header-main-stick-meta":"","header-below-stick-meta":"","astra-migrate-meta-layouts":"set","ast-page-background-enabled":"default","ast-page-background-meta":{"desktop":{"background-color":"var(--ast-global-color-4)","background-image":"","background-repeat":"repeat","background-position":"center center","background-size":"auto","background-attachment":"scroll","background-type":"","background-media":"","overlay-type":"","overlay-color":"","overlay-opacity":"","overlay-gradient":""},"tablet":{"background-color":"","background-image":"","background-repeat":"repeat","background-position":"center center","background-size":"auto","background-attachment":"scroll","background-type":"","background-media":"","overlay-type":"","overlay-color":"","overlay-opacity":"","overlay-gradient":""},"mobile":{"background-color":"","background-image":"","background-repeat":"repeat","background-position":"center center","background-size":"auto","background-attachment":"scroll","background-type":"","background-media":"","overlay-type":"","overlay-color":"","overlay-opacity":"","overlay-gradient":""}},"ast-content-background-meta":{"desktop":{"background-color":"var(--ast-global-color-5)","background-image":"","background-repeat":"repeat","background-position":"center center","background-size":"auto","background-attachment":"scroll","background-type":"","background-media":"","overlay-type":"","overlay-color":"","overlay-opacity":"","overlay-gradient":""},"tablet":{"background-color":"var(--ast-global-color-5)","background-image":"","background-repeat":"repeat","background-position":"center center","background-size":"auto","background-attachment":"scroll","background-type":"","background-media":"","overlay-type":"","overlay-color":"","overlay-opacity":"","overlay-gradient":""},"mobile":{"background-color":"var(--ast-global-color-5)","background-image":"","background-repeat":"repeat","background-position":"center center","background-size":"auto","background-attachment":"scroll","background-type":"","background-media":"","overlay-type":"","overlay-color":"","overlay-opacity":"","overlay-gradient":""}},"footnotes":""},"class_list":["post-700","page","type-page","status-publish","hentry"],"post_mailing_queue_ids":[],"_links":{"self":[{"href":"https:\/\/agora.xtec.cat\/ceipmiquelbaro\/wp-json\/wp\/v2\/pages\/700","targetHints":{"allow":["GET"]}}],"collection":[{"href":"https:\/\/agora.xtec.cat\/ceipmiquelbaro\/wp-json\/wp\/v2\/pages"}],"about":[{"href":"https:\/\/agora.xtec.cat\/ceipmiquelbaro\/wp-json\/wp\/v2\/types\/page"}],"author":[{"embeddable":true,"href":"https:\/\/agora.xtec.cat\/ceipmiquelbaro\/wp-json\/wp\/v2\/users\/1"}],"replies":[{"embeddable":true,"href":"https:\/\/agora.xtec.cat\/ceipmiquelbaro\/wp-json\/wp\/v2\/comments?post=700"}],"version-history":[{"count":7,"href":"https:\/\/agora.xtec.cat\/ceipmiquelbaro\/wp-json\/wp\/v2\/pages\/700\/revisions"}],"predecessor-version":[{"id":2498,"href":"https:\/\/agora.xtec.cat\/ceipmiquelbaro\/wp-json\/wp\/v2\/pages\/700\/revisions\/2498"}],"wp:attachment":[{"href":"https:\/\/agora.xtec.cat\/ceipmiquelbaro\/wp-json\/wp\/v2\/media?parent=700"}],"curies":[{"name":"wp","href":"https:\/\/api.w.org\/{rel}","templated":true}]}}