{"id":30,"date":"2014-09-18T12:30:23","date_gmt":"2014-09-18T11:30:23","guid":{"rendered":"http:\/\/agora.xtec.cat\/ceipmiquelbaro\/?page_id=30"},"modified":"2022-10-02T19:55:45","modified_gmt":"2022-10-02T17:55:45","slug":"instal%c2%b7lacions","status":"publish","type":"page","link":"https:\/\/agora.xtec.cat\/ceipmiquelbaro\/lescola\/instal%c2%b7lacions\/","title":{"rendered":"Instal\u00b7lacions"},"content":{"rendered":"<p dir=\"ltr\">Som una escola petita, d&#8217;una sola l\u00ednia. Per\u00f2 tot i ser petits, intentem aprofitar tots els nostres espais al m\u00e0xim per potenciar el coneixement i l&#8217;aprenentatge dels nostres alumnes.<\/p>\n<p>Les instal\u00b7lacions que trobem en el nostre centre s\u00f3n les seg\u00fcents:<\/p>\n<ul>\n<li style=\"list-style-type: none;\">\n<ul>\n<li dir=\"ltr\" aria-level=\"5\">\n<p dir=\"ltr\" role=\"presentation\">Dos patis: un per als alumnes d&#8217;Educaci\u00f3 Prim\u00e0ria i l&#8217;altre, pels d&#8217;Educaci\u00f3 Infantil.<\/p>\n<\/li>\n<li dir=\"ltr\" aria-level=\"5\">\n<p dir=\"ltr\" role=\"presentation\">3 aules d&#8217;Educaci\u00f3 Infantil<\/p>\n<\/li>\n<li dir=\"ltr\" aria-level=\"5\">\n<p dir=\"ltr\" role=\"presentation\">7 aules d&#8217;Educaci\u00f3 Prim\u00e0ria<\/p>\n<\/li>\n<li dir=\"ltr\" aria-level=\"5\">\n<p dir=\"ltr\" role=\"presentation\">Una aula NEE<\/p>\n<\/li>\n<li dir=\"ltr\" aria-level=\"5\">\n<p dir=\"ltr\" role=\"presentation\">Diverses aules per a desdoblaments<\/p>\n<\/li>\n<li dir=\"ltr\" aria-level=\"5\">\n<p dir=\"ltr\" role=\"presentation\">Diversos racons de lectura amb llibres on els alumnes poden llegir all\u00f2 que m\u00e9s els hi interessa.<\/p>\n<\/li>\n<li dir=\"ltr\" aria-level=\"5\">\n<p dir=\"ltr\" role=\"presentation\">Aula TAC amb diversos ordinadors<\/p>\n<\/li>\n<li dir=\"ltr\" aria-level=\"5\">\n<p dir=\"ltr\" role=\"presentation\">Aula de joc simb\u00f2lic<\/p>\n<\/li>\n<\/ul>\n<\/li>\n<\/ul>\n<p dir=\"ltr\">Les aules disposen d&#8217;un projector i d&#8217;una pantalla t\u00e0ctil. Aix\u00ed mateix, tamb\u00e9 hi ha un monitor interactiu m\u00f2bil.<\/p>\n<p dir=\"ltr\">\n","protected":false},"excerpt":{"rendered":"<p>Som una escola petita, d&#8217;una sola l\u00ednia. Per\u00f2 tot i ser petits, intentem aprofitar tots els nostres espais al m\u00e0xim per potenciar el coneixement i l&#8217;aprenentatge dels nostres alumnes. Les instal\u00b7lacions que trobem en el nostre centre s\u00f3n les seg\u00fcents: Dos patis: un per als alumnes d&#8217;Educaci\u00f3 Prim\u00e0ria i l&#8217;altre, pels d&#8217;Educaci\u00f3 Infantil. 3 aules [&hellip;]<\/p>\n","protected":false},"author":1,"featured_media":0,"parent":22,"menu_order":2,"comment_status":"closed","ping_status":"closed","template":"page-templates\/side-menu.php","meta":{"_bbp_topic_count":0,"_bbp_reply_count":0,"_bbp_total_topic_count":0,"_bbp_total_reply_count":0,"_bbp_voice_count":0,"_bbp_anonymous_reply_count":0,"_bbp_topic_count_hidden":0,"_bbp_reply_count_hidden":0,"_bbp_forum_subforum_count":0,"site-sidebar-layout":"default","site-content-layout":"","ast-site-content-layout":"","site-content-style":"default","site-sidebar-style":"default","ast-global-header-display":"","ast-banner-title-visibility":"","ast-main-header-display":"","ast-hfb-above-header-display":"","ast-hfb-below-header-display":"","ast-hfb-mobile-header-display":"","site-post-title":"","ast-breadcrumbs-content":"","ast-featured-img":"","footer-sml-layout":"","theme-transparent-header-meta":"","adv-header-id-meta":"","stick-header-meta":"","header-above-stick-meta":"","header-main-stick-meta":"","header-below-stick-meta":"","astra-migrate-meta-layouts":"default","ast-page-background-enabled":"default","ast-page-background-meta":{"desktop":{"background-color":"var(--ast-global-color-4)","background-image":"","background-repeat":"repeat","background-position":"center center","background-size":"auto","background-attachment":"scroll","background-type":"","background-media":"","overlay-type":"","overlay-color":"","overlay-opacity":"","overlay-gradient":""},"tablet":{"background-color":"","background-image":"","background-repeat":"repeat","background-position":"center center","background-size":"auto","background-attachment":"scroll","background-type":"","background-media":"","overlay-type":"","overlay-color":"","overlay-opacity":"","overlay-gradient":""},"mobile":{"background-color":"","background-image":"","background-repeat":"repeat","background-position":"center center","background-size":"auto","background-attachment":"scroll","background-type":"","background-media":"","overlay-type":"","overlay-color":"","overlay-opacity":"","overlay-gradient":""}},"ast-content-background-meta":{"desktop":{"background-color":"var(--ast-global-color-5)","background-image":"","background-repeat":"repeat","background-position":"center center","background-size":"auto","background-attachment":"scroll","background-type":"","background-media":"","overlay-type":"","overlay-color":"","overlay-opacity":"","overlay-gradient":""},"tablet":{"background-color":"var(--ast-global-color-5)","background-image":"","background-repeat":"repeat","background-position":"center center","background-size":"auto","background-attachment":"scroll","background-type":"","background-media":"","overlay-type":"","overlay-color":"","overlay-opacity":"","overlay-gradient":""},"mobile":{"background-color":"var(--ast-global-color-5)","background-image":"","background-repeat":"repeat","background-position":"center center","background-size":"auto","background-attachment":"scroll","background-type":"","background-media":"","overlay-type":"","overlay-color":"","overlay-opacity":"","overlay-gradient":""}},"footnotes":""},"class_list":["post-30","page","type-page","status-publish","hentry"],"post_mailing_queue_ids":[],"_links":{"self":[{"href":"https:\/\/agora.xtec.cat\/ceipmiquelbaro\/wp-json\/wp\/v2\/pages\/30","targetHints":{"allow":["GET"]}}],"collection":[{"href":"https:\/\/agora.xtec.cat\/ceipmiquelbaro\/wp-json\/wp\/v2\/pages"}],"about":[{"href":"https:\/\/agora.xtec.cat\/ceipmiquelbaro\/wp-json\/wp\/v2\/types\/page"}],"author":[{"embeddable":true,"href":"https:\/\/agora.xtec.cat\/ceipmiquelbaro\/wp-json\/wp\/v2\/users\/1"}],"replies":[{"embeddable":true,"href":"https:\/\/agora.xtec.cat\/ceipmiquelbaro\/wp-json\/wp\/v2\/comments?post=30"}],"version-history":[{"count":4,"href":"https:\/\/agora.xtec.cat\/ceipmiquelbaro\/wp-json\/wp\/v2\/pages\/30\/revisions"}],"predecessor-version":[{"id":1064,"href":"https:\/\/agora.xtec.cat\/ceipmiquelbaro\/wp-json\/wp\/v2\/pages\/30\/revisions\/1064"}],"up":[{"embeddable":true,"href":"https:\/\/agora.xtec.cat\/ceipmiquelbaro\/wp-json\/wp\/v2\/pages\/22"}],"wp:attachment":[{"href":"https:\/\/agora.xtec.cat\/ceipmiquelbaro\/wp-json\/wp\/v2\/media?parent=30"}],"curies":[{"name":"wp","href":"https:\/\/api.w.org\/{rel}","templated":true}]}}