{"id":2381,"date":"2025-12-12T11:56:35","date_gmt":"2025-12-12T10:56:35","guid":{"rendered":"https:\/\/agora.xtec.cat\/ceipmiquelbaro\/?page_id=2381"},"modified":"2025-12-12T12:19:27","modified_gmt":"2025-12-12T11:19:27","slug":"pla-catala-de-lesport","status":"publish","type":"page","link":"https:\/\/agora.xtec.cat\/ceipmiquelbaro\/projectes\/pla-catala-de-lesport\/","title":{"rendered":"Pla Catal\u00e0 de l&#8217;Esport"},"content":{"rendered":"<p><a href=\"https:\/\/www.ucec.cat\/esports\/esport-escolar\/pla-catala-de-lesport-a-lescola\/\" target=\"_blank\" rel=\"noopener\"><img loading=\"lazy\" decoding=\"async\" class=\"alignleft\" src=\"https:\/\/agora.xtec.cat\/iestremp\/wp-content\/uploads\/usu1880\/2024\/10\/logo-pla-catala-esport.jpg\" width=\"283\" height=\"113\" \/><\/a><\/p>\n<p>L\u2019objectiu que perseguim amb aquest projecte \u00e9s que el centre, m\u00e9s enll\u00e0 de la jornada lectiva, sigui capa\u00e7 d\u2019oferir al seu alumnat i a les fam\u00edlies una oferta d\u2019activitats esportives completa i variada per a completar la formaci\u00f3 de l\u2019alumnat i per a utilitzar d\u2019una manera educativa i saludable el seu temps lliure. \u00c9s per aix\u00f2, que considerem que aquesta \u00e9s una oportunitat que pot aportar un valor afegit al nostre Projecte Educatiu.<\/p>\n<p><img loading=\"lazy\" decoding=\"async\" class=\"size-large alignright\" src=\"https:\/\/encrypted-tbn0.gstatic.com\/images?q=tbn:ANd9GcQ0WHi71M0RJH-qnvKsrei3OlHNZRHMUkq2KQ&amp;s\" width=\"302\" height=\"167\" \/>Considerem que implantar en el nostre Centre la pr\u00e0ctica de l\u2019esport fora de l\u2019horari escolar, ens permet completar el proc\u00e9s educatiu del nostre alumnat, desenvolupant les virtuts educatives que aporta la pr\u00e0ctica de l\u2019esport per al desenvolupament personal (esfor\u00e7, coeducaci\u00f3, disciplina, dedicaci\u00f3, sacrifici, solidaritat, comprom\u00eds&#8230;); fomentant l\u2019autonomia personal. Aquesta pr\u00e0ctica ha de ser per a tots i totes, sense discriminaci\u00f3, i ha d\u2019ensenyar a utilitzar el temps d\u2019oci. Ha de ser una diversi\u00f3 i un plaer, mai una obligaci\u00f3; \u00a0sense desenvolupar en els infants un esperit competitiu on el resultat \u00e9s l\u2019objectiu.<\/p>\n<p>&nbsp;<\/p>\n<p><strong>OBJECTIUS DEL PROJECTE ESPORTIU DE CENTRE<\/strong><\/p>\n<ul>\n<li>Oferir diferents activitats engrescadores per incrementar el nombre d\u2019infants que realitzen una pr\u00e0ctica regular de l\u2019activitat f\u00edsica.<\/li>\n<li>Augmentar el nombre d\u2019hores que inverteixen els nostres alumnes en la realitzaci\u00f3 d\u2019activitat f\u00edsica.<a href=\"https:\/\/agora.xtec.cat\/ceipmiquelbaro\/wp-content\/uploads\/usu2622\/2025\/12\/espsorts.jpg\"><img loading=\"lazy\" decoding=\"async\" class=\"wp-image-2387 alignright\" src=\"https:\/\/agora.xtec.cat\/ceipmiquelbaro\/wp-content\/uploads\/usu2622\/2025\/12\/espsorts.jpg\" alt=\"\" width=\"338\" height=\"391\" srcset=\"https:\/\/agora.xtec.cat\/ceipmiquelbaro\/wp-content\/uploads\/usu2622\/2025\/12\/espsorts.jpg 583w, https:\/\/agora.xtec.cat\/ceipmiquelbaro\/wp-content\/uploads\/usu2622\/2025\/12\/espsorts-260x300.jpg 260w\" sizes=\"auto, (max-width: 338px) 100vw, 338px\" \/><\/a><\/li>\n<li>Oferir l\u2019activitat de multiesports per fomentar la participaci\u00f3 m\u00e0xima de l\u2019alumnat, i no encasellar-los en un esport en concret, i perqu\u00e8 hi tingui cabuda tothom.<\/li>\n<li>Participar i gaudir dels diferents esports i activitats f\u00edsiques, tot cercant la participaci\u00f3 per damunt de la competitivitat.<\/li>\n<li>Mostrar habilitats i actituds de respecte, treball en equip i esportivitat en la participaci\u00f3 en activitats, jocs i esports, independentment de les difer\u00e8ncies de g\u00e8nere, culturals, socials i d\u2019habilitat.<\/li>\n<li>Potenciar la funci\u00f3 integradora i de cohesi\u00f3 social de l&#8217;esport escolar, facilitant l&#8217;acc\u00e9s de tots els nens i nenes a la pr\u00e0ctica esportiva escolar.<\/li>\n<li>Contribuir mitjan\u00e7ant la pr\u00e0ctica esportiva a la formaci\u00f3 en valors com la toler\u00e0ncia, el respecte als altres i a les regles, la confian\u00e7a en un mateix, l&#8217;esfor\u00e7 de superaci\u00f3, l&#8217;autocr\u00edtica, l&#8217;autonomia, la capacitat de decisi\u00f3, l&#8217;autogesti\u00f3, la cooperaci\u00f3, el treball en equip, entre d&#8217;altres.<\/li>\n<li>Atendre la integraci\u00f3 de l\u2019alumnat de necessitats educatives especials, en el desenvolupament de les activitats esportives del centre.<\/li>\n<li>Donar prefer\u00e8ncia al catal\u00e0 com a llengua vehicular de les activitats esportives; tal i com es dona en horari escolar.<\/li>\n<\/ul>\n","protected":false},"excerpt":{"rendered":"<p>L\u2019objectiu que perseguim amb aquest projecte \u00e9s que el centre, m\u00e9s enll\u00e0 de la jornada lectiva, sigui capa\u00e7 d\u2019oferir al seu alumnat i a les fam\u00edlies una oferta d\u2019activitats esportives completa i variada per a completar la formaci\u00f3 de l\u2019alumnat i per a utilitzar d\u2019una manera educativa i saludable el seu temps lliure. \u00c9s per [&hellip;]<\/p>\n","protected":false},"author":1,"featured_media":0,"parent":589,"menu_order":7,"comment_status":"closed","ping_status":"closed","template":"","meta":{"_bbp_topic_count":0,"_bbp_reply_count":0,"_bbp_total_topic_count":0,"_bbp_total_reply_count":0,"_bbp_voice_count":0,"_bbp_anonymous_reply_count":0,"_bbp_topic_count_hidden":0,"_bbp_reply_count_hidden":0,"_bbp_forum_subforum_count":0,"site-sidebar-layout":"default","site-content-layout":"","ast-site-content-layout":"default","site-content-style":"default","site-sidebar-style":"default","ast-global-header-display":"","ast-banner-title-visibility":"","ast-main-header-display":"","ast-hfb-above-header-display":"","ast-hfb-below-header-display":"","ast-hfb-mobile-header-display":"","site-post-title":"","ast-breadcrumbs-content":"","ast-featured-img":"","footer-sml-layout":"","theme-transparent-header-meta":"default","adv-header-id-meta":"","stick-header-meta":"","header-above-stick-meta":"","header-main-stick-meta":"","header-below-stick-meta":"","astra-migrate-meta-layouts":"set","ast-page-background-enabled":"default","ast-page-background-meta":{"desktop":{"background-color":"var(--ast-global-color-4)","background-image":"","background-repeat":"repeat","background-position":"center center","background-size":"auto","background-attachment":"scroll","background-type":"","background-media":"","overlay-type":"","overlay-color":"","overlay-opacity":"","overlay-gradient":""},"tablet":{"background-color":"","background-image":"","background-repeat":"repeat","background-position":"center center","background-size":"auto","background-attachment":"scroll","background-type":"","background-media":"","overlay-type":"","overlay-color":"","overlay-opacity":"","overlay-gradient":""},"mobile":{"background-color":"","background-image":"","background-repeat":"repeat","background-position":"center center","background-size":"auto","background-attachment":"scroll","background-type":"","background-media":"","overlay-type":"","overlay-color":"","overlay-opacity":"","overlay-gradient":""}},"ast-content-background-meta":{"desktop":{"background-color":"var(--ast-global-color-5)","background-image":"","background-repeat":"repeat","background-position":"center center","background-size":"auto","background-attachment":"scroll","background-type":"","background-media":"","overlay-type":"","overlay-color":"","overlay-opacity":"","overlay-gradient":""},"tablet":{"background-color":"var(--ast-global-color-5)","background-image":"","background-repeat":"repeat","background-position":"center center","background-size":"auto","background-attachment":"scroll","background-type":"","background-media":"","overlay-type":"","overlay-color":"","overlay-opacity":"","overlay-gradient":""},"mobile":{"background-color":"var(--ast-global-color-5)","background-image":"","background-repeat":"repeat","background-position":"center center","background-size":"auto","background-attachment":"scroll","background-type":"","background-media":"","overlay-type":"","overlay-color":"","overlay-opacity":"","overlay-gradient":""}},"footnotes":""},"class_list":["post-2381","page","type-page","status-publish","hentry"],"post_mailing_queue_ids":[],"_links":{"self":[{"href":"https:\/\/agora.xtec.cat\/ceipmiquelbaro\/wp-json\/wp\/v2\/pages\/2381","targetHints":{"allow":["GET"]}}],"collection":[{"href":"https:\/\/agora.xtec.cat\/ceipmiquelbaro\/wp-json\/wp\/v2\/pages"}],"about":[{"href":"https:\/\/agora.xtec.cat\/ceipmiquelbaro\/wp-json\/wp\/v2\/types\/page"}],"author":[{"embeddable":true,"href":"https:\/\/agora.xtec.cat\/ceipmiquelbaro\/wp-json\/wp\/v2\/users\/1"}],"replies":[{"embeddable":true,"href":"https:\/\/agora.xtec.cat\/ceipmiquelbaro\/wp-json\/wp\/v2\/comments?post=2381"}],"version-history":[{"count":5,"href":"https:\/\/agora.xtec.cat\/ceipmiquelbaro\/wp-json\/wp\/v2\/pages\/2381\/revisions"}],"predecessor-version":[{"id":2388,"href":"https:\/\/agora.xtec.cat\/ceipmiquelbaro\/wp-json\/wp\/v2\/pages\/2381\/revisions\/2388"}],"up":[{"embeddable":true,"href":"https:\/\/agora.xtec.cat\/ceipmiquelbaro\/wp-json\/wp\/v2\/pages\/589"}],"wp:attachment":[{"href":"https:\/\/agora.xtec.cat\/ceipmiquelbaro\/wp-json\/wp\/v2\/media?parent=2381"}],"curies":[{"name":"wp","href":"https:\/\/api.w.org\/{rel}","templated":true}]}}