{"id":2341,"date":"2025-11-10T03:34:58","date_gmt":"2025-11-10T02:34:58","guid":{"rendered":"https:\/\/agora.xtec.cat\/ceipmiquelbaro\/?page_id=2341"},"modified":"2025-11-10T03:34:58","modified_gmt":"2025-11-10T02:34:58","slug":"pcmat","status":"publish","type":"page","link":"https:\/\/agora.xtec.cat\/ceipmiquelbaro\/projectes\/pcmat\/","title":{"rendered":"PCMAT"},"content":{"rendered":"<p>Aquest curs, el nostre centre, a cicle superior, ha comen\u00e7at a implementar el programa\u00a0<strong>PCMAT (Pensament Computacional i Matem\u00e0tiques)<\/strong>, una iniciativa innovadora del Departament d\u2019Educaci\u00f3 que t\u00e9 com a objectiu millorar la compet\u00e8ncia matem\u00e0tica de l\u2019alumnat a trav\u00e9s del desenvolupament del pensament computacional; una iniciativa que s\u2019emmarca dins del desplegament del programa\u00a0\u201cC\u00f3digo Escuela 4.0\u2033, impulsat pel Ministeri d\u2019Educaci\u00f3, Formaci\u00f3 Professional i Esports i coordinat pel Departament d\u2019Educaci\u00f3 i Formaci\u00f3 Professional de la Generalitat de Catalunya.\u200b<\/p>\n<p><img loading=\"lazy\" decoding=\"async\" class=\"aligncenter\" src=\"https:\/\/projectes.xtec.cat\/pensament-computacional\/wp-content\/uploads\/usu2217\/2025\/06\/Imatge-PCMAT.png\" width=\"374\" height=\"275\" \/><\/p>\n<p>Per acompanyar-nos en aquest proc\u00e9s, comptem amb el suport d\u2019una mentora del programa, que ens ofereix assessorament i acompanyament per introduir noves metodologies i estrat\u00e8gies a l\u2019aula.<\/p>\n<p>Amb PCMAT, treballem per fer que les matem\u00e0tiques siguin m\u00e9s significatives i connectades amb la realitat digital dels nostres temps, tot fomentant habilitats com la resoluci\u00f3 de problemes, la l\u00f2gica, la creativitat i el pensament cr\u00edtic.<\/p>\n<p>&nbsp;<\/p>\n<p>&nbsp;<\/p>\n<p>Estem molt il\u00b7lusionades amb aquesta nova etapa i amb les oportunitats que ofereix per a l\u2019aprenentatge del nostre alumnat.<\/p>\n<div class=\"addtoany_share_save_container addtoany_content addtoany_content_bottom\">Hem iniciat el projecte amb el repte &#8220;Codi de patrons geom\u00e8trics&#8221;.<\/div>\n","protected":false},"excerpt":{"rendered":"<p>Aquest curs, el nostre centre, a cicle superior, ha comen\u00e7at a implementar el programa\u00a0PCMAT (Pensament Computacional i Matem\u00e0tiques), una iniciativa innovadora del Departament d\u2019Educaci\u00f3 que t\u00e9 com a objectiu millorar la compet\u00e8ncia matem\u00e0tica de l\u2019alumnat a trav\u00e9s del desenvolupament del pensament computacional; una iniciativa que s\u2019emmarca dins del desplegament del programa\u00a0\u201cC\u00f3digo Escuela 4.0\u2033, impulsat pel [&hellip;]<\/p>\n","protected":false},"author":1,"featured_media":0,"parent":589,"menu_order":7,"comment_status":"closed","ping_status":"closed","template":"","meta":{"_bbp_topic_count":0,"_bbp_reply_count":0,"_bbp_total_topic_count":0,"_bbp_total_reply_count":0,"_bbp_voice_count":0,"_bbp_anonymous_reply_count":0,"_bbp_topic_count_hidden":0,"_bbp_reply_count_hidden":0,"_bbp_forum_subforum_count":0,"site-sidebar-layout":"default","site-content-layout":"","ast-site-content-layout":"default","site-content-style":"default","site-sidebar-style":"default","ast-global-header-display":"","ast-banner-title-visibility":"","ast-main-header-display":"","ast-hfb-above-header-display":"","ast-hfb-below-header-display":"","ast-hfb-mobile-header-display":"","site-post-title":"","ast-breadcrumbs-content":"","ast-featured-img":"","footer-sml-layout":"","theme-transparent-header-meta":"default","adv-header-id-meta":"","stick-header-meta":"","header-above-stick-meta":"","header-main-stick-meta":"","header-below-stick-meta":"","astra-migrate-meta-layouts":"set","ast-page-background-enabled":"default","ast-page-background-meta":{"desktop":{"background-color":"var(--ast-global-color-4)","background-image":"","background-repeat":"repeat","background-position":"center center","background-size":"auto","background-attachment":"scroll","background-type":"","background-media":"","overlay-type":"","overlay-color":"","overlay-opacity":"","overlay-gradient":""},"tablet":{"background-color":"","background-image":"","background-repeat":"repeat","background-position":"center center","background-size":"auto","background-attachment":"scroll","background-type":"","background-media":"","overlay-type":"","overlay-color":"","overlay-opacity":"","overlay-gradient":""},"mobile":{"background-color":"","background-image":"","background-repeat":"repeat","background-position":"center center","background-size":"auto","background-attachment":"scroll","background-type":"","background-media":"","overlay-type":"","overlay-color":"","overlay-opacity":"","overlay-gradient":""}},"ast-content-background-meta":{"desktop":{"background-color":"var(--ast-global-color-5)","background-image":"","background-repeat":"repeat","background-position":"center center","background-size":"auto","background-attachment":"scroll","background-type":"","background-media":"","overlay-type":"","overlay-color":"","overlay-opacity":"","overlay-gradient":""},"tablet":{"background-color":"var(--ast-global-color-5)","background-image":"","background-repeat":"repeat","background-position":"center center","background-size":"auto","background-attachment":"scroll","background-type":"","background-media":"","overlay-type":"","overlay-color":"","overlay-opacity":"","overlay-gradient":""},"mobile":{"background-color":"var(--ast-global-color-5)","background-image":"","background-repeat":"repeat","background-position":"center center","background-size":"auto","background-attachment":"scroll","background-type":"","background-media":"","overlay-type":"","overlay-color":"","overlay-opacity":"","overlay-gradient":""}},"footnotes":""},"class_list":["post-2341","page","type-page","status-publish","hentry"],"post_mailing_queue_ids":[],"_links":{"self":[{"href":"https:\/\/agora.xtec.cat\/ceipmiquelbaro\/wp-json\/wp\/v2\/pages\/2341","targetHints":{"allow":["GET"]}}],"collection":[{"href":"https:\/\/agora.xtec.cat\/ceipmiquelbaro\/wp-json\/wp\/v2\/pages"}],"about":[{"href":"https:\/\/agora.xtec.cat\/ceipmiquelbaro\/wp-json\/wp\/v2\/types\/page"}],"author":[{"embeddable":true,"href":"https:\/\/agora.xtec.cat\/ceipmiquelbaro\/wp-json\/wp\/v2\/users\/1"}],"replies":[{"embeddable":true,"href":"https:\/\/agora.xtec.cat\/ceipmiquelbaro\/wp-json\/wp\/v2\/comments?post=2341"}],"version-history":[{"count":2,"href":"https:\/\/agora.xtec.cat\/ceipmiquelbaro\/wp-json\/wp\/v2\/pages\/2341\/revisions"}],"predecessor-version":[{"id":2343,"href":"https:\/\/agora.xtec.cat\/ceipmiquelbaro\/wp-json\/wp\/v2\/pages\/2341\/revisions\/2343"}],"up":[{"embeddable":true,"href":"https:\/\/agora.xtec.cat\/ceipmiquelbaro\/wp-json\/wp\/v2\/pages\/589"}],"wp:attachment":[{"href":"https:\/\/agora.xtec.cat\/ceipmiquelbaro\/wp-json\/wp\/v2\/media?parent=2341"}],"curies":[{"name":"wp","href":"https:\/\/api.w.org\/{rel}","templated":true}]}}