{"id":22,"date":"2014-09-18T12:19:57","date_gmt":"2014-09-18T11:19:57","guid":{"rendered":"http:\/\/agora.xtec.cat\/ceipmiquelbaro\/?page_id=22"},"modified":"2022-03-07T04:02:01","modified_gmt":"2022-03-07T03:02:01","slug":"lescola","status":"publish","type":"page","link":"https:\/\/agora.xtec.cat\/ceipmiquelbaro\/lescola\/","title":{"rendered":"L&#8217;escola"},"content":{"rendered":"<div class=\"CjVfdc\">En aquest apartat podr\u00e0s trobar &#8230;<\/div>\n<div><\/div>\n<ul>\n<li style=\"list-style-type: none;\">\n<ul>\n<li style=\"list-style-type: none;\">\n<ul>\n<li style=\"list-style-type: none;\">\n<ul>\n<li style=\"list-style-type: none;\">\n<ul>\n<li style=\"list-style-type: none;\">\n<ul>\n<li style=\"list-style-type: none;\">\n<ul>\n<li style=\"list-style-type: none;\">\n<ul class=\"n8H08c UVNKR\">\n<li id=\"h.p_TKuUcqUaV7ob\" class=\"TYR86d zfr3Q\">la <strong>Situaci\u00f3<\/strong>, \u00e9s a dir, on ens trobem<\/li>\n<li id=\"h.p_c2CJSd1jVg3S\" class=\"TYR86d zfr3Q\">les<strong> Instal\u00b7lacions<\/strong> que tenim al centre<\/li>\n<li id=\"h.p_Z7yN9u9-Vi3y\" class=\"TYR86d zfr3Q\">les <strong>Normes d&#8217;Organitzaci\u00f3 i Funcionament<\/strong><\/li>\n<li id=\"h.p_t5tMaacQVjwy\" class=\"TYR86d zfr3Q\">els <strong>Trets d&#8217;Identitat<\/strong><\/li>\n<li id=\"h.p_GucyvW-gVkna\" class=\"TYR86d zfr3Q\">el <strong>Calendari<\/strong> aquest curs<\/li>\n<li id=\"h.p_4OLFqCUzVlh6\" class=\"TYR86d zfr3Q\">l&#8217;<strong>horari<\/strong> de cada grup<\/li>\n<li id=\"h.p_u1cl44aYVmRL\" class=\"TYR86d zfr3Q\">el <strong>material escolar<\/strong> que els vostres fills\/es necessiten<\/li>\n<li id=\"h.p_4dlv6iD9VnQL\" class=\"TYR86d zfr3Q\">el <strong>contacte<\/strong><\/li>\n<li>i dem\u00e9s informaci\u00f3 referent al dia a dia de l&#8217;Escola.<\/li>\n<\/ul>\n<\/li>\n<\/ul>\n<\/li>\n<\/ul>\n<\/li>\n<\/ul>\n<\/li>\n<\/ul>\n<\/li>\n<\/ul>\n<\/li>\n<\/ul>\n<\/li>\n<\/ul>\n<p><a href=\"https:\/\/drive.google.com\/file\/d\/1lz_c-6zFJBmBerYq7Znoy9MjZbmwH2m7\/view\" target=\"_blank\" rel=\"noopener\"><img loading=\"lazy\" decoding=\"async\" class=\" wp-image-713 aligncenter\" src=\"https:\/\/agora.xtec.cat\/ceipmiquelbaro\/wp-content\/uploads\/usu2622\/2022\/03\/foto-mosaic-petita.png\" alt=\"\" width=\"519\" height=\"214\" srcset=\"https:\/\/agora.xtec.cat\/ceipmiquelbaro\/wp-content\/uploads\/usu2622\/2022\/03\/foto-mosaic-petita.png 400w, https:\/\/agora.xtec.cat\/ceipmiquelbaro\/wp-content\/uploads\/usu2622\/2022\/03\/foto-mosaic-petita-300x124.png 300w\" sizes=\"auto, (max-width: 519px) 100vw, 519px\" \/><\/a><\/p>\n<h3 style=\"text-align: center;\"><strong>Galeria d&#8217;imatges<\/strong><\/h3>\n<p style=\"text-align: center;\">(clicar sobre la imatge)<\/p>\n<p>&nbsp;<\/p>\n<p>&nbsp;<\/p>\n","protected":false},"excerpt":{"rendered":"<p>En aquest apartat podr\u00e0s trobar &#8230; la Situaci\u00f3, \u00e9s a dir, on ens trobem les Instal\u00b7lacions que tenim al centre les Normes d&#8217;Organitzaci\u00f3 i Funcionament els Trets d&#8217;Identitat el Calendari aquest curs l&#8217;horari de cada grup el material escolar que els vostres fills\/es necessiten el contacte i dem\u00e9s informaci\u00f3 referent al dia a dia de [&hellip;]<\/p>\n","protected":false},"author":1,"featured_media":0,"parent":0,"menu_order":0,"comment_status":"closed","ping_status":"closed","template":"page-templates\/side-menu.php","meta":{"_bbp_topic_count":0,"_bbp_reply_count":0,"_bbp_total_topic_count":0,"_bbp_total_reply_count":0,"_bbp_voice_count":0,"_bbp_anonymous_reply_count":0,"_bbp_topic_count_hidden":0,"_bbp_reply_count_hidden":0,"_bbp_forum_subforum_count":0,"site-sidebar-layout":"default","site-content-layout":"","ast-site-content-layout":"","site-content-style":"default","site-sidebar-style":"default","ast-global-header-display":"","ast-banner-title-visibility":"","ast-main-header-display":"","ast-hfb-above-header-display":"","ast-hfb-below-header-display":"","ast-hfb-mobile-header-display":"","site-post-title":"","ast-breadcrumbs-content":"","ast-featured-img":"","footer-sml-layout":"","theme-transparent-header-meta":"","adv-header-id-meta":"","stick-header-meta":"","header-above-stick-meta":"","header-main-stick-meta":"","header-below-stick-meta":"","astra-migrate-meta-layouts":"default","ast-page-background-enabled":"default","ast-page-background-meta":{"desktop":{"background-color":"var(--ast-global-color-4)","background-image":"","background-repeat":"repeat","background-position":"center center","background-size":"auto","background-attachment":"scroll","background-type":"","background-media":"","overlay-type":"","overlay-color":"","overlay-opacity":"","overlay-gradient":""},"tablet":{"background-color":"","background-image":"","background-repeat":"repeat","background-position":"center center","background-size":"auto","background-attachment":"scroll","background-type":"","background-media":"","overlay-type":"","overlay-color":"","overlay-opacity":"","overlay-gradient":""},"mobile":{"background-color":"","background-image":"","background-repeat":"repeat","background-position":"center center","background-size":"auto","background-attachment":"scroll","background-type":"","background-media":"","overlay-type":"","overlay-color":"","overlay-opacity":"","overlay-gradient":""}},"ast-content-background-meta":{"desktop":{"background-color":"var(--ast-global-color-5)","background-image":"","background-repeat":"repeat","background-position":"center center","background-size":"auto","background-attachment":"scroll","background-type":"","background-media":"","overlay-type":"","overlay-color":"","overlay-opacity":"","overlay-gradient":""},"tablet":{"background-color":"var(--ast-global-color-5)","background-image":"","background-repeat":"repeat","background-position":"center center","background-size":"auto","background-attachment":"scroll","background-type":"","background-media":"","overlay-type":"","overlay-color":"","overlay-opacity":"","overlay-gradient":""},"mobile":{"background-color":"var(--ast-global-color-5)","background-image":"","background-repeat":"repeat","background-position":"center center","background-size":"auto","background-attachment":"scroll","background-type":"","background-media":"","overlay-type":"","overlay-color":"","overlay-opacity":"","overlay-gradient":""}},"footnotes":""},"class_list":["post-22","page","type-page","status-publish","hentry"],"post_mailing_queue_ids":[],"_links":{"self":[{"href":"https:\/\/agora.xtec.cat\/ceipmiquelbaro\/wp-json\/wp\/v2\/pages\/22","targetHints":{"allow":["GET"]}}],"collection":[{"href":"https:\/\/agora.xtec.cat\/ceipmiquelbaro\/wp-json\/wp\/v2\/pages"}],"about":[{"href":"https:\/\/agora.xtec.cat\/ceipmiquelbaro\/wp-json\/wp\/v2\/types\/page"}],"author":[{"embeddable":true,"href":"https:\/\/agora.xtec.cat\/ceipmiquelbaro\/wp-json\/wp\/v2\/users\/1"}],"replies":[{"embeddable":true,"href":"https:\/\/agora.xtec.cat\/ceipmiquelbaro\/wp-json\/wp\/v2\/comments?post=22"}],"version-history":[{"count":2,"href":"https:\/\/agora.xtec.cat\/ceipmiquelbaro\/wp-json\/wp\/v2\/pages\/22\/revisions"}],"predecessor-version":[{"id":715,"href":"https:\/\/agora.xtec.cat\/ceipmiquelbaro\/wp-json\/wp\/v2\/pages\/22\/revisions\/715"}],"wp:attachment":[{"href":"https:\/\/agora.xtec.cat\/ceipmiquelbaro\/wp-json\/wp\/v2\/media?parent=22"}],"curies":[{"name":"wp","href":"https:\/\/api.w.org\/{rel}","templated":true}]}}