{"id":4975,"date":"2025-02-07T19:31:01","date_gmt":"2025-02-07T18:31:01","guid":{"rendered":"https:\/\/agora.xtec.cat\/ceipmilagrosconsarnau\/?page_id=4975"},"modified":"2025-02-07T19:31:01","modified_gmt":"2025-02-07T18:31:01","slug":"projecte-cuidem-nos","status":"publish","type":"page","link":"https:\/\/agora.xtec.cat\/ceipmilagrosconsarnau\/projecte-educatiu\/projecte-cuidem-nos\/","title":{"rendered":"Projecte Cuidem-nos"},"content":{"rendered":"\n<p><strong>Cuidem-nos: Un Pont Entre Generacions<\/strong><\/p>\n\n\n\n<p>A la nostra escola creiem fermament en el valor de les relacions humanes i en la import\u00e0ncia de crear vincles significatius entre diferents generacions. Per aix\u00f2, hem engegat el projecte &#8220;Cuidem-nos&#8221;, una iniciativa en qu\u00e8 l&#8217;alumnat de cicle superior visita mensualment la resid\u00e8ncia del Prytanis, ubicada a prop del nostre centre, per compartir temps i experi\u00e8ncies amb la gent gran.<\/p>\n\n\n\n<p>Aquestes trobades intergeneracionals s\u00f3n molt m\u00e9s que una activitat educativa; s\u00f3n moments de complicitat, aprenentatge i afecte. L&#8217;alumnat participa en diverses activitats conjuntes amb els residents, com ara la lectura de contes, tallers de manualitats, jocs de taula, m\u00fasica i converses que esdevenen veritables lli\u00e7ons de vida. Aquest intercanvi permet als infants descobrir hist\u00f2ries fascinants i valors essencials com el respecte, l\u2019empatia i la solidaritat.<\/p>\n\n\n\n<p>D\u2019altra banda, aquestes trobades tamb\u00e9 aporten beneficis a la gent gran, proporcionant-los companyia, estimulaci\u00f3 cognitiva i emocional, i ajudant-los a sentir-se valorats i escoltats. La connexi\u00f3 que es crea entre infants i avis \u00e9s \u00fanica i enriqueix tant els m\u00e9s petits com els m\u00e9s grans.<\/p>\n\n\n\n<p>Amb &#8220;Cuidem-nos&#8221; fomentem una comunitat m\u00e9s cohesionada i solid\u00e0ria, on la interacci\u00f3 entre generacions esdev\u00e9 una eina poderosa per al creixement personal i col\u00b7lectiu. Creiem que cuidar-nos m\u00fatuament \u00e9s el primer pas per construir una societat m\u00e9s humana i propera.<\/p>\n\n\n\n<p><strong>Junts, fem del respecte i l\u2019afecte un motor de canvi!<\/strong><\/p>\n\n\n\n<figure class=\"wp-block-image is-resized\"><img loading=\"lazy\" decoding=\"async\" width=\"2560\" height=\"1920\" src=\"https:\/\/agora.xtec.cat\/ceipmilagrosconsarnau\/wp-content\/uploads\/usu532\/2023\/02\/IMG_20230216_115101-scaled.jpg\" alt=\"\" class=\"wp-image-4200\" style=\"width:439px;height:auto\" srcset=\"https:\/\/agora.xtec.cat\/ceipmilagrosconsarnau\/wp-content\/uploads\/usu532\/2023\/02\/IMG_20230216_115101-scaled.jpg 2560w, https:\/\/agora.xtec.cat\/ceipmilagrosconsarnau\/wp-content\/uploads\/usu532\/2023\/02\/IMG_20230216_115101-300x225.jpg 300w, https:\/\/agora.xtec.cat\/ceipmilagrosconsarnau\/wp-content\/uploads\/usu532\/2023\/02\/IMG_20230216_115101-1024x768.jpg 1024w, https:\/\/agora.xtec.cat\/ceipmilagrosconsarnau\/wp-content\/uploads\/usu532\/2023\/02\/IMG_20230216_115101-768x576.jpg 768w, https:\/\/agora.xtec.cat\/ceipmilagrosconsarnau\/wp-content\/uploads\/usu532\/2023\/02\/IMG_20230216_115101-1536x1152.jpg 1536w, https:\/\/agora.xtec.cat\/ceipmilagrosconsarnau\/wp-content\/uploads\/usu532\/2023\/02\/IMG_20230216_115101-2048x1536.jpg 2048w, https:\/\/agora.xtec.cat\/ceipmilagrosconsarnau\/wp-content\/uploads\/usu532\/2023\/02\/IMG_20230216_115101-200x150.jpg 200w\" sizes=\"auto, (max-width: 2560px) 100vw, 2560px\" \/><\/figure>\n","protected":false},"excerpt":{"rendered":"<p>Cuidem-nos: Un Pont Entre Generacions A la nostra escola creiem fermament en el valor de les relacions humanes i en [&hellip;]<\/p>\n","protected":false},"author":1,"featured_media":4200,"parent":64,"menu_order":0,"comment_status":"closed","ping_status":"close","template":"","meta":{"_bbp_topic_count":0,"_bbp_reply_count":0,"_bbp_total_topic_count":0,"_bbp_total_reply_count":0,"_bbp_voice_count":0,"_bbp_anonymous_reply_count":0,"_bbp_topic_count_hidden":0,"_bbp_reply_count_hidden":0,"_bbp_forum_subforum_count":0,"site-sidebar-layout":"default","site-content-layout":"","ast-site-content-layout":"default","site-content-style":"default","site-sidebar-style":"default","ast-global-header-display":"","ast-banner-title-visibility":"","ast-main-header-display":"","ast-hfb-above-header-display":"","ast-hfb-below-header-display":"","ast-hfb-mobile-header-display":"","site-post-title":"","ast-breadcrumbs-content":"","ast-featured-img":"","footer-sml-layout":"","theme-transparent-header-meta":"","adv-header-id-meta":"","stick-header-meta":"","header-above-stick-meta":"","header-main-stick-meta":"","header-below-stick-meta":"","astra-migrate-meta-layouts":"set","ast-page-background-enabled":"default","ast-page-background-meta":{"desktop":{"background-color":"var(--ast-global-color-4)","background-image":"","background-repeat":"repeat","background-position":"center center","background-size":"auto","background-attachment":"scroll","background-type":"","background-media":"","overlay-type":"","overlay-color":"","overlay-opacity":"","overlay-gradient":""},"tablet":{"background-color":"","background-image":"","background-repeat":"repeat","background-position":"center center","background-size":"auto","background-attachment":"scroll","background-type":"","background-media":"","overlay-type":"","overlay-color":"","overlay-opacity":"","overlay-gradient":""},"mobile":{"background-color":"","background-image":"","background-repeat":"repeat","background-position":"center center","background-size":"auto","background-attachment":"scroll","background-type":"","background-media":"","overlay-type":"","overlay-color":"","overlay-opacity":"","overlay-gradient":""}},"ast-content-background-meta":{"desktop":{"background-color":"var(--ast-global-color-5)","background-image":"","background-repeat":"repeat","background-position":"center center","background-size":"auto","background-attachment":"scroll","background-type":"","background-media":"","overlay-type":"","overlay-color":"","overlay-opacity":"","overlay-gradient":""},"tablet":{"background-color":"var(--ast-global-color-5)","background-image":"","background-repeat":"repeat","background-position":"center center","background-size":"auto","background-attachment":"scroll","background-type":"","background-media":"","overlay-type":"","overlay-color":"","overlay-opacity":"","overlay-gradient":""},"mobile":{"background-color":"var(--ast-global-color-5)","background-image":"","background-repeat":"repeat","background-position":"center center","background-size":"auto","background-attachment":"scroll","background-type":"","background-media":"","overlay-type":"","overlay-color":"","overlay-opacity":"","overlay-gradient":""}},"footnotes":""},"class_list":["post-4975","page","type-page","status-publish","has-post-thumbnail","hentry"],"post_mailing_queue_ids":[],"_links":{"self":[{"href":"https:\/\/agora.xtec.cat\/ceipmilagrosconsarnau\/wp-json\/wp\/v2\/pages\/4975","targetHints":{"allow":["GET"]}}],"collection":[{"href":"https:\/\/agora.xtec.cat\/ceipmilagrosconsarnau\/wp-json\/wp\/v2\/pages"}],"about":[{"href":"https:\/\/agora.xtec.cat\/ceipmilagrosconsarnau\/wp-json\/wp\/v2\/types\/page"}],"author":[{"embeddable":true,"href":"https:\/\/agora.xtec.cat\/ceipmilagrosconsarnau\/wp-json\/wp\/v2\/users\/1"}],"replies":[{"embeddable":true,"href":"https:\/\/agora.xtec.cat\/ceipmilagrosconsarnau\/wp-json\/wp\/v2\/comments?post=4975"}],"version-history":[{"count":2,"href":"https:\/\/agora.xtec.cat\/ceipmilagrosconsarnau\/wp-json\/wp\/v2\/pages\/4975\/revisions"}],"predecessor-version":[{"id":4977,"href":"https:\/\/agora.xtec.cat\/ceipmilagrosconsarnau\/wp-json\/wp\/v2\/pages\/4975\/revisions\/4977"}],"up":[{"embeddable":true,"href":"https:\/\/agora.xtec.cat\/ceipmilagrosconsarnau\/wp-json\/wp\/v2\/pages\/64"}],"wp:featuredmedia":[{"embeddable":true,"href":"https:\/\/agora.xtec.cat\/ceipmilagrosconsarnau\/wp-json\/wp\/v2\/media\/4200"}],"wp:attachment":[{"href":"https:\/\/agora.xtec.cat\/ceipmilagrosconsarnau\/wp-json\/wp\/v2\/media?parent=4975"}],"curies":[{"name":"wp","href":"https:\/\/api.w.org\/{rel}","templated":true}]}}