{"id":3860,"date":"2022-09-20T16:54:29","date_gmt":"2022-09-20T14:54:29","guid":{"rendered":"https:\/\/agora.xtec.cat\/ceipmilagrosconsarnau\/?page_id=3860"},"modified":"2025-04-08T16:54:04","modified_gmt":"2025-04-08T14:54:04","slug":"estrategia-digital-de-centre_milagros-consarnau","status":"publish","type":"page","link":"https:\/\/agora.xtec.cat\/ceipmilagrosconsarnau\/projecte-educatiu\/estrategia-digital-de-centre_milagros-consarnau\/","title":{"rendered":"ESTRATEGIA DIGITAL DE CENTRE"},"content":{"rendered":"\n<p>L&#8217;estrat\u00e8gia digital de centre \u00e9s un document viu i obert que ha de permetre recollir i organitzar les accions en mat\u00e8ria de tecnologia i compet\u00e8ncia digital que el centre ja realitza, replantejar-les i millorar-les per aconseguir els objectius que es proposin. L\u2019EDC ha de ser una eina \u00fatil i real per al desplegament de la compet\u00e8ncia digital de l\u2019alumnat, del professorat i del mateix centre.<\/p>\n\n\n\n<p><strong>Seguint les indicacions del document on es defineix l\u2019EDC, s\u2019ha estructurat aquesta part en 4 fases que es presenten a continuaci\u00f3. Per poder consultar-les, cliqueu en la fase que voleu veure:<\/strong><\/p>\n\n\n\n<figure class=\"wp-block-image\"><a class=\"https:\/\/agora.xtec.cat\/ceipmilagrosconsarnau\/diagnosi-del-centre\/\" href=\"https:\/\/agora.xtec.cat\/ceipmilagrosconsarnau\/diagnosi-del-centre\/\" target=\"_blank\" rel=\"noopener\"><img loading=\"lazy\" decoding=\"async\" width=\"300\" height=\"232\" src=\"https:\/\/agora.xtec.cat\/ceipmilagrosconsarnau\/wp-content\/uploads\/usu532\/2022\/10\/Diagnosi-1.png\" alt=\"\" class=\"wp-image-3875\"\/><\/a><\/figure>\n\n\n\n<figure class=\"wp-block-image\"><a href=\"https:\/\/agora.xtec.cat\/ceipmilagrosconsarnau\/objectius\/\"><img loading=\"lazy\" decoding=\"async\" width=\"300\" height=\"232\" src=\"https:\/\/agora.xtec.cat\/ceipmilagrosconsarnau\/wp-content\/uploads\/usu532\/2022\/10\/Objectius.png\" alt=\"\" class=\"wp-image-3876\"\/><\/a><\/figure>\n\n\n\n<figure class=\"wp-block-image\"><a href=\"https:\/\/agora.xtec.cat\/ceipmilagrosconsarnau\/planificacio-i-seguiment\/\"><img loading=\"lazy\" decoding=\"async\" width=\"300\" height=\"232\" src=\"https:\/\/agora.xtec.cat\/ceipmilagrosconsarnau\/wp-content\/uploads\/usu532\/2022\/10\/Planificacio.png\" alt=\"\" class=\"wp-image-3877\"\/><\/a><\/figure>\n\n\n\n<figure class=\"wp-block-image\"><a href=\"https:\/\/agora.xtec.cat\/ceipmilagrosconsarnau\/avaluacio-i-millora\/\"><img loading=\"lazy\" decoding=\"async\" width=\"300\" height=\"232\" src=\"https:\/\/agora.xtec.cat\/ceipmilagrosconsarnau\/wp-content\/uploads\/usu532\/2022\/10\/Avaluacio.png\" alt=\"\" class=\"wp-image-3878\"\/><\/a><\/figure>\n","protected":false},"excerpt":{"rendered":"<p>L&#8217;estrat\u00e8gia digital de centre \u00e9s un document viu i obert que ha de permetre recollir i organitzar les accions en [&hellip;]<\/p>\n","protected":false},"author":1,"featured_media":0,"parent":64,"menu_order":0,"comment_status":"closed","ping_status":"closed","template":"","meta":{"_bbp_topic_count":0,"_bbp_reply_count":0,"_bbp_total_topic_count":0,"_bbp_total_reply_count":0,"_bbp_voice_count":0,"_bbp_anonymous_reply_count":0,"_bbp_topic_count_hidden":0,"_bbp_reply_count_hidden":0,"_bbp_forum_subforum_count":0,"site-sidebar-layout":"default","site-content-layout":"","ast-site-content-layout":"default","site-content-style":"default","site-sidebar-style":"default","ast-global-header-display":"","ast-banner-title-visibility":"","ast-main-header-display":"","ast-hfb-above-header-display":"","ast-hfb-below-header-display":"","ast-hfb-mobile-header-display":"","site-post-title":"","ast-breadcrumbs-content":"","ast-featured-img":"","footer-sml-layout":"","theme-transparent-header-meta":"","adv-header-id-meta":"","stick-header-meta":"","header-above-stick-meta":"","header-main-stick-meta":"","header-below-stick-meta":"","astra-migrate-meta-layouts":"set","ast-page-background-enabled":"default","ast-page-background-meta":{"desktop":{"background-color":"var(--ast-global-color-4)","background-image":"","background-repeat":"repeat","background-position":"center center","background-size":"auto","background-attachment":"scroll","background-type":"","background-media":"","overlay-type":"","overlay-color":"","overlay-opacity":"","overlay-gradient":""},"tablet":{"background-color":"","background-image":"","background-repeat":"repeat","background-position":"center center","background-size":"auto","background-attachment":"scroll","background-type":"","background-media":"","overlay-type":"","overlay-color":"","overlay-opacity":"","overlay-gradient":""},"mobile":{"background-color":"","background-image":"","background-repeat":"repeat","background-position":"center center","background-size":"auto","background-attachment":"scroll","background-type":"","background-media":"","overlay-type":"","overlay-color":"","overlay-opacity":"","overlay-gradient":""}},"ast-content-background-meta":{"desktop":{"background-color":"var(--ast-global-color-5)","background-image":"","background-repeat":"repeat","background-position":"center center","background-size":"auto","background-attachment":"scroll","background-type":"","background-media":"","overlay-type":"","overlay-color":"","overlay-opacity":"","overlay-gradient":""},"tablet":{"background-color":"var(--ast-global-color-5)","background-image":"","background-repeat":"repeat","background-position":"center center","background-size":"auto","background-attachment":"scroll","background-type":"","background-media":"","overlay-type":"","overlay-color":"","overlay-opacity":"","overlay-gradient":""},"mobile":{"background-color":"var(--ast-global-color-5)","background-image":"","background-repeat":"repeat","background-position":"center center","background-size":"auto","background-attachment":"scroll","background-type":"","background-media":"","overlay-type":"","overlay-color":"","overlay-opacity":"","overlay-gradient":""}},"footnotes":""},"class_list":["post-3860","page","type-page","status-publish","hentry"],"post_mailing_queue_ids":[],"_links":{"self":[{"href":"https:\/\/agora.xtec.cat\/ceipmilagrosconsarnau\/wp-json\/wp\/v2\/pages\/3860","targetHints":{"allow":["GET"]}}],"collection":[{"href":"https:\/\/agora.xtec.cat\/ceipmilagrosconsarnau\/wp-json\/wp\/v2\/pages"}],"about":[{"href":"https:\/\/agora.xtec.cat\/ceipmilagrosconsarnau\/wp-json\/wp\/v2\/types\/page"}],"author":[{"embeddable":true,"href":"https:\/\/agora.xtec.cat\/ceipmilagrosconsarnau\/wp-json\/wp\/v2\/users\/1"}],"replies":[{"embeddable":true,"href":"https:\/\/agora.xtec.cat\/ceipmilagrosconsarnau\/wp-json\/wp\/v2\/comments?post=3860"}],"version-history":[{"count":6,"href":"https:\/\/agora.xtec.cat\/ceipmilagrosconsarnau\/wp-json\/wp\/v2\/pages\/3860\/revisions"}],"predecessor-version":[{"id":5130,"href":"https:\/\/agora.xtec.cat\/ceipmilagrosconsarnau\/wp-json\/wp\/v2\/pages\/3860\/revisions\/5130"}],"up":[{"embeddable":true,"href":"https:\/\/agora.xtec.cat\/ceipmilagrosconsarnau\/wp-json\/wp\/v2\/pages\/64"}],"wp:attachment":[{"href":"https:\/\/agora.xtec.cat\/ceipmilagrosconsarnau\/wp-json\/wp\/v2\/media?parent=3860"}],"curies":[{"name":"wp","href":"https:\/\/api.w.org\/{rel}","templated":true}]}}